{"id":7465,"date":"2026-04-22T07:06:32","date_gmt":"2026-04-22T07:06:32","guid":{"rendered":""},"modified":"2026-04-22T07:06:51","modified_gmt":"2026-04-22T07:06:51","slug":"lipitor-3","status":"publish","type":"product","link":"https:\/\/pharmacy-content.com\/?product=lipitor-3&lang=fr","title":{"rendered":"Lipitor"},"content":{"rendered":"<p>Usage g\u00e9n\u00e9ral<\/p>\n<p>Atorvastatin est une m\u00e9dication baissant le cholest\u00e9rol qui est utilis\u00e9 pour traiter cholest\u00e9rol \u00e9lev\u00e9 ou pour baisser le risque de coup, de crise cardiaque, ou d&#8217;autres complications du c\u0153ur dans les gens avec la maladie coronarienne ou diab\u00e8te de deuxi\u00e8me type. Atorvastatin aide \u00e0 la densit\u00e9 basse malfaisante claire lipoprotein (LDL) le cholest\u00e9rol du sang.et en limitant la capacit\u00e9 du corps de former du nouveau cholest\u00e9rol LDL. Ainsi peut prevenir durcissement des art\u00e8res et de la maladie cardiaque, des conditions qui peut conduire la maladie vasculaire, attaque cardiaque, coup.<\/p>\n<p>Dosage et administration<\/p>\n<p>Prenez-la oralement une fois par jour avec ou sans nourriture avec un verre d&#8217;eau. La dose habituellement pour les adultes est 10 mg une fois par jour. La dose habituellement pour les enfants (10-17 ann\u00e9es) est 10 mg 1 fois par jour. L&#8217;utilisation de Atorvastatin pour les enfants qui sont plus jeune que 10 ann\u00e9es n&#8217;est pas recommand\u00e9 et a dose doit \u00eatre d\u00e9termin\u00e9 par votre docteur.<\/p>\n<p>Note: cette instruction pr\u00e9sent\u00e9 ici seulement pour examen. Il est tr\u00e8s n\u00e9cessaire de consulter votre m\u00e9decin avant d&#8217;utiliser. Il vous aidera \u00e0 obtenir de meilleurs r\u00e9sultats.<\/p>\n<p>Pr\u00e9cautions<\/p>\n<p>Les gents qui avez les diab\u00e8tes, la maladie de rein, underactive thyro\u00efde ou la maladie du musculaire ont besoin de faire les tests suppl\u00e9mentaire avant ou pendant de traitement de Atorvastatin depuis la dosage peut \u00eatre requis. Evitez boire l&#8217;alcool pendant traitement de Atorvastatin parce que ce m\u00e9dicament peut aggraver les effets oppos\u00e9 en la foie. Atorvastatin ne doit pas \u00eatre utilis\u00e9 si vous \u00eates enceinte, avez \u00eatre enceinte ou si vous allaitez un b\u00e9b\u00e9. Ne pas utiliser ce m\u00e9dicament sans en parler \u00e0 votre m\u00e9decin si vous allaitez un b\u00e9b\u00e9.<\/p>\n<p>Contre-indications<\/p>\n<p>Atorvastatin n&#8217;est pas permis pour les hommes qui ont probl\u00e8mes avec foie ou test anormal inexpliqu\u00e9 de fonctionnement de foie. Ne pas prener pas ce m\u00e9dicament si vous prenez un inhibiteur de la prot\u00e9ase du VIH (par exemple, le ritonavir), l&#8217;itraconazole, ou mibefradil. Aussi Atorvastatin est contre-indiqu\u00e9 si vous avez hypersensible de une composant de ce m\u00e9dicament, si vous \u00eates enceinte ou vous allaitez un b\u00e9b\u00e9.<\/p>\n<p>Possible effets secondaires<\/p>\n<p>Ils peuvent inclure tous les types de r\u00e9action allergique. Aussi, les effets secondaires les plus possibles sont les suivantes:<br \/>\ndouleurs musculaires, sensibilit\u00e9 ou faiblesse musculaire avec les sympt\u00f4mes du rhume ou la grippe, ou<br \/>\ndes naus\u00e9es, des selles d\u00e9color\u00e9es, douleur \u00e0 l&#8217;estomac, la fi\u00e8vre, la jaunisse, la perte d&#8217;app\u00e9tit, des urines fonc\u00e9es.<br \/>\nLes effets secondaires moins graves sont:<br \/>\nnaus\u00e9es ou douleurs \u00e0 l&#8217;estomac, des maux d&#8217;estomac, br\u00fblures d&#8217;estomac;<br \/>\nconstipation, ballonnements, des gaz;<br \/>\nnez bouch\u00e9;<br \/>\nd\u00e9mangeaisons, \u00e9ruptions cutan\u00e9es;<br \/>\nmaux de t\u00eate.<br \/>\nSi vous rencontrez l&#8217;un d&#8217;entre eux cesser d&#8217;utiliser l&#8217;atorvastatine et pr\u00e9venez votre m\u00e9decin d\u00e8s que possible. Aussi consulter votre m\u00e9decin tout effet secondaire qui semble inhabituel.<\/p>\n<p>Interaction des m\u00e9dicaments<\/p>\n<p>Atrovastatine interagit avec les m\u00e9dicaments suivants: digoxine, \u00e9rythromycine ou la clarithromycine, le gemfibrozil ou le f\u00e9nofibrate; niacine; un m\u00e9dicament antifongique tels que l&#8217;itraconazole, le fluconazole, k\u00e9toconazole ou; des m\u00e9dicaments qui affaiblissent le syst\u00e8me immunitaire, comme la m\u00e9decine du cancer ou des st\u00e9ro\u00efdes, cyclosporine, sirolimus, le tacrolimus, et d&#8217;autres, le VIH ou le sida des m\u00e9dicaments comme l&#8217;indinavir, nelfinavir, ritonavir, le lopinavir-ritonavir, ou le saquinavir. Notez \u00e9galement que l&#8217;interaction entre deux m\u00e9dicaments n&#8217;entra\u00eene pas toujours dire que vous devez cesser de prendre l&#8217;un d&#8217;eux. Comme d&#8217;habitude, elle fait l&#8217;effet de la de la m\u00e9dicament. Consultez votre m\u00e9decin pour savoir comment il interactions sont bien g\u00e9r\u00e9es ou devrait \u00eatre g\u00e9r\u00e9e.<\/p>\n<p>Omission de dose<\/p>\n<p>Si vous manquez le dose de medicament, prenez-la d\u00e8s que vous vous rappellerez mais ne prenez pas si c&#8217;est presque le temp de prenez chez vos calendrier. Ne prenez pas extra dose si vous manquez le dose. Continuez \u00e0 prendre le m\u00e9dicament selon l&#8217;horaire.<\/p>\n<p>Surdosage<\/p>\n<p>Si vous pensez que vous avez utilis\u00e9 trop de ce m\u00e9dicament cherchez l&#8217;attention m\u00e9dicale d&#8217;urgence. Les sympt\u00f4mes du surdosage n&#8217;a pas bien connu mais les sympt\u00f4mes possibles sont une baisse s\u00e9v\u00e8re de la pression art\u00e9rielle et une acc\u00e9l\u00e9ration du rythme cardiaque.<\/p>\n<p>Conservation<\/p>\n<p>Conservez Atorvastatin \u00e0 la temp\u00e9rature ambiante entre 15-25 C (59-77 F). Conservez-la au sec prot\u00e9ge de lumi\u00e8re et de humidit\u00e9. Ne recommande pas conservez-la \u00e0 la salle de bain et endroit accessible aux enfants et animales domestiques. Ne prenez pas apr\u00e8s terme de expiration.<\/p>\n<p>Disclaimer (avis de non responsabilit\u00e9)<\/p>\n<p>Nous fournissons des renseignements \u00e0 caract\u00e8res uniquement g\u00e9n\u00e9raux sur les m\u00e9dicaments qui ne n\u2019englobent pas tous les domaines, les polyvalences possibles du m\u00e9dicament, ou les pr\u00e9cautions. Les renseignements sur le site ne peuvent \u00eatre utilis\u00e9s pour un traitement personnel et un diagnostic personnel. Toute instruction sp\u00e9cifique pour un patient particulier devrait \u00eatre consult\u00e9e avec votre conseiller de soins de sant\u00e9 ou votre m\u00e9decin responsable du cas. Nous refusons toute r\u00e9f\u00e9rence au caract\u00e8re ind\u00e9niable de ces renseignements et des erreurs qu&#8217;ils pourraient contenir. Nous ne sommes pas responsables de tout dommage direct ou indirect, sp\u00e9cial ou d\u2019autre dommage \u00e0 la suite de toute utilisation des renseignements sur ce site et \u00e9galement pour les cons\u00e9quences de l\u2019auto-traitement.<\/p>\n","protected":false},"excerpt":{"rendered":"<p>Lipitor fait partie des statines, on s\u2019en sert pour r\u00e9duire le taux de cholest\u00e9rol et de triglyc\u00e9rides.<\/p>\n","protected":false},"featured_media":7433,"comment_status":"open","ping_status":"closed","template":"","meta":[],"product_brand":[],"product_cat":[360],"product_tag":[],"class_list":{"0":"post-7465","1":"product","2":"type-product","3":"status-publish","4":"has-post-thumbnail","6":"product_cat-cholesterol-fr","7":"pa_active_substance-atorvastatin","9":"first","10":"instock","11":"shipping-taxable","12":"product-type-variable"},"jetpack_sharing_enabled":true,"_links":{"self":[{"href":"https:\/\/pharmacy-content.com\/index.php?rest_route=\/wp\/v2\/product\/7465","targetHints":{"allow":["GET"]}}],"collection":[{"href":"https:\/\/pharmacy-content.com\/index.php?rest_route=\/wp\/v2\/product"}],"about":[{"href":"https:\/\/pharmacy-content.com\/index.php?rest_route=\/wp\/v2\/types\/product"}],"replies":[{"embeddable":true,"href":"https:\/\/pharmacy-content.com\/index.php?rest_route=%2Fwp%2Fv2%2Fcomments&post=7465"}],"wp:featuredmedia":[{"embeddable":true,"href":"https:\/\/pharmacy-content.com\/index.php?rest_route=\/wp\/v2\/media\/7433"}],"wp:attachment":[{"href":"https:\/\/pharmacy-content.com\/index.php?rest_route=%2Fwp%2Fv2%2Fmedia&parent=7465"}],"wp:term":[{"taxonomy":"product_brand","embeddable":true,"href":"https:\/\/pharmacy-content.com\/index.php?rest_route=%2Fwp%2Fv2%2Fproduct_brand&post=7465"},{"taxonomy":"product_cat","embeddable":true,"href":"https:\/\/pharmacy-content.com\/index.php?rest_route=%2Fwp%2Fv2%2Fproduct_cat&post=7465"},{"taxonomy":"product_tag","embeddable":true,"href":"https:\/\/pharmacy-content.com\/index.php?rest_route=%2Fwp%2Fv2%2Fproduct_tag&post=7465"}],"curies":[{"name":"wp","href":"https:\/\/api.w.org\/{rel}","templated":true}]}}