{"id":7481,"date":"2026-04-22T07:06:33","date_gmt":"2026-04-22T07:06:33","guid":{"rendered":""},"modified":"2026-04-22T07:06:51","modified_gmt":"2026-04-22T07:06:51","slug":"lipitor-4","status":"publish","type":"product","link":"https:\/\/pharmacy-content.com\/?product=lipitor-4&lang=it","title":{"rendered":"Lipitor"},"content":{"rendered":"<p>Uso comune<\/p>\n<p>Atorvastatin \u00e8 un abbassatore di colesterolo usato per trattamento di alta concentrazione di colesterolo o riduzione del rischio di colpo, attacchi cardiaci ed altre complicazioni cardiache nei pazienti con malattia ischemica o diabete del secondo tipo. Atorvastatin aiuta rimuovere dannoso colesterolo di lipoproteini di bassa densit\u00e0 dal sangue e limitare abilit\u00e0 dell\u2019organismo di produrre nuovi LDL di colesterolo. In questo modo riusciamo prevenire indurimento di arterie e malattia cardiaca, condizioni quali portano alla malattia vascolare, attacchi cardiaci, colpo.<\/p>\n<p>Dosaggio e direzioni<\/p>\n<p>Il farmaco viene preso per via orale una volta al giorno con o senza pasto. Atorvastatine dev\u2019essere preso con un bicchiere d\u2019acqua pieno.<br \/>\nLa dose usuale giornaliera per gli adulti costituisce 10 mg.<br \/>\nLa dose usuale giornaliera per i bambini da 10-17 anni costituisce 10 mg.<br \/>\nUso di Atorvastatin nei bambini minori di 10 anni \u00e8 sconsigliato perci\u00f2 la dose dev\u2019essere determinata dal suo medico.<\/p>\n<p>Nota: questa istruzione \u00e8 presentata qui soltanto per l\u2019informazione. \u00c8 assolutamente necessario consultare il suo medico prima di usare il farmaco. Questo Le aiuter\u00e0 ottenere il miglior risultato.<\/p>\n<p>Precauzioni<\/p>\n<p>Pazienti con diabete, ghiandola tiroide ipoattiva, malattia renale o di muscoli a volte richiedono prove aggiuntive prima o durante l\u2019uso di Atorvastatin visto che correzione della dose pu\u00f2 essere necessaria. Non consumi grandi quantit\u00e0 di alcol mentre usa questo medicinale perch\u00e9 alcol pu\u00f2 aggravare eventuali effetti collaterali nel fegato. Atorvastatin non dev\u2019essere usato durante la gravidanza, prima di gravidanza e durante allattamento senza il consiglio del medico.<\/p>\n<p>Controindicazioni<\/p>\n<p>Atorvastatin \u00e8 sconsigliato nei pazienti i quali hanno malattie epatiche o inspiegabilmente anormali risultati delle prove di funzionamento del fegato. Non usi il farmaco se prende inibitori di HIV protease (i.e. ritonavir), itraconazolo, o mibefradil. Atorvastatin \u00e8 controindicato anche nel caso di ipersensibilit\u00e0 ai componenti del farmaco, gravidanza o allattamento.<\/p>\n<p>Eventuali effetti collaterali<\/p>\n<p>Eventuali effetti collaterali possono includere tutti i tipi di reazioni allergiche. Gli effetti collaterali pi\u00f9 comuni possono includere anche:<br \/>\ndolore di muscoli, dolori o fiacchezza con febbre o sintomi di influenza; o<br \/>\nnausea, feci di colore creta, mal di stomaco, febbre bassa, ingiallimento, perdita di appetito, urina scura.<br \/>\nEffetti collaterali meno seri comprendono:<br \/>\nleggera nausea o mal di stomaco, disturbo gastrico, bruciore;<br \/>\ncostipazione, rigonfiamento, gas;<br \/>\nnaso intasato;<br \/>\nprurito, esantema cutanea;<br \/>\nmal di testa.<br \/>\nSe usando Atorvastatin sperimenta uno di questi sintomi, informi il suo medico al pi\u00f9 presto possibile. Consultare il medico per tutti gli effetti collaterali che sembrano inusuali.<\/p>\n<p>Interazione medicinale<\/p>\n<p>Atorvastatin interagisce con i medicinali sottoelencati: digoxina; eritromicina o claritromicina; gemfibrozil o fenofibrato; niacina; i medicinali antifungini come itraconazolo, fluconazolo o ketoconazolo; medicinali che indeboliscono il sistema immunitario come medicinali anticancerosi o steroidi, ciclosporina, sirolimus, tacrolimus e altri; medicinali per trattamento di HIV o AIDS come indinavir, nelfinavir, ritonavir, lopinavir-ritonavir o saquinavir.<br \/>\nVorremmo segnalare che l\u2019interazione tra due medicinali non significa necessariamente che debba cessare di usare uno di questi. Di solito influisce sull\u2019effetto del medicinale. Pertanto, consultare il medico riguardo al tipo di interazione e a come viene o pu\u00f2 essere gestita.<\/p>\n<p>Dose saltata<\/p>\n<p>Se ha dimenticato di prendere la sua dose nel tempo regolare, la prenda appena se ne ricorda. Non prenda la dose saltata se \u00e8 troppo tardi o vicino al tempo della dose successiva. Non aumenti la dose prescritta. Prenda la sua dose usuale al tempo regolare.<\/p>\n<p>Overdose<\/p>\n<p>I sintomi di overdose di Atorvastatin non sono ben conosciuti ma quelli pi\u00f9 probabili comprendono severo abbassamento della pressione sanguigna e palpitazioni veloci. Se sperimenta uno di questi o altri effetti collaterali inusuali, contatti immediatamente il suo medico.<\/p>\n<p>Preservazione<\/p>\n<p>Mantenga il farmaco alla temperatura ambiente di 59-77\u00b0F (15-25\u00b0C), lontano da luce ed umidit\u00e0, fuori dalla portata di bambini e animali. Non usi il farmaco dopo la scadenza.<\/p>\n<p>Declinazione della responsabilit\u00e0<\/p>\n<p>Noi provvediamo soltanto all\u2019informazione generale del farmaco descritto. Questa informazione non copre tutte le indicazioni, eventuali interazioni medicinali o precauzioni. L\u2019informazione presentata su questo sito web non pu\u00f2 essere usata per autoterapia o autodiagnosi.<\/p>\n","protected":false},"excerpt":{"rendered":"<p>L\u2019atorvastatina \u00e8 una statina impiegata per ridurre i livelli del colesterolo cattivo e dei trigliceridi.<\/p>\n","protected":false},"featured_media":7433,"comment_status":"open","ping_status":"closed","template":"","meta":[],"product_brand":[],"product_cat":[363],"product_tag":[],"class_list":{"0":"post-7481","1":"product","2":"type-product","3":"status-publish","4":"has-post-thumbnail","6":"product_cat-colesterolo-it","7":"pa_active_substance-atorvastatin","9":"first","10":"instock","11":"shipping-taxable","12":"product-type-variable"},"jetpack_sharing_enabled":true,"_links":{"self":[{"href":"https:\/\/pharmacy-content.com\/index.php?rest_route=\/wp\/v2\/product\/7481","targetHints":{"allow":["GET"]}}],"collection":[{"href":"https:\/\/pharmacy-content.com\/index.php?rest_route=\/wp\/v2\/product"}],"about":[{"href":"https:\/\/pharmacy-content.com\/index.php?rest_route=\/wp\/v2\/types\/product"}],"replies":[{"embeddable":true,"href":"https:\/\/pharmacy-content.com\/index.php?rest_route=%2Fwp%2Fv2%2Fcomments&post=7481"}],"wp:featuredmedia":[{"embeddable":true,"href":"https:\/\/pharmacy-content.com\/index.php?rest_route=\/wp\/v2\/media\/7433"}],"wp:attachment":[{"href":"https:\/\/pharmacy-content.com\/index.php?rest_route=%2Fwp%2Fv2%2Fmedia&parent=7481"}],"wp:term":[{"taxonomy":"product_brand","embeddable":true,"href":"https:\/\/pharmacy-content.com\/index.php?rest_route=%2Fwp%2Fv2%2Fproduct_brand&post=7481"},{"taxonomy":"product_cat","embeddable":true,"href":"https:\/\/pharmacy-content.com\/index.php?rest_route=%2Fwp%2Fv2%2Fproduct_cat&post=7481"},{"taxonomy":"product_tag","embeddable":true,"href":"https:\/\/pharmacy-content.com\/index.php?rest_route=%2Fwp%2Fv2%2Fproduct_tag&post=7481"}],"curies":[{"name":"wp","href":"https:\/\/api.w.org\/{rel}","templated":true}]}}