{"id":7734,"date":"2026-04-22T07:07:13","date_gmt":"2026-04-22T07:07:13","guid":{"rendered":""},"modified":"2026-04-22T07:07:35","modified_gmt":"2026-04-22T07:07:35","slug":"stromectol-6","status":"publish","type":"product","link":"https:\/\/pharmacy-content.com\/?product=stromectol-6&lang=pl","title":{"rendered":"Stromectol"},"content":{"rendered":"<p>Powszechne zastosowanie<br \/>\nStromectol jest \u015brodkiem przeciw robakom. Stosowany jest w leczeniu zaka\u017ce\u0144 wywo\u0142anych przez niekt\u00f3re paso\u017cyty. Dzia\u0142a poprzez zabijanie wra\u017cliwych paso\u017cyt\u00f3w.<\/p>\n<p>Dawkowanie i wskaz\u00f3wki<br \/>\nStosuj Stromectol zgodnie z zaleceniami lekarza. Stromectol nale\u017cy przyjmowa\u0107 doustnie na pusty \u017co\u0142\u0105dek, popijaj\u0105c wod\u0105. Niekt\u00f3rzy pacjenci przyjmuj\u0105cy Stromectol b\u0119d\u0105 wymagali wielokrotnych kontroli i ponownego leczenia, aby upewni\u0107 si\u0119, \u017ce infekcja zosta\u0142a ca\u0142kowicie wyleczona. Post\u0119puj zgodnie z instrukcjami lekarza. Pami\u0119taj o p\u00f3j\u015bciu na wszystkie wizyty u lekarza i w laboratorium.<\/p>\n<p>\u015arodki ostro\u017cno\u015bci<br \/>\nStromectol mo\u017ce powodowa\u0107 zawroty g\u0142owy lub senno\u015b\u0107. Dzia\u0142ania te mog\u0105 by\u0107 powa\u017cniejsze w przypadku przyjmowania leku z alkoholem lub niekt\u00f3rymi lekami. Stosuj Stromectol ostro\u017cnie. Nie prowad\u017a pojazd\u00f3w ani nie wykonuj innych potencjalnie niebezpiecznych czynno\u015bci, dop\u00f3ki nie b\u0119dziesz wiedzia\u0142, jak na to zareagujesz.<br \/>\nStromectol mo\u017ce powodowa\u0107 zawroty g\u0142owy, zawroty g\u0142owy lub omdlenia; alkohol, upa\u0142, wysi\u0142ek fizyczny lub gor\u0105czka mog\u0105 nasila\u0107 te skutki. Aby temu zapobiec, usi\u0105d\u017a lub st\u00f3j powoli, szczeg\u00f3lnie rano. Przy pierwszych objawach kt\u00f3regokolwiek z tych objaw\u00f3w nale\u017cy usi\u0105\u015b\u0107 lub po\u0142o\u017cy\u0107 si\u0119.<br \/>\nRzadko u niekt\u00f3rych pacjent\u00f3w przyjmuj\u0105cych Stromectol, u kt\u00f3rych wyst\u0105pi\u0142o r\u00f3wnie\u017c zaka\u017cenie innym paso\u017cytem (loaza), rozwija si\u0119 powa\u017cny, a czasami \u015bmiertelny problem m\u00f3zgu. Nale\u017cy powiedzie\u0107 lekarzowi, je\u015bli u pacjenta wyst\u0119puje jakiekolwiek inne zaka\u017cenie paso\u017cytami. Nale\u017cy powiedzie\u0107 lekarzowi, je\u015bli przebywa\u0142 si\u0119 w obszarze, w kt\u00f3rym prawdopodobne jest zaka\u017cenie Loa loa (np. w Afryce Zachodniej lub \u015arodkowej). Nale\u017cy natychmiast powiedzie\u0107 lekarzowi, je\u015bli u pacjenta wyst\u0105pi\u0105 takie objawy, jak nietypowy b\u00f3l plec\u00f3w, krwawienie z oczu, duszno\u015b\u0107, brak kontroli nad p\u0119cherzem lub jelitami, problemy z chodzeniem lub staniem, zmiany psychiczne (np. spl\u0105tanie), niezwyk\u0142e os\u0142abienie lub drgawki.<br \/>\nStromectol nale\u017cy stosowa\u0107 ze szczeg\u00f3ln\u0105 ostro\u017cno\u015bci\u0105 u DZIECI o masie cia\u0142a poni\u017cej 33 funt\u00f3w (15 kilogram\u00f3w); bezpiecze\u0144stwo i skuteczno\u015b\u0107 u tych dzieci nie zosta\u0142y potwierdzone.<br \/>\nNie nale\u017cy stosowa\u0107 Stromectolu, je\u015bli jeste\u015b w ci\u0105\u017cy. Je\u015bli podejrzewasz, \u017ce mo\u017cesz by\u0107 w ci\u0105\u017cy, natychmiast skontaktuj si\u0119 z lekarzem. Stromectol znajduje si\u0119 w mleku matki. Je\u015bli pacjentka karmi piersi\u0105 lub b\u0119dzie karmi\u0107 piersi\u0105 podczas stosowania Stromectolu, powinna skonsultowa\u0107 si\u0119 z lekarzem. Om\u00f3w potencjalne ryzyko dla dziecka.<\/p>\n<p>Przeciwwskazania<br \/>\nNie nale\u017cy stosowa\u0107 tego leku, je\u015bli jeste\u015b uczulony na kt\u00f3rykolwiek sk\u0142adnik Stromectolu.<\/p>\n<p>Mo\u017cliwe dzia\u0142ania niepo\u017c\u0105dane<br \/>\nNajcz\u0119stsze skutki to biegunka, zawroty g\u0142owy, nudno\u015bci.<br \/>\nCi\u0119\u017ckie skutki uboczne obejmuj\u0105 ci\u0119\u017ckie reakcje alergiczne (wysypka, pokrzywka, sw\u0119dzenie, trudno\u015bci w oddychaniu, ucisk w klatce piersiowej, obrz\u0119k ust, twarzy, warg lub j\u0119zyka); b\u00f3l oka, obrz\u0119k lub zaczerwienienie; p\u00f3\u0142omdla\u0142y; szybkie bicie serca; gor\u0105czka; b\u00f3l stawu; czerwona, opuchni\u0119ta, p\u0119cherzowa lub \u0142uszcz\u0105ca si\u0119 sk\u00f3ra; drgawki; silne zawroty g\u0142owy lub oszo\u0142omienie; obrz\u0119k sk\u00f3ry, ramion, n\u00f3g, kostek lub st\u00f3p; tkliwe lub powi\u0119kszone w\u0119z\u0142y ch\u0142onne (np. na szyi, w pachwinie, pod pachami); zmiany widzenia; za\u017c\u00f3\u0142cenie oczu lub sk\u00f3ry.<\/p>\n<p>Interakcje lek\u00f3w<br \/>\nPoinformuj swojego lekarza o przyjmowaniu innych lek\u00f3w, zw\u0142aszcza kt\u00f3regokolwiek z poni\u017cszych: Warfaryna, poniewa\u017c Stromectol mo\u017ce zwi\u0119ksza\u0107 ryzyko jej dzia\u0142a\u0144 niepo\u017c\u0105danych.<\/p>\n<p>Pomini\u0119cie dawka<br \/>\nW przypadku pomini\u0119cia dawki nale\u017cy j\u0105 przyj\u0105\u0107 tak szybko, jak tylko sobie o tym przypomnisz. Je\u017celi zbli\u017ca si\u0119 pora przyj\u0119cia kolejnej dawki, nale\u017cy pomin\u0105\u0107 pomini\u0119t\u0105 dawk\u0119 i powr\u00f3ci\u0107 do zwyk\u0142ego schematu dawkowania. Nie podwajaj dawki, aby nadrobi\u0107 zaleg\u0142o\u015bci.<\/p>\n<p>Przedawkowanie<br \/>\nW przypadku podejrzenia przedawkowania nale\u017cy natychmiast skontaktowa\u0107 si\u0119 z lokalnym o\u015brodkiem kontroli zatru\u0107 lub pogotowiem ratunkowym. Objawy przedawkowania mog\u0105 obejmowa\u0107 dr\u0119twienie, mrowienie, problemy z oddychaniem, utrat\u0119 koordynacji, drgawki.<\/p>\n<p>Przechowywanie<br \/>\nPrzechowywa\u0107 w temperaturze pokojowej poni\u017cej 86 stopni F (30 stopni C) z dala od \u015bwiat\u0142a i wilgoci. Nie przechowywa\u0107 w \u0142azience. Wszystkie leki nale\u017cy przechowywa\u0107 z dala od dzieci i zwierz\u0105t domowych.<\/p>\n<p>Zastrze\u017cenie<br \/>\nPodajemy jedynie og\u00f3lne informacje na temat lek\u00f3w, kt\u00f3re nie obejmuj\u0105 wszystkich wskaz\u00f3wek, mo\u017cliwych interakcji lek\u00f3w ani \u015brodk\u00f3w ostro\u017cno\u015bci. Informacje zawarte na stronie nie mog\u0105 by\u0107 wykorzystywane do samodzielnego leczenia i autodiagnozy. Wszelkie szczeg\u00f3\u0142owe instrukcje dla konkretnego pacjenta nale\u017cy uzgodni\u0107 z doradc\u0105 ds. opieki zdrowotnej lub lekarzem prowadz\u0105cym dany przypadek. Zrzekamy si\u0119 wiarygodno\u015bci tych informacji i b\u0142\u0119d\u00f3w, jakie mog\u0105 one zawiera\u0107. Nie ponosimy odpowiedzialno\u015bci za jakiekolwiek bezpo\u015brednie, po\u015brednie, specjalne lub inne po\u015brednie szkody powsta\u0142e w wyniku wykorzystania informacji zawartych na tej stronie, a tak\u017ce za konsekwencje samoleczenia.<\/p>\n","protected":false},"excerpt":{"rendered":"<p>Stromectol to doustny lek przeciw robakom stosowany w leczeniu infekcji wywo\u0142anych przez niekt\u00f3re robaki paso\u017cytnicze.<\/p>\n","protected":false},"featured_media":7594,"comment_status":"open","ping_status":"closed","template":"","meta":[],"product_brand":[],"product_cat":[399],"product_tag":[],"class_list":{"0":"post-7734","1":"product","2":"type-product","3":"status-publish","4":"has-post-thumbnail","6":"product_cat-covid-19-pl","7":"pa_active_substance-ivermectin","9":"first","10":"instock","11":"shipping-taxable","12":"product-type-variable"},"jetpack_sharing_enabled":true,"_links":{"self":[{"href":"https:\/\/pharmacy-content.com\/index.php?rest_route=\/wp\/v2\/product\/7734","targetHints":{"allow":["GET"]}}],"collection":[{"href":"https:\/\/pharmacy-content.com\/index.php?rest_route=\/wp\/v2\/product"}],"about":[{"href":"https:\/\/pharmacy-content.com\/index.php?rest_route=\/wp\/v2\/types\/product"}],"replies":[{"embeddable":true,"href":"https:\/\/pharmacy-content.com\/index.php?rest_route=%2Fwp%2Fv2%2Fcomments&post=7734"}],"wp:featuredmedia":[{"embeddable":true,"href":"https:\/\/pharmacy-content.com\/index.php?rest_route=\/wp\/v2\/media\/7594"}],"wp:attachment":[{"href":"https:\/\/pharmacy-content.com\/index.php?rest_route=%2Fwp%2Fv2%2Fmedia&parent=7734"}],"wp:term":[{"taxonomy":"product_brand","embeddable":true,"href":"https:\/\/pharmacy-content.com\/index.php?rest_route=%2Fwp%2Fv2%2Fproduct_brand&post=7734"},{"taxonomy":"product_cat","embeddable":true,"href":"https:\/\/pharmacy-content.com\/index.php?rest_route=%2Fwp%2Fv2%2Fproduct_cat&post=7734"},{"taxonomy":"product_tag","embeddable":true,"href":"https:\/\/pharmacy-content.com\/index.php?rest_route=%2Fwp%2Fv2%2Fproduct_tag&post=7734"}],"curies":[{"name":"wp","href":"https:\/\/api.w.org\/{rel}","templated":true}]}}