{"id":7762,"date":"2026-04-22T07:07:17","date_gmt":"2026-04-22T07:07:17","guid":{"rendered":""},"modified":"2026-04-22T07:07:35","modified_gmt":"2026-04-22T07:07:35","slug":"stromectol-7","status":"publish","type":"product","link":"https:\/\/pharmacy-content.com\/?product=stromectol-7&lang=pt","title":{"rendered":"Stromectol"},"content":{"rendered":"<p>Uso comum<br \/>\nStromectol \u00e9 um anti-helm\u00edntico. \u00c9 usado no tratamento de infec\u00e7\u00f5es causadas por certos parasitas. Ele age matando parasitas sens\u00edveis.<\/p>\n<p>Dosagem e instru\u00e7\u00f5es<br \/>\nUse Stromectol conforme indicado pelo seu m\u00e9dico. Tome Stromectol por via oral com o est\u00f4mago vazio e \u00e1gua. Alguns pacientes que tomam Stromectol precisar\u00e3o de acompanhamento e retratamento repetidos para garantir que a infec\u00e7\u00e3o seja completamente eliminada. Siga as instru\u00e7\u00f5es do seu m\u00e9dico. Certifique-se de cumprir todas as consultas m\u00e9dicas e laboratoriais.<\/p>\n<p>Precau\u00e7\u00f5es<br \/>\nO estromectol pode causar tonturas ou sonol\u00eancia. Estes efeitos podem ser piores se for tomado com \u00e1lcool ou certos medicamentos. Use Stromectol com cautela. N\u00e3o dirija ou execute outras tarefas possivelmente inseguras at\u00e9 saber como voc\u00ea reage a isso.<br \/>\nO estromectol pode causar tonturas, desmaios ou desmaios; \u00e1lcool, clima quente, exerc\u00edcios ou febre podem aumentar esses efeitos. Para evit\u00e1-los, sente-se ou levante-se lentamente, principalmente pela manh\u00e3. Sente-se ou deite-se ao primeiro sinal de qualquer um destes efeitos.<br \/>\nRaramente, alguns pacientes que tomam Stromectol e que tamb\u00e9m tiveram outra infec\u00e7\u00e3o parasit\u00e1ria (lo\u00edase) desenvolveram um problema cerebral grave e \u00e0s vezes fatal. Informe o seu m\u00e9dico se voc\u00ea tiver qualquer outra infec\u00e7\u00e3o parasit\u00e1ria. Informe o seu m\u00e9dico se voc\u00ea esteve em uma \u00e1rea onde \u00e9 prov\u00e1vel a infec\u00e7\u00e3o por Loa loa (por exemplo, \u00c1frica Ocidental ou Central). Informe imediatamente o seu m\u00e9dico se tiver sintomas como dor incomum nas costas, sangramento nos olhos, falta de ar, falta de controle da bexiga ou intestino, dificuldade para andar ou ficar em p\u00e9, altera\u00e7\u00f5es mentais (por exemplo, confus\u00e3o), fraqueza incomum ou convuls\u00f5es.<br \/>\nStromectol deve ser usado com extrema cautela em CRIAN\u00c7AS com peso inferior a 33 libras (15 kg); a seguran\u00e7a e a efic\u00e1cia nessas crian\u00e7as n\u00e3o foram confirmadas.<br \/>\nN\u00e3o use Stromectol se estiver gr\u00e1vida. Se voc\u00ea acha que pode estar gr\u00e1vida, entre em contato com seu m\u00e9dico imediatamente. Stromectol \u00e9 encontrado no leite materno. Se voc\u00ea est\u00e1 ou ir\u00e1 amamentar enquanto usa Stromectol, consulte seu m\u00e9dico. Discuta quaisquer poss\u00edveis riscos para o seu beb\u00ea.<\/p>\n<p>Contra-indica\u00e7\u00f5es<br \/>\nN\u00e3o use este medicamento se voc\u00ea \u00e9 al\u00e9rgico a qualquer ingrediente do Stromectol.<\/p>\n<p>Poss\u00edveis efeitos colaterais<br \/>\nOs efeitos mais comuns s\u00e3o diarr\u00e9ia, tontura, n\u00e1usea.<br \/>\nEfeitos colaterais graves incluem rea\u00e7\u00f5es al\u00e9rgicas graves (erup\u00e7\u00e3o cut\u00e2nea; urtic\u00e1ria; coceira; dificuldade em respirar; aperto no peito; incha\u00e7o da boca, face, l\u00e1bios ou l\u00edngua); dor, incha\u00e7o ou vermelhid\u00e3o nos olhos; desmaio; batimento card\u00edaco acelerado; febre; dor nas articula\u00e7\u00f5es; pele vermelha, inchada, com bolhas ou descama\u00e7\u00e3o; convuls\u00f5es; tonturas graves ou desmaios; incha\u00e7o da pele, bra\u00e7os, pernas, tornozelos ou p\u00e9s; g\u00e2nglios linf\u00e1ticos sens\u00edveis ou inchados (por exemplo, no pesco\u00e7o, virilha, axilas); mudan\u00e7as na vis\u00e3o; amarelecimento dos olhos ou da pele.<\/p>\n<p>Intera\u00e7\u00e3o medicamentosa<br \/>\nInforme o seu m\u00e9dico se estiver tomando qualquer outro medicamento, especialmente qualquer um dos seguintes: Varfarina porque o risco de seus efeitos colaterais pode ser aumentado pelo Stromectol.<\/p>\n<p>Obtido dose<br \/>\nSe voc\u00ea esquecer de uma dose, tome-a assim que lembrar. Se estiver pr\u00f3ximo da hora da pr\u00f3xima dose, ignore a dose esquecida e retome o seu esquema posol\u00f3gico habitual. N\u00e3o duplique a dose para recuperar o atraso.<\/p>\n<p>Sobredosagem<br \/>\nSe houver suspeita de sobredosagem, contacte imediatamente um centro de controlo de intoxica\u00e7\u00f5es local ou um servi\u00e7o de urg\u00eancias. Os sintomas de overdose podem incluir dorm\u00eancia, formigamento, dificuldade para respirar, perda de coordena\u00e7\u00e3o, convuls\u00f5es.<\/p>\n<p>Armazenamento<br \/>\nArmazene em temperatura ambiente abaixo de 86 graus F (30 graus C), longe da luz e da umidade. N\u00e3o armazene no banheiro. Mantenha todos os medicamentos longe do alcance de crian\u00e7as e animais de estima\u00e7\u00e3o.<\/p>\n<p>Isen\u00e7\u00e3o de responsabilidade<br \/>\nFornecemos apenas informa\u00e7\u00f5es gerais sobre medicamentos, que n\u00e3o cobrem todas as instru\u00e7\u00f5es, poss\u00edveis intera\u00e7\u00f5es medicamentosas ou precau\u00e7\u00f5es. As informa\u00e7\u00f5es do site n\u00e3o podem ser utilizadas para autotratamento e autodiagn\u00f3stico. Quaisquer instru\u00e7\u00f5es espec\u00edficas para um determinado paciente devem ser acordadas com o seu conselheiro de sa\u00fade ou m\u00e9dico respons\u00e1vel pelo caso. N\u00f3s nos isentamos da confiabilidade dessas informa\u00e7\u00f5es e dos erros que elas possam conter. N\u00e3o somos respons\u00e1veis por quaisquer danos diretos, indiretos, especiais ou outros danos indiretos resultantes de qualquer uso das informa\u00e7\u00f5es deste site e tamb\u00e9m pelas consequ\u00eancias do autotratamento.<\/p>\n","protected":false},"excerpt":{"rendered":"<p>Stromectol \u00e9 um medicamento anti-helm\u00edntico oral usado para tratar infec\u00e7\u00f5es causadas por certos vermes parasitas.<\/p>\n","protected":false},"featured_media":7594,"comment_status":"open","ping_status":"closed","template":"","meta":[],"product_brand":[],"product_cat":[402],"product_tag":[],"class_list":{"0":"post-7762","1":"product","2":"type-product","3":"status-publish","4":"has-post-thumbnail","6":"product_cat-covid-19-pt","7":"pa_active_substance-ivermectin","9":"first","10":"instock","11":"shipping-taxable","12":"product-type-variable"},"jetpack_sharing_enabled":true,"_links":{"self":[{"href":"https:\/\/pharmacy-content.com\/index.php?rest_route=\/wp\/v2\/product\/7762","targetHints":{"allow":["GET"]}}],"collection":[{"href":"https:\/\/pharmacy-content.com\/index.php?rest_route=\/wp\/v2\/product"}],"about":[{"href":"https:\/\/pharmacy-content.com\/index.php?rest_route=\/wp\/v2\/types\/product"}],"replies":[{"embeddable":true,"href":"https:\/\/pharmacy-content.com\/index.php?rest_route=%2Fwp%2Fv2%2Fcomments&post=7762"}],"wp:featuredmedia":[{"embeddable":true,"href":"https:\/\/pharmacy-content.com\/index.php?rest_route=\/wp\/v2\/media\/7594"}],"wp:attachment":[{"href":"https:\/\/pharmacy-content.com\/index.php?rest_route=%2Fwp%2Fv2%2Fmedia&parent=7762"}],"wp:term":[{"taxonomy":"product_brand","embeddable":true,"href":"https:\/\/pharmacy-content.com\/index.php?rest_route=%2Fwp%2Fv2%2Fproduct_brand&post=7762"},{"taxonomy":"product_cat","embeddable":true,"href":"https:\/\/pharmacy-content.com\/index.php?rest_route=%2Fwp%2Fv2%2Fproduct_cat&post=7762"},{"taxonomy":"product_tag","embeddable":true,"href":"https:\/\/pharmacy-content.com\/index.php?rest_route=%2Fwp%2Fv2%2Fproduct_tag&post=7762"}],"curies":[{"name":"wp","href":"https:\/\/api.w.org\/{rel}","templated":true}]}}