{"id":7790,"date":"2026-04-22T07:07:20","date_gmt":"2026-04-22T07:07:20","guid":{"rendered":""},"modified":"2026-04-22T07:07:35","modified_gmt":"2026-04-22T07:07:35","slug":"stromectol-8","status":"publish","type":"product","link":"https:\/\/pharmacy-content.com\/?product=stromectol-8&lang=sv","title":{"rendered":"Stromectol"},"content":{"rendered":"<p>Vanlig anv\u00e4ndning<br \/>\nStromectol \u00e4r ett anthelmintikum. Det anv\u00e4nds f\u00f6r att behandla infektioner orsakade av vissa parasiter. Det fungerar genom att d\u00f6da k\u00e4nsliga parasiter.<\/p>\n<p>Dosering och anvisningar<br \/>\nAnv\u00e4nd Stromectol enligt anvisningar fr\u00e5n din l\u00e4kare. Ta Stromectol genom munnen p\u00e5 fastande mage med vatten. Vissa patienter som tar Stromectol kommer att beh\u00f6va upprepad uppf\u00f6ljning och \u00e5terbehandling f\u00f6r att se till att infektionen f\u00f6rsvinner helt. F\u00f6lj din l\u00e4kares instruktioner. Se till att h\u00e5lla alla l\u00e4kar- och laboratoriebes\u00f6k.<\/p>\n<p>F\u00f6rsiktighets\u00e5tg\u00e4rder<br \/>\nStromectol kan orsaka yrsel eller d\u00e5sighet. Dessa effekter kan bli v\u00e4rre om du tar det tillsammans med alkohol eller vissa l\u00e4kemedel. Anv\u00e4nd Stromectol med f\u00f6rsiktighet. K\u00f6r inte bil eller utf\u00f6r andra m\u00f6jligen os\u00e4kra uppgifter f\u00f6rr\u00e4n du vet hur du reagerar p\u00e5 det.<br \/>\nStromectol kan orsaka yrsel, yrsel eller svimning; alkohol, varmt v\u00e4der, tr\u00e4ning eller feber kan \u00f6ka dessa effekter. F\u00f6r att f\u00f6rhindra dem, sitta upp eller st\u00e5 l\u00e5ngsamt, s\u00e4rskilt p\u00e5 morgonen. Sitt eller l\u00e4gg dig vid det f\u00f6rsta tecknet p\u00e5 n\u00e5gon av dessa effekter.<br \/>\nI s\u00e4llsynta fall har vissa patienter som tar Stromectol och som ocks\u00e5 har haft en viss annan parasitinfektion (loiasis) utvecklat ett allvarligt och ibland d\u00f6dligt hj\u00e4rnproblem. Tala om f\u00f6r din l\u00e4kare om du har n\u00e5gon annan parasitinfektion. Tala om f\u00f6r din l\u00e4kare om du har varit i ett omr\u00e5de d\u00e4r Loa loa-infektion \u00e4r trolig (t.ex. V\u00e4st- eller Centralafrika). Tala om f\u00f6r din l\u00e4kare omedelbart om du har symtom som ovanlig ryggsm\u00e4rta, \u00f6gonbl\u00f6dningar, andn\u00f6d, of\u00f6rm\u00e5ga att kontrollera urinbl\u00e5san eller tarmen, problem med att g\u00e5 eller st\u00e5, mentala f\u00f6r\u00e4ndringar (t.ex. f\u00f6rvirring), ovanlig svaghet eller kramper.<br \/>\nStromectol b\u00f6r anv\u00e4ndas med extrem f\u00f6rsiktighet hos BARN som v\u00e4ger mindre \u00e4n 33 pund (15 kg); s\u00e4kerhet och effektivitet hos dessa barn har inte bekr\u00e4ftats.<br \/>\nAnv\u00e4nd inte Stromectol om du \u00e4r gravid. Om du tror att du kan vara gravid, kontakta din l\u00e4kare omedelbart. Stromectol finns i br\u00f6stmj\u00f6lk. Om du \u00e4r eller kommer att amma medan du anv\u00e4nder Stromectol, kontrollera med din l\u00e4kare. Diskutera eventuella risker f\u00f6r ditt barn.<\/p>\n<p>Kontraindikationer<br \/>\nAnv\u00e4nd inte detta l\u00e4kemedel om du \u00e4r allergisk mot n\u00e5gon ingrediens i Stromectol.<\/p>\n<p>M\u00f6jliga biverkningar<br \/>\nDe vanligaste biverkningarna \u00e4r diarr\u00e9, yrsel, illam\u00e5ende.<br \/>\nAllvarliga biverkningar inkluderar allvarliga allergiska reaktioner (utslag; n\u00e4sselfeber; kl\u00e5da; andningssv\u00e5righeter; tryck \u00f6ver br\u00f6stet; svullnad av mun, ansikte, l\u00e4ppar eller tunga); \u00f6gonsm\u00e4rta, svullnad eller rodnad; svimning; snabb hj\u00e4rtslag; feber; ledv\u00e4rk; r\u00f6d, svullen, bl\u00e5sor eller skalande hud; anfall; sv\u00e5r yrsel eller yrsel; svullnad av hud, armar, ben, vrister eller f\u00f6tter; \u00f6mma eller svullna lymfk\u00f6rtlar (t.ex. i nacken, ljumsken, underarmarna); synf\u00f6r\u00e4ndringar; gulf\u00e4rgning av \u00f6gon eller hud.<\/p>\n<p>L\u00e4kemedelsinteraktion<br \/>\nBer\u00e4tta f\u00f6r din l\u00e4kare om du tar n\u00e5gra andra l\u00e4kemedel, s\u00e4rskilt n\u00e5got av f\u00f6ljande: Warfarin eftersom risken f\u00f6r dess biverkningar kan \u00f6ka av Stromectol.<\/p>\n<p>Mittad dos<br \/>\nOm du missar en dos, ta den s\u00e5 snart du kommer ih\u00e5g det. Om det n\u00e4rmar sig tidpunkten f\u00f6r n\u00e4sta dos, hoppa \u00f6ver den missade dosen och \u00e5teruppta ditt vanliga doseringsschema. F\u00f6rdubbla inte dosen f\u00f6r att komma ikapp.<\/p>\n<p>\u00d6verdosering<br \/>\nOm \u00f6verdos misst\u00e4nks, kontakta omedelbart en lokal giftcentral eller akutmottagning. Symtom p\u00e5 \u00f6verdosering kan vara domningar, stickningar, andningssv\u00e5righeter, f\u00f6rlust av koordination, kramper.<\/p>\n<p>F\u00f6rvaring<br \/>\nF\u00f6rvaras i rumstemperatur under 30 grader C (86 grader F) borta fr\u00e5n ljus och fukt. F\u00f6rvara inte i badrummet. H\u00e5ll alla mediciner borta fr\u00e5n barn och husdjur.<\/p>\n<p>Ansvarsfriskrivning<br \/>\nVi tillhandah\u00e5ller endast allm\u00e4n information om mediciner, som inte t\u00e4cker alla riktningar, m\u00f6jliga l\u00e4kemedelsinteraktioner eller f\u00f6rsiktighets\u00e5tg\u00e4rder. Information p\u00e5 sidan kan inte anv\u00e4ndas f\u00f6r sj\u00e4lvbehandling och sj\u00e4lvdiagnos. Eventuella specifika instruktioner f\u00f6r en viss patient b\u00f6r \u00f6verenskommas med din h\u00e4lsor\u00e5dgivare eller l\u00e4kare som \u00e4r ansvarig f\u00f6r \u00e4rendet. Vi fr\u00e5ns\u00e4ger oss tillf\u00f6rlitligheten av denna information och misstag den kan inneh\u00e5lla. Vi ansvarar inte f\u00f6r n\u00e5gra direkta, indirekta, speciella eller andra indirekta skador till f\u00f6ljd av n\u00e5gon anv\u00e4ndning av informationen p\u00e5 denna webbplats och \u00e4ven f\u00f6r konsekvenser av egenbehandling.<\/p>\n","protected":false},"excerpt":{"rendered":"<p>Stromectol \u00e4r ett oralt anthelmintikum som anv\u00e4nds f\u00f6r att behandla infektioner orsakade av vissa parasitiska maskar.<\/p>\n","protected":false},"featured_media":7594,"comment_status":"open","ping_status":"closed","template":"","meta":[],"product_brand":[],"product_cat":[405],"product_tag":[],"class_list":{"0":"post-7790","1":"product","2":"type-product","3":"status-publish","4":"has-post-thumbnail","6":"product_cat-covid-19-sv","7":"pa_active_substance-ivermectin","9":"first","10":"instock","11":"shipping-taxable","12":"product-type-variable"},"jetpack_sharing_enabled":true,"_links":{"self":[{"href":"https:\/\/pharmacy-content.com\/index.php?rest_route=\/wp\/v2\/product\/7790","targetHints":{"allow":["GET"]}}],"collection":[{"href":"https:\/\/pharmacy-content.com\/index.php?rest_route=\/wp\/v2\/product"}],"about":[{"href":"https:\/\/pharmacy-content.com\/index.php?rest_route=\/wp\/v2\/types\/product"}],"replies":[{"embeddable":true,"href":"https:\/\/pharmacy-content.com\/index.php?rest_route=%2Fwp%2Fv2%2Fcomments&post=7790"}],"wp:featuredmedia":[{"embeddable":true,"href":"https:\/\/pharmacy-content.com\/index.php?rest_route=\/wp\/v2\/media\/7594"}],"wp:attachment":[{"href":"https:\/\/pharmacy-content.com\/index.php?rest_route=%2Fwp%2Fv2%2Fmedia&parent=7790"}],"wp:term":[{"taxonomy":"product_brand","embeddable":true,"href":"https:\/\/pharmacy-content.com\/index.php?rest_route=%2Fwp%2Fv2%2Fproduct_brand&post=7790"},{"taxonomy":"product_cat","embeddable":true,"href":"https:\/\/pharmacy-content.com\/index.php?rest_route=%2Fwp%2Fv2%2Fproduct_cat&post=7790"},{"taxonomy":"product_tag","embeddable":true,"href":"https:\/\/pharmacy-content.com\/index.php?rest_route=%2Fwp%2Fv2%2Fproduct_tag&post=7790"}],"curies":[{"name":"wp","href":"https:\/\/api.w.org\/{rel}","templated":true}]}}