{"id":7897,"date":"2026-04-22T07:07:44","date_gmt":"2026-04-22T07:07:44","guid":{"rendered":""},"modified":"2026-04-22T07:08:12","modified_gmt":"2026-04-22T07:08:12","slug":"glucophage-2","status":"publish","type":"product","link":"https:\/\/pharmacy-content.com\/?product=glucophage-2&lang=de","title":{"rendered":"Glucophage"},"content":{"rendered":"<p>Allgemeine Anwendung<br \/>\nGlucophage ist ein orales Diabetesmedikament zur Behandlung von Typ-2-Diabetes. Sein Wirkstoff ist Metformin, das zur Substanzklasse der Biguanide geh\u00f6rt. Es reduziert die Glukosekonzentration im Blut, unterdr\u00fcckt den Glukosestoffwechsel in der Leber, verringert die Aufnahme von Glukose aus dem Magen-Darm-Trakt und verbessert deren Verwertung im Gewebe. Glucophage stabilisiert oder reduziert das K\u00f6rpergewicht. Ohne Insulin im Blut wird keine therapeutische Wirkung beobachtet. Es verursacht keine hypoglyk\u00e4mischen Reaktionen. Es verbessert die fibrinolytischen Eigenschaften des Blutes. Es wird zur Behandlung von Diabetes mellitus (Typ 2) bei Erwachsenen angewendet, insbesondere in F\u00e4llen, in denen Fettleibigkeit auftritt, und auch bei Patienten, bei denen die Behandlung mit Sulfonylharnstoff wirkungslos war.<br \/>\nDosierung und Anwendungsgebiet<br \/>\nNehmen Sie dieses Arzneimittel nicht ein, wenn es Ihnen nicht verschrieben wurde , und \u00fcberschreiten Sie nicht die empfohlene Dosis. Nehmen Sie es zu einer Mahlzeit ein, wenn Ihr Arzt Ihnen nicht eine andere Einnahme empfohlen hat. Glucophage wird zur Behandlung von Typ-2-Diabetes bei Erwachsenen zur zweimal t\u00e4glichen Einnahme von 500 mg oder 850 mg einmal t\u00e4glich verabreicht. Basierend auf dem Glukosespiegel im Blut kann die Glucophage-Dosis auf die maximale Tagesdosis von 2550 mg erh\u00f6ht werden, die in drei Einzeldosen verabreicht wird.<br \/>\nVorsichtsma\u00dfnahmen<br \/>\nDieses Medikament kann bei manchen Menschen einen lebensbedrohlichen Zustand verursachen, der durch Folgendes gekennzeichnet ist: Schw\u00e4che, zunehmende Schl\u00e4frigkeit, langsamer Herzschlag, K\u00e4ltegef\u00fchl, Muskelschmerzen, Bauchschmerzen, Kurzatmigkeit, Benommenheit und Ohnmacht. Man nennt es Laktatazidose. Wenn bei Ihnen solche Symptome auftreten, suchen Sie sofort einen Arzt auf. Achten Sie auch auf Symptome eines niedrigen Blutzuckerspiegels, zu denen Hunger, Verwirrtheit, Reizbarkeit, Schl\u00e4frigkeit, Kopfschmerzen, Schw\u00e4che, schneller Herzschlag, Zittern, Schwitzen und Krampfanf\u00e4lle geh\u00f6ren, und halten Sie immer eine Zuckerquelle bereit. Vermeiden Sie Alkohol.<br \/>\nKontraindikationen<br \/>\n\u00dcberempfindlichkeit, hyperglyk\u00e4misches Koma, Ketoazidose, Nierenversagen, Lebererkrankung, Herzinsuffizienz, akuter Myokardinfarkt, Atemversagen, Dehydration, Infektionskrankheiten, umfangreiche Operationen und Traumata, Alkoholismus, kalorienreduzierte Di\u00e4t (weniger als 1000). kcal\/Tag), Laktatazidose (einschlie\u00dflich Anamnese), Schwangerschaft, Stillzeit. Es wird nicht verschrieben, das Medikament 2 Tage vor Operationen, Radioisotopen- und R\u00f6ntgenuntersuchungen sowie CAT-Scans (CT) einzunehmen. Glucophage ist bei Patienten \u00fcber 60 Jahren oder bei schwerer k\u00f6rperlicher Arbeit kontraindiziert (das Risiko einer Laktatazidose steigt).<br \/>\nNebenwirkungen<br \/>\nDie folgenden Nebenwirkungen treten am h\u00e4ufigsten auf und sind ziemlich schwerwiegend, um die Einnahme des Medikaments abzubrechen: Schwellung oder schnelle Gewichtszunahme, \u00dcbelkeit, Erbrechen, Bl\u00e4hungen, Bl\u00e4hungen, Durchfall und Appetitlosigkeit. Bei Laktatazidose suchen Sie sofort medizinische Hilfe auf: Schw\u00e4che, zunehmende Schl\u00e4frigkeit, langsamer Herzschlag, K\u00e4ltegef\u00fchl, Kurzatmigkeit, Bauchschmerzen, Muskelschmerzen, Benommenheit und Ohnmacht. Auch allergische Reaktionen sind m\u00f6glich: Nesselsucht, Schwellung, Hautausschlag.<br \/>\nArzneimittelwechselwirkung<br \/>\nCimetidin (Tagamet) erh\u00f6ht den Blutspiegel von Glucophage und beeintr\u00e4chtigt dessen Stoffwechsel. Glucophage ist nicht mit Alkohol kompatibel. Die gleichzeitige Anwendung von indirekten Antikoagulanzien und Cimetidin sollte mit Vorsicht erfolgen. Glucophage steigert den Metabolismus von Furosemid. Derivate von Sulfonylharnstoff, Insulin, Acarbose, MAO-Hemmern, Oxytetracyclin, Cyclophosphamid und Salicylaten verst\u00e4rken die Wirkung von Glucophage. Eine Verringerung der hypoglyk\u00e4mischen Wirkung von Glucophage wird durch die gleichzeitige Anwendung mit Schilddr\u00fcsenmedikamenten, Antibabypillen und anderen Hormonen, Adrenalin, Glucagon, Thiaziddiuretika und Nikotins\u00e4urederivaten verursacht.<br \/>\nVerpasste Dosis<br \/>\nWenn Sie vergessen haben, Ihre Dosis rechtzeitig einzunehmen , bitte tun Sie es, sobald Sie sich daran erinnern. Nehmen Sie es jedoch nicht ein, wenn es zu sp\u00e4t ist oder wenn Ihre n\u00e4chste Dosis in K\u00fcrze f\u00e4llig ist. Nehmen Sie nicht die doppelte Dosis oder zus\u00e4tzliche Dosen dieses Arzneimittels ein. Nehmen Sie Ihre \u00fcbliche Dosis am n\u00e4chsten Tag zur gleichen regul\u00e4ren Zeit ein.<br \/>\n\u00dcberdosierung<br \/>\nSymptome einer Glucophage-\u00dcberdosierung sind niedrige Blutzuckerwerte: Hunger, Verwirrtheit, Reizbarkeit, Schl\u00e4frigkeit, Kopfschmerzen, Schw\u00e4che, Zittern, Schwitzen, schneller Herzschlag und Krampfanf\u00e4lle. Wenn Sie eines dieser Symptome oder ungew\u00f6hnliche Symptome bemerken, rufen Sie sofort Ihren Arzt an.<br \/>\nLagerung<br \/>\nBei Raumtemperatur zwischen 20 und 25 \u00b0C (68 und 77 \u00b0F) lagern. Vor Feuchtigkeit, Hitze und Sonnenlicht gesch\u00fctzt lagern. Es wird nicht empfohlen, es in Badezimmern und an Orten aufzubewahren, die f\u00fcr Kinder zug\u00e4nglich sind.<br \/>\nHaftungsausschluss<br \/>\nWir stellen nur allgemeine Informationen zu Medikamenten zur Verf\u00fcgung, die nicht alle Anweisungen, m\u00f6gliche Wechselwirkungen mit anderen Arzneimitteln oder Vorsichtsma\u00dfnahmen abdecken. Die Informationen auf der Website k\u00f6nnen nicht zur Selbstbehandlung und Selbstdiagnose verwendet werden. Spezifische Anweisungen f\u00fcr einen bestimmten Patienten sollten mit Ihrem Gesundheitsberater oder dem f\u00fcr den Fall zust\u00e4ndigen Arzt vereinbart werden. Wir lehnen die Zuverl\u00e4ssigkeit dieser Informationen und etwaige darin enthaltene Fehler ab. Wir haften nicht f\u00fcr direkte, indirekte, besondere oder sonstige indirekte Sch\u00e4den, die sich aus der Nutzung der Informationen auf dieser Website ergeben und auch nicht f\u00fcr Folgen der Selbstbehandlung.<\/p>\n","protected":false},"excerpt":{"rendered":"<p>Glucophage Generic (Metformin) ist ein orales Diabetesmedikament zur Behandlung von Typ-2-Diabetes.<\/p>\n","protected":false},"featured_media":7875,"comment_status":"open","ping_status":"closed","template":"","meta":[],"product_brand":[],"product_cat":[417],"product_tag":[],"class_list":{"0":"post-7897","1":"product","2":"type-product","3":"status-publish","4":"has-post-thumbnail","6":"product_cat-diabetes-de","7":"pa_active_substance-metformin","9":"first","10":"instock","11":"shipping-taxable","12":"product-type-variable"},"jetpack_sharing_enabled":true,"_links":{"self":[{"href":"https:\/\/pharmacy-content.com\/index.php?rest_route=\/wp\/v2\/product\/7897","targetHints":{"allow":["GET"]}}],"collection":[{"href":"https:\/\/pharmacy-content.com\/index.php?rest_route=\/wp\/v2\/product"}],"about":[{"href":"https:\/\/pharmacy-content.com\/index.php?rest_route=\/wp\/v2\/types\/product"}],"replies":[{"embeddable":true,"href":"https:\/\/pharmacy-content.com\/index.php?rest_route=%2Fwp%2Fv2%2Fcomments&post=7897"}],"wp:featuredmedia":[{"embeddable":true,"href":"https:\/\/pharmacy-content.com\/index.php?rest_route=\/wp\/v2\/media\/7875"}],"wp:attachment":[{"href":"https:\/\/pharmacy-content.com\/index.php?rest_route=%2Fwp%2Fv2%2Fmedia&parent=7897"}],"wp:term":[{"taxonomy":"product_brand","embeddable":true,"href":"https:\/\/pharmacy-content.com\/index.php?rest_route=%2Fwp%2Fv2%2Fproduct_brand&post=7897"},{"taxonomy":"product_cat","embeddable":true,"href":"https:\/\/pharmacy-content.com\/index.php?rest_route=%2Fwp%2Fv2%2Fproduct_cat&post=7897"},{"taxonomy":"product_tag","embeddable":true,"href":"https:\/\/pharmacy-content.com\/index.php?rest_route=%2Fwp%2Fv2%2Fproduct_tag&post=7897"}],"curies":[{"name":"wp","href":"https:\/\/api.w.org\/{rel}","templated":true}]}}