{"id":7941,"date":"2026-04-22T07:07:49","date_gmt":"2026-04-22T07:07:49","guid":{"rendered":""},"modified":"2026-04-22T07:08:12","modified_gmt":"2026-04-22T07:08:12","slug":"glucophage-4","status":"publish","type":"product","link":"https:\/\/pharmacy-content.com\/?product=glucophage-4&lang=it","title":{"rendered":"Glucophage"},"content":{"rendered":"<p>Uso comune<br \/>\nGlucophage \u00e8 un medicinale per il diabete orale usato per trattare il diabete di tipo 2. Il suo principio attivo \u00e8 la Metformina, che appartiene alla classe delle sostanze biguanidi. Riduce la concentrazione di glucosio nel sangue, sopprimendo il metabolismo del glucosio nel fegato, riducendo l&#8217;assorbimento del glucosio dal tratto gastrointestinale e migliorandone l&#8217;utilizzo nei tessuti. Il glucofago stabilizza o riduce il peso corporeo. L&#8217;effetto terapeutico non si osserva in assenza di insulina nel sangue. Non provoca reazioni ipoglicemiche. Migliora le propriet\u00e0 fibrinolitiche del sangue. \u00c8 usato per trattare il diabete mellito (tipo 2) negli adulti, soprattutto nei casi seguiti da obesit\u00e0, e anche nei pazienti per i quali il trattamento con sulfanilurea \u00e8 risultato inefficace.<br \/>\nDosaggio e direzioni<br \/>\nNon prenda questo farmaco se non le \u00e8 stato prescritto e non superare la dose raccomandata. Prendilo durante un pasto se il tuo medico non ti ha consigliato di prenderlo diversamente. Glucophage viene somministrato per l&#8217;assunzione due volte al giorno da 500 mg o 850 mg una volta al giorno per il trattamento del diabete di tipo 2 negli adulti. In base ai livelli di glucosio nel sangue, la dose di Glucophage pu\u00f2 essere aumentata fino alla dose massima giornaliera di 2550 mg somministrata in tre dosi frazionate.<br \/>\nPrecauzioni<br \/>\nQuesto farmaco \u00e8 in grado di causare in alcune persone una condizione pericolosa per la vita, caratterizzata da debolezza, aumento della sonnolenza, battito cardiaco lento, sensazione di freddo, dolore muscolare, dolore addominale, mancanza di respiro, sensazione di testa leggera e svenimento. Si chiama acidosi lattica. Se si verificano tali sintomi, consultare immediatamente un medico. Inoltre, prestare attenzione ai sintomi di un basso livello di zucchero nel sangue, che includono fame, confusione, irritabilit\u00e0, sonnolenza, mal di testa, debolezza, battito cardiaco accelerato, tremori, sudorazione, convulsioni e avere sempre una fonte di zucchero a portata di mano. Evitare di bere alcolici.<br \/>\nControindicazioni<br \/>\nIpersensibilit\u00e0, coma iperglicemico, chetoacidosi, insufficienza renale, malattie epatiche, insufficienza cardiaca, infarto miocardico acuto, insufficienza respiratoria, disidratazione, malattie infettive, interventi chirurgici estesi e traumi, alcolismo, dieta ipocalorica (meno di 1000 kcal\/giorno), acidosi lattica (inclusa una storia), gravidanza, allattamento. Il farmaco non \u00e8 prescritto per l&#8217;assunzione 2 giorni prima dell&#8217;intervento chirurgico, degli esami radioisotopici e radiologici, della TAC (TC). Glucophage \u00e8 controindicato nei pazienti di et\u00e0 superiore a 60 anni o che svolgono un duro lavoro fisico (aumento del rischio di acidosi lattica).<br \/>\nEffetti collaterali<br \/>\nI seguenti effetti collaterali sono i pi\u00f9 comuni e piuttosto gravi da interrompere l&#8217;assunzione del farmaco: gonfiore o rapido aumento di peso, nausea, vomito, gas, gonfiore, diarrea e perdita di appetito. In caso di acidosi lattica, richiedere assistenza medica di emergenza: debolezza, crescente sonnolenza, battito cardiaco lento, sensazione di freddo, mancanza di respiro, dolore addominale, dolore muscolare, vertigini e svenimento. Sono possibili anche reazioni allergiche: orticaria, gonfiore, eruzione cutanea.<br \/>\nInterazione farmacologica<br \/>\nLa cimetidina (Tagamet) aumenta i livelli ematici di Glucophage, influenzandone il metabolismo. Glucophage non \u00e8 compatibile con l&#8217;alcol. La somministrazione concomitante di anticoagulanti indiretti e cimetidina deve essere effettuata con cautela. Glucophage migliora il metabolismo della Furosemide. I derivati \u200b\u200bdella sulfonilurea, l&#8217;insulina, l&#8217;acarbosio, gli inibitori delle MAO, l&#8217;ossitetraciclina, la ciclofosfamide e i salicilati aumentano gli effetti del Glucophage. Una diminuzione dell&#8217;effetto ipoglicemizzante di Glucophage \u00e8 causata dalla co-somministrazione con medicinali per la tiroide, pillola anticoncezionale e altri ormoni, adrenalina, glucagone, diuretici tiazidici, derivati dell&#8217;acido nicotinico.<br \/>\nDose mancata<br \/>\nSe si \u00e8 dimenticato di prendere la dose in tempo , per favore fallo non appena te ne ricordi. Ma non prenderlo se \u00e8 troppo tardi o se la dose successiva \u00e8 prevista a breve. Non assumere dosi doppie di questo farmaco o dosi extra. Prenda la dose abituale il giorno successivo alla stessa ora regolare.<br \/>\nSovradosaggio<br \/>\nI sintomi di un sovradosaggio di Glucophage sono quelli di un basso livello di zucchero nel sangue: fame, confusione, irritabilit\u00e0, sonnolenza, mal di testa, debolezza, tremori, sudorazione, battito cardiaco accelerato e convulsioni. Se riscontri uno di questi sintomi o sintomi insoliti, chiama immediatamente il medico.<br \/>\nConservazione<br \/>\nConservare a temperatura ambiente tra 20 e 25\u00b0C (68-77\u00b0F). Conservare lontano da umidit\u00e0, calore e luce solare. Non \u00e8 consigliabile conservarlo in bagno e in luoghi accessibili ai bambini.<br \/>\nDisclaimer<br \/>\nForniamo solo informazioni generali sui farmaci, che non coprono tutte le indicazioni, possibili interazioni farmacologiche o precauzioni. Le informazioni presenti sul sito non possono essere utilizzate per l&#8217;autotrattamento e l&#8217;autodiagnosi. Eventuali istruzioni specifiche per un particolare paziente devono essere concordate con il proprio consulente sanitario o con il medico incaricato del caso. Decliniamo l&#8217;affidabilit\u00e0 di queste informazioni e gli eventuali errori che potrebbero contenere. Non siamo responsabili per eventuali danni diretti, indiretti, speciali o altri danni indiretti derivanti dall&#8217;uso delle informazioni contenute in questo sito e anche per le conseguenze dell&#8217;autotrattamento.<\/p>\n","protected":false},"excerpt":{"rendered":"<p>Glucophage Generic (Metformin) \u00e8 un medicinale antidiabetico orale usato per trattare il diabete di tipo 2.<\/p>\n","protected":false},"featured_media":7875,"comment_status":"open","ping_status":"closed","template":"","meta":[],"product_brand":[],"product_cat":[423],"product_tag":[],"class_list":{"0":"post-7941","1":"product","2":"type-product","3":"status-publish","4":"has-post-thumbnail","6":"product_cat-diabete-it","7":"pa_active_substance-metformin","9":"first","10":"instock","11":"shipping-taxable","12":"product-type-variable"},"jetpack_sharing_enabled":true,"_links":{"self":[{"href":"https:\/\/pharmacy-content.com\/index.php?rest_route=\/wp\/v2\/product\/7941","targetHints":{"allow":["GET"]}}],"collection":[{"href":"https:\/\/pharmacy-content.com\/index.php?rest_route=\/wp\/v2\/product"}],"about":[{"href":"https:\/\/pharmacy-content.com\/index.php?rest_route=\/wp\/v2\/types\/product"}],"replies":[{"embeddable":true,"href":"https:\/\/pharmacy-content.com\/index.php?rest_route=%2Fwp%2Fv2%2Fcomments&post=7941"}],"wp:featuredmedia":[{"embeddable":true,"href":"https:\/\/pharmacy-content.com\/index.php?rest_route=\/wp\/v2\/media\/7875"}],"wp:attachment":[{"href":"https:\/\/pharmacy-content.com\/index.php?rest_route=%2Fwp%2Fv2%2Fmedia&parent=7941"}],"wp:term":[{"taxonomy":"product_brand","embeddable":true,"href":"https:\/\/pharmacy-content.com\/index.php?rest_route=%2Fwp%2Fv2%2Fproduct_brand&post=7941"},{"taxonomy":"product_cat","embeddable":true,"href":"https:\/\/pharmacy-content.com\/index.php?rest_route=%2Fwp%2Fv2%2Fproduct_cat&post=7941"},{"taxonomy":"product_tag","embeddable":true,"href":"https:\/\/pharmacy-content.com\/index.php?rest_route=%2Fwp%2Fv2%2Fproduct_tag&post=7941"}],"curies":[{"name":"wp","href":"https:\/\/api.w.org\/{rel}","templated":true}]}}