{"id":8164,"date":"2026-04-22T07:08:34","date_gmt":"2026-04-22T07:08:34","guid":{"rendered":""},"modified":"2026-04-22T07:08:45","modified_gmt":"2026-04-22T07:08:45","slug":"rybelsus-2","status":"publish","type":"product","link":"https:\/\/pharmacy-content.com\/?product=rybelsus-2&lang=de","title":{"rendered":"Rybelsus"},"content":{"rendered":"<p>Allgemeine Anwendungen<br \/>\nRybelsus kann mehr Vorteile bieten als nur die Unterst\u00fctzung der Insulinaussch\u00fcttung. Es hilft auch, die Bewegung der Nahrung durch den Magen zu verlangsamen. Die aktive Einnahme des Medikaments kann dazu beitragen, viele Krankheiten und Beschwerden im Zusammenhang mit Typ-2-Diabetes abzuwehren. Dazu geh\u00f6ren unter anderem Nierenprobleme, Nervensch\u00e4den und Herzerkrankungen.<\/p>\n<p>Eine Therapie mit Rybelsus kann Typ-2-Diabetikern dabei helfen, ihre Krankheit in den Griff zu bekommen und gleichzeitig ihre Gesundheit langfristig zu verbessern. Das Medikament wird im Allgemeinen oral verabreicht und einmal t\u00e4glich vor dem Essen eingenommen.<\/p>\n<p>Dosierung und Anwendung<br \/>\nRybelsus ist bekannterma\u00dfen am wirksamsten, wenn eine Mahlzeit mindestens 30 bis 60 Minuten nach der Einnahme des Medikaments eingenommen wird. Damit Rybelsus dauerhaft richtig wirkt, sollten die Dosierungs- und Verabreichungsanforderungen unbedingt eingehalten werden.<\/p>\n<p>Die Dosierung variiert je nach Empfehlung des Arztes f\u00fcr jeden Patienten. Im Allgemeinen ist Rybelsus in Tabletten zu 7 mg oder 14 mg erh\u00e4ltlich und wird einmal t\u00e4glich eingenommen.<\/p>\n<p>Vorsichtsma\u00dfnahmen<br \/>\nBevor Sie sich ein Rezept f\u00fcr Rybelsus zulegen, sollten Sie einige Vorsichtsma\u00dfnahmen ber\u00fccksichtigen und mit Ihrem Arzt besprechen. Der erste Schritt, den Sie unternehmen m\u00f6chten, besteht darin, alle damit zusammenh\u00e4ngenden medizinischen Allergien offenzulegen, an denen Sie m\u00f6glicherweise leiden.<\/p>\n<p>Stellen Sie sicher, dass Sie auch die folgenden Informationen offenlegen:<\/p>\n<p>Verschreibungspflichtige oder nicht verschreibungspflichtige Medikamente<br \/>\nVitamine<br \/>\nKr\u00e4uterprodukte<br \/>\nNahrungserg\u00e4nzungsmittel<br \/>\nWenn bei Ihnen in der Vergangenheit eine diabetische Retinopathie, eine Nierenerkrankung, eine Pankreatitis oder eine Gallenblasenerkrankung aufgetreten ist, sind dies wichtige Informationen, die Ihr Arzt wissen m\u00f6chte. Bei Patienten, die eine bevorstehende Operation erwarten, sollte die Anwendung von Rybelsus offengelegt werden, da sie zu Komplikationen f\u00fchren kann.<\/p>\n<p>K\u00f6rperliche Ver\u00e4nderungen wie Gewicht, Infektionen, Fieber, Krankheiten und Verletzungen k\u00f6nnen die Wirksamkeit von Rybelsus beeintr\u00e4chtigen. Es gibt viele Lebensstilentscheidungen, die zu Schwankungen des Blutzuckerspiegels f\u00fchren k\u00f6nnen und eine \u00c4nderung der Dosierung der Medikamente erforderlich machen k\u00f6nnen. Abgesehen von Vorsichtsma\u00dfnahmen ist es wichtig, das volle Ausma\u00df potenzieller Gesundheitsrisiken bei der Einnahme von Rybelsus zu verstehen.<\/p>\n<p>Widerspr\u00fcche<br \/>\nEs gibt einige Umst\u00e4nde, unter denen Sie die Einnahme von Rybelsus vermeiden sollten. Wenn Sie in der Vergangenheit an Gallenblasenerkrankungen, medull\u00e4rem Schilddr\u00fcsenkrebs, Pankreatitis oder multiplem endokrinen Neoplasie-Syndrom Typ 2 gelitten haben, sollte Rybelsus nicht verabreicht werden.<\/p>\n<p>M\u00f6gliche Nebenwirkungen<br \/>\nDie Einnahme dieses Medikaments kann zu Ver\u00e4nderungen des Blutzuckerspiegels f\u00fchren, einige davon Risiken k\u00f6nnen aus diesen Ver\u00e4nderungen resultieren. Es ist zu beachten, dass diese Risiken keine Garantie darstellen, sondern bei einigen Patienten in der Vergangenheit aufgetreten sind. Zu den Nebenwirkungen bei der Einnahme von Rybelsus geh\u00f6ren verminderter Appetit, Erbrechen, anhaltendes Aufsto\u00dfen, Verstopfung und Bauchschmerzen.<\/p>\n<p>Es besteht die M\u00f6glichkeit, dass bei Ihnen auch schwerwiegendere Nebenwirkungen auftreten. Einige davon k\u00f6nnen Ver\u00e4nderungen der Sehqualit\u00e4t, Hautausschlag, anhaltende Bauch- oder R\u00fcckenschmerzen, vermindertes Wasserlassen, Atembeschwerden, Schwellungen der F\u00fc\u00dfe, Kn\u00f6chel oder Beine sowie Schwellungen verschiedener Gesichtsbereiche sein.<\/p>\n<p>Unabh\u00e4ngig von der Situation Wenn Sie die Schwere bestimmter Nebenwirkungen bemerken, sollten Sie immer Ihren Arzt informieren, wenn Sie diese bemerken oder sich Sorgen machen. M\u00f6glicherweise ist eine Anpassung Ihrer Dosierung erforderlich, oder Ihr Arzt entscheidet m\u00f6glicherweise, dass Sie das Medikament ganz absetzen.<\/p>\n<p>Wechselwirkungen mit anderen Medikamenten<br \/>\nWenn Ihnen Rybelsus verschrieben wird, m\u00f6chten Sie sicherstellen, dass Sie keine anderen Medikamente einnehmen, sofern nicht anders angegeben von Ihrem Arzt. Zu den meisten Arzneimittelwechselwirkungen, die Sie vermeiden sollten, geh\u00f6ren nicht verschreibungspflichtige Medikamente.<\/p>\n<p>Einige Beispiele sind:<\/p>\n<p>Aspirin und andere Schmerzmittel<br \/>\nMedikamente gegen Nebenh\u00f6hlenprobleme<br \/>\nAlbuterol<br \/>\nMedikamente zur Appetitkontrolle<br \/>\nMedikamente gegen Erk\u00e4ltungen<br \/>\nVerpasste Dosierung<br \/>\nWenn es soweit ist Wenn Sie versehentlich eine Dosis in Ihrem Zeitplan verpassen, ist das kein allzu gro\u00dfes Problem. Es ist jedoch wichtig, die Dosierung f\u00fcr diesen Tag einfach auszulassen und dann am n\u00e4chsten Tag zu Ihrem normalen Zeitplan zur\u00fcckzukehren. Achten Sie vor allem darauf, dass Sie auf keinen Fall die doppelte Dosis einnehmen. <\/p>\n<p>\u00dcberdosierung<br \/>\nDer Einnahmeplan f\u00fcr Rybelsus ist relativ einfach, es besteht jedoch immer noch die M\u00f6glichkeit einer \u00dcberdosierung, und dieses Thema sollte nicht auf die leichte Schulter genommen werden. Im Falle einer \u00dcberdosis ist es wichtig, die Giftnotrufnummer zu kontaktieren. Um eine schnellere Reaktion zu erhalten, z\u00f6gern Sie nicht, 911 anzurufen. Es w\u00e4re auch ratsam, jemanden bei sich zu haben, wenn Sie zum ersten Mal mit der Medikation beginnen, falls unerwartete Nebenwirkungen auftreten.<\/p>\n<p>Aufbewahrung<br \/>\nAls Faustregel sollte Rybelsus dies tun in seinem Originalbeh\u00e4lter mit Sicherheitsverschluss aufbewahren und bei Raumtemperatur lagern. Sie sollten es auch an einem sicheren Ort aufbewahren, wenn Sie Haustiere oder Kinder haben. Wenn Sie das Medikament entsorgen m\u00fcssen, werfen Sie es nicht einfach in den M\u00fcll oder sp\u00fclen Sie es in die Toilette. F\u00fcr eine ordnungsgem\u00e4\u00dfe Entsorgung k\u00f6nnen Sie zun\u00e4chst Ihren Arzt fragen, wie mit der Situation umzugehen ist.<\/p>\n<p>Haftungsausschluss<br \/>\nWir stellen nur allgemeine Informationen zu Medikamenten zur Verf\u00fcgung, die nicht alle Anwendungsgebiete, m\u00f6gliche Arzneimittelkombinationen oder Vorsichtsma\u00dfnahmen abdecken. Die Informationen auf der Website k\u00f6nnen nicht zur Selbstbehandlung und Selbstdiagnose verwendet werden. Spezifische Anweisungen f\u00fcr einen bestimmten Patienten sollten mit Ihrem Gesundheitsberater oder dem f\u00fcr den Fall zust\u00e4ndigen Arzt vereinbart werden. Wir lehnen die Zuverl\u00e4ssigkeit dieser Informationen und die darin enthaltenen Fehler ab. Wir haften nicht f\u00fcr direkte, indirekte, besondere oder sonstige indirekte Sch\u00e4den, die sich aus der Nutzung der Informationen auf dieser Website ergeben und auch nicht f\u00fcr Folgen der Selbstbehandlung.<\/p>\n","protected":false},"excerpt":{"rendered":"<p>Rybelsus Generic wird im Allgemeinen in Kombination mit Bewegungs- und Di\u00e4tprogrammen angewendet und hilft bei der Regulierung des Blutzuckers bei Patienten mit Typ-2-Diabetes. Obwohl es viele Medikamente gibt, die bei der Behandlung von Diabetes helfen k\u00f6nnen, unterst\u00fctzt Rybelsus Generic die Bauchspeicheldr\u00fcse dabei, die richtige Menge Insulin freizusetzen. Dies ist besonders n\u00fctzlich, wenn der Blutzuckerspiegel hoch ist und es wichtig ist zu beachten, dass das Medikament bei Typ-1-Diabetes nicht wirksam ist.<\/p>\n","protected":false},"featured_media":8157,"comment_status":"open","ping_status":"closed","template":"","meta":[],"product_brand":[],"product_cat":[417],"product_tag":[],"class_list":{"0":"post-8164","1":"product","2":"type-product","3":"status-publish","4":"has-post-thumbnail","6":"product_cat-diabetes-de","7":"pa_active_substance-semaglutide","9":"first","10":"instock","11":"shipping-taxable","12":"product-type-variable"},"jetpack_sharing_enabled":true,"_links":{"self":[{"href":"https:\/\/pharmacy-content.com\/index.php?rest_route=\/wp\/v2\/product\/8164","targetHints":{"allow":["GET"]}}],"collection":[{"href":"https:\/\/pharmacy-content.com\/index.php?rest_route=\/wp\/v2\/product"}],"about":[{"href":"https:\/\/pharmacy-content.com\/index.php?rest_route=\/wp\/v2\/types\/product"}],"replies":[{"embeddable":true,"href":"https:\/\/pharmacy-content.com\/index.php?rest_route=%2Fwp%2Fv2%2Fcomments&post=8164"}],"wp:featuredmedia":[{"embeddable":true,"href":"https:\/\/pharmacy-content.com\/index.php?rest_route=\/wp\/v2\/media\/8157"}],"wp:attachment":[{"href":"https:\/\/pharmacy-content.com\/index.php?rest_route=%2Fwp%2Fv2%2Fmedia&parent=8164"}],"wp:term":[{"taxonomy":"product_brand","embeddable":true,"href":"https:\/\/pharmacy-content.com\/index.php?rest_route=%2Fwp%2Fv2%2Fproduct_brand&post=8164"},{"taxonomy":"product_cat","embeddable":true,"href":"https:\/\/pharmacy-content.com\/index.php?rest_route=%2Fwp%2Fv2%2Fproduct_cat&post=8164"},{"taxonomy":"product_tag","embeddable":true,"href":"https:\/\/pharmacy-content.com\/index.php?rest_route=%2Fwp%2Fv2%2Fproduct_tag&post=8164"}],"curies":[{"name":"wp","href":"https:\/\/api.w.org\/{rel}","templated":true}]}}