{"id":8185,"date":"2026-04-22T07:08:37","date_gmt":"2026-04-22T07:08:37","guid":{"rendered":""},"modified":"2026-04-22T07:08:45","modified_gmt":"2026-04-22T07:08:45","slug":"rybelsus-5","status":"publish","type":"product","link":"https:\/\/pharmacy-content.com\/?product=rybelsus-5&lang=es","title":{"rendered":"Rybelsus"},"content":{"rendered":"<p>\u00bfFunciona igual que las inyecciones?( Ozempic y Wegovy)?<\/p>\n<p>En resumen, s\u00ed. Al igual que la inyecci\u00f3n semanal, imita una hormona natural que ya se encuentra en el cuerpo (GLP-1). Funciona de tres formas clave para reducir el apetito.<\/p>\n<p>1) Bloquea una hormona clave del hambre que le dice a tu cerebro que tienes hambre, al mismo tiempo que ayuda a reducir la resistencia a la leptina (una hormona que puede ayudar a compensar el aumento de peso al aumentar la saciedad, tambi\u00e9n conocida como plenitud, y acelera tu metabolismo para ayudar a regular los niveles). de tejido graso en su cuerpo). Esto tambi\u00e9n ayuda a evitar que el peso vuelva a subir cuando dejas el jab.<\/p>\n<p>2) Ralentiza el proceso de vaciado g\u00e1strico, lo que significa que tu cuerpo tarda m\u00e1s en procesar los alimentos y est\u00e1 m\u00e1s lleno por m\u00e1s tiempo. Esto significa que su cuerpo no necesita tanta ingesta como lo normal, ya que procesa los alimentos que tiene.<\/p>\n<p>3) El medicamento ayuda a acelerar el metabolismo y aumentar la quema de grasa al reducir el gluc\u00f3geno y la resistencia a la insulina. Esto promueve niveles normales de glucosa en sangre, el metabolismo hep\u00e1tico de la glucosa y ayuda al tejido adiposo a quemar grasa de un m\u00e9todo seguro y controlado sin causar una ca\u00edda de az\u00facar. Esto evita la necesidad de consumir alimentos azucarados de soluci\u00f3n r\u00e1pida.<\/p>\n<p>\u00bfComo lo uso?<\/p>\n<p>Viene en forma de tableta diaria. Si bien es el mismo medicamento que la inyecci\u00f3n semanal, debe tomarse diariamente ya que nuestro cuerpo act\u00faa mucho m\u00e1s r\u00e1pido al metabolizar los medicamentos orales que las inyecciones.<\/p>\n<p>\u00bfAlg\u00fan efecto secundario?<\/p>\n<p>Como cualquier medicamento nuevo que se introduce en su cuerpo, su cuerpo tendr\u00e1 que adaptarse a \u00e9l. Algunas personas presentan efectos secundarios leves, como dolores de cabeza, n\u00e1useas, sequedad de boca o cansancio. Estos efectos secundarios son generalmente leves y transitorios, lo que significa que desaparecer\u00e1n despu\u00e9s de unos d\u00edas una vez que su cuerpo se haya adaptado.<\/p>\n<p>Algunos clientes no experimentan efectos secundarios, mientras que la mayor\u00eda de nuestros clientes experimentan MENOS efectos secundarios que las inyecciones.<\/p>\n","protected":false},"excerpt":{"rendered":"<p>Rybelsus es una p\u00edldora revolucionaria para perder peso del fabricante que cre\u00f3 los medicamentos inyectables Ozempic y Wegovy. Se ha demostrado que estos medicamentos son eficaces para reducir los niveles de az\u00facar en sangre y pueden ayudarle a perder peso r\u00e1pidamente.<\/p>\n","protected":false},"featured_media":8157,"comment_status":"open","ping_status":"closed","template":"","meta":[],"product_brand":[],"product_cat":[426],"product_tag":[],"class_list":{"0":"post-8185","1":"product","2":"type-product","3":"status-publish","4":"has-post-thumbnail","6":"product_cat-diabetes-es","7":"pa_active_substance-semaglutide","9":"first","10":"instock","11":"shipping-taxable","12":"product-type-variable"},"jetpack_sharing_enabled":true,"_links":{"self":[{"href":"https:\/\/pharmacy-content.com\/index.php?rest_route=\/wp\/v2\/product\/8185","targetHints":{"allow":["GET"]}}],"collection":[{"href":"https:\/\/pharmacy-content.com\/index.php?rest_route=\/wp\/v2\/product"}],"about":[{"href":"https:\/\/pharmacy-content.com\/index.php?rest_route=\/wp\/v2\/types\/product"}],"replies":[{"embeddable":true,"href":"https:\/\/pharmacy-content.com\/index.php?rest_route=%2Fwp%2Fv2%2Fcomments&post=8185"}],"wp:featuredmedia":[{"embeddable":true,"href":"https:\/\/pharmacy-content.com\/index.php?rest_route=\/wp\/v2\/media\/8157"}],"wp:attachment":[{"href":"https:\/\/pharmacy-content.com\/index.php?rest_route=%2Fwp%2Fv2%2Fmedia&parent=8185"}],"wp:term":[{"taxonomy":"product_brand","embeddable":true,"href":"https:\/\/pharmacy-content.com\/index.php?rest_route=%2Fwp%2Fv2%2Fproduct_brand&post=8185"},{"taxonomy":"product_cat","embeddable":true,"href":"https:\/\/pharmacy-content.com\/index.php?rest_route=%2Fwp%2Fv2%2Fproduct_cat&post=8185"},{"taxonomy":"product_tag","embeddable":true,"href":"https:\/\/pharmacy-content.com\/index.php?rest_route=%2Fwp%2Fv2%2Fproduct_tag&post=8185"}],"curies":[{"name":"wp","href":"https:\/\/api.w.org\/{rel}","templated":true}]}}