{"id":8192,"date":"2026-04-22T07:08:38","date_gmt":"2026-04-22T07:08:38","guid":{"rendered":""},"modified":"2026-04-22T07:08:45","modified_gmt":"2026-04-22T07:08:45","slug":"rybelsus-6","status":"publish","type":"product","link":"https:\/\/pharmacy-content.com\/?product=rybelsus-6&lang=pl","title":{"rendered":"Rybelsus"},"content":{"rendered":"<p>Typowe zastosowania<br \/>\nRybelsus mo\u017ce zaoferowa\u0107 wi\u0119cej korzy\u015bci ni\u017c tylko wspomaganie uwalniania insuliny. Pomaga tak\u017ce spowolni\u0107 przep\u0142yw pokarmu przez \u017co\u0142\u0105dek. Aktywne stosowanie leku mo\u017ce pom\u00f3c w zapobieganiu wielu chorobom i schorzeniom zwi\u0105zanym z cukrzyc\u0105 typu 2. Niekt\u00f3re z nich obejmuj\u0105 problemy z nerkami, uszkodzenie nerw\u00f3w i choroby serca.<\/p>\n<p>Terapia z u\u017cyciem Rybelsusa mo\u017ce pom\u00f3c osobom chorym na cukrzyc\u0119 typu 2 opanowa\u0107 chorob\u0119, jednocze\u015bnie poprawiaj\u0105c ich zdrowie w d\u0142u\u017cszej perspektywie. Lek podaje si\u0119 zazwyczaj doustnie, raz dziennie przed posi\u0142kiem.<\/p>\n<p>Dawkowanie i spos\u00f3b u\u017cycia<br \/>\nWiadomo, \u017ce Rybelsus jest najskuteczniejszy, gdy posi\u0142ek zostanie spo\u017cyty co najmniej 30 do 60 minut po za\u017cyciu leku. Aby Rybelsus dzia\u0142a\u0142 prawid\u0142owo i stale, nale\u017cy bezwzgl\u0119dnie przestrzega\u0107 wymaga\u0144 dotycz\u0105cych dawkowania i podawania.<\/p>\n<p>Dawkowanie b\u0119dzie si\u0119 r\u00f3\u017cni\u0107 dla ka\u017cdego pacjenta w zale\u017cno\u015bci od zalece\u0144 lekarza. Og\u00f3lnie rzecz bior\u0105c, Rybelsus jest dost\u0119pny w tabletkach 7 mg lub 14 mg i przyjmuje si\u0119 go raz dziennie.<\/p>\n<p>\u015arodki ostro\u017cno\u015bci<br \/>\nPrzed przepisaniem leku Rybelsus nale\u017cy rozwa\u017cy\u0107 kilka \u015brodk\u00f3w ostro\u017cno\u015bci i om\u00f3wi\u0107 je z lekarzem. Pierwszym krokiem, jaki powiniene\u015b podj\u0105\u0107, jest ujawnienie wszelkich powi\u0105zanych alergii medycznych, kt\u00f3re mo\u017cesz mie\u0107.<\/p>\n<p>Pami\u0119taj, aby ujawni\u0107 r\u00f3wnie\u017c nast\u0119puj\u0105ce informacje:<\/p>\n<p>Leki na recept\u0119 lub bez recepty<br \/>\nWitaminy<br \/>\nProdukty zio\u0142owe<br \/>\nSuplementy<br \/>\nJe\u015bli u pacjenta w przesz\u0142o\u015bci wyst\u0119powa\u0142a retinopatia cukrzycowa, choroba nerek, zapalenie trzustki lub choroba p\u0119cherzyka \u017c\u00f3\u0142ciowego, b\u0119dzie to istotna informacja, kt\u00f3r\u0105 lekarz b\u0119dzie chcia\u0142 pozna\u0107. W przypadku pacjent\u00f3w spodziewaj\u0105cych si\u0119 zbli\u017caj\u0105cej si\u0119 operacji nale\u017cy poinformowa\u0107 o stosowaniu Rybelsusa, poniewa\u017c mo\u017ce on powodowa\u0107 powik\u0142ania.<\/p>\n<p>Zmiany w organizmie, takie jak waga, infekcje, gor\u0105czka, choroby i urazy, mog\u0105 mie\u0107 niekorzystny wp\u0142yw na skuteczno\u015b\u0107 Rybelsusa. Istnieje wiele wybor\u00f3w zwi\u0105zanych ze stylem \u017cycia, kt\u00f3re mog\u0105 prowadzi\u0107 do waha\u0144 poziomu cukru we krwi i mog\u0105 wymaga\u0107 zmiany dawkowania leku. Opr\u00f3cz \u015brodk\u00f3w ostro\u017cno\u015bci niezwykle wa\u017cne jest zrozumienie pe\u0142nego zakresu potencjalnych zagro\u017ce\u0144 dla zdrowia podczas stosowania Rybelsusa.<\/p>\n<p>Sprzeczno\u015bci<br \/>\nIstnieje kilka okoliczno\u015bci, w kt\u00f3rych nale\u017cy unika\u0107 stosowania Rybelsus. Je\u015bli u pacjenta w przesz\u0142o\u015bci wyst\u0119powa\u0142a choroba p\u0119cherzyka \u017c\u00f3\u0142ciowego, rak rdzeniasty tarczycy, zapalenie trzustki lub zesp\u00f3\u0142 mnogiej nowotworu gruczo\u0142u wydzielania wewn\u0119trznego typu 2, nie nale\u017cy podawa\u0107 Rybelsusa.<\/p>\n<p>Mo\u017cliwe dzia\u0142ania niepo\u017c\u0105dane<br \/>\nBior\u0105c pod uwag\u0119, \u017ce ten lek mo\u017ce powodowa\u0107 zmiany poziomu cukru we krwi, kilka ryzyko mo\u017ce wynika\u0107 z tych zmian. Nale\u017cy zauwa\u017cy\u0107, \u017ce ryzyko to nie jest gwarancj\u0105, ale niekt\u00f3rzy pacjenci do\u015bwiadczyli go w przesz\u0142o\u015bci. Niekt\u00f3re dzia\u0142ania niepo\u017c\u0105dane zwi\u0105zane ze stosowaniem Rybelsusa obejmuj\u0105 zmniejszenie apetytu, wymioty, ci\u0105g\u0142e bekanie, zaparcia i b\u00f3le brzucha.<\/p>\n<p>Istnieje mo\u017cliwo\u015b\u0107 wyst\u0105pienia r\u00f3wnie\u017c powa\u017cniejszych dzia\u0142a\u0144 niepo\u017c\u0105danych. Niekt\u00f3re z nich mog\u0105 obejmowa\u0107 zmiany w jako\u015bci widzenia, wysypk\u0119, utrzymuj\u0105cy si\u0119 b\u00f3l brzucha lub plec\u00f3w, zmniejszone oddawanie moczu, trudno\u015bci w oddychaniu, obrz\u0119k st\u00f3p, kostek lub n\u00f3g oraz obrz\u0119k r\u00f3\u017cnych obszar\u00f3w twarzy.<\/p>\n<p>Niezale\u017cnie od nasilenia niekt\u00f3rych dzia\u0142a\u0144 niepo\u017c\u0105danych, nale\u017cy zawsze poinformowa\u0107 lekarza, je\u015bli je zauwa\u017cysz lub poczujesz si\u0119 zaniepokojony. Mo\u017ce to wymaga\u0107 dostosowania dawki lub lekarz mo\u017ce zdecydowa\u0107 o ca\u0142kowitym odstawieniu leku.<\/p>\n<p>Interakcje lek\u00f3w<br \/>\nPrzepisuj\u0105c Rybelsus, chcesz mie\u0107 pewno\u015b\u0107, \u017ce nie b\u0119dziesz przyjmowa\u0107 z nim \u017cadnych innych lek\u00f3w, chyba \u017ce zaznaczono inaczej przez twojego lekarza. Wi\u0119kszo\u015b\u0107 interakcji lek\u00f3w, kt\u00f3rych nale\u017cy unika\u0107, obejmuje leki dost\u0119pne bez recepty.<\/p>\n<p>Niekt\u00f3re przyk\u0142ady to:<\/p>\n<p>Aspiryna i inne leki przeciwb\u00f3lowe<br \/>\nLeki na problemy z zatokami<br \/>\nAlbuterol<br \/>\nLeki na kontrol\u0119 apetytu<br \/>\nLeki na przezi\u0119bienie<br \/>\nPomini\u0119cie dawki<br \/>\nKiedy si\u0119 pojawi przypadkowe pomini\u0119cie dawki w harmonogramie nie stanowi wielkiego problemu. Wa\u017cne jest jednak, aby po prostu pomin\u0105\u0107 dawk\u0119 tego dnia i nast\u0119pnego dnia wr\u00f3ci\u0107 do normalnego harmonogramu. Przede wszystkim pami\u0119taj, aby w \u017cadnym wypadku nie podwaja\u0107 dawki. <\/p>\n<p>Przedawkowanie<br \/>\nHarmonogram przyjmowania Rybelsusa jest stosunkowo prosty, ale nadal istnieje mo\u017cliwo\u015b\u0107 przedawkowania, dlatego nie nale\u017cy lekcewa\u017cy\u0107 tego tematu. W przypadku przedawkowania niezb\u0119dne jest skontaktowanie si\u0119 z infolini\u0105 kontroli zatru\u0107. Aby uzyska\u0107 szybsz\u0105 odpowied\u017a, nie wahaj si\u0119 zadzwoni\u0107 pod numer 911. Rozs\u0105dnie by\u0142oby mie\u0107 przy sobie kogo\u015b przy pierwszym rozpocz\u0119ciu leczenia na wypadek nieoczekiwanych reakcji niepo\u017c\u0105danych.<\/p>\n<p>Przechowywanie<br \/>\nOg\u00f3ln\u0105 zasad\u0105 jest, \u017ce Rybelsus powinien by\u0107 przechowywa\u0107 w oryginalnym pojemniku z zamkiem zabezpieczaj\u0105cym i przechowywa\u0107 w temperaturze pokojowej. B\u0119dziesz tak\u017ce chcia\u0142 trzyma\u0107 go w bezpiecznym miejscu, je\u015bli masz zwierz\u0119ta lub dzieci. Je\u015bli musisz wyrzuci\u0107 lek, nie wyrzucaj go po prostu do kosza ani nie sp\u0142ukuj w toalecie. Aby zapewni\u0107 w\u0142a\u015bciw\u0105 utylizacj\u0119, mo\u017cesz zacz\u0105\u0107 od zapytania lekarza, jak sobie poradzi\u0107 w tej sytuacji.<\/p>\n<p>Zastrze\u017cenie<br \/>\nPodajemy jedynie og\u00f3lne informacje na temat lek\u00f3w, kt\u00f3re nie obejmuj\u0105 wszystkich wskaz\u00f3wek, mo\u017cliwych po\u0142\u0105cze\u0144 lek\u00f3w ani \u015brodk\u00f3w ostro\u017cno\u015bci. Informacje zawarte na stronie nie mog\u0105 by\u0107 wykorzystywane do samodzielnego leczenia i autodiagnozy. Wszelkie szczeg\u00f3\u0142owe instrukcje dla konkretnego pacjenta nale\u017cy uzgodni\u0107 z doradc\u0105 ds. opieki zdrowotnej lub lekarzem prowadz\u0105cym dany przypadek. Zrzekamy si\u0119 wiarygodno\u015bci tych informacji i b\u0142\u0119d\u00f3w, jakie mog\u0105 one zawiera\u0107. Nie ponosimy odpowiedzialno\u015bci za jakiekolwiek bezpo\u015brednie, po\u015brednie, szczeg\u00f3lne lub inne po\u015brednie szkody powsta\u0142e w wyniku wykorzystania informacji zawartych na tej stronie, a tak\u017ce za konsekwencje samoleczenia.<\/p>\n","protected":false},"excerpt":{"rendered":"<p>Rybelsus Generic pomaga regulowa\u0107 poziom cukru we krwi u pacjent\u00f3w z cukrzyc\u0105 typu 2. Chocia\u017c istnieje wiele lek\u00f3w, kt\u00f3re mog\u0105 pom\u00f3c w leczeniu cukrzycy, Rybelsus Generic pomaga trzustce w uwalnianiu odpowiedniej ilo\u015bci insuliny. Jest to szczeg\u00f3lnie przydatne, gdy poziom cukru we krwi jest wysoki i nale\u017cy pami\u0119ta\u0107, \u017ce lek nie jest skuteczny w przypadku cukrzycy typu 1.<\/p>\n","protected":false},"featured_media":8157,"comment_status":"open","ping_status":"closed","template":"","meta":[],"product_brand":[],"product_cat":[429],"product_tag":[],"class_list":{"0":"post-8192","1":"product","2":"type-product","3":"status-publish","4":"has-post-thumbnail","6":"product_cat-cukrzyca-pl","7":"pa_active_substance-semaglutide","9":"first","10":"instock","11":"shipping-taxable","12":"product-type-variable"},"jetpack_sharing_enabled":true,"_links":{"self":[{"href":"https:\/\/pharmacy-content.com\/index.php?rest_route=\/wp\/v2\/product\/8192","targetHints":{"allow":["GET"]}}],"collection":[{"href":"https:\/\/pharmacy-content.com\/index.php?rest_route=\/wp\/v2\/product"}],"about":[{"href":"https:\/\/pharmacy-content.com\/index.php?rest_route=\/wp\/v2\/types\/product"}],"replies":[{"embeddable":true,"href":"https:\/\/pharmacy-content.com\/index.php?rest_route=%2Fwp%2Fv2%2Fcomments&post=8192"}],"wp:featuredmedia":[{"embeddable":true,"href":"https:\/\/pharmacy-content.com\/index.php?rest_route=\/wp\/v2\/media\/8157"}],"wp:attachment":[{"href":"https:\/\/pharmacy-content.com\/index.php?rest_route=%2Fwp%2Fv2%2Fmedia&parent=8192"}],"wp:term":[{"taxonomy":"product_brand","embeddable":true,"href":"https:\/\/pharmacy-content.com\/index.php?rest_route=%2Fwp%2Fv2%2Fproduct_brand&post=8192"},{"taxonomy":"product_cat","embeddable":true,"href":"https:\/\/pharmacy-content.com\/index.php?rest_route=%2Fwp%2Fv2%2Fproduct_cat&post=8192"},{"taxonomy":"product_tag","embeddable":true,"href":"https:\/\/pharmacy-content.com\/index.php?rest_route=%2Fwp%2Fv2%2Fproduct_tag&post=8192"}],"curies":[{"name":"wp","href":"https:\/\/api.w.org\/{rel}","templated":true}]}}