{"id":8199,"date":"2026-04-22T07:08:39","date_gmt":"2026-04-22T07:08:39","guid":{"rendered":""},"modified":"2026-04-22T07:08:45","modified_gmt":"2026-04-22T07:08:45","slug":"rybelsus-7","status":"publish","type":"product","link":"https:\/\/pharmacy-content.com\/?product=rybelsus-7&lang=pt","title":{"rendered":"Rybelsus"},"content":{"rendered":"<p>Usos comuns<br \/>\nRybelsus pode oferecer mais benef\u00edcios do que apenas apoiar a libera\u00e7\u00e3o de insulina. Tamb\u00e9m ajuda a desacelerar o movimento dos alimentos atrav\u00e9s do est\u00f4mago. O uso ativo do medicamento pode ajudar a evitar muitas doen\u00e7as e enfermidades relacionadas ao diabetes tipo 2. Alguns deles incluem problemas renais, danos nos nervos e doen\u00e7as card\u00edacas.<\/p>\n<p>A terapia com Rybelsus pode ajudar os diab\u00e9ticos tipo 2 a controlar a doen\u00e7a e, ao mesmo tempo, melhorar a sa\u00fade a longo prazo. O medicamento geralmente \u00e9 administrado por via oral e tomado uma vez ao dia antes das refei\u00e7\u00f5es.<\/p>\n<p>Dosagem e dire\u00e7\u00e3o<br \/>\nRybelsus \u00e9 conhecido por ser mais eficaz quando uma refei\u00e7\u00e3o \u00e9 consumida pelo menos 30 a 60 minutos ap\u00f3s tomar o medicamento. Para que Rybelsus funcione adequadamente e de forma consistente, os requisitos de dosagem e administra\u00e7\u00e3o devem ser seguidos sem falhas.<\/p>\n<p>A dosagem ir\u00e1 variar para cada paciente com base na recomenda\u00e7\u00e3o do m\u00e9dico. Em geral, Rybelsus est\u00e1 dispon\u00edvel em comprimidos de 7 mg ou 14 mg e \u00e9 tomado uma vez ao dia.<\/p>\n<p>Precau\u00e7\u00f5es<br \/>\nAntes de prescrever Rybelsus, h\u00e1 alguns cuidados que voc\u00ea deve considerar e discutir com seu m\u00e9dico. A primeira etapa que voc\u00ea deve realizar \u00e9 divulgar quaisquer alergias m\u00e9dicas relacionadas que voc\u00ea possa ter.<\/p>\n<p>Certifique-se de divulgar tamb\u00e9m as seguintes informa\u00e7\u00f5es:<\/p>\n<p>Medicamentos prescritos ou n\u00e3o prescritos<br \/>\nVitaminas<br \/>\nProdutos fitoter\u00e1picos<br \/>\nSuplementos<br \/>\nSe voc\u00ea tem hist\u00f3rico de retinopatia diab\u00e9tica, doen\u00e7a renal, pancreatite ou doen\u00e7a da ves\u00edcula biliar, esta ser\u00e1 uma informa\u00e7\u00e3o vital que seu m\u00e9dico desejar\u00e1 saber. Para pacientes que est\u00e3o esperando uma cirurgia futura, o uso do Rybelsus deve ser divulgado, pois pode causar complica\u00e7\u00f5es.<\/p>\n<p>Altera\u00e7\u00f5es corporais como peso, infec\u00e7\u00f5es, febre, doen\u00e7as e les\u00f5es podem causar efeitos adversos na efic\u00e1cia do Rybelsus. Existem muitas op\u00e7\u00f5es de estilo de vida que podem levar a flutua\u00e7\u00f5es nos n\u00edveis de a\u00e7\u00facar no sangue e exigir uma altera\u00e7\u00e3o na dosagem do medicamento. Al\u00e9m das precau\u00e7\u00f5es, \u00e9 vital compreender todos os riscos potenciais \u00e0 sa\u00fade ao tomar Rybelsus.<\/p>\n<p>Contradi\u00e7\u00f5es<br \/>\nExistem algumas circunst\u00e2ncias em que voc\u00ea deve evitar tomar Rybelsus. Se voc\u00ea tem hist\u00f3rico de doen\u00e7a da ves\u00edcula biliar, c\u00e2ncer medular de tireoide, pancreatite ou s\u00edndrome de neoplasia end\u00f3crina m\u00faltipla tipo 2, Rybelsus n\u00e3o deve ser administrado.<\/p>\n<p>Poss\u00edveis efeitos colaterais<br \/>\nConsiderando que este medicamento pode causar altera\u00e7\u00f5es nos n\u00edveis de a\u00e7\u00facar no sangue, alguns riscos podem resultar dessas mudan\u00e7as. Deve-se notar que estes riscos n\u00e3o s\u00e3o uma garantia, mas foram experimentados por alguns pacientes no passado. Alguns efeitos colaterais ao tomar Rybelsus incluem diminui\u00e7\u00e3o do apetite, v\u00f4mitos, arrotos consistentes, pris\u00e3o de ventre e dor abdominal.<\/p>\n<p>Existe a possibilidade de voc\u00ea tamb\u00e9m encontrar efeitos colaterais mais graves. Alguns deles podem incluir altera\u00e7\u00f5es na qualidade da vis\u00e3o, erup\u00e7\u00e3o cut\u00e2nea, dor abdominal ou nas costas cont\u00ednua, diminui\u00e7\u00e3o da mic\u00e7\u00e3o, dificuldade em respirar, incha\u00e7o dos p\u00e9s, tornozelos ou pernas e incha\u00e7o de diferentes \u00e1reas do rosto.<\/p>\n<p>Independentemente do gravidade de certos efeitos secund\u00e1rios, deve sempre informar o seu m\u00e9dico se os notar ou se sentir preocupado. Pode ser necess\u00e1rio um ajuste de sua dosagem, ou seu m\u00e9dico pode decidir suspender totalmente a medica\u00e7\u00e3o.<\/p>\n<p>Intera\u00e7\u00f5es medicamentosas<br \/>\nQuando Rybelsus \u00e9 prescrito, voc\u00ea deseja garantir que n\u00e3o tomar\u00e1 nenhum outro medicamento com ele, a menos que seja indicado o contr\u00e1rio. pelo seu m\u00e9dico. A maioria das intera\u00e7\u00f5es medicamentosas que voc\u00ea deve evitar inclui medicamentos sem receita m\u00e9dica.<\/p>\n<p>Alguns exemplos incluem:<\/p>\n<p>Aspirina e outros analg\u00e9sicos<br \/>\nRem\u00e9dios para problemas de sinusite<br \/>\nAlbuterol<br \/>\nMedicamentos para controle do apetite<br \/>\nRem\u00e9dios para resfriados<br \/>\nDosagem perdida<br \/>\nQuando se trata perder acidentalmente uma dosagem em sua programa\u00e7\u00e3o, isso n\u00e3o \u00e9 grande coisa. No entanto, \u00e9 importante simplesmente pular a dosagem daquele dia e retornar \u00e0 programa\u00e7\u00e3o normal no dia seguinte. Acima de tudo, certifique-se de n\u00e3o duplicar a dose de forma alguma. <\/p>\n<p>Overdose<br \/>\nO esquema de ingest\u00e3o do Rybelsus \u00e9 relativamente simples, mas ainda existe a possibilidade de overdose, e este t\u00f3pico n\u00e3o deve ser considerado levianamente. No caso de ocorrer uma overdose, \u00e9 vital entrar em contato com a linha de apoio ao controle de intoxica\u00e7\u00f5es. Para uma resposta mais r\u00e1pida, n\u00e3o hesite em ligar para o 911. Tamb\u00e9m seria aconselh\u00e1vel ter algu\u00e9m com voc\u00ea ao iniciar o medicamento pela primeira vez, em caso de rea\u00e7\u00f5es adversas inesperadas.<\/p>\n<p>Armazenamento<br \/>\nComo regra geral, Rybelsus deve ser mantido em seu recipiente original com trava de seguran\u00e7a e armazenado em temperatura ambiente. Voc\u00ea tamb\u00e9m deve mant\u00ea-lo em um local seguro se tiver animais de estima\u00e7\u00e3o ou crian\u00e7as. Se precisar descartar o medicamento, n\u00e3o jogue-o simplesmente no lixo ou jogue-o no vaso sanit\u00e1rio. Para o descarte adequado, voc\u00ea pode come\u00e7ar perguntando ao seu m\u00e9dico como lidar com a situa\u00e7\u00e3o.<\/p>\n<p>Isen\u00e7\u00e3o de responsabilidade<br \/>\nFornecemos apenas informa\u00e7\u00f5es gerais sobre medicamentos que n\u00e3o cobrem todas as instru\u00e7\u00f5es, poss\u00edveis integra\u00e7\u00f5es de medicamentos ou precau\u00e7\u00f5es. As informa\u00e7\u00f5es do site n\u00e3o podem ser utilizadas para autotratamento e autodiagn\u00f3stico. Quaisquer instru\u00e7\u00f5es espec\u00edficas para um determinado paciente devem ser acordadas com o seu conselheiro de sa\u00fade ou m\u00e9dico respons\u00e1vel pelo caso. N\u00f3s nos isentamos da confiabilidade dessas informa\u00e7\u00f5es e dos erros que elas possam conter. N\u00e3o nos responsabilizamos por quaisquer danos diretos, indiretos, especiais ou outros danos indiretos resultantes de qualquer uso das informa\u00e7\u00f5es deste site e tamb\u00e9m pelas consequ\u00eancias do autotratamento.<\/p>\n","protected":false},"excerpt":{"rendered":"<p>Rybelsus Generic ajuda a regular o a\u00e7\u00facar no sangue em pacientes com diabetes tipo 2. Embora existam muitos medicamentos que podem ajudar a controlar o diabetes, o Rybelsus Generic ajuda o p\u00e2ncreas a liberar a quantidade certa de insulina. Isto \u00e9 particularmente \u00fatil quando os n\u00edveis de a\u00e7\u00facar no sangue est\u00e3o elevados e \u00e9 importante observar que o medicamento n\u00e3o \u00e9 eficaz para diabetes tipo 1.<\/p>\n","protected":false},"featured_media":8157,"comment_status":"open","ping_status":"closed","template":"","meta":[],"product_brand":[],"product_cat":[432],"product_tag":[],"class_list":{"0":"post-8199","1":"product","2":"type-product","3":"status-publish","4":"has-post-thumbnail","6":"product_cat-diabetes-pt","7":"pa_active_substance-semaglutide","9":"first","10":"instock","11":"shipping-taxable","12":"product-type-variable"},"jetpack_sharing_enabled":true,"_links":{"self":[{"href":"https:\/\/pharmacy-content.com\/index.php?rest_route=\/wp\/v2\/product\/8199","targetHints":{"allow":["GET"]}}],"collection":[{"href":"https:\/\/pharmacy-content.com\/index.php?rest_route=\/wp\/v2\/product"}],"about":[{"href":"https:\/\/pharmacy-content.com\/index.php?rest_route=\/wp\/v2\/types\/product"}],"replies":[{"embeddable":true,"href":"https:\/\/pharmacy-content.com\/index.php?rest_route=%2Fwp%2Fv2%2Fcomments&post=8199"}],"wp:featuredmedia":[{"embeddable":true,"href":"https:\/\/pharmacy-content.com\/index.php?rest_route=\/wp\/v2\/media\/8157"}],"wp:attachment":[{"href":"https:\/\/pharmacy-content.com\/index.php?rest_route=%2Fwp%2Fv2%2Fmedia&parent=8199"}],"wp:term":[{"taxonomy":"product_brand","embeddable":true,"href":"https:\/\/pharmacy-content.com\/index.php?rest_route=%2Fwp%2Fv2%2Fproduct_brand&post=8199"},{"taxonomy":"product_cat","embeddable":true,"href":"https:\/\/pharmacy-content.com\/index.php?rest_route=%2Fwp%2Fv2%2Fproduct_cat&post=8199"},{"taxonomy":"product_tag","embeddable":true,"href":"https:\/\/pharmacy-content.com\/index.php?rest_route=%2Fwp%2Fv2%2Fproduct_tag&post=8199"}],"curies":[{"name":"wp","href":"https:\/\/api.w.org\/{rel}","templated":true}]}}