{"id":8213,"date":"2026-04-22T07:08:42","date_gmt":"2026-04-22T07:08:42","guid":{"rendered":""},"modified":"2026-04-22T07:08:45","modified_gmt":"2026-04-22T07:08:45","slug":"rybelsus-9","status":"publish","type":"product","link":"https:\/\/pharmacy-content.com\/nl\/product\/rybelsus-9\/","title":{"rendered":"Rybelsus"},"content":{"rendered":"<p>Veelvoorkomende toepassingen<br \/>\nRybelsus kan meer voordelen bieden dan alleen het ondersteunen van de afgifte van insuline. Het helpt ook om de beweging van voedsel door de maag te vertragen. Actief gebruik van het medicijn kan veel ziekten en ziekten die verband houden met diabetes type 2 helpen voorkomen. Sommige hiervan omvatten nierproblemen, zenuwbeschadiging en hartziekten.<\/p>\n<p>Therapie met het gebruik van Rybelsus kan type 2-diabetici helpen hun ziekte onder controle te houden en tegelijkertijd hun gezondheid op de lange termijn verbeteren. Het medicijn wordt over het algemeen oraal toegediend en wordt \u00e9\u00e9n keer per dag v\u00f3\u00f3r het eten ingenomen.<\/p>\n<p>Dosering en richting<br \/>\nHet is bekend dat Rybelsus het meest effectief is wanneer een maaltijd minstens 30 tot 60 minuten na inname van het medicijn wordt genuttigd. Om ervoor te zorgen dat Rybelsus op een consistente basis goed werkt, moeten de doserings- en toedieningsvereisten zonder falen worden gevolgd.<\/p>\n<p>De dosering zal voor elke pati\u00ebnt vari\u00ebren, op basis van de aanbeveling van de arts. Over het algemeen is Rybelsus verkrijgbaar in tabletten van 7 mg of 14 mg en wordt eenmaal per dag ingenomen.<\/p>\n<p>Voorzorgsmaatregelen<br \/>\nVoordat u een recept voor Rybelsus gaat opstellen, zijn er nogal wat voorzorgsmaatregelen die u in overweging wilt nemen en die u met uw arts wilt bespreken. De eerste stap die u moet nemen, is het melden van eventuele gerelateerde medische allergie\u00ebn.<\/p>\n<p>Zorg ervoor dat u ook de volgende informatie openbaar maakt:<\/p>\n<p>Geneesmiddelen op recept of zonder recept<br \/>\nVitaminen<br \/>\nKruidenproducten<br \/>\nSupplementen<br \/>\nAls u een voorgeschiedenis heeft van diabetische retinopathie, nierziekte, pancreatitis of galblaasziekte, is dit essenti\u00eble informatie die uw arts graag wil weten. Voor pati\u00ebnten die een aanstaande operatie verwachten, moet het gebruik van Rybelsus worden bekendgemaakt, omdat dit complicaties kan veroorzaken.<\/p>\n<p>Lichaamsveranderingen zoals gewicht, infecties, koorts, ziektes en verwondingen kunnen nadelige gevolgen hebben voor de effectiviteit van Rybelsus. Er zijn veel levensstijlkeuzes die kunnen leiden tot schommelingen in de bloedsuikerspiegel en die mogelijk een verandering in de dosering van de medicatie vereisen. Naast de voorzorgsmaatregelen is het van cruciaal belang dat u de volledige omvang van de potenti\u00eble gezondheidsrisico&#8217;s begrijpt wanneer u Rybelsus gebruikt.<\/p>\n<p>Tegenstrijdigheden<br \/>\nEr zijn een paar omstandigheden waarin u het gebruik van Rybelsus moet vermijden. Als u een voorgeschiedenis heeft van galblaasaandoeningen, medullaire schildklierkanker, pancreatitis of meervoudig endocriene neoplasiesyndroom type 2, mag Rybelsus niet worden toegediend.<\/p>\n<p>Mogelijke bijwerkingen<br \/>\nAangezien dit medicijn veranderingen in de bloedsuikerspiegel kan veroorzaken, zijn er enkele Uit deze veranderingen kunnen risico&#8217;s voortkomen. Opgemerkt moet worden dat deze risico&#8217;s geen garantie vormen, maar dat ze in het verleden door sommige pati\u00ebnten zijn ondervonden. Enkele bijwerkingen bij het gebruik van Rybelsus zijn onder meer een verminderde eetlust, braken, aanhoudend boeren, obstipatie en buikpijn.<\/p>\n<p>Het is mogelijk dat u ook ernstiger bijwerkingen krijgt. Sommige hiervan kunnen veranderingen in de kwaliteit van het gezichtsvermogen, huiduitslag, aanhoudende buik- of rugpijn, minder plassen, moeite met ademhalen, zwelling van voeten, enkels of benen en zwelling van verschillende delen van het gezicht omvatten.<\/p>\n<p>Ongeacht de oorzaak. ernst van bepaalde bijwerkingen, dient u altijd uw arts te informeren als u deze opmerkt of als u zich zorgen maakt. Het kan een aanpassing van uw dosering vereisen, of uw arts kan besluiten om de medicatie helemaal stop te zetten.<\/p>\n<p>Geneesmiddelinteracties<br \/>\nWanneer u Rybelsus voorgeschreven krijgt, wilt u er zeker van zijn dat u er geen andere medicatie mee inneemt, tenzij anders aangegeven door uw arts. De meeste interacties tussen geneesmiddelen die u moet vermijden, zijn medicijnen zonder recept.<\/p>\n<p>Enkele voorbeelden hiervan zijn:<\/p>\n<p>Aspirine en andere pijnstillers<br \/>\nMedicijnen voor sinusproblemen<br \/>\nAlbuterol<br \/>\nMedicijnen om de eetlust onder controle te houden<br \/>\nMedicijnen tegen verkoudheid<br \/>\nGemiste dosering<br \/>\nAls het zover is Als u per ongeluk een dosering in uw schema mist, is dit niet zo erg. Het is echter belangrijk om de dosering voor die dag gewoon over te slaan en de volgende dag weer uw normale schema te volgen. Zorg er bovenal voor dat u op geen enkele manier een dubbele dosis gebruikt. <\/p>\n<p>Overdosis<br \/>\nHet innameschema voor Rybelsus is relatief eenvoudig, maar er bestaat nog steeds de mogelijkheid van een overdosis, en dit onderwerp mag niet lichtvaardig worden opgevat. In het geval dat er een overdosis optreedt, is het van cruciaal belang dat u de hulplijn voor gifbestrijding inschakelt. Voor een snellere reactie kunt u 911 bellen. Het is ook verstandig om iemand bij u te hebben als u voor het eerst met de medicatie begint, voor het geval er zich onverwachte bijwerkingen voordoen.<\/p>\n<p>Bewaar<br \/>\nAls vuistregel geldt dat Rybelsus dat moet doen. bewaard in de originele veiligheidsslotcontainer en bewaard bij kamertemperatuur. U zult het ook op een veilige plaats willen bewaren als u huisdieren of kinderen heeft. Als u het medicijn moet weggooien, gooi het dan niet alleen in de prullenbak of spoel het niet door het toilet. Voor een juiste verwijdering kunt u beginnen door uw arts te vragen hoe u met de situatie om moet gaan.<\/p>\n<p>Disclaimer<br \/>\nWij bieden alleen algemene informatie over medicijnen die niet alle richtingen bestrijken, mogelijke medicijnintegraties of voorzorgsmaatregelen. Informatie op de site kan niet worden gebruikt voor zelfbehandeling en zelfdiagnose. Eventuele specifieke instructies voor een bepaalde pati\u00ebnt moeten worden overeengekomen met uw gezondheidszorgadviseur of de met de zaak belaste arts. Wij wijzen de betrouwbaarheid van deze informatie en fouten die deze zou kunnen bevatten af. Wij zijn niet verantwoordelijk voor enige directe, indirecte, bijzondere of andere indirecte schade als gevolg van enig gebruik van de informatie op deze site en ook voor de gevolgen van zelfbehandeling.<\/p>\n","protected":false},"excerpt":{"rendered":"<p>Rybelsus Generic de bloedsuikerspiegel te reguleren bij pati\u00ebnten met type 2-diabetes. Hoewel er veel medicijnen zijn die kunnen helpen diabetes onder controle te houden, helpt Rybelsus Generic de alvleesklier bij het vrijgeven van de juiste hoeveelheid insuline. Dit is vooral handig als de bloedsuikerspiegel hoog is, en het is belangrijk op te merken dat het medicijn niet effectief is bij type 1-diabetes.<\/p>\n","protected":false},"featured_media":8157,"comment_status":"open","ping_status":"closed","template":"","meta":[],"product_brand":[],"product_cat":[438],"product_tag":[],"class_list":{"0":"post-8213","1":"product","2":"type-product","3":"status-publish","4":"has-post-thumbnail","6":"product_cat-diabetes-nl","7":"pa_active_substance-semaglutide","9":"first","10":"instock","11":"shipping-taxable","12":"product-type-variable"},"jetpack_sharing_enabled":true,"_links":{"self":[{"href":"https:\/\/pharmacy-content.com\/wp-json\/wp\/v2\/product\/8213","targetHints":{"allow":["GET"]}}],"collection":[{"href":"https:\/\/pharmacy-content.com\/wp-json\/wp\/v2\/product"}],"about":[{"href":"https:\/\/pharmacy-content.com\/wp-json\/wp\/v2\/types\/product"}],"replies":[{"embeddable":true,"href":"https:\/\/pharmacy-content.com\/wp-json\/wp\/v2\/comments?post=8213"}],"wp:featuredmedia":[{"embeddable":true,"href":"https:\/\/pharmacy-content.com\/wp-json\/wp\/v2\/media\/8157"}],"wp:attachment":[{"href":"https:\/\/pharmacy-content.com\/wp-json\/wp\/v2\/media?parent=8213"}],"wp:term":[{"taxonomy":"product_brand","embeddable":true,"href":"https:\/\/pharmacy-content.com\/wp-json\/wp\/v2\/product_brand?post=8213"},{"taxonomy":"product_cat","embeddable":true,"href":"https:\/\/pharmacy-content.com\/wp-json\/wp\/v2\/product_cat?post=8213"},{"taxonomy":"product_tag","embeddable":true,"href":"https:\/\/pharmacy-content.com\/wp-json\/wp\/v2\/product_tag?post=8213"}],"curies":[{"name":"wp","href":"https:\/\/api.w.org\/{rel}","templated":true}]}}