{"id":8220,"date":"2026-04-22T07:08:43","date_gmt":"2026-04-22T07:08:43","guid":{"rendered":""},"modified":"2026-04-22T07:08:45","modified_gmt":"2026-04-22T07:08:45","slug":"rybelsus-10","status":"publish","type":"product","link":"https:\/\/pharmacy-content.com\/?product=rybelsus-10&lang=cs","title":{"rendered":"Rybelsus"},"content":{"rendered":"<p>B\u011b\u017en\u00e1 pou\u017eit\u00ed<br \/>\nRybelsus m\u016f\u017ee nab\u00eddnout v\u00edce v\u00fdhod ne\u017e jen podporu uvol\u0148ov\u00e1n\u00ed inzul\u00ednu. Pom\u00e1h\u00e1 tak\u00e9 zpomalit pohyb potravy \u017ealudkem. Aktivn\u00ed u\u017e\u00edv\u00e1n\u00ed l\u00e9k\u016f m\u016f\u017ee pomoci odvr\u00e1tit mnoho nemoc\u00ed a onemocn\u011bn\u00ed souvisej\u00edc\u00edch s diabetem 2. typu. N\u011bkter\u00e9 z nich zahrnuj\u00ed probl\u00e9my s ledvinami, po\u0161kozen\u00ed nerv\u016f a srde\u010dn\u00ed onemocn\u011bn\u00ed.<\/p>\n<p>Terapie s pou\u017eit\u00edm Rybelsus m\u016f\u017ee pomoci diabetik\u016fm 2. typu zvl\u00e1dnout jejich onemocn\u011bn\u00ed a z\u00e1rove\u0148 zlep\u0161it jejich zdrav\u00ed v dlouhodob\u00e9m horizontu. L\u00e9k se obecn\u011b pod\u00e1v\u00e1 peror\u00e1ln\u011b a u\u017e\u00edv\u00e1 se jednou denn\u011b p\u0159ed j\u00eddlem.<\/p>\n<p>D\u00e1vkov\u00e1n\u00ed a zp\u016fsob pou\u017eit\u00ed<br \/>\nJe zn\u00e1mo, \u017ee Rybelsus je nej\u00fa\u010dinn\u011bj\u0161\u00ed, kdy\u017e se j\u00eddlo zkonzumuje alespo\u0148 30 a\u017e 60 minut po u\u017eit\u00ed l\u00e9ku. Aby Rybelsus spr\u00e1vn\u011b a konzistentn\u011b fungoval, je t\u0159eba bezpodm\u00edne\u010dn\u011b dodr\u017eovat po\u017eadavky na d\u00e1vkov\u00e1n\u00ed a pod\u00e1v\u00e1n\u00ed.<\/p>\n<p>D\u00e1vkov\u00e1n\u00ed se bude u ka\u017ed\u00e9ho pacienta li\u0161it na z\u00e1klad\u011b doporu\u010den\u00ed l\u00e9ka\u0159e. Obecn\u011b je Rybelsus dostupn\u00fd v 7mg nebo 14mg tablet\u00e1ch a u\u017e\u00edv\u00e1 se jednou denn\u011b.<\/p>\n<p>Bezpe\u010dnostn\u00ed opat\u0159en\u00ed<br \/>\nNe\u017e se pono\u0159\u00edte do p\u0159edpisu pro Rybelsus, existuje n\u011bkolik opat\u0159en\u00ed, kter\u00e1 byste m\u011bli zv\u00e1\u017eit a prodiskutovat se sv\u00fdm l\u00e9ka\u0159em. Prvn\u00edm krokem, kter\u00fd budete cht\u00edt ud\u011blat, je zve\u0159ejnit v\u0161echny souvisej\u00edc\u00ed zdravotn\u00ed alergie, kter\u00e9 byste mohli m\u00edt.<\/p>\n<p>Ujist\u011bte se tak\u00e9 o n\u00e1sleduj\u00edc\u00edch informac\u00edch:<\/p>\n<p>L\u00e9ky na p\u0159edpis nebo bez p\u0159edpisu<br \/>\nVitam\u00edny<br \/>\nBylinn\u00e9 produkty<br \/>\nDopl\u0148ky<br \/>\nPokud m\u00e1te v anamn\u00e9ze diabetickou retinopatii, onemocn\u011bn\u00ed ledvin, pankreatitidu nebo onemocn\u011bn\u00ed \u017elu\u010dn\u00edku, bude to d\u016fle\u017eit\u00e1 informace, kterou bude cht\u00edt v\u00e1\u0161 l\u00e9ka\u0159 v\u011bd\u011bt. U pacient\u016f, kte\u0159\u00ed o\u010dek\u00e1vaj\u00ed nadch\u00e1zej\u00edc\u00ed operaci, by m\u011blo b\u00fdt pou\u017eit\u00ed Rybelsus ozn\u00e1meno, proto\u017ee by mohlo zp\u016fsobit komplikace.<\/p>\n<p>T\u011blesn\u00e9 zm\u011bny, jako je hmotnost, infekce, hore\u010dka, nemoci a zran\u011bn\u00ed, mohou m\u00edt nep\u0159\u00edzniv\u00e9 \u00fa\u010dinky na \u00fa\u010dinnost Rybelsus. Existuje mnoho mo\u017enost\u00ed \u017eivotn\u00edho stylu, kter\u00e9 mohou v\u00e9st ke kol\u00eds\u00e1n\u00ed hladiny cukru v krvi a mohou vy\u017eadovat zm\u011bnu d\u00e1vkov\u00e1n\u00ed l\u00e9k\u016f. Krom\u011b preventivn\u00edch opat\u0159en\u00ed je d\u016fle\u017eit\u00e9 porozum\u011bt pln\u00e9mu rozsahu potenci\u00e1ln\u00edch zdravotn\u00edch rizik p\u0159i u\u017e\u00edv\u00e1n\u00ed Rybelsus.<\/p>\n<p>Rozpory<br \/>\nExistuje n\u011bkolik okolnost\u00ed, kdy byste se u\u017e\u00edv\u00e1n\u00ed Rybelsus m\u011bli vyvarovat. Pokud m\u00e1te v anamn\u00e9ze onemocn\u011bn\u00ed \u017elu\u010dn\u00edku, medul\u00e1rn\u00ed rakovinu \u0161t\u00edtn\u00e9 \u017el\u00e1zy, pankreatitidu nebo syndrom mnoho\u010detn\u00e9 endokrinn\u00ed neoplazie typu 2, Rybelsus by v\u00e1m nem\u011bl b\u00fdt pod\u00e1v\u00e1n.<\/p>\n<p>Mo\u017en\u00e9 ne\u017e\u00e1douc\u00ed \u00fa\u010dinky<br \/>\nVzhledem k tomu, \u017ee tento l\u00e9k m\u016f\u017ee zp\u016fsobit zm\u011bny hladiny cukru v krvi, n\u011bkolik z t\u011bchto zm\u011bn mohou plynout rizika. Je t\u0159eba poznamenat, \u017ee tato rizika nejsou z\u00e1rukou, ale n\u011bkte\u0159\u00ed pacienti se s nimi v minulosti setkali. N\u011bkter\u00e9 vedlej\u0161\u00ed \u00fa\u010dinky p\u0159i u\u017e\u00edv\u00e1n\u00ed Rybelsus zahrnuj\u00ed sn\u00ed\u017een\u00ed chuti k j\u00eddlu, zvracen\u00ed, neust\u00e1l\u00e9 \u0159\u00edh\u00e1n\u00ed, z\u00e1cpu a bolesti b\u0159icha.<\/p>\n<p>Je mo\u017en\u00e9, \u017ee se m\u016f\u017eete setkat i se z\u00e1va\u017en\u011bj\u0161\u00edmi vedlej\u0161\u00edmi \u00fa\u010dinky. N\u011bkter\u00e9 z nich mohou zahrnovat zm\u011bny kvality vid\u011bn\u00ed, vyr\u00e1\u017eku, p\u0159etrv\u00e1vaj\u00edc\u00ed bolesti b\u0159icha nebo zad, sn\u00ed\u017een\u00ed mo\u010den\u00ed, pot\u00ed\u017ee s d\u00fdch\u00e1n\u00edm, otoky nohou, kotn\u00edk\u016f nebo nohou a otoky r\u016fzn\u00fdch oblast\u00ed obli\u010deje.<\/p>\n<p>Bez ohledu na z\u00e1va\u017enost n\u011bkter\u00fdch ne\u017e\u00e1douc\u00edch \u00fa\u010dink\u016f, m\u011bli byste v\u017edy informovat sv\u00e9ho l\u00e9ka\u0159e, pokud si jich v\u0161imnete nebo se c\u00edt\u00edte znepokojeni. M\u016f\u017ee to vy\u017eadovat \u00fapravu va\u0161\u00ed d\u00e1vky nebo se v\u00e1\u0161 l\u00e9ka\u0159 m\u016f\u017ee rozhodnout, \u017ee v\u00e1m l\u00e9ky \u00fapln\u011b vysad\u00ed.<\/p>\n<p>L\u00e9kov\u00e9 interakce<br \/>\nP\u0159i p\u0159edepisov\u00e1n\u00ed Rybelsusu se chcete ujistit, \u017ee s n\u00edm nebudete u\u017e\u00edvat \u017e\u00e1dn\u00e9 dal\u0161\u00ed l\u00e9ky, pokud nen\u00ed uvedeno jinak va\u0161\u00edm l\u00e9ka\u0159em. V\u011bt\u0161ina l\u00e9kov\u00fdch interakc\u00ed, kter\u00fdm byste se m\u011bli vyhnout, zahrnuje l\u00e9ky bez p\u0159edpisu.<\/p>\n<p>N\u011bkter\u00e9 p\u0159\u00edklady zahrnuj\u00ed:<\/p>\n<p>Aspirin a dal\u0161\u00ed l\u00e9ky proti bolesti<br \/>\nL\u00e9ky na probl\u00e9my s dutinami<br \/>\nAlbuterol<br \/>\nL\u00e9ky na kontrolu chuti k j\u00eddlu<br \/>\nL\u00e9ky na nachlazen\u00ed<br \/>\nZme\u0161kan\u00e9 d\u00e1vkov\u00e1n\u00ed<br \/>\nKdy\u017e to p\u0159ijde Nechcete-li n\u00e1hodou vynechat d\u00e1vku ve va\u0161em pl\u00e1nu, nen\u00ed to p\u0159\u00edli\u0161 velk\u00fd probl\u00e9m. Je v\u0161ak d\u016fle\u017eit\u00e9 d\u00e1vku pro dan\u00fd den jednodu\u0161e vynechat a vr\u00e1tit se k norm\u00e1ln\u00edmu rozvrhu dal\u0161\u00ed den. P\u0159edev\u0161\u00edm se ujist\u011bte, \u017ee v \u017e\u00e1dn\u00e9m p\u0159\u00edpad\u011b nezdvojn\u00e1sobujete d\u00e1vku.<\/p>\n<p>P\u0159ed\u00e1vkov\u00e1n\u00ed<br \/>\nPl\u00e1n pod\u00e1v\u00e1n\u00ed p\u0159\u00edpravku Rybelsus je pom\u011brn\u011b jednoduch\u00fd, ale st\u00e1le existuje mo\u017enost p\u0159ed\u00e1vkov\u00e1n\u00ed a toto t\u00e9ma byste nem\u011bli br\u00e1t na lehkou v\u00e1hu. V p\u0159\u00edpad\u011b, \u017ee dojde k p\u0159ed\u00e1vkov\u00e1n\u00ed, je \u017eivotn\u011b d\u016fle\u017eit\u00e9 kontaktovat linku pomoci pro kontrolu jed\u016f. Pro rychlej\u0161\u00ed reakci nev\u00e1hejte zavolat na linku 911. Bylo by tak\u00e9 moudr\u00e9 m\u00edt n\u011bkoho s sebou p\u0159i prvn\u00edm zah\u00e1jen\u00ed l\u00e9\u010dby pro p\u0159\u00edpad jak\u00fdchkoli neo\u010dek\u00e1van\u00fdch ne\u017e\u00e1douc\u00edch reakc\u00ed.<\/p>\n<p>Skladov\u00e1n\u00ed<br \/>\nZpravidla by Rybelsus m\u011bl b\u00fdt uchov\u00e1vejte v p\u016fvodn\u00ed n\u00e1dob\u011b s bezpe\u010dnostn\u00edm z\u00e1mkem a skladujte p\u0159i pokojov\u00e9 teplot\u011b. Budete ho tak\u00e9 cht\u00edt m\u00edt na bezpe\u010dn\u00e9m m\u00edst\u011b, pokud m\u00e1te n\u011bjak\u00e9 dom\u00e1c\u00ed mazl\u00ed\u010dky nebo d\u011bti. Pokud pot\u0159ebujete l\u00e9ky zlikvidovat, nevyhazujte je pouze do ko\u0161e nebo je nesplachujte do z\u00e1chodu. Pro spr\u00e1vnou likvidaci m\u016f\u017eete za\u010d\u00edt t\u00edm, \u017ee se sv\u00e9ho l\u00e9ka\u0159e zept\u00e1te, jak situaci \u0159e\u0161it.<\/p>\n<p>Z\u0159eknut\u00ed se odpov\u011bdnosti<br \/>\nPoskytujeme pouze obecn\u00e9 informace o l\u00e9c\u00edch, kter\u00e9 nepokr\u00fdvaj\u00ed v\u0161echny pokyny, mo\u017en\u00e1 integrace l\u00e9k\u016f nebo preventivn\u00ed opat\u0159en\u00ed. Informace na m\u00edst\u011b nelze pou\u017e\u00edt pro samol\u00e9\u010dbu a autodiagnostiku. Jak\u00e9koli konkr\u00e9tn\u00ed pokyny pro partikul\u00e1rn\u00ed pacient by m\u011bl b\u00fdt dohodnut se sv\u00fdm zdravotn\u00edm poradcem nebo l\u00e9ka\u0159em, kter\u00fd m\u00e1 na starosti p\u0159\u00edpad. Odm\u00edt\u00e1me spolehlivost t\u011bchto informac\u00ed a chyby, kter\u00e9 by mohly obsahovat. Nejsme zodpov\u011bdn\u00ed za \u017e\u00e1dn\u00e9 p\u0159\u00edm\u00e9, nep\u0159\u00edm\u00e9, zvl\u00e1\u0161tn\u00ed nebo jin\u00e9 nep\u0159\u00edm\u00e9 \u0161kody v d\u016fsledku jak\u00e9hokoli pou\u017eit\u00ed informac\u00ed na t\u011bchto str\u00e1nk\u00e1ch a tak\u00e9 za n\u00e1sledky samol\u00e9\u010dby.<\/p>\n","protected":false},"excerpt":{"rendered":"<p>Rybelsus Generic pom\u00e1h\u00e1 regulovat hladinu cukru v krvi u pacient\u016f s diabetem 2. typu. P\u0159esto\u017ee existuje mnoho l\u00e9k\u016f, kter\u00e9 mohou pomoci zvl\u00e1dnout diabetes, Rybelsus Generic pom\u00e1h\u00e1 slinivce uvol\u0148ovat spr\u00e1vn\u00e9 mno\u017estv\u00ed inzul\u00ednu. To je zvl\u00e1\u0161t\u011b u\u017eite\u010dn\u00e9, kdy\u017e je hladina cukru v krvi vysok\u00e1, a je d\u016fle\u017eit\u00e9 si uv\u011bdomit, \u017ee l\u00e9k nen\u00ed \u00fa\u010dinn\u00fd u diabetu 1.<\/p>\n","protected":false},"featured_media":8157,"comment_status":"open","ping_status":"closed","template":"","meta":[],"product_brand":[],"product_cat":[441],"product_tag":[],"class_list":{"0":"post-8220","1":"product","2":"type-product","3":"status-publish","4":"has-post-thumbnail","6":"product_cat-diabetes-cs","7":"pa_active_substance-semaglutide","9":"first","10":"instock","11":"shipping-taxable","12":"product-type-variable"},"jetpack_sharing_enabled":true,"_links":{"self":[{"href":"https:\/\/pharmacy-content.com\/index.php?rest_route=\/wp\/v2\/product\/8220","targetHints":{"allow":["GET"]}}],"collection":[{"href":"https:\/\/pharmacy-content.com\/index.php?rest_route=\/wp\/v2\/product"}],"about":[{"href":"https:\/\/pharmacy-content.com\/index.php?rest_route=\/wp\/v2\/types\/product"}],"replies":[{"embeddable":true,"href":"https:\/\/pharmacy-content.com\/index.php?rest_route=%2Fwp%2Fv2%2Fcomments&post=8220"}],"wp:featuredmedia":[{"embeddable":true,"href":"https:\/\/pharmacy-content.com\/index.php?rest_route=\/wp\/v2\/media\/8157"}],"wp:attachment":[{"href":"https:\/\/pharmacy-content.com\/index.php?rest_route=%2Fwp%2Fv2%2Fmedia&parent=8220"}],"wp:term":[{"taxonomy":"product_brand","embeddable":true,"href":"https:\/\/pharmacy-content.com\/index.php?rest_route=%2Fwp%2Fv2%2Fproduct_brand&post=8220"},{"taxonomy":"product_cat","embeddable":true,"href":"https:\/\/pharmacy-content.com\/index.php?rest_route=%2Fwp%2Fv2%2Fproduct_cat&post=8220"},{"taxonomy":"product_tag","embeddable":true,"href":"https:\/\/pharmacy-content.com\/index.php?rest_route=%2Fwp%2Fv2%2Fproduct_tag&post=8220"}],"curies":[{"name":"wp","href":"https:\/\/api.w.org\/{rel}","templated":true}]}}