{"id":8246,"date":"2026-04-22T07:08:54","date_gmt":"2026-04-22T07:08:54","guid":{"rendered":""},"modified":"2026-04-22T07:09:02","modified_gmt":"2026-04-22T07:09:02","slug":"bimat-4","status":"publish","type":"product","link":"https:\/\/pharmacy-content.com\/?product=bimat-4&lang=it","title":{"rendered":"Bimat"},"content":{"rendered":"<p>Uso comune<br \/>\nIl principio attivo del collirio Bimat \u00e8 il Bimatoprost. Il tuo occhio contiene un liquido acquoso che serve a nutrire l&#8217;interno dell&#8217;occhio. Costantemente, questo liquido viene drenato dall&#8217;occhio, sostituito da uno fresco. Se il processo di drenaggio non \u00e8 sufficientemente rapido, ci\u00f2 porta ad un aumento della pressione intraoculare. Il bimatoprost agisce riducendo i livelli di fluido e aumentando la quantit\u00e0 di fluido drenato dall&#8217;occhio, con conseguente calo della pressione intraoculare.<br \/>\nDosaggio e direzioni<br \/>\nIl collirio Bimat deve essere applicato una volta al giorno sull&#8217;occhio. Non \u00e8 necessario applicarlo su entrambi gli occhi, ma solo sull&#8217;occhio che necessita di trattamento per un caso diagnosticato di glaucoma o di pressione intraoculare elevata. Il momento preferito per applicare il farmaco \u00e8 la sera. Se i colliri Bimat vengono utilizzati con un altro tipo di medicinale per gli occhi, il tempo da attendere tra i due \u00e8 di quindici minuti. Il modo corretto per applicare il collirio Bimat \u00e8 rimuovere prima le lenti a contatto, quindi spremere alcune gocce nell&#8217;occhio. Dopo aver fatto ci\u00f2, \u00e8 necessario procedere a spargere il liquido su tutto l&#8217;occhio chiudendolo e riaprendolo lentamente.<br \/>\nPrecauzioni<br \/>\nSi consiglia vivamente di parlare con il medico o il farmacista prima di iniziare a prendere questo farmaco. Informa il tuo medico di tutti i tipi di farmaci che stai utilizzando. Se stai usando altri farmaci per gli occhi, assicurati di lasciare un intervallo di quindici minuti tra la somministrazione dei due. Non toccare il contagocce del flacone direttamente con le mani, poich\u00e9 potresti contaminarlo e causare infezioni. Le lenti a contatto rendono difficile la somministrazione del farmaco e possono interferire con i suoi effetti, poich\u00e9 potrebbero assorbire il farmaco. Se hai avuto una lesione oculare recente, contatta il tuo medico prima di usare il farmaco. Non utilizzare macchinari pesanti dopo aver usato i colliri Bimat poich\u00e9 potrebbero causare problemi temporanei alla vista.<br \/>\nControindicazioni<br \/>\nSe sei allergico al principio attivo contenuto nei colliri Bimat, non usare questo farmaco. Possibili sintomi di una reazione allergica sono difficolt\u00e0 di respirazione, difficolt\u00e0 di deglutizione, gonfiore, oppressione al torace, eruzioni cutanee. Segui sempre le istruzioni fornite dal medico o dal farmacista per ottenere i migliori risultati. Non perdere una dose. Informi il medico se soffre di altre malattie come malattie renali o cardiache o se \u00e8 incinta o sta cercando di rimanere incinta.<br \/>\nPossibili effetti collaterali<br \/>\nAlcuni degli effetti collaterali pi\u00f9 comuni di questo farmaco sono per lo pi\u00f9 innocui e possono includere irritazione gli occhi, sensazione di bruciore, arrossamento, bruciore, prurito, lacrimazione e talvolta scolorimento dell&#8217;iride. Altri effetti collaterali, pi\u00f9 gravi, includono mal di testa, fotosensibilit\u00e0, fotofobia, secchezza oculare, visione offuscata e palpebre gonfie.<br \/>\nInterazione farmacologica<br \/>\nNon usare il collirio Bimat se stai gi\u00e0 utilizzando uno o pi\u00f9 dei seguenti farmaci: latanoprost oftalmico, bimatoprost topico o se stai utilizzando altri farmaci che contengono i principi attivi Latisse o Xalatan. Inoltre, se soffri di uveite, malattia renale o epatica, edema maculare, non utilizzare questo farmaco.<br \/>\nDose saltata<br \/>\n\u00c8 preferibile rispettare il programma prescritto dal medico, ma nel caso in cui si dimentica una dose, continua ad usarlo come fai normalmente; non raddoppiare la dose.<br \/>\nSovradosaggio<br \/>\nI sintomi di sovradosaggio possono includere sensibilit\u00e0 alla luce e occhi rosa. In tal caso, consultare immediatamente un medico.<br \/>\nConservazione<br \/>\nTenere lontano dal calore. Conservarlo in un luogo buio, evitando calore e umidit\u00e0. Tenerlo lontano dalla portata dei bambini.<br \/>\nDisclaimer<br \/>\nForniamo solo informazioni generali sui farmaci, che non coprono tutte le indicazioni, possibili interazioni farmacologiche o precauzioni. Le informazioni presenti sul sito non possono essere utilizzate per l&#8217;autotrattamento e l&#8217;autodiagnosi. Eventuali istruzioni specifiche per un particolare paziente devono essere concordate con il proprio consulente sanitario o medico responsabile del caso. Decliniamo l&#8217;affidabilit\u00e0 di queste informazioni e di eventuali errori che potrebbero contenere. Non siamo responsabili per eventuali danni diretti, indiretti, speciali o altri danni indiretti derivanti dall&#8217;uso delle informazioni contenute in questo sito e anche per le conseguenze dell&#8217;autotrattamento.<\/p>\n","protected":false},"excerpt":{"rendered":"<p>Bimat si usa per il glaucoma, l\u2019ipertensione oculare, l\u2019ipotricosi delle ciglia e altre condizioni.<\/p>\n","protected":false},"featured_media":8228,"comment_status":"open","ping_status":"closed","template":"","meta":[],"product_brand":[],"product_cat":[453],"product_tag":[],"class_list":{"0":"post-8246","1":"product","2":"type-product","3":"status-publish","4":"has-post-thumbnail","6":"product_cat-collirio-it","7":"pa_active_substance-bimatoprost","9":"first","10":"instock","11":"shipping-taxable","12":"product-type-variable"},"jetpack_sharing_enabled":true,"_links":{"self":[{"href":"https:\/\/pharmacy-content.com\/index.php?rest_route=\/wp\/v2\/product\/8246","targetHints":{"allow":["GET"]}}],"collection":[{"href":"https:\/\/pharmacy-content.com\/index.php?rest_route=\/wp\/v2\/product"}],"about":[{"href":"https:\/\/pharmacy-content.com\/index.php?rest_route=\/wp\/v2\/types\/product"}],"replies":[{"embeddable":true,"href":"https:\/\/pharmacy-content.com\/index.php?rest_route=%2Fwp%2Fv2%2Fcomments&post=8246"}],"wp:featuredmedia":[{"embeddable":true,"href":"https:\/\/pharmacy-content.com\/index.php?rest_route=\/wp\/v2\/media\/8228"}],"wp:attachment":[{"href":"https:\/\/pharmacy-content.com\/index.php?rest_route=%2Fwp%2Fv2%2Fmedia&parent=8246"}],"wp:term":[{"taxonomy":"product_brand","embeddable":true,"href":"https:\/\/pharmacy-content.com\/index.php?rest_route=%2Fwp%2Fv2%2Fproduct_brand&post=8246"},{"taxonomy":"product_cat","embeddable":true,"href":"https:\/\/pharmacy-content.com\/index.php?rest_route=%2Fwp%2Fv2%2Fproduct_cat&post=8246"},{"taxonomy":"product_tag","embeddable":true,"href":"https:\/\/pharmacy-content.com\/index.php?rest_route=%2Fwp%2Fv2%2Fproduct_tag&post=8246"}],"curies":[{"name":"wp","href":"https:\/\/api.w.org\/{rel}","templated":true}]}}