{"id":8270,"date":"2026-04-22T07:08:58","date_gmt":"2026-04-22T07:08:58","guid":{"rendered":""},"modified":"2026-04-22T07:09:02","modified_gmt":"2026-04-22T07:09:02","slug":"bimat-8","status":"publish","type":"product","link":"https:\/\/pharmacy-content.com\/sv\/product\/bimat-8\/","title":{"rendered":"Bimat"},"content":{"rendered":"<p>Vanlig anv\u00e4ndning<br \/>\nDen aktiva ingrediensen i Bimat \u00f6gondroppar \u00e4r Bimatoprost. Ditt \u00f6ga inneh\u00e5ller en vattnig v\u00e4tska som tj\u00e4nar till att mata det inre av \u00f6gat. Denna v\u00e4tska dr\u00e4neras hela tiden ur \u00f6gat, med en ny som ers\u00e4tter den. Om dr\u00e4neringsprocessen inte \u00e4r tillr\u00e4ckligt snabb leder detta till att det intraokul\u00e4ra trycket stiger. Bimatoprost fungerar genom att s\u00e4nka v\u00e4tskeniv\u00e5erna och h\u00f6ja m\u00e4ngden v\u00e4tska som dr\u00e4neras fr\u00e5n \u00f6gat, vilket resulterar i ett fall i intraokul\u00e4rt tryck.<br \/>\nDosering och riktning<br \/>\nBimat \u00f6gondroppar b\u00f6r appliceras en g\u00e5ng dagligen i \u00f6gat. Du beh\u00f6ver inte applicera det p\u00e5 b\u00e5da \u00f6gonen, bara p\u00e5 \u00f6gat som beh\u00f6ver behandling f\u00f6r ett diagnostiserat fall av glaukom eller h\u00f6gt intraokul\u00e4rt tryck. Den f\u00f6redragna tiden f\u00f6r att applicera l\u00e4kemedlet \u00e4r p\u00e5 kv\u00e4llen. Om Bimat \u00f6gondroppar anv\u00e4nds tillsammans med en annan typ av \u00f6gonmedicin, \u00e4r tiden du b\u00f6r v\u00e4nta mellan de tv\u00e5 femton minuter. Det korrekta s\u00e4ttet att applicera Bimat \u00f6gondroppar \u00e4r genom att f\u00f6rst ta bort dina kontaktlinser och sedan pressa n\u00e5gra droppar i \u00f6gat. N\u00e4r du har gjort detta m\u00e5ste du forts\u00e4tta att sprida v\u00e4tskan \u00f6ver hela \u00f6gat genom att l\u00e5ngsamt st\u00e4nga och \u00f6ppna det igen.<br \/>\nF\u00f6rsiktighets\u00e5tg\u00e4rder<br \/>\nDet rekommenderas starkt att du pratar med din l\u00e4kare eller apotekspersonal innan du b\u00f6rjar ta detta l\u00e4kemedel. Ber\u00e4tta f\u00f6r din l\u00e4kare om alla typer av mediciner som du anv\u00e4nder. Om du anv\u00e4nder andra \u00f6gonmediciner, se till att du l\u00e4mnar ett mellanrum p\u00e5 femton minuter mellan administreringen av de tv\u00e5. R\u00f6r inte droppen p\u00e5 flaskan direkt med h\u00e4nderna, eftersom du kan kontaminera den, vilket kan leda till infektion. Kontaktlinser f\u00f6rsv\u00e5rar administreringen av l\u00e4kemedel och kan st\u00f6ra dess effekter, eftersom de kan absorbera l\u00e4kemedlet. Om du nyligen har haft en \u00f6gonskada, kontakta din l\u00e4kare innan du anv\u00e4nder l\u00e4kemedlet. Anv\u00e4nd inte tunga maskiner efter att ha anv\u00e4nt Bimat \u00f6gondroppar eftersom de kan orsaka tillf\u00e4lligt nedsatt syn.<br \/>\nKontraindikationer<br \/>\nOm du \u00e4r allergisk mot den aktiva substansen i Bimat \u00f6gondroppar, anv\u00e4nd inte detta l\u00e4kemedel. M\u00f6jliga symtom p\u00e5 en allergisk reaktion \u00e4r andningssv\u00e5righeter, sv\u00e5righeter att sv\u00e4lja, svullnad, tryck \u00f6ver br\u00f6stet, hudutslag. F\u00f6lj alltid instruktionerna som din l\u00e4kare eller apotekspersonal ger dig f\u00f6r b\u00e4sta resultat. Missa inte en dos. Tala om f\u00f6r din l\u00e4kare om du lider av andra sjukdomar som njur- eller hj\u00e4rtsjukdom eller om du \u00e4r gravid eller f\u00f6rs\u00f6ker bli gravid.<br \/>\nM\u00f6jliga biverkningar<br \/>\nN\u00e5gra av de vanligaste biverkningarna av detta l\u00e4kemedel \u00e4r oftast ofarliga och kan inkludera irritation i \u00f6gonen, en br\u00e4nnande k\u00e4nsla, rodnad, stickande k\u00e4nsla, kl\u00e5da, rinnande \u00f6gon och ibland missf\u00e4rgning av iris. Andra biverkningar, som \u00e4r allvarligare, inkluderar huvudv\u00e4rk, ljusk\u00e4nslighet, fotofobi, torra \u00f6gon, dimsyn och svullna \u00f6gonlock.<br \/>\nL\u00e4kemedelsinteraktion<br \/>\nAnv\u00e4nd inte Bimat \u00f6gondroppar om du redan anv\u00e4nder ett eller flera av f\u00f6ljande l\u00e4kemedel: latanoprost oftalmisk, bimatoprost topisk, eller om du anv\u00e4nder andra l\u00e4kemedel som inneh\u00e5ller de aktiva ingredienserna Latisse eller Xalatan. Dessutom, om du lider av uveit, njur- eller leversjukdom, makula\u00f6dem, anv\u00e4nd inte detta l\u00e4kemedel.<br \/>\nMissad dos<br \/>\nDet \u00e4r att f\u00f6redra att du h\u00e5ller det schema som din l\u00e4kare har f\u00f6reskrivit, men i h\u00e4ndelse av att du missar en dos, forts\u00e4tt anv\u00e4nda det som du brukar; dubbla inte dosen.<br \/>\n\u00d6verdosering<br \/>\nSymtom p\u00e5 \u00f6verdosering kan inkludera k\u00e4nslighet f\u00f6r ljusa och rosa \u00f6gon. Om s\u00e5 \u00e4r fallet, s\u00f6k omedelbart l\u00e4karv\u00e5rd.<br \/>\nF\u00f6rvaring<br \/>\nF\u00f6rvaras borta fr\u00e5n v\u00e4rme. F\u00f6rvara den p\u00e5 en m\u00f6rk plats, undvik v\u00e4rme och fukt. H\u00e5ll det borta fr\u00e5n barn.<br \/>\nAnsvarsfriskrivning<br \/>\nVi tillhandah\u00e5ller endast allm\u00e4n information om mediciner, som inte t\u00e4cker alla riktningar, m\u00f6jliga l\u00e4kemedelsinteraktioner eller f\u00f6rsiktighets\u00e5tg\u00e4rder. Information p\u00e5 sidan kan inte anv\u00e4ndas f\u00f6r sj\u00e4lvbehandling och sj\u00e4lvdiagnos. Eventuella specifika instruktioner f\u00f6r en viss patient b\u00f6r \u00f6verenskommas med din h\u00e4lsor\u00e5dgivare eller l\u00e4kare som \u00e4r ansvarig f\u00f6r \u00e4rendet. Vi fr\u00e5ns\u00e4ger oss tillf\u00f6rlitligheten av denna information och eventuella misstag den kan inneh\u00e5lla. Vi ansvarar inte f\u00f6r n\u00e5gra direkta, indirekta, speciella eller andra indirekta skador till f\u00f6ljd av n\u00e5gon anv\u00e4ndning av informationen p\u00e5 denna webbplats och \u00e4ven f\u00f6r konsekvenser av egenbehandling.<\/p>\n","protected":false},"excerpt":{"rendered":"<p>Bimat \u00f6gondroppar Generisk anv\u00e4nds av patienter som har diagnostiserats med intraokul\u00e4rt h\u00f6gt tryck, ett tillst\u00e5nd som kan leda till glaukom. Om den inte behandlas kan glaukom leda till blindhet. Genom att minska det intraokul\u00e4ra trycket minskas risken f\u00f6r blindhet i samband med detta tillst\u00e5nd drastiskt.<\/p>\n","protected":false},"featured_media":8228,"comment_status":"open","ping_status":"closed","template":"","meta":[],"product_brand":[],"product_cat":[465],"product_tag":[],"class_list":{"0":"post-8270","1":"product","2":"type-product","3":"status-publish","4":"has-post-thumbnail","6":"product_cat-ogondroppar-sv","7":"pa_active_substance-bimatoprost","9":"first","10":"instock","11":"shipping-taxable","12":"product-type-variable"},"jetpack_sharing_enabled":true,"_links":{"self":[{"href":"https:\/\/pharmacy-content.com\/wp-json\/wp\/v2\/product\/8270","targetHints":{"allow":["GET"]}}],"collection":[{"href":"https:\/\/pharmacy-content.com\/wp-json\/wp\/v2\/product"}],"about":[{"href":"https:\/\/pharmacy-content.com\/wp-json\/wp\/v2\/types\/product"}],"replies":[{"embeddable":true,"href":"https:\/\/pharmacy-content.com\/wp-json\/wp\/v2\/comments?post=8270"}],"wp:featuredmedia":[{"embeddable":true,"href":"https:\/\/pharmacy-content.com\/wp-json\/wp\/v2\/media\/8228"}],"wp:attachment":[{"href":"https:\/\/pharmacy-content.com\/wp-json\/wp\/v2\/media?parent=8270"}],"wp:term":[{"taxonomy":"product_brand","embeddable":true,"href":"https:\/\/pharmacy-content.com\/wp-json\/wp\/v2\/product_brand?post=8270"},{"taxonomy":"product_cat","embeddable":true,"href":"https:\/\/pharmacy-content.com\/wp-json\/wp\/v2\/product_cat?post=8270"},{"taxonomy":"product_tag","embeddable":true,"href":"https:\/\/pharmacy-content.com\/wp-json\/wp\/v2\/product_tag?post=8270"}],"curies":[{"name":"wp","href":"https:\/\/api.w.org\/{rel}","templated":true}]}}