{"id":8282,"date":"2026-04-22T07:09:00","date_gmt":"2026-04-22T07:09:00","guid":{"rendered":""},"modified":"2026-04-22T07:09:02","modified_gmt":"2026-04-22T07:09:02","slug":"bimat-10","status":"publish","type":"product","link":"https:\/\/pharmacy-content.com\/?product=bimat-10&lang=cs","title":{"rendered":"Bimat"},"content":{"rendered":"<p>B\u011b\u017en\u00e9 pou\u017eit\u00ed<br \/>\nHlavn\u00ed slo\u017ekou o\u010dn\u00edch kapek Bimat je bimatoprost. Va\u0161e oko obsahuje vodnatou tekutinu, kter\u00e1 slou\u017e\u00ed k v\u00fd\u017eiv\u011b vnit\u0159n\u00ed \u010d\u00e1sti oka. Tato tekutina je neust\u00e1le odtokov\u00e1na z oka a nahrazov\u00e1na novou. Pokud proces odtoku nen\u00ed dostate\u010dn\u011b rychl\u00fd, vede to ke zv\u00fd\u0161en\u00ed nitroo\u010dn\u00edho tlaku. Bimatoprost p\u016fsob\u00ed tak, \u017ee sni\u017euje hladinu tekutiny a zvy\u0161uje mno\u017estv\u00ed tekutiny, kter\u00e9 je odtokov\u00e1no z oka, co\u017e m\u00e1 za n\u00e1sledek pokles nitroo\u010dn\u00edho tlaku.<br \/>\nD\u00e1vkov\u00e1n\u00ed a pokyny<br \/>\nO\u010dn\u00ed kapky Bimat by m\u011bly b\u00fdt aplikov\u00e1ny jednou denn\u011b do oka. Nen\u00ed nutn\u00e9 aplikovat je do obou o\u010d\u00ed, pouze do oka, kter\u00e9 pot\u0159ebuje l\u00e9\u010dbu pro diagnostikovan\u00fd p\u0159\u00edpad glaukomu nebo vysok\u00e9ho nitroo\u010dn\u00edho tlaku. Preferovan\u00fd \u010das aplikace l\u00e9ku je ve\u010der. Pokud se o\u010dn\u00ed kapky Bimat pou\u017e\u00edvaj\u00ed spolu s jin\u00fdm typem o\u010dn\u00edch l\u00e9k\u016f, m\u011bli byste mezi jejich pod\u00e1n\u00edm po\u010dkat patn\u00e1ct minut. Spr\u00e1vn\u00fd zp\u016fsob aplikace o\u010dn\u00edch kapek Bimat je nejprve vyjmout kontaktn\u00ed \u010do\u010dky, pot\u00e9 nakapat n\u011bkolik kapek do oka. Po aplikaci je pot\u0159eba pomalu zav\u0159\u00edt a znovu otev\u0159\u00edt oko, aby se tekutina rozprost\u0159ela po cel\u00e9m oku.<br \/>\nOpat\u0159en\u00ed<br \/>\nSiln\u011b doporu\u010dujeme, abyste se p\u0159ed za\u010d\u00e1tkem u\u017e\u00edv\u00e1n\u00ed tohoto l\u00e9ku poradili se sv\u00fdm l\u00e9ka\u0159em nebo l\u00e9k\u00e1rn\u00edkem. Informujte sv\u00e9ho l\u00e9ka\u0159e o v\u0161ech typech l\u00e9k\u016f, kter\u00e9 u\u017e\u00edv\u00e1te. Pokud pou\u017e\u00edv\u00e1te jin\u00e9 o\u010dn\u00ed l\u00e9ky, ujist\u011bte se, \u017ee mezi jejich pod\u00e1n\u00edm dodr\u017eujete interval patn\u00e1cti minut. Nedot\u00fdkejte se kap\u00e1tka lahvi\u010dky p\u0159\u00edmo rukama, abyste je nezne\u010distili, co\u017e m\u016f\u017ee v\u00e9st k infekci. Kontaktn\u00ed \u010do\u010dky zt\u011b\u017euj\u00ed pod\u00e1v\u00e1n\u00ed l\u00e9ku a mohou naru\u0161it jeho \u00fa\u010dinky, proto\u017ee mohou absorbovat l\u00e9k. Pokud jste m\u011bli ned\u00e1vn\u00e9 poran\u011bn\u00ed oka, kontaktujte sv\u00e9ho l\u00e9ka\u0159e p\u0159ed u\u017eit\u00edm l\u00e9ku. Po pou\u017eit\u00ed o\u010dn\u00edch kapek Bimat neobsluhujte t\u011b\u017ek\u00e9 stroje, proto\u017ee mohou zp\u016fsobit do\u010dasn\u00e9 zhor\u0161en\u00ed vid\u011bn\u00ed.<br \/>\nKontraindikace<br \/>\nPokud jste alergi\u010dt\u00ed na \u00fa\u010dinnou l\u00e1tku v o\u010dn\u00edch kapk\u00e1ch Bimat, tento l\u00e9k nepou\u017e\u00edvejte. Mo\u017en\u00e9 p\u0159\u00edznaky alergick\u00e9 reakce zahrnuj\u00ed pot\u00ed\u017ee s d\u00fdch\u00e1n\u00edm, pot\u00ed\u017ee s polyk\u00e1n\u00edm, otoky, tlak na hrudi, ko\u017en\u00ed vyr\u00e1\u017eky. V\u017edy se \u0159i\u010fte pokyny sv\u00e9ho l\u00e9ka\u0159e nebo l\u00e9k\u00e1rn\u00edka pro dosa\u017een\u00ed nejlep\u0161\u00edch v\u00fdsledk\u016f. Nevynech\u00e1vejte d\u00e1vky. Informujte sv\u00e9ho l\u00e9ka\u0159e, pokud trp\u00edte jin\u00fdmi nemocemi, jako je onemocn\u011bn\u00ed ledvin nebo srdce, nebo pokud jste t\u011bhotn\u00e1 nebo se sna\u017e\u00edte ot\u011bhotn\u011bt.<br \/>\nMo\u017en\u00e9 vedlej\u0161\u00ed \u00fa\u010dinky<br \/>\nN\u011bkter\u00e9 z nejb\u011b\u017en\u011bj\u0161\u00edch vedlej\u0161\u00edch \u00fa\u010dink\u016f tohoto l\u00e9ku jsou v\u011bt\u0161inou ne\u0161kodn\u00e9 a mohou zahrnovat podr\u00e1\u017ed\u011bn\u00ed o\u010d\u00ed, p\u00e1len\u00ed, zarudnut\u00ed, \u0161t\u00edp\u00e1n\u00ed, sv\u011bd\u011bn\u00ed, slzen\u00ed a n\u011bkdy zm\u011bnu barvy duhovky. Dal\u0161\u00ed vedlej\u0161\u00ed \u00fa\u010dinky, kter\u00e9 jsou v\u00e1\u017en\u011bj\u0161\u00ed, zahrnuj\u00ed bolesti hlavy, fotosenzitivitu, fotofobii, such\u00e9 o\u010di, rozmazan\u00e9 vid\u011bn\u00ed a otekl\u00e1 v\u00ed\u010dka.<br \/>\nInterakce s l\u00e9ky<br \/>\nNepou\u017e\u00edvejte o\u010dn\u00ed kapky Bimat, pokud ji\u017e pou\u017e\u00edv\u00e1te jeden nebo v\u00edce z n\u00e1sleduj\u00edc\u00edch l\u00e9k\u016f: latanoprost oftalmick\u00fd, bimatoprost topick\u00fd, nebo pokud pou\u017e\u00edv\u00e1te jin\u00e9 l\u00e9ky obsahuj\u00edc\u00ed \u00fa\u010dinn\u00e9 l\u00e1tky Latisse nebo Xalatan. Pokud trp\u00edte uveitidou, onemocn\u011bn\u00edm ledvin nebo jater, makul\u00e1rn\u00edm ed\u00e9mem, tento l\u00e9k nepou\u017e\u00edvejte.<br \/>\nZme\u0161kan\u00e1 d\u00e1vka<br \/>\nJe preferov\u00e1no, abyste dodr\u017eovali pl\u00e1n p\u0159edepsan\u00fd va\u0161\u00edm l\u00e9ka\u0159em, ale v p\u0159\u00edpad\u011b, \u017ee jste vynechali d\u00e1vku, pokra\u010dujte v jej\u00edm u\u017e\u00edv\u00e1n\u00ed, jak obvykle d\u011bl\u00e1te; nezdvojujte d\u00e1vku.<br \/>\nP\u0159ed\u00e1vkov\u00e1n\u00ed<br \/>\nP\u0159\u00edznaky p\u0159ed\u00e1vkov\u00e1n\u00ed mohou zahrnovat citlivost na sv\u011btlo a r\u016f\u017eov\u00e9 o\u010di. Pokud se tak stane, vyhledejte okam\u017eitou l\u00e9ka\u0159skou pomoc.<br \/>\nSkladov\u00e1n\u00ed<br \/>\nChra\u0148te p\u0159ed teplem. Uchov\u00e1vejte na tmav\u00e9m m\u00edst\u011b, vyhn\u011bte se teplu a vlhkosti. Uchov\u00e1vejte mimo dosah d\u011bt\u00ed.<br \/>\nZ\u0159eknut\u00ed se odpov\u011bdnosti<br \/>\nPoskytujeme pouze obecn\u00e9 informace o l\u00e9c\u00edch, kter\u00e9 nepokr\u00fdvaj\u00ed v\u0161echny pokyny, mo\u017en\u00e9 interakce s l\u00e9ky nebo opat\u0159en\u00ed. Informace na webu nemohou b\u00fdt pou\u017eity pro vlastn\u00ed l\u00e9\u010dbu a sebehodnocen\u00ed. Jak\u00e9koli specifick\u00e9 pokyny pro konkr\u00e9tn\u00edho pacienta by m\u011bly b\u00fdt dohodnuty s va\u0161\u00edm zdravotn\u00edm poradcem nebo l\u00e9ka\u0159em odpov\u011bdn\u00fdm za p\u0159\u00edpad. Z\u0159ek\u00e1me se spolehlivosti t\u011bchto informac\u00ed a jak\u00fdchkoli chyb, kter\u00e9 by mohly obsahovat. Neodpov\u00edd\u00e1me za \u017e\u00e1dn\u00e9 p\u0159\u00edm\u00e9, nep\u0159\u00edm\u00e9, zvl\u00e1\u0161tn\u00ed nebo jin\u00e9 nep\u0159\u00edm\u00e9 \u0161kody v d\u016fsledku jak\u00e9hokoli pou\u017eit\u00ed informac\u00ed na tomto webu a tak\u00e9 za d\u016fsledky samol\u00e9\u010dby.<\/p>\n","protected":false},"excerpt":{"rendered":"<p>O\u010dn\u00ed kapky Bimat Generic pou\u017e\u00edvaj\u00ed pacienti, u kter\u00fdch byl diagnostikov\u00e1n vysok\u00fd nitroo\u010dn\u00ed tlak, co\u017e je stav, kter\u00fd m\u016f\u017ee v\u00e9st ke glaukomu. Pokud se glaukom nel\u00e9\u010d\u00ed, m\u016f\u017ee v\u00e9st ke slepot\u011b. Sn\u00ed\u017een\u00edm nitroo\u010dn\u00edho tlaku se drasticky sn\u00ed\u017e\u00ed riziko slepoty spojen\u00e9 s t\u00edmto stavem.<\/p>\n","protected":false},"featured_media":8228,"comment_status":"open","ping_status":"closed","template":"","meta":[],"product_brand":[],"product_cat":[471],"product_tag":[],"class_list":{"0":"post-8282","1":"product","2":"type-product","3":"status-publish","4":"has-post-thumbnail","6":"product_cat-ocni-kapka-cs","7":"pa_active_substance-bimatoprost","9":"first","10":"instock","11":"shipping-taxable","12":"product-type-variable"},"jetpack_sharing_enabled":true,"_links":{"self":[{"href":"https:\/\/pharmacy-content.com\/index.php?rest_route=\/wp\/v2\/product\/8282","targetHints":{"allow":["GET"]}}],"collection":[{"href":"https:\/\/pharmacy-content.com\/index.php?rest_route=\/wp\/v2\/product"}],"about":[{"href":"https:\/\/pharmacy-content.com\/index.php?rest_route=\/wp\/v2\/types\/product"}],"replies":[{"embeddable":true,"href":"https:\/\/pharmacy-content.com\/index.php?rest_route=%2Fwp%2Fv2%2Fcomments&post=8282"}],"wp:featuredmedia":[{"embeddable":true,"href":"https:\/\/pharmacy-content.com\/index.php?rest_route=\/wp\/v2\/media\/8228"}],"wp:attachment":[{"href":"https:\/\/pharmacy-content.com\/index.php?rest_route=%2Fwp%2Fv2%2Fmedia&parent=8282"}],"wp:term":[{"taxonomy":"product_brand","embeddable":true,"href":"https:\/\/pharmacy-content.com\/index.php?rest_route=%2Fwp%2Fv2%2Fproduct_brand&post=8282"},{"taxonomy":"product_cat","embeddable":true,"href":"https:\/\/pharmacy-content.com\/index.php?rest_route=%2Fwp%2Fv2%2Fproduct_cat&post=8282"},{"taxonomy":"product_tag","embeddable":true,"href":"https:\/\/pharmacy-content.com\/index.php?rest_route=%2Fwp%2Fv2%2Fproduct_tag&post=8282"}],"curies":[{"name":"wp","href":"https:\/\/api.w.org\/{rel}","templated":true}]}}