{"id":8300,"date":"2026-04-22T07:09:08","date_gmt":"2026-04-22T07:09:08","guid":{"rendered":""},"modified":"2026-04-22T07:09:24","modified_gmt":"2026-04-22T07:09:24","slug":"antabuse-disulfiram-2","status":"publish","type":"product","link":"https:\/\/pharmacy-content.com\/de\/product\/antabuse-disulfiram-2\/","title":{"rendered":"Antabuse (disulfiram)"},"content":{"rendered":"<p>Allgemeine Anwendung<br \/>\nAntabus ist ein Medikament zur Behandlung von chronischem Alkoholismus. Es enth\u00e4lt den Wirkstoff Disulfiram-bis(diethylthiocarbamoyl), der die Alkoholdehydrogenase (ADH) blockiert, das Enzym, das am Metabolismus von Ethanol beteiligt ist. Infolgedessen steigt die Konzentration von Acetaldehyd im Blut und verursacht unangenehme Gef\u00fchle wie Hitzewallungen, \u00dcbelkeit, Erbrechen, Tachykardie, Blutdruckabfall usw. Der Konsum alkoholischer Getr\u00e4nke wird w\u00e4hrend der Behandlung mit Antabuse \u00e4u\u00dferst unangenehm.<br \/>\nDosierung und Anwendung<br \/>\nNehmen Sie es mindestens oral ein 12 Stunden nach dem Genuss von Alkohol. Vermeiden Sie w\u00e4hrend der Einnahme von Antabuse den Konsum alkoholischer Getr\u00e4nke in jeglicher Form: Bier, Wein, Aftershave-Lotionen, fl\u00fcssige Medikamente, Mundwasser, K\u00f6lnisch Wasser. Nehmen Sie die Pille mit einem vollen Glas Wasser ein.<br \/>\nVorsichtsma\u00dfnahmen<br \/>\nInformieren Sie Ihren Arzt, wenn bei Ihnen in der Vergangenheit Probleme mit Herz-, Magen- oder Zw\u00f6lffingerdarmgeschw\u00fcren, St\u00f6rungen der Hirndurchblutung und Disulfiram-Psychose aufgetreten sind. Bei der Anwendung von Antabuse bei Patienten \u00fcber 60 Jahren ist Vorsicht geboten.<br \/>\nGegenanzeigen<br \/>\nAntabuse kann nicht bei Patienten mit schweren Erkrankungen des Herz-Kreislauf-Systems, Neuritis des H\u00f6rnervs, Glaukom, Optikusneuritis, Asthma bronchiale, Emphysem und Lungentuberkulose angewendet werden , schwere Leberfunktionsst\u00f6rung, Diabetes, Hyperthyreose, psychische Erkrankungen, akutes Magengeschw\u00fcr, Erkrankungen der Nieren, b\u00f6sartiger Tumor, Polyneuritis, schwangere und stillende Frauen, allergische Reaktionen auf das Medikament.<br \/>\nM\u00f6gliche Nebenwirkungen<br \/>\nZu den h\u00e4ufigsten Nebenwirkungen geh\u00f6ren: Unruhe , Kopfschmerzen, Schl\u00e4frigkeit, Hautausschlag, Akne, Sehst\u00f6rungen, Knoblauch-\u00e4hnlicher Nachgeschmack. Seltenere, aber schwerwiegende Nebenwirkungen k\u00f6nnen auftreten: Kribbeln in H\u00e4nden oder F\u00fc\u00dfen, M\u00fcdigkeit, Schw\u00e4che, starke Bauchschmerzen, Appetitlosigkeit, \u00dcbelkeit, Erbrechen, dunkler Urin, Gelbf\u00e4rbung der Augen oder der Haut. Wenn bei Ihnen schwerwiegende Nebenwirkungen auftreten, diese l\u00e4stig werden und sich verschlimmern, benachrichtigen Sie Ihren Arzt und suchen Sie sofort einen Arzt auf.<br \/>\nArzneimittelwechselwirkung<br \/>\nInformieren Sie Ihren Gesundheitsberater \u00fcber alle Medikamente und pflanzlichen Produkte, die Sie einnehmen, insbesondere \u00fcber trizyklische Antidepressiva wie Imipramin (Tofranil). , Amitriptylin (Elavil), Doxepin (Sinequan), Nortriptylin (Pamelor), Isoniazid (Nydrazid), Phenytoin (Dilantin), Warfarin (Coumadin), Metronidazol (Flagyl), Theophyllin (Theo-Dur), MAO-Hemmer wie Phenelzin (Nardil). ), Isocarboxazid (Marplan) oder Tranylcypromin (Parnate); Benzodiazepine wie Diazepam (Valium), Alprazolam (Xanax), Clorazepat (Tranxene), Temazepam (Restoril), Chlordiazepoxid (Librium), Triazolam (Halcion), Lithium (Lithobid, Eskalith, andere).<br \/>\nVerpasste Dosis<br \/>\nNehmen Sie niemals die doppelte Menge ein Dosis dieses Medikaments. Wenn es fast Zeit f\u00fcr die n\u00e4chste Dosis ist, lassen Sie einfach die vergessene Portion aus und nehmen Sie das Arzneimittel gem\u00e4\u00df dem Zeitplan weiter ein.<br \/>\n\u00dcberdosierung<br \/>\nIm Falle einer Antabuse-\u00dcberdosierung, zu deren Symptomen Koordinationsverlust, \u00dcbelkeit und Erbrechen geh\u00f6ren, ist sofortige \u00e4rztliche Hilfe erforderlich , Schwindel, Taubheitsgef\u00fchl und Kribbeln sowie Krampfanf\u00e4lle.<br \/>\nLagerung<br \/>\nBei einer Raumtemperatur von 15\u201330 \u00b0C (59\u201386 \u00b0F) und vor Feuchtigkeit und Sonnenlicht gesch\u00fctzt lagern. Von Feuchtigkeit fernhalten (Badezimmer).<br \/>\nHaftungsausschluss<br \/>\nWir stellen nur allgemeine Informationen zu Medikamenten zur Verf\u00fcgung, die nicht alle Anweisungen, m\u00f6gliche Wechselwirkungen mit anderen Medikamenten oder Vorsichtsma\u00dfnahmen abdecken. Die Informationen auf der Website k\u00f6nnen nicht zur Selbstbehandlung und Selbstdiagnose verwendet werden. Spezifische Anweisungen f\u00fcr einen bestimmten Patienten sollten mit Ihrem Gesundheitsberater oder dem f\u00fcr den Fall zust\u00e4ndigen Arzt vereinbart werden. Wir lehnen die Zuverl\u00e4ssigkeit dieser Informationen und etwaige darin enthaltene Fehler ab. Wir haften nicht f\u00fcr direkte, indirekte, besondere oder sonstige indirekte Sch\u00e4den, die sich aus der Nutzung der Informationen auf dieser Website ergeben, sowie f\u00fcr die Folgen einer Selbstbehandlung.<\/p>\n","protected":false},"excerpt":{"rendered":"<p>Antabus Generisch wird zur Heilung von chronischem Alkoholismus verschrieben. Es wirkt, indem es den Alkoholstoffwechsel st\u00f6rt.<\/p>\n","protected":false},"featured_media":8289,"comment_status":"open","ping_status":"closed","template":"","meta":[],"product_brand":[],"product_cat":[477],"product_tag":[],"class_list":{"0":"post-8300","1":"product","2":"type-product","3":"status-publish","4":"has-post-thumbnail","6":"product_cat-allgemeine-gesundheit-de","7":"pa_active_substance-disulfiram","9":"first","10":"instock","11":"shipping-taxable","12":"product-type-variable"},"jetpack_sharing_enabled":true,"_links":{"self":[{"href":"https:\/\/pharmacy-content.com\/wp-json\/wp\/v2\/product\/8300","targetHints":{"allow":["GET"]}}],"collection":[{"href":"https:\/\/pharmacy-content.com\/wp-json\/wp\/v2\/product"}],"about":[{"href":"https:\/\/pharmacy-content.com\/wp-json\/wp\/v2\/types\/product"}],"replies":[{"embeddable":true,"href":"https:\/\/pharmacy-content.com\/wp-json\/wp\/v2\/comments?post=8300"}],"wp:featuredmedia":[{"embeddable":true,"href":"https:\/\/pharmacy-content.com\/wp-json\/wp\/v2\/media\/8289"}],"wp:attachment":[{"href":"https:\/\/pharmacy-content.com\/wp-json\/wp\/v2\/media?parent=8300"}],"wp:term":[{"taxonomy":"product_brand","embeddable":true,"href":"https:\/\/pharmacy-content.com\/wp-json\/wp\/v2\/product_brand?post=8300"},{"taxonomy":"product_cat","embeddable":true,"href":"https:\/\/pharmacy-content.com\/wp-json\/wp\/v2\/product_cat?post=8300"},{"taxonomy":"product_tag","embeddable":true,"href":"https:\/\/pharmacy-content.com\/wp-json\/wp\/v2\/product_tag?post=8300"}],"curies":[{"name":"wp","href":"https:\/\/api.w.org\/{rel}","templated":true}]}}