{"id":8366,"date":"2026-04-22T07:09:18","date_gmt":"2026-04-22T07:09:18","guid":{"rendered":""},"modified":"2026-04-22T07:09:25","modified_gmt":"2026-04-22T07:09:25","slug":"antabuse-disulfiram-8","status":"publish","type":"product","link":"https:\/\/pharmacy-content.com\/sv\/product\/antabuse-disulfiram-8\/","title":{"rendered":"Antabuse (disulfiram)"},"content":{"rendered":"<p>Vanligt bruk<br \/>\nAntabus \u00e4r ett l\u00e4kemedel som anv\u00e4nds f\u00f6r att behandla kronisk alkoholism. Den inneh\u00e5ller den aktiva substansen disulfiram bis(dietyltiokarbamoyl), som blockerar alkoholdehydrogenas (ADH), enzymet som \u00e4r involverat i metabolismen av etanol. F\u00f6ljaktligen \u00f6kar blodkoncentrationen av acetaldehyd och orsakar obehagliga k\u00e4nslor som rodnad, illam\u00e5ende, kr\u00e4kningar, takykardi, s\u00e4nkt blodtryck etc. Konsumtion av alkoholhaltiga drycker blir extremt obehaglig under behandling med Antabus.<br \/>\nDosering och riktning<br \/>\nTa det oralt minst 12 timmar efter att du har druckit alkohol. Medan du tar Antabuse, undvik att dricka alkoholhaltiga drycker i n\u00e5gon form: \u00f6l, vin, aftershave lotioner, flytande mediciner, munvatten, cologne. Ta p-piller med ett helt glas vatten.<br \/>\nF\u00f6rsiktighets\u00e5tg\u00e4rder<br \/>\nInformera din l\u00e4kare om du har problem med hj\u00e4rtat, magen eller duodenals\u00e5r, st\u00f6rningar i hj\u00e4rncirkulationen och disulfirampsykos i historien. F\u00f6rsiktighet b\u00f6r iakttas n\u00e4r du anv\u00e4nder Antabus hos patienter \u00f6ver 60 \u00e5r.<br \/>\nKontraindikationer<br \/>\nAntabus kan inte anv\u00e4ndas till patienter med allvarliga sjukdomar i det kardiovaskul\u00e4ra systemet, neurit i h\u00f6rselnerven, glaukom, optikusneurit, bronkial astma, emfysem, lungtuberkulos , gravt nedsatt leverfunktion, diabetes, hypertyreos, psykisk sjukdom, akut mags\u00e5r, njursjukdomar, maligna tum\u00f6rer, polyneurit, gravida och ammande kvinnor, allergiska reaktioner p\u00e5 medicinen.<br \/>\nM\u00f6jliga biverkningar<br \/>\nDe vanligaste biverkningarna inkluderar: rastl\u00f6shet , huvudv\u00e4rk, d\u00e5sighet, hudutslag, akne, synf\u00f6r\u00e4ndringar, vitl\u00f6ksliknande eftersmak. Mer s\u00e4llsynta men allvarliga biverkningar kan f\u00f6rekomma: stickningar i h\u00e4nder eller f\u00f6tter, tr\u00f6tthet, svaghet, starka magsm\u00e4rtor, aptitl\u00f6shet, illam\u00e5ende, kr\u00e4kningar, m\u00f6rk urin, gulf\u00e4rgning av \u00f6gon eller hud. Om du f\u00e5r allvarliga biverkningar blir de besv\u00e4rande och f\u00f6rv\u00e4rras, meddela din l\u00e4kare och s\u00f6k omedelbart l\u00e4karv\u00e5rd.<br \/>\nL\u00e4kemedelsinteraktion<br \/>\nInformera din sjukv\u00e5rdsr\u00e5dgivare om alla mediciner och v\u00e4xtbaserade produkter du tar, s\u00e4rskilt tricykliska antidepressiva medel som imipramin (Tofranil) amitriptylin (Elavil), doxepin (Sinequan), nortriptylin (Pamelor), isoniazid (Nydrazid), fenytoin (Dilantin), warfarin (Coumadin), metronidazol (Flagyl), teofyllin (Theo-Dur), MAO-h\u00e4mmare s\u00e5som fenelzin (Nardilzin) ), isokarboxazid (Marplan) eller tranylcypromin (Parnate); bensodiazepiner som diazepam (Valium), alprazolam (Xanax), klorazepat (Tranxene), temazepam (Restoril), klordiazepoxid (Librium), triazolam (Halcion), litium (Lithobid, Eskalith, andra).<br \/>\nMissad dos<br \/>\nTa aldrig en dubbel dos dos av detta l\u00e4kemedel. Om det n\u00e4stan \u00e4r dags f\u00f6r n\u00e4sta dos \u00e4r det bara att hoppa \u00f6ver den missade portionen och forts\u00e4tta att ta l\u00e4kemedlet enligt schemat.<br \/>\n\u00d6verdosering<br \/>\nOmedelbar medicinsk v\u00e5rd beh\u00f6vs vid \u00f6verdosering av Antabus, vilka symtom inkluderar f\u00f6rlust av koordination, illam\u00e5ende, kr\u00e4kningar , yrsel, domningar och stickningar och kramper.<br \/>\nF\u00f6rvaring<br \/>\nF\u00f6rvaras i rumstemperatur p\u00e5 15-30 C, borta fr\u00e5n fukt och solljus. H\u00e5ll borta fr\u00e5n fukt (badrum).<br \/>\nAnsvarsfriskrivning<br \/>\nVi tillhandah\u00e5ller endast allm\u00e4n information om mediciner, som inte t\u00e4cker alla riktningar, m\u00f6jliga l\u00e4kemedelsinteraktioner eller f\u00f6rsiktighets\u00e5tg\u00e4rder. Information p\u00e5 sidan kan inte anv\u00e4ndas f\u00f6r sj\u00e4lvbehandling och sj\u00e4lvdiagnos. Alla specifika instruktioner f\u00f6r en viss patient b\u00f6r \u00f6verenskommas med din v\u00e5rdr\u00e5dgivare eller l\u00e4kare som \u00e4r ansvarig f\u00f6r \u00e4rendet. Vi fr\u00e5ns\u00e4ger oss tillf\u00f6rlitligheten av denna information och eventuella misstag den kan inneh\u00e5lla. Vi ansvarar inte f\u00f6r n\u00e5gra direkta, indirekta, speciella eller andra indirekta skador till f\u00f6ljd av n\u00e5gon anv\u00e4ndning av informationen p\u00e5 denna webbplats, och \u00e4ven f\u00f6r konsekvenserna av egenbehandling.<\/p>\n","protected":false},"excerpt":{"rendered":"<p>Antabus Generisk ordineras f\u00f6r att l\u00e4ka kronisk alkoholism. Det fungerar genom att st\u00f6ra metabolismen av alkohol.<\/p>\n","protected":false},"featured_media":8289,"comment_status":"open","ping_status":"closed","template":"","meta":[],"product_brand":[],"product_cat":[495],"product_tag":[],"class_list":{"0":"post-8366","1":"product","2":"type-product","3":"status-publish","4":"has-post-thumbnail","6":"product_cat-allman-halsa-sv","7":"pa_active_substance-disulfiram","9":"first","10":"instock","11":"shipping-taxable","12":"product-type-variable"},"jetpack_sharing_enabled":true,"_links":{"self":[{"href":"https:\/\/pharmacy-content.com\/wp-json\/wp\/v2\/product\/8366","targetHints":{"allow":["GET"]}}],"collection":[{"href":"https:\/\/pharmacy-content.com\/wp-json\/wp\/v2\/product"}],"about":[{"href":"https:\/\/pharmacy-content.com\/wp-json\/wp\/v2\/types\/product"}],"replies":[{"embeddable":true,"href":"https:\/\/pharmacy-content.com\/wp-json\/wp\/v2\/comments?post=8366"}],"wp:featuredmedia":[{"embeddable":true,"href":"https:\/\/pharmacy-content.com\/wp-json\/wp\/v2\/media\/8289"}],"wp:attachment":[{"href":"https:\/\/pharmacy-content.com\/wp-json\/wp\/v2\/media?parent=8366"}],"wp:term":[{"taxonomy":"product_brand","embeddable":true,"href":"https:\/\/pharmacy-content.com\/wp-json\/wp\/v2\/product_brand?post=8366"},{"taxonomy":"product_cat","embeddable":true,"href":"https:\/\/pharmacy-content.com\/wp-json\/wp\/v2\/product_cat?post=8366"},{"taxonomy":"product_tag","embeddable":true,"href":"https:\/\/pharmacy-content.com\/wp-json\/wp\/v2\/product_tag?post=8366"}],"curies":[{"name":"wp","href":"https:\/\/api.w.org\/{rel}","templated":true}]}}