{"id":839,"date":"2026-04-22T06:40:37","date_gmt":"2026-04-22T06:40:37","guid":{"rendered":""},"modified":"2026-04-22T06:40:52","modified_gmt":"2026-04-22T06:40:52","slug":"cialis-10","status":"publish","type":"product","link":"https:\/\/pharmacy-content.com\/?product=cialis-10&lang=cs","title":{"rendered":"Cialis"},"content":{"rendered":"<p>B\u011b\u017en\u00e9 pou\u017eit\u00ed<br \/>\nCialis je \u00fa\u010dinn\u00fd, reverzibiln\u00ed, selektivn\u00ed inhibitor fosfodiester\u00e1zy typu 5 (PDE 5), specifick\u00fd pro cyklick\u00fd guanosinmonofosf\u00e1t (cGMP). Kdy\u017e sexu\u00e1ln\u00ed stimulace zp\u016fsob\u00ed m\u00edstn\u00ed uvoln\u011bn\u00ed oxidu dusnat\u00e9ho, inhibice PDE 5 pomoc\u00ed Cialisu vede ke zv\u00fd\u0161en\u00ed hladin cGMP v houbovit\u00e9m t\u011ble penisu. To vede k relaxaci hladk\u00fdch sval\u016f v tepn\u00e1ch a k prokrven\u00ed tk\u00e1n\u00ed penisu, co\u017e zp\u016fsobuje erekce. Cialis nem\u00e1 \u017e\u00e1dn\u00fd \u00fa\u010dinek, kdy\u017e nen\u00ed p\u0159\u00edtomna sexu\u00e1ln\u00ed stimulace. Cialis zlep\u0161uje erekci a umo\u017e\u0148uje \u00fasp\u011b\u0161n\u00fd pohlavn\u00ed styk. L\u00e9k \u00fa\u010dinkuje po dobu 36 hodin. Pokud je p\u0159\u00edtomna sexu\u00e1ln\u00ed vzru\u0161en\u00ed, efekt se dostav\u00ed ji\u017e 16 minut po u\u017eit\u00ed l\u00e9ku.<\/p>\n<p>D\u00e1vkov\u00e1n\u00ed a pokyny<br \/>\nDoporu\u010den\u00e1 d\u00e1vka Cialisu je 20 mg a m\u011bla by b\u00fdt u\u017eita alespo\u0148 16 minut p\u0159ed sexu\u00e1ln\u00ed aktivitou. \u00da\u010dinek p\u0159etrv\u00e1v\u00e1 po dobu 36 hodin. U\u017e\u00edvejte Cialis jednou denn\u011b a nep\u0159ekra\u010dujte doporu\u010denou d\u00e1vku.<\/p>\n<p>Opat\u0159en\u00ed<br \/>\nJe vhodn\u00e9 se vyhnout u\u017e\u00edv\u00e1n\u00ed Cialisu s grapefruitovou \u0161\u0165\u00e1vou, alkoholick\u00fdmi n\u00e1poji a tab\u00e1kem. Pokud kou\u0159\u00edte tab\u00e1k a u\u017e\u00edv\u00e1te Cialis sou\u010dasn\u011b, m\u016f\u017ee to v\u00e9st k stavu zvan\u00e9mu NAION (n\u00e1hl\u00e1 ztr\u00e1ta zraku spojen\u00e1 s optick\u00fdm nervem). Informujte sv\u00e9ho l\u00e9ka\u0159e p\u0159ed u\u017eit\u00edm Cialisu, pokud m\u00e1te abnorm\u00e1ln\u00ed penis, v\u010detn\u011b zak\u0159iven\u00e9ho penisu a vrozen\u00fdch vad penisu, pokud jste m\u011bli onemocn\u011bn\u00ed koron\u00e1rn\u00edch tepen, arytmii, ang\u00ednu, infarkt nebo srde\u010dn\u00ed selh\u00e1n\u00ed, hypo- nebo hypertenzi, krv\u00e1cen\u00ed, \u017ealude\u010dn\u00ed v\u0159edy, diabetes, hyperlipid\u00e9mii (nadbytek lipid\u016f v krvi), srpkovitou an\u00e9mii, nebo pokud jste v minulosti trp\u011bli selh\u00e1n\u00edm jater \u010di ledvin.<\/p>\n<p>Kontraindikace<br \/>\nCialis je kontraindikov\u00e1n u pacient\u016f, kte\u0159\u00ed u\u017e\u00edvaj\u00ed jakoukoli formu organick\u00fdch nitr\u00e1t\u016f, a\u0165 u\u017e pravideln\u011b a\/nebo intermittently, proto\u017ee m\u016f\u017ee zv\u00fd\u0161it hypotenzn\u00ed \u00fa\u010dinek nitr\u00e1t\u016f.<\/p>\n<p>Mo\u017en\u00e9 vedlej\u0161\u00ed \u00fa\u010dinky<br \/>\nNej\u010dast\u011bj\u0161\u00ed vedlej\u0161\u00ed \u00fa\u010dinky Cialisu zahrnuj\u00ed: zarudnut\u00ed obli\u010deje, bolesti hlavy, \u017ealude\u010dn\u00ed pot\u00ed\u017ee, pr\u016fjem, p\u0159\u00edznaky podobn\u00e9 ch\u0159ipce a nevolnost. Ve vz\u00e1cn\u011bj\u0161\u00edch p\u0159\u00edpadech m\u016f\u017ee doj\u00edt k n\u00edzk\u00e9mu krevn\u00edmu tlaku, rozmazan\u00e9mu vid\u011bn\u00ed a zm\u011bn\u00e1m v barevn\u00e9m vid\u011bn\u00ed, a abnorm\u00e1ln\u00ed ejakulaci. Dlouh\u00e9 erekce nebo priapismus (bolestiv\u00e9 erekce trvaj\u00edc\u00ed d\u00e9le ne\u017e 6 hodin) jsou tak\u00e9 mo\u017en\u00e9. Pokud va\u0161e erekce trv\u00e1 d\u00e9le ne\u017e 4 hodiny, okam\u017eit\u011b vyhledejte l\u00e9ka\u0159skou pomoc, proto\u017ee to m\u016f\u017ee trvale po\u0161kodit v\u00e1\u0161 penis. Bylo hl\u00e1\u0161eno zhor\u0161en\u00ed srde\u010dn\u00edch probl\u00e9m\u016f u pacient\u016f se st\u00e1vaj\u00edc\u00edm srde\u010dn\u00edm onemocn\u011bn\u00edm u\u017e\u00edvaj\u00edc\u00edch Cialis.<\/p>\n<p>Interakce s l\u00e9ky<br \/>\nSou\u010dasn\u00e9 u\u017e\u00edv\u00e1n\u00ed l\u00e9k\u016f obsahuj\u00edc\u00edch organick\u00e9 nitr\u00e1t\u016f m\u016f\u017ee zp\u016fsobit z\u00e1va\u017enou hypotenz\u00ed, co\u017e je v n\u011bkter\u00fdch p\u0159\u00edpadech nebezpe\u010dn\u00e9. Vyhn\u011bte se u\u017e\u00edv\u00e1n\u00ed Cialisu s l\u00e9ky jako Erythrityl Tetranitrate, Isosorbide Dinitrate, Isosorbide Mononitrate, Nitroglycerin, Pentaerythritol Tetranitrate. Hladiny a toxicita Cialisu se zvy\u0161uj\u00ed erythromycinem, ketokonazolem (Nizoral), itrakonazolem (Sporanox), indinavirem (Crixivan) a ritonavirem (Norvir). Informujte sv\u00e9ho l\u00e9ka\u0159e, pokud u\u017e\u00edv\u00e1te Atazanavir, Bunazosin, Klarithromycin, Doxazosin, Erythromycin, Indinavir, Itrakonazol, Ketokonazol, Moxisylyte, Nefazodon, Nelfinavir, Fenoxybenzamin, Phentolamin, Prazosin, Saquinavir, Telithromycin, Terazosin, Trimazosin, Urapidil, proto\u017ee va\u0161e d\u00e1vka Cialisu m\u016f\u017ee vy\u017eadovat \u00fapravu.<\/p>\n<p>Vynechan\u00e1 d\u00e1vka<br \/>\nVynechan\u00e1 d\u00e1vka se nep\u0159edpokl\u00e1d\u00e1, pokud je Cialis u\u017e\u00edv\u00e1n k l\u00e9\u010db\u011b erektiln\u00ed dysfunkce, proto\u017ee se pou\u017e\u00edv\u00e1 podle pot\u0159eby.<\/p>\n<p>P\u0159ed\u00e1vkov\u00e1n\u00ed<br \/>\nP\u0159ed\u00e1vkov\u00e1n\u00ed Cialisem zp\u016fsobuje p\u0159\u00edznaky popsan\u00e9 jako vedlej\u0161\u00ed \u00fa\u010dinky. Okam\u017eit\u011b vyhledejte l\u00e9ka\u0159skou pomoc, pokud se domn\u00edv\u00e1te, \u017ee jste u\u017eili p\u0159\u00edli\u0161 mnoho tohoto l\u00e9ku.<\/p>\n<p>Skladov\u00e1n\u00ed<br \/>\nSkladujte p\u0159i pokojov\u00e9 teplot\u011b mimo vlhkost, slune\u010dn\u00ed sv\u011btlo, d\u011bti a dom\u00e1c\u00ed zv\u00ed\u0159ata v uzav\u0159en\u00e9 n\u00e1dob\u011b.<\/p>\n<p>Z\u0159eknut\u00ed se odpov\u011bdnosti<br \/>\nPoskytujeme pouze obecn\u00e9 informace o l\u00e9c\u00edch, kter\u00e9 nepokr\u00fdvaj\u00ed v\u0161echny pokyny, mo\u017en\u00e9 interakce l\u00e9k\u016f nebo opat\u0159en\u00ed. Informace na t\u00e9to str\u00e1nce nelze pou\u017e\u00edt k samol\u00e9\u010db\u011b a sebediagn\u00f3ze. Jak\u00e9koli specifick\u00e9 pokyny pro konkr\u00e9tn\u00edho pacienta by m\u011bly b\u00fdt dohodnuty s va\u0161\u00edm zdravotn\u00edm poradcem nebo l\u00e9ka\u0159em odpov\u011bdn\u00fdm za p\u0159\u00edpad. Z\u0159\u00edk\u00e1me se spolehlivosti t\u011bchto informac\u00ed a jak\u00fdchkoli chyb, kter\u00e9 by mohly obsahovat.<\/p>\n","protected":false},"excerpt":{"rendered":"<p>Cialis se nej\u010dast\u011bji pou\u017e\u00edv\u00e1 k l\u00e9\u010db\u011b erektiln\u00ed dysfunkce a impotence, co\u017e je stav, kdy mu\u017e bojuje s udr\u017een\u00edm erekce nebo se j\u00ed nem\u016f\u017ee dostat v\u016fbec. N\u011bkdy se tak\u00e9 p\u0159edepisuje na zv\u011bt\u0161enou prostatu. Tadalafil je aktivn\u00ed slo\u017ekou Cialisu. Zlep\u0161uje pr\u016ftok krve do penisu, tak\u017ee mu\u017e m\u016f\u017ee dos\u00e1hnout erekce pro sexu\u00e1ln\u00ed aktivitu. V z\u00e1vislosti na tom, jak v\u00e1m l\u00e9ka\u0159 p\u0159edepisuje l\u00e9ky, m\u016f\u017eete je u\u017e\u00edvat podle pot\u0159eby p\u0159ed sexem nebo ka\u017ed\u00fd den. Pokud jej budete u\u017e\u00edvat podle pot\u0159eby, \u00fa\u010dinky mohou trvat a\u017e 36 hodin.<\/p>\n","protected":false},"featured_media":497,"comment_status":"open","ping_status":"closed","template":"","meta":[],"product_brand":[],"product_cat":[141],"product_tag":[],"class_list":{"0":"post-839","1":"product","2":"type-product","3":"status-publish","4":"has-post-thumbnail","6":"product_cat-erektilni-dysfunkce-cs","7":"pa_active_substance-tadalafil","9":"first","10":"instock","11":"shipping-taxable","12":"product-type-simple"},"jetpack_sharing_enabled":true,"_links":{"self":[{"href":"https:\/\/pharmacy-content.com\/index.php?rest_route=\/wp\/v2\/product\/839","targetHints":{"allow":["GET"]}}],"collection":[{"href":"https:\/\/pharmacy-content.com\/index.php?rest_route=\/wp\/v2\/product"}],"about":[{"href":"https:\/\/pharmacy-content.com\/index.php?rest_route=\/wp\/v2\/types\/product"}],"replies":[{"embeddable":true,"href":"https:\/\/pharmacy-content.com\/index.php?rest_route=%2Fwp%2Fv2%2Fcomments&post=839"}],"wp:featuredmedia":[{"embeddable":true,"href":"https:\/\/pharmacy-content.com\/index.php?rest_route=\/wp\/v2\/media\/497"}],"wp:attachment":[{"href":"https:\/\/pharmacy-content.com\/index.php?rest_route=%2Fwp%2Fv2%2Fmedia&parent=839"}],"wp:term":[{"taxonomy":"product_brand","embeddable":true,"href":"https:\/\/pharmacy-content.com\/index.php?rest_route=%2Fwp%2Fv2%2Fproduct_brand&post=839"},{"taxonomy":"product_cat","embeddable":true,"href":"https:\/\/pharmacy-content.com\/index.php?rest_route=%2Fwp%2Fv2%2Fproduct_cat&post=839"},{"taxonomy":"product_tag","embeddable":true,"href":"https:\/\/pharmacy-content.com\/index.php?rest_route=%2Fwp%2Fv2%2Fproduct_tag&post=839"}],"curies":[{"name":"wp","href":"https:\/\/api.w.org\/{rel}","templated":true}]}}