{"id":8406,"date":"2026-04-22T07:09:30","date_gmt":"2026-04-22T07:09:30","guid":{"rendered":""},"modified":"2026-04-22T07:09:40","modified_gmt":"2026-04-22T07:09:40","slug":"vermox-2","status":"publish","type":"product","link":"https:\/\/pharmacy-content.com\/de\/product\/vermox-2\/","title":{"rendered":"Vermox"},"content":{"rendered":"<p>Allgemeine Anwendung<br \/>\nEs wird zur Behandlung von Infektionen eingesetzt, die durch Madenw\u00fcrmer, Peitschenw\u00fcrmer, Hakenw\u00fcrmer und Spulw\u00fcrmer verursacht werden. Seine aktive Komponente, Mebendazol, verhindert das Wachstum oder die Vermehrung von W\u00fcrmern in Ihrem K\u00f6rper.<br \/>\nDosierung und Anwendung<br \/>\nNehmen Sie Vermox genau so ein, wie es Ihnen von Ihrem Arzt verschrieben wurde, mit einem vollen Glas Wasser.<br \/>\nVorsichtsma\u00dfnahmen<br \/>\nBefolgen Sie alle Anweisungen Ihres Arztes bez\u00fcglich Behandlung, Waschen von Bettw\u00e4sche, Kleidung und Handt\u00fcchern, da Madenwurminfektionen leicht von einer Person auf eine andere \u00fcbertragen werden k\u00f6nnen.<br \/>\nKontraindikationen<br \/>\nBesprechen Sie mit Ihrem Arzt alle m\u00f6glichen Beschwerden, bevor Sie mit der Einnahme von Vermox beginnen. Die Einnahme des Arzneimittels wird nicht empfohlen, wenn Sie schwanger sind oder w\u00e4hrend der Behandlung schwanger werden k\u00f6nnten. Es ist nicht bekannt, ob Vermox in die Muttermilch \u00fcbergeht. Nehmen Sie es nicht ohne die Zustimmung Ihres Arztes ein, wenn Sie stillen. Kinder unter 2 Jahren sollten Mebendazol nicht einnehmen.<br \/>\nM\u00f6gliche Nebenwirkung<br \/>\nWenn bei Ihnen allergische Reaktionen wie Nesselsucht, Anschwellen der Lippen, der Zunge, Verschlie\u00dfen des Rachens oder Kurzatmigkeit auftreten, suchen Sie sofort einen Arzt auf.<br \/>\nAuch weniger Es k\u00f6nnen schwerwiegende Nebenwirkungen wie Bauchschmerzen, Durchfall oder Fieber auftreten. Wenn sie bei Ihnen auftreten, setzen Sie die Einnahme von Vermox fort und informieren Sie Ihren Arzt dar\u00fcber.<br \/>\nArzneimittelwechselwirkung<br \/>\nDie Wirkung von Vermox kann durch Arzneimittel gegen Anf\u00e4lle wie Ethotoin (Peganon), Phenytoin (Dilantin), Mephenytoin (Mesantoin) und Carbamazepin abgeschw\u00e4cht werden (Tegretol).<br \/>\nBesprechen Sie dies mit Ihrem Arzt, bevor Sie verschriebene oder rezeptfreie Arzneimittel, einschlie\u00dflich Vitamine, Mineralien und Kr\u00e4uterprodukte, einnehmen.<br \/>\nVerpasste Dosis<br \/>\nWenn Sie eine Dosis vergessen haben, nehmen Sie sie ein, sobald Sie daran denken. Wenn es bald Zeit f\u00fcr die n\u00e4chste Dosis ist, lassen Sie die vergessene Dosis aus und nehmen Sie Ihren gewohnten Einnahmeplan wieder ein. Verdoppeln Sie nicht die Dosis, um den R\u00fcckstand aufzuholen.<br \/>\n\u00dcberdosierung<br \/>\nSymptome einer Vermox-\u00dcberdosis sind Erbrechen, \u00dcbelkeit, Durchfall und Bauchschmerzen. Bei Verdacht auf eine \u00dcberdosierung sofort einen Arzt aufsuchen.<br \/>\nLagerung<br \/>\nBei Raumtemperatur unter 30 \u00b0C (86 \u00b0F) und vor Licht und Feuchtigkeit gesch\u00fctzt lagern. Nicht im Badezimmer aufbewahren. Halten Sie alle Medikamente von Kindern und Haustieren fern.<br \/>\nHaftungsausschluss<br \/>\nWir stellen nur allgemeine Informationen zu Medikamenten zur Verf\u00fcgung, die nicht alle Anweisungen, m\u00f6gliche Wechselwirkungen mit anderen Medikamenten oder Vorsichtsma\u00dfnahmen abdecken. Die Informationen auf der Website k\u00f6nnen nicht zur Selbstbehandlung und Selbstdiagnose verwendet werden. Spezifische Anweisungen f\u00fcr einen bestimmten Patienten sollten mit Ihrem Gesundheitsberater oder dem f\u00fcr den Fall zust\u00e4ndigen Arzt vereinbart werden. Wir lehnen die Zuverl\u00e4ssigkeit dieser Informationen und etwaige darin enthaltene Fehler ab. Wir haften nicht f\u00fcr direkte, indirekte, besondere oder sonstige indirekte Sch\u00e4den, die sich aus der Nutzung der Informationen auf dieser Website ergeben, sowie f\u00fcr die Folgen einer Selbstbehandlung.<\/p>\n","protected":false},"excerpt":{"rendered":"<p>Es wird zur Behandlung von Infektionen eingesetzt, die durch Madenw\u00fcrmer, Peitschenw\u00fcrmer, Hakenw\u00fcrmer und Spulw\u00fcrmer verursacht werden. Generic.<\/p>\n","protected":false},"featured_media":8400,"comment_status":"open","ping_status":"closed","template":"","meta":[],"product_brand":[],"product_cat":[477],"product_tag":[],"class_list":{"0":"post-8406","1":"product","2":"type-product","3":"status-publish","4":"has-post-thumbnail","6":"product_cat-allgemeine-gesundheit-de","7":"pa_active_substance-mebendazole","9":"first","10":"instock","11":"shipping-taxable","12":"product-type-variable"},"jetpack_sharing_enabled":true,"_links":{"self":[{"href":"https:\/\/pharmacy-content.com\/wp-json\/wp\/v2\/product\/8406","targetHints":{"allow":["GET"]}}],"collection":[{"href":"https:\/\/pharmacy-content.com\/wp-json\/wp\/v2\/product"}],"about":[{"href":"https:\/\/pharmacy-content.com\/wp-json\/wp\/v2\/types\/product"}],"replies":[{"embeddable":true,"href":"https:\/\/pharmacy-content.com\/wp-json\/wp\/v2\/comments?post=8406"}],"wp:featuredmedia":[{"embeddable":true,"href":"https:\/\/pharmacy-content.com\/wp-json\/wp\/v2\/media\/8400"}],"wp:attachment":[{"href":"https:\/\/pharmacy-content.com\/wp-json\/wp\/v2\/media?parent=8406"}],"wp:term":[{"taxonomy":"product_brand","embeddable":true,"href":"https:\/\/pharmacy-content.com\/wp-json\/wp\/v2\/product_brand?post=8406"},{"taxonomy":"product_cat","embeddable":true,"href":"https:\/\/pharmacy-content.com\/wp-json\/wp\/v2\/product_cat?post=8406"},{"taxonomy":"product_tag","embeddable":true,"href":"https:\/\/pharmacy-content.com\/wp-json\/wp\/v2\/product_tag?post=8406"}],"curies":[{"name":"wp","href":"https:\/\/api.w.org\/{rel}","templated":true}]}}