{"id":8436,"date":"2026-04-22T07:09:35","date_gmt":"2026-04-22T07:09:35","guid":{"rendered":""},"modified":"2026-04-22T07:09:41","modified_gmt":"2026-04-22T07:09:41","slug":"vermox-7","status":"publish","type":"product","link":"https:\/\/pharmacy-content.com\/?product=vermox-7&lang=pt","title":{"rendered":"Vermox"},"content":{"rendered":"<p>Uso comum<br \/>\n\u00c9 usado no tratamento de infec\u00e7\u00f5es causadas por tra\u00e7a, tricur\u00eddeo, ancilostom\u00edase e lombriga. Seu componente ativo, mebendazol, evita que vermes cres\u00e7am ou se multipliquem em seu corpo.<br \/>\nDosagem e instru\u00e7\u00f5es<br \/>\nTome Vermox exatamente como foi prescrito pelo seu m\u00e9dico com um copo cheio de \u00e1gua.<br \/>\nPrecau\u00e7\u00f5es<br \/>\nSiga todas as instru\u00e7\u00f5es do seu m\u00e9dico sobre tratamento, lavagem de len\u00e7\u00f3is, roupas e toalhas, pois as infec\u00e7\u00f5es por tra\u00e7as s\u00e3o facilmente transmitidas de uma pessoa para outra.<br \/>\nContra-indica\u00e7\u00f5es<br \/>\nDiscuta com seu m\u00e9dico todas as condi\u00e7\u00f5es que voc\u00ea possa ter antes de come\u00e7ar a tomar Vermox. N\u00e3o \u00e9 recomendado tomar o medicamento se estiver gr\u00e1vida ou se puder engravidar durante o tratamento. N\u00e3o se sabe se o Vermox passa para o leite materno. N\u00e3o tome sem a aprova\u00e7\u00e3o do m\u00e9dico se estiver amamentando. Crian\u00e7as menores de 2 anos n\u00e3o devem tomar mebendazol.<br \/>\nPoss\u00edvel efeito colateral<br \/>\nSe tiver rea\u00e7\u00f5es al\u00e9rgicas como urtic\u00e1ria, incha\u00e7o dos l\u00e1bios, l\u00edngua, garganta fechada, falta de ar, procure atendimento m\u00e9dico imediatamente.<br \/>\nAl\u00e9m disso, menos podem ocorrer efeitos colaterais graves, como dor abdominal, diarr\u00e9ia ou febre. Se voc\u00ea os tiver, continue tomando Vermox e informe seu m\u00e9dico sobre eles.<br \/>\nIntera\u00e7\u00e3o medicamentosa<br \/>\nOs efeitos de Vermox podem ser diminu\u00eddos por medicamentos para convuls\u00f5es, como etoto\u00edna (Peganone), fenito\u00edna (Dilantin), mefenito\u00edna (Mesanto\u00edna) e carbamazepina (Tegretol).<br \/>\nDiscuta com seu m\u00e9dico antes de tomar qualquer medicamento prescrito ou de venda livre, incluindo vitaminas, minerais e produtos fitoter\u00e1picos.<br \/>\nDose esquecida<br \/>\nSe voc\u00ea esquecer de uma dose, use-a assim que se lembrar. Se estiver pr\u00f3ximo da hora da pr\u00f3xima dose, pule a dose esquecida e retome o esquema posol\u00f3gico habitual. N\u00e3o duplique a dose para recuperar o atraso.<br \/>\nOverdose<br \/>\nOs sintomas de uma overdose de Vermox s\u00e3o v\u00f4mitos, n\u00e1useas, diarr\u00e9ia e dor abdominal. Procure atendimento m\u00e9dico imediatamente se houver suspeita de overdose.<br \/>\nArmazenamento<br \/>\nArmazene em temperatura ambiente abaixo de 86 graus F (30 graus C), longe da luz e da umidade. N\u00e3o armazene no banheiro. Mantenha todos os medicamentos longe do alcance de crian\u00e7as e animais de estima\u00e7\u00e3o.<br \/>\nIsen\u00e7\u00e3o de responsabilidade<br \/>\nFornecemos apenas informa\u00e7\u00f5es gerais sobre medicamentos, que n\u00e3o cobrem todas as instru\u00e7\u00f5es, poss\u00edveis intera\u00e7\u00f5es medicamentosas ou precau\u00e7\u00f5es. As informa\u00e7\u00f5es do site n\u00e3o podem ser utilizadas para autotratamento e autodiagn\u00f3stico. Quaisquer instru\u00e7\u00f5es espec\u00edficas para um determinado paciente devem ser acordadas com o seu conselheiro de sa\u00fade ou m\u00e9dico respons\u00e1vel pelo caso. N\u00f3s nos isentamos da confiabilidade desta informa\u00e7\u00e3o e de quaisquer erros que ela possa conter. N\u00e3o somos respons\u00e1veis por quaisquer danos diretos, indiretos, especiais ou outros danos indiretos resultantes de qualquer uso das informa\u00e7\u00f5es deste site, e tamb\u00e9m pelas consequ\u00eancias do autotratamento.<\/p>\n","protected":false},"excerpt":{"rendered":"<p>\u00c9 utilizado no tratamento de infec\u00e7\u00f5es causadas por tra\u00e7a, tricur\u00eddeo, ancilostom\u00edase e lombriga. Generic.<\/p>\n","protected":false},"featured_media":8400,"comment_status":"open","ping_status":"closed","template":"","meta":[],"product_brand":[],"product_cat":[492],"product_tag":[],"class_list":{"0":"post-8436","1":"product","2":"type-product","3":"status-publish","4":"has-post-thumbnail","6":"product_cat-saude-geral-pt","7":"pa_active_substance-mebendazole","9":"first","10":"instock","11":"shipping-taxable","12":"product-type-variable"},"jetpack_sharing_enabled":true,"_links":{"self":[{"href":"https:\/\/pharmacy-content.com\/index.php?rest_route=\/wp\/v2\/product\/8436","targetHints":{"allow":["GET"]}}],"collection":[{"href":"https:\/\/pharmacy-content.com\/index.php?rest_route=\/wp\/v2\/product"}],"about":[{"href":"https:\/\/pharmacy-content.com\/index.php?rest_route=\/wp\/v2\/types\/product"}],"replies":[{"embeddable":true,"href":"https:\/\/pharmacy-content.com\/index.php?rest_route=%2Fwp%2Fv2%2Fcomments&post=8436"}],"wp:featuredmedia":[{"embeddable":true,"href":"https:\/\/pharmacy-content.com\/index.php?rest_route=\/wp\/v2\/media\/8400"}],"wp:attachment":[{"href":"https:\/\/pharmacy-content.com\/index.php?rest_route=%2Fwp%2Fv2%2Fmedia&parent=8436"}],"wp:term":[{"taxonomy":"product_brand","embeddable":true,"href":"https:\/\/pharmacy-content.com\/index.php?rest_route=%2Fwp%2Fv2%2Fproduct_brand&post=8436"},{"taxonomy":"product_cat","embeddable":true,"href":"https:\/\/pharmacy-content.com\/index.php?rest_route=%2Fwp%2Fv2%2Fproduct_cat&post=8436"},{"taxonomy":"product_tag","embeddable":true,"href":"https:\/\/pharmacy-content.com\/index.php?rest_route=%2Fwp%2Fv2%2Fproduct_tag&post=8436"}],"curies":[{"name":"wp","href":"https:\/\/api.w.org\/{rel}","templated":true}]}}