{"id":8454,"date":"2026-04-22T07:09:39","date_gmt":"2026-04-22T07:09:39","guid":{"rendered":""},"modified":"2026-04-22T07:09:41","modified_gmt":"2026-04-22T07:09:41","slug":"vermox-10","status":"publish","type":"product","link":"https:\/\/pharmacy-content.com\/cs\/product\/vermox-10\/","title":{"rendered":"Vermox"},"content":{"rendered":"<p>B\u011b\u017en\u00e9 pou\u017eit\u00ed<br \/>\nPou\u017e\u00edv\u00e1 se p\u0159i l\u00e9\u010db\u011b infekc\u00ed zp\u016fsoben\u00fdch \u010dervcem, bi\u010d\u00edkovcem, m\u011bchovcem a \u0161krkavkou. Jeho aktivn\u00ed slo\u017eka, mebendazol, zabra\u0148uje r\u016fstu nebo mno\u017een\u00ed \u010derv\u016f ve va\u0161em t\u011ble.<br \/>\nD\u00e1vkov\u00e1n\u00ed a pokyny<br \/>\nU\u017e\u00edvejte Vermox p\u0159esn\u011b tak, jak v\u00e1m p\u0159edepsal l\u00e9ka\u0159, a zapijte ho plnou sklenic\u00ed vody.<br \/>\nBezpe\u010dnostn\u00ed opat\u0159en\u00ed<br \/>\nDodr\u017eujte v\u0161echny pokyny sv\u00e9ho l\u00e9ka\u0159e t\u00fdkaj\u00edc\u00ed se o\u0161et\u0159en\u00ed, pran\u00ed pr\u00e1dla, od\u011bv\u016f a ru\u010dn\u00edk\u016f, proto\u017ee infekce \u010dervy se snadno \u0161\u00ed\u0159\u00ed z jedn\u00e9 osoby na druhou.<br \/>\nKontraindikace<br \/>\nProdiskutujte se sv\u00fdm l\u00e9ka\u0159em v\u0161echny stavy, kter\u00e9 m\u016f\u017eete m\u00edt, ne\u017e za\u010dnete Vermox u\u017e\u00edvat. Nedoporu\u010duje se u\u017e\u00edvat l\u00e9k, pokud jste t\u011bhotn\u00e1 nebo byste mohla ot\u011bhotn\u011bt b\u011bhem l\u00e9\u010dby. Nen\u00ed zn\u00e1mo, zda Vermox p\u0159ech\u00e1z\u00ed do mate\u0159sk\u00e9ho ml\u00e9ka. Neu\u017e\u00edvejte jej bez souhlasu l\u00e9ka\u0159e, pokud koj\u00edte. D\u011bti mlad\u0161\u00ed ne\u017e 2 roky by mebendazol nem\u011bly u\u017e\u00edvat.<br \/>\nMo\u017en\u00fd vedlej\u0161\u00ed \u00fa\u010dinek<br \/>\nPokud se u v\u00e1s objev\u00ed alergick\u00e9 reakce, jako je kop\u0159ivka, otok rt\u016f, jazyka, uzav\u0159en\u00ed krku, du\u0161nost, okam\u017eit\u011b vyhledejte l\u00e9ka\u0159skou pomoc.<br \/>\nTak\u00e9 m\u00e9n\u011b mohou se objevit z\u00e1va\u017en\u00e9 ne\u017e\u00e1douc\u00ed \u00fa\u010dinky, jako je bolest b\u0159icha, pr\u016fjem nebo hore\u010dka. Pokud se u V\u00e1s objev\u00ed, pokra\u010dujte v u\u017e\u00edv\u00e1n\u00ed Vermoxu a informujte o nich sv\u00e9ho l\u00e9ka\u0159e.<br \/>\nL\u00e9kov\u00e9 interakce<br \/>\n\u00da\u010dinek Vermoxu mohou b\u00fdt sn\u00ed\u017eeny l\u00e9ky na z\u00e1chvaty, jako je etotoin (Peganone), fenytoin (Dilantin), mefenytoin (Mesantoin) a karbamazepin (Tegretol).<br \/>\nProdiskutujte se sv\u00fdm l\u00e9ka\u0159em, ne\u017e za\u010dnete u\u017e\u00edvat jak\u00e9koli l\u00e9ky na p\u0159edpis nebo voln\u011b prodejn\u00e9 l\u00e9ky, v\u010detn\u011b vitam\u00edn\u016f, miner\u00e1l\u016f a rostlinn\u00fdch produkt\u016f.<br \/>\nVynechan\u00e1 d\u00e1vka<br \/>\nPokud vynech\u00e1te d\u00e1vku, pou\u017eijte ji, jakmile si vzpomenete. Pokud se bl\u00ed\u017e\u00ed \u010das na dal\u0161\u00ed d\u00e1vku, vynechejte vynechanou d\u00e1vku a pokra\u010dujte v obvykl\u00e9m d\u00e1vkovac\u00edm sch\u00e9matu. Nezdvojn\u00e1sobujte d\u00e1vku, abyste to dohnali.<br \/>\nP\u0159ed\u00e1vkov\u00e1n\u00ed<br \/>\nP\u0159\u00edznaky p\u0159ed\u00e1vkov\u00e1n\u00ed Vermoxem jsou zvracen\u00ed, nevolnost, pr\u016fjem a bolest b\u0159icha. P\u0159i podez\u0159en\u00ed na p\u0159ed\u00e1vkov\u00e1n\u00ed okam\u017eit\u011b vyhledejte l\u00e9ka\u0159skou pomoc.<br \/>\nSkladujte<br \/>\nSkladujte p\u0159i pokojov\u00e9 teplot\u011b do 30 stup\u0148\u016f C, chra\u0148te p\u0159ed sv\u011btlem a vlhkost\u00ed. Neskladujte v koupeln\u011b. Uchov\u00e1vejte v\u0161echny l\u00e9ky mimo dosah d\u011bt\u00ed a dom\u00e1c\u00edch zv\u00ed\u0159at.<br \/>\nOdm\u00edtnut\u00ed odpov\u011bdnosti<br \/>\nPoskytujeme pouze obecn\u00e9 informace o l\u00e9c\u00edch, kter\u00e9 nepokr\u00fdvaj\u00ed v\u0161echny pokyny, mo\u017en\u00e9 l\u00e9kov\u00e9 interakce nebo preventivn\u00ed opat\u0159en\u00ed. Informace na str\u00e1nce nelze pou\u017e\u00edt pro samol\u00e9\u010dbu a autodiagnostiku. Jak\u00e9koli konkr\u00e9tn\u00ed pokyny pro konkr\u00e9tn\u00edho pacienta by m\u011bly b\u00fdt dohodnuty se sv\u00fdm zdravotnick\u00fdm poradcem nebo l\u00e9ka\u0159em, kter\u00fd m\u00e1 na starosti dan\u00fd p\u0159\u00edpad. Odm\u00edt\u00e1me spolehlivost t\u011bchto informac\u00ed a jak\u00e9koli chyby, kter\u00e9 by mohly obsahovat. Nejsme zodpov\u011bdn\u00ed za \u017e\u00e1dn\u00e9 p\u0159\u00edm\u00e9, nep\u0159\u00edm\u00e9, zvl\u00e1\u0161tn\u00ed nebo jin\u00e9 nep\u0159\u00edm\u00e9 \u0161kody v d\u016fsledku jak\u00e9hokoli pou\u017eit\u00ed informac\u00ed na t\u011bchto str\u00e1nk\u00e1ch a tak\u00e9 za n\u00e1sledky samol\u00e9\u010dby.<\/p>\n","protected":false},"excerpt":{"rendered":"<p>Pou\u017e\u00edv\u00e1 se p\u0159i l\u00e9\u010db\u011b infekc\u00ed zp\u016fsoben\u00fdch \u010dervy, bi\u010d\u00edkovci, m\u011bchovci a \u0161krkavkami. Obecn\u00fd.<\/p>\n","protected":false},"featured_media":8400,"comment_status":"open","ping_status":"closed","template":"","meta":[],"product_brand":[],"product_cat":[501],"product_tag":[],"class_list":{"0":"post-8454","1":"product","2":"type-product","3":"status-publish","4":"has-post-thumbnail","6":"product_cat-vseobecne-zdravi-cs","7":"pa_active_substance-mebendazole","9":"first","10":"instock","11":"shipping-taxable","12":"product-type-variable"},"jetpack_sharing_enabled":true,"_links":{"self":[{"href":"https:\/\/pharmacy-content.com\/wp-json\/wp\/v2\/product\/8454","targetHints":{"allow":["GET"]}}],"collection":[{"href":"https:\/\/pharmacy-content.com\/wp-json\/wp\/v2\/product"}],"about":[{"href":"https:\/\/pharmacy-content.com\/wp-json\/wp\/v2\/types\/product"}],"replies":[{"embeddable":true,"href":"https:\/\/pharmacy-content.com\/wp-json\/wp\/v2\/comments?post=8454"}],"wp:featuredmedia":[{"embeddable":true,"href":"https:\/\/pharmacy-content.com\/wp-json\/wp\/v2\/media\/8400"}],"wp:attachment":[{"href":"https:\/\/pharmacy-content.com\/wp-json\/wp\/v2\/media?parent=8454"}],"wp:term":[{"taxonomy":"product_brand","embeddable":true,"href":"https:\/\/pharmacy-content.com\/wp-json\/wp\/v2\/product_brand?post=8454"},{"taxonomy":"product_cat","embeddable":true,"href":"https:\/\/pharmacy-content.com\/wp-json\/wp\/v2\/product_cat?post=8454"},{"taxonomy":"product_tag","embeddable":true,"href":"https:\/\/pharmacy-content.com\/wp-json\/wp\/v2\/product_tag?post=8454"}],"curies":[{"name":"wp","href":"https:\/\/api.w.org\/{rel}","templated":true}]}}