{"id":8491,"date":"2026-04-22T07:09:49","date_gmt":"2026-04-22T07:09:49","guid":{"rendered":""},"modified":"2026-04-22T07:10:01","modified_gmt":"2026-04-22T07:10:01","slug":"baclofen-4","status":"publish","type":"product","link":"https:\/\/pharmacy-content.com\/?product=baclofen-4&lang=it","title":{"rendered":"Baclofen"},"content":{"rendered":"<p>Uso commune<\/p>\n<p>Baclofen \u00e8 utilizzato per il trattamento spasmo dei muscoli scheletrici, clono muscolare, crampi muscolari, rigidit\u00e0, lesioni del midollo spinale e il dolore causati da patologie come la sclerosi multipla. Baclofen agisce rilassando i muscoli scheletrici, i muscoli che muovono lo scheletro (e chiamato anche muscoli striati).<\/p>\n<p>Dosaggio e direzioni<\/p>\n<p>Prendere Baclofen esattamente come \u00e8 stato prescritto dal medico. Non assumere il farmaco in dosi pi\u00f9 elevate, o prenderlo per molto tempo. Assumere il farmaco per via orale con un sorso d&#8217;acqua. Ingoiarlo. La dose abituale iniziale di Baclofen per gli adulti \u00e8 di 5 mg tre volte al giorno. La dose pu\u00f2 essere aumentata di 15 mg ogni tre giorni ad un massimo di 80 mg \/ die in dosi frazionate.<\/p>\n<p>Precauzioni<\/p>\n<p>Il medico deve sapere che la storia medica, in particolare sulle malattie renali, diabete, convulsioni, ictus, ipersensibilit\u00e0 o allergie al Baclofen, altre medicine, cibo, coloranti o conservanti. Si deve informare il medico se \u00e8 incinta o cercando di rimanere incinta e se si sta allattando. Se si interrompe improvvisamente l&#8217;assunzione del farmaco, si pu\u00f2 sviluppare una grave reazione. La dose verr\u00e0 ridotta gradualmente per evitare effetti collaterali e il medico deve controllare questo processo. Seguite i consigli del proprio medico. Si pu\u00f2 causare sonnolenza o vertigini quando si inizia a prendere le dosi di farmaco o cambiare. Si consiglia di alzarsi o abbassarsi lentamente. Non guidare, usare macchinari o svolgere azioni che potrebbero bisogno della vostra attenzione e pu\u00f2 essere pericoloso. Fermare questo tipo di attivit\u00e0 fino a quando si sa come il farmaco.<\/p>\n<p>Controindicazioni<\/p>\n<p>I pazienti con allergia al Baclofen non dovrebbe prenderlo. Prima di prendere Baclofen, informi il medico circa la vostra allergia a qualsiasi altra droga. Anche se ha una malattia ai reni, epilessia o disturbi convulsivi di altri, o una storia di ictus o di coaguli di sangue, non avrete da discutere con il medico ed \u00e8 possibile che non si prende questo farmaco.<\/p>\n<p>Possibili effetti indesiderati<\/p>\n<p>Ci sono elenco di effetti collaterali che si dovrebbe immediatamente informare il medico curante circa. Esso include le reazioni allergiche come rash cutaneo, prurito o orticaria, gonfiore del viso, labbra e lingua, dolore toracico, stipsi, pressione bassa, allucinazioni, vomito, depressione respiratoria, difficolt\u00e0 a dormire, e aumento della frequenza urinaria o ritenzione urinaria, sequestro. Ci sono anche altro elenco di effetti collaterali che di solito non richiedono attenzione medica, ma si deve informare il medico o sanitario se continuare o sono fastidiosi. Esso comprende confusione.<\/p>\n<p>Interazione tra farmaci<\/p>\n<p>Baclofen pu\u00f2 interagire con i farmaci prossimo e prodotti come l&#8217;alcool, antistaminici, farmaci per depressione, ansia e altre patologie mentali, antidolorifici come la codeina, ossicodone, tramadolo, e propossifene, farmaci per dormire, fenobarbital. L&#8217;uso di Baclofen con altri farmaci possono portare alla riduzione supplementare in funzione del cervello. Ad esempio, l&#8217;uso di Baclofen e antidepressivi triciclici insieme pu\u00f2 causare debolezza muscolare, l&#8217;uso di Baclofen e gli inibitori della monoamino-ossidasi pu\u00f2 provocare una maggiore depressione della funzione del cervello cos\u00ec come la pressione sanguigna bassa.<\/p>\n<p>Dose<\/p>\n<p>Se salta una dose, la prenda il pi\u00f9 presto possibile. Se \u00e8 quasi ora per la dose successiva, prendete solo una dose. Non prendere due o pi\u00f9 dosi.<\/p>\n<p>Overdose<\/p>\n<p>Se si pensa di aver preso troppo di questo medicinale dovete contattare immediatamente un centro antiveleni o di pronto soccorso.<\/p>\n<p>Conservazione<\/p>\n<p>Conservare a temperatura ambiente tra i 15 ei 30 gradi C (gradi F 59 e 86). Tenere il contenitore ermeticamente chiuso e in uscita dei bambini.<\/p>\n<p>Declinazione della responsabilita<\/p>\n<p>Noi forniamo solo informazioni di carattere generale su farmaci che non copre tutte le direzioni, integrazioni farmacologiche, o precauzioni. Informazioni presso il sito non pu\u00f2 essere utilizzato per l&#8217;auto-trattamento e di auto-diagnosi. Eventuali istruzioni specifiche per un particolare paziente deve essere concordato con il proprio consulente sanitario o medico incaricato del caso. Decliniamo l&#8217;affidabilit\u00e0 di queste informazioni e potrebbe contenere errori. Noi non siamo responsabili per qualsiasi danno diretto, indiretto, speciale o altre indiretta, a seguito di qualsiasi utilizzo delle informazioni presenti su questo sito e anche per le conseguenze di auto-trattamento.<\/p>\n","protected":false},"excerpt":{"rendered":"<p>Baclofen si usa per il trattamento sintomatico del clono, dei crampi e della rigidit\u00e0 muscolare, delle lesioni del midollo spinale e del dolore causato da patologie come la sclerosi multipla.<\/p>\n","protected":false},"featured_media":8461,"comment_status":"open","ping_status":"closed","template":"","meta":[],"product_brand":[],"product_cat":[513],"product_tag":[],"class_list":{"0":"post-8491","1":"product","2":"type-product","3":"status-publish","4":"has-post-thumbnail","6":"product_cat-riduzione-del-dolore-it","7":"pa_active_substance-baclofen","9":"first","10":"instock","11":"shipping-taxable","12":"product-type-variable"},"jetpack_sharing_enabled":true,"_links":{"self":[{"href":"https:\/\/pharmacy-content.com\/index.php?rest_route=\/wp\/v2\/product\/8491","targetHints":{"allow":["GET"]}}],"collection":[{"href":"https:\/\/pharmacy-content.com\/index.php?rest_route=\/wp\/v2\/product"}],"about":[{"href":"https:\/\/pharmacy-content.com\/index.php?rest_route=\/wp\/v2\/types\/product"}],"replies":[{"embeddable":true,"href":"https:\/\/pharmacy-content.com\/index.php?rest_route=%2Fwp%2Fv2%2Fcomments&post=8491"}],"wp:featuredmedia":[{"embeddable":true,"href":"https:\/\/pharmacy-content.com\/index.php?rest_route=\/wp\/v2\/media\/8461"}],"wp:attachment":[{"href":"https:\/\/pharmacy-content.com\/index.php?rest_route=%2Fwp%2Fv2%2Fmedia&parent=8491"}],"wp:term":[{"taxonomy":"product_brand","embeddable":true,"href":"https:\/\/pharmacy-content.com\/index.php?rest_route=%2Fwp%2Fv2%2Fproduct_brand&post=8491"},{"taxonomy":"product_cat","embeddable":true,"href":"https:\/\/pharmacy-content.com\/index.php?rest_route=%2Fwp%2Fv2%2Fproduct_cat&post=8491"},{"taxonomy":"product_tag","embeddable":true,"href":"https:\/\/pharmacy-content.com\/index.php?rest_route=%2Fwp%2Fv2%2Fproduct_tag&post=8491"}],"curies":[{"name":"wp","href":"https:\/\/api.w.org\/{rel}","templated":true}]}}