{"id":8501,"date":"2026-04-22T07:09:51","date_gmt":"2026-04-22T07:09:51","guid":{"rendered":""},"modified":"2026-04-22T07:10:01","modified_gmt":"2026-04-22T07:10:01","slug":"baclofen-5","status":"publish","type":"product","link":"https:\/\/pharmacy-content.com\/?product=baclofen-5&lang=es","title":{"rendered":"Baclofen"},"content":{"rendered":"<p>Propiedades<\/p>\n<p>Baclofen es usado para tratar el espasmo de m\u00fasculos esquel\u00e9ticos, m\u00fasculo clonus, obst\u00e1culos de m\u00fasculos, rigidez, herida de m\u00e9dula espinal y dolor causado por des\u00f3rdenes, como la esclerosis m\u00faltiple. Baclofen act\u00faa relajando m\u00fasculos esquel\u00e9ticos, los m\u00fasculos que mueven el esqueleto (y tambi\u00e9n llamado el m\u00fasculo estriado).<\/p>\n<p>Posolog\u00eda y forma de administraci\u00f3n<\/p>\n<p>Tome Baclofen exactamente como ha sido prescrito por su doctor. No tome la medicaci\u00f3n en dosis m\u00e1s grandes, o t\u00f3mela durante el plazo de tiempo m\u00e1s largo. Tome esta medicina por la boca con agua. Tr\u00e1guelo. La dosis inicial habitual de Baclofen para adultos es 5 mg. dados tres veces diariamente. La dosis puede ser aumentada en 15 mg. cada tres d\u00edas a un m\u00e1ximo de 80 mg.\/d\u00eda en dosis divididas.<\/p>\n<p>Precauciones<\/p>\n<p>Su doctor tiene que saber su historial m\u00e9dico, sobre todo sobre enfermedad de ri\u00f1\u00f3n, diabetes, asimientos, golpe, una reacci\u00f3n al\u00e9rgica o extra\u00f1a a Baclofen, otras medicinas, alimentos, tintes, o preservativos. Usted deber\u00eda decirle si usted est\u00e1 embarazada o planea quedar embarazada y si amamanta. Si usted de repente deja de tomar su medicina, a usted puede desarrollarse una reacci\u00f3n severa. La dosis ser\u00e1 despacio bajada con el tiempo para evitar cualquier efecto secundario y su doctor tiene que controlar este proceso. Siga el consejo de su doctor. Usted puede hacerse so\u00f1oliento o mareado cuando usted primero comienza a tomar dosis de cambio o la medicina. Usted deber\u00eda estar de pie o sentarse despacio. No conduzca, no use la maquinaria, o haga algo que pueda necesitar su atenci\u00f3n y pueda ser peligroso. Pare esta clase de la actividad hasta que usted sepa como la medicina le afecta.<\/p>\n<p>Contradicciones<\/p>\n<p>Los pacientes con alergia a Baclofen no deber\u00edan tomarlo. Antes de tomar Baclofen, diga a su doctor sobre su alergia a cualquier otra medicina. Tambi\u00e9n si usted tiene la enfermedad de ri\u00f1\u00f3n; epilepsia u otro desorden de asimiento; o una historia de golpe o co\u00e1gulos de sangre, usted tiene que hablar de ello con su doctor y es posible que usted no tome esta medicina.<\/p>\n<p>Reacciones adversas posibles<\/p>\n<p>Hay lista de efectos secundarios sobre los cuales usted deber\u00eda informar inmediatamente a su doctor o profesional de asistencia m\u00e9dica. La lista incluye reacciones al\u00e9rgicas como erupci\u00f3n de piel, picor o urticaria, hinchaz\u00f3n de la cara, labios, o lengua, dolor en el pecho, estre\u00f1imiento, hipotensi\u00f3n, alucinaciones, v\u00f3mitos, depresi\u00f3n respiratoria, inhabilidad de dormir, y la frecuencia aumentada urinaria o la retenci\u00f3n urinaria, el asimiento. Tambi\u00e9n hay otra lista de efectos secundarios que por lo general no requieren la asistencia m\u00e9dica pero usted deber\u00eda decir a su doctor o profesional de asistencia m\u00e9dica si ellos siguen o son fastidiosos. Esa lista incluye la confusi\u00f3n.<\/p>\n<p>Interacci\u00f3n con otros medicamentos<\/p>\n<p>Baclofen puede relacionarse con siguientes medicinas y productos, como alcohol, antihistam\u00ednicos, medicinas para depresi\u00f3n, ansiedad, y otros estados mentales, medicinas para el dolor como la code\u00edna, oxycodone, tramadol, y propoxyphene, medicinas para el sue\u00f1o, fenobarbital. El uso de Baclofen con otras medicinas puede llevar a la reducci\u00f3n adicional de la funci\u00f3n cerebral. Por ejemplo, el uso de Baclofen y antidepresivos tricyclicos junto puede causar la debilidad de m\u00fasculo; el uso de Baclofen y inhibidores MAO puede causar la mayor depresi\u00f3n de funci\u00f3n cerebral as\u00ed como hipotensi\u00f3n.<\/p>\n<p>Dosis omitida<\/p>\n<p>Si usted ha omitido la dosis, t\u00f3melo m\u00e1s pronto como posible. Si es casi la hora para su dosis siguiente, omita la dosis omitida y vuelva a su horario regular. No tome una dosis doblada o adicional.<\/p>\n<p>Sobredosis<\/p>\n<p>Si usted piensa que ha tomado mucho de la medicina p\u00f3ngase en contacto inmediatamente con el centro de veneno o sala de emergencia.<\/p>\n<p>Almacenamiento<\/p>\n<p>Se debe almacenar a una temperatura de 59-86 F(15-30 C) del alcance de calor, humedad, luz, ni\u00f1os y animales dom\u00e9sticos. No se puede almacenar en cuarto de ba\u00f1o.<\/p>\n<p>Descargo de responsabilidades<\/p>\n<p>Proveemos una informaci\u00f3n del car\u00e1cter general sobre los medicamentos sin intentar cubrir todas las recomendaciones, totalidad de los casos de interacci\u00f3n con otros medicamentos, tampoco todas las precauciones existentes. No implica ningunas recomendaciones que impartan un car\u00e1cter individual para cualquier paciente particular. Renunciamos de todas las responsabilidades por la fiabilidad del material provisto ni por errores que contenga. Nos descargamos de responsabilidad por los da\u00f1os, sean que sean.<\/p>\n","protected":false},"excerpt":{"rendered":"<p>El baclofeno se utiliza para tratar el espasmo de los m\u00fasculos esquel\u00e9ticos, el clonus muscular, los calambres musculares, la rigidez, las lesiones de la m\u00e9dula espinal y el dolor causado por trastornos como la esclerosis m\u00faltiple.<\/p>\n","protected":false},"featured_media":8461,"comment_status":"open","ping_status":"closed","template":"","meta":[],"product_brand":[],"product_cat":[516],"product_tag":[],"class_list":{"0":"post-8501","1":"product","2":"type-product","3":"status-publish","4":"has-post-thumbnail","6":"product_cat-alivio-del-dolor-es","7":"pa_active_substance-baclofen","9":"first","10":"instock","11":"shipping-taxable","12":"product-type-variable"},"jetpack_sharing_enabled":true,"_links":{"self":[{"href":"https:\/\/pharmacy-content.com\/index.php?rest_route=\/wp\/v2\/product\/8501","targetHints":{"allow":["GET"]}}],"collection":[{"href":"https:\/\/pharmacy-content.com\/index.php?rest_route=\/wp\/v2\/product"}],"about":[{"href":"https:\/\/pharmacy-content.com\/index.php?rest_route=\/wp\/v2\/types\/product"}],"replies":[{"embeddable":true,"href":"https:\/\/pharmacy-content.com\/index.php?rest_route=%2Fwp%2Fv2%2Fcomments&post=8501"}],"wp:featuredmedia":[{"embeddable":true,"href":"https:\/\/pharmacy-content.com\/index.php?rest_route=\/wp\/v2\/media\/8461"}],"wp:attachment":[{"href":"https:\/\/pharmacy-content.com\/index.php?rest_route=%2Fwp%2Fv2%2Fmedia&parent=8501"}],"wp:term":[{"taxonomy":"product_brand","embeddable":true,"href":"https:\/\/pharmacy-content.com\/index.php?rest_route=%2Fwp%2Fv2%2Fproduct_brand&post=8501"},{"taxonomy":"product_cat","embeddable":true,"href":"https:\/\/pharmacy-content.com\/index.php?rest_route=%2Fwp%2Fv2%2Fproduct_cat&post=8501"},{"taxonomy":"product_tag","embeddable":true,"href":"https:\/\/pharmacy-content.com\/index.php?rest_route=%2Fwp%2Fv2%2Fproduct_tag&post=8501"}],"curies":[{"name":"wp","href":"https:\/\/api.w.org\/{rel}","templated":true}]}}