{"id":8521,"date":"2026-04-22T07:09:53","date_gmt":"2026-04-22T07:09:53","guid":{"rendered":""},"modified":"2026-04-22T07:10:01","modified_gmt":"2026-04-22T07:10:01","slug":"baclofen-7","status":"publish","type":"product","link":"https:\/\/pharmacy-content.com\/?product=baclofen-7&lang=pt","title":{"rendered":"Baclofen"},"content":{"rendered":"<p>Uso comum<br \/>\nBaclosigno \u00e9 usado no tratamento de espasmos dos m\u00fasculos esquel\u00e9ticos, cl\u00f4nus muscular, c\u00e3ibras musculares, rigidez, les\u00e3o da medula espinhal e dor causada por doen\u00e7as como a esclerose m\u00faltipla. O Baclosigno atua relaxando os m\u00fasculos esquel\u00e9ticos, os m\u00fasculos que movem o esqueleto (tamb\u00e9m chamados de m\u00fasculos estriados).<br \/>\nDosagem e orienta\u00e7\u00e3o<br \/>\nTome Baclosigno exatamente como foi prescrito pelo seu m\u00e9dico. N\u00e3o tome o medicamento em doses maiores nem por muito tempo. Tome este medicamento por via oral com um copo de \u00e1gua. Engole. A dose inicial habitual de Baclosigno para adultos \u00e9 de 5 mg, administrada tr\u00eas vezes ao dia. A dose pode ser aumentada em 15 mg a cada tr\u00eas dias at\u00e9 um m\u00e1ximo de 80 mg\/dia em doses divididas.<br \/>\nPrecau\u00e7\u00f5es<br \/>\nSeu m\u00e9dico precisa saber seu hist\u00f3rico m\u00e9dico, especialmente sobre doen\u00e7a renal, diabetes, convuls\u00f5es, acidente vascular cerebral, doen\u00e7a incomum ou al\u00e9rgica. rea\u00e7\u00e3o ao Baclosigno, outros medicamentos, alimentos, corantes ou conservantes. Deve informar o seu m\u00e9dico se estiver gr\u00e1vida ou a tentar engravidar e se estiver a amamentar. Se parar repentinamente de tomar o medicamento, poder\u00e1 desenvolver uma rea\u00e7\u00e3o grave. A dose ser\u00e1 reduzida lentamente ao longo do tempo para evitar quaisquer efeitos secund\u00e1rios, e o seu m\u00e9dico deve controlar este processo. Siga o conselho do seu m\u00e9dico. Voc\u00ea pode ficar sonolento ou tonto quando come\u00e7ar a tomar o medicamento ou alterar as doses. Voc\u00ea deve ficar de p\u00e9 ou sentar-se lentamente. N\u00e3o dirija, use m\u00e1quinas ou fa\u00e7a qualquer coisa que possa exigir sua aten\u00e7\u00e3o e que possa ser perigosa. Interrompa esse tipo de atividade at\u00e9 saber como o medicamento o afeta.<br \/>\nContra-indica\u00e7\u00f5es<br \/>\nPacientes com alergia ao Baclosigno n\u00e3o devem tom\u00e1-lo. Antes de tomar Baclosign, informe o seu m\u00e9dico sobre a sua alergia a qualquer outro medicamento. Al\u00e9m disso, se voc\u00ea tiver doen\u00e7a renal, epilepsia ou outro dist\u00farbio convulsivo, ou hist\u00f3rico de acidente vascular cerebral ou co\u00e1gulos sangu\u00edneos, dever\u00e1 discutir o assunto com seu m\u00e9dico e \u00e9 poss\u00edvel que voc\u00ea n\u00e3o tome este medicamento.<br \/>\nPoss\u00edveis efeitos colaterais<br \/>\nExistem \u00e9 uma lista de efeitos secund\u00e1rios sobre os quais deve informar imediatamente o seu m\u00e9dico ou profissional de sa\u00fade. Inclui rea\u00e7\u00f5es al\u00e9rgicas como erup\u00e7\u00e3o cut\u00e2nea, coceira ou urtic\u00e1ria, incha\u00e7o da face, l\u00e1bios ou l\u00edngua, dor no peito, pris\u00e3o de ventre, press\u00e3o arterial baixa, alucina\u00e7\u00f5es, v\u00f4mitos, depress\u00e3o respirat\u00f3ria, incapacidade de dormir e aumento da frequ\u00eancia urin\u00e1ria ou reten\u00e7\u00e3o urin\u00e1ria, convuls\u00e3o. Al\u00e9m disso, h\u00e1 outra lista de efeitos colaterais que geralmente n\u00e3o requerem aten\u00e7\u00e3o m\u00e9dica, mas voc\u00ea deve informar o seu m\u00e9dico ou profissional de sa\u00fade se eles persistirem ou forem inc\u00f4modos. Inclui confus\u00e3o.<br \/>\nIntera\u00e7\u00f5es medicamentosas<br \/>\nO Baclosigno pode interagir com os pr\u00f3ximos medicamentos e produtos, como \u00e1lcool, anti-histam\u00ednicos, medicamentos para depress\u00e3o, ansiedade e outras condi\u00e7\u00f5es mentais, medicamentos para dor como code\u00edna, oxicodona, tramadol e propoxifeno, medicamentos para dormir , fenobarbital. O uso de Baclosigno com outros medicamentos pode levar a uma redu\u00e7\u00e3o adicional da fun\u00e7\u00e3o cerebral. Por exemplo, o uso conjunto de Baclosigno e antidepressivos tric\u00edclicos pode causar fraqueza muscular; o uso de Baclosigno e inibidores da monoamina oxidase pode resultar em maior depress\u00e3o da fun\u00e7\u00e3o cerebral, bem como press\u00e3o arterial baixa.<br \/>\nDose esquecida<br \/>\nSe voc\u00ea esquecer de uma dose, tome-a assim que puder. Se estiver quase na hora da pr\u00f3xima dose, tome apenas essa dose. N\u00e3o tome doses duplas ou extras.<br \/>\nSobredosagem<br \/>\nSe voc\u00ea acha que tomou muito deste medicamento, entre em contato imediatamente com um centro de controle de intoxica\u00e7\u00f5es ou pronto-socorro.<br \/>\nArmazenamento<br \/>\nArmazene em temperatura ambiente entre 15 e 30 graus C (59 e 86 graus F). Mantenha o recipiente bem fechado e fora do alcance das crian\u00e7as.<br \/>\nIsen\u00e7\u00e3o de responsabilidade<br \/>\nFornecemos apenas informa\u00e7\u00f5es gerais sobre medicamentos, que n\u00e3o cobrem todas as instru\u00e7\u00f5es, poss\u00edveis intera\u00e7\u00f5es medicamentosas ou precau\u00e7\u00f5es. As informa\u00e7\u00f5es do site n\u00e3o podem ser utilizadas para autotratamento e autodiagn\u00f3stico. Quaisquer instru\u00e7\u00f5es espec\u00edficas para um determinado paciente devem ser acordadas com o seu conselheiro de sa\u00fade ou m\u00e9dico respons\u00e1vel pelo caso. N\u00f3s nos isentamos da confiabilidade desta informa\u00e7\u00e3o e de quaisquer erros que ela possa conter. N\u00e3o somos respons\u00e1veis por quaisquer danos diretos, indiretos, especiais ou outros danos indiretos como resultado de qualquer uso das informa\u00e7\u00f5es deste site, e tamb\u00e9m pelas consequ\u00eancias do autotratamento.<\/p>\n","protected":false},"excerpt":{"rendered":"<p>Baclofeno Gen\u00e9rico \u00e9 usado no tratamento de espasmos dos m\u00fasculos esquel\u00e9ticos, cl\u00f4nus muscular, c\u00e3ibras musculares, rigidez, les\u00e3o da medula espinhal e dor causada por doen\u00e7as como a esclerose m\u00faltipla.<\/p>\n","protected":false},"featured_media":8461,"comment_status":"open","ping_status":"closed","template":"","meta":[],"product_brand":[],"product_cat":[522],"product_tag":[],"class_list":{"0":"post-8521","1":"product","2":"type-product","3":"status-publish","4":"has-post-thumbnail","6":"product_cat-alivio-da-dor-pt","7":"pa_active_substance-baclofen","9":"first","10":"instock","11":"shipping-taxable","12":"product-type-variable"},"jetpack_sharing_enabled":true,"_links":{"self":[{"href":"https:\/\/pharmacy-content.com\/index.php?rest_route=\/wp\/v2\/product\/8521","targetHints":{"allow":["GET"]}}],"collection":[{"href":"https:\/\/pharmacy-content.com\/index.php?rest_route=\/wp\/v2\/product"}],"about":[{"href":"https:\/\/pharmacy-content.com\/index.php?rest_route=\/wp\/v2\/types\/product"}],"replies":[{"embeddable":true,"href":"https:\/\/pharmacy-content.com\/index.php?rest_route=%2Fwp%2Fv2%2Fcomments&post=8521"}],"wp:featuredmedia":[{"embeddable":true,"href":"https:\/\/pharmacy-content.com\/index.php?rest_route=\/wp\/v2\/media\/8461"}],"wp:attachment":[{"href":"https:\/\/pharmacy-content.com\/index.php?rest_route=%2Fwp%2Fv2%2Fmedia&parent=8521"}],"wp:term":[{"taxonomy":"product_brand","embeddable":true,"href":"https:\/\/pharmacy-content.com\/index.php?rest_route=%2Fwp%2Fv2%2Fproduct_brand&post=8521"},{"taxonomy":"product_cat","embeddable":true,"href":"https:\/\/pharmacy-content.com\/index.php?rest_route=%2Fwp%2Fv2%2Fproduct_cat&post=8521"},{"taxonomy":"product_tag","embeddable":true,"href":"https:\/\/pharmacy-content.com\/index.php?rest_route=%2Fwp%2Fv2%2Fproduct_tag&post=8521"}],"curies":[{"name":"wp","href":"https:\/\/api.w.org\/{rel}","templated":true}]}}