{"id":8551,"date":"2026-04-22T07:09:58","date_gmt":"2026-04-22T07:09:58","guid":{"rendered":""},"modified":"2026-04-22T07:10:02","modified_gmt":"2026-04-22T07:10:02","slug":"baclofen-10","status":"publish","type":"product","link":"https:\/\/pharmacy-content.com\/?product=baclofen-10&lang=cs","title":{"rendered":"Baclofen"},"content":{"rendered":"<p>B\u011b\u017en\u00e9 pou\u017eit\u00ed<br \/>\nBaclosign se pou\u017e\u00edv\u00e1 k l\u00e9\u010db\u011b spasm\u016f kostern\u00edch sval\u016f, svalov\u00e9ho klonusu, k\u0159e\u010d\u00ed sval\u016f, ztuhlosti, poran\u011bn\u00ed m\u00edchy a bolesti zp\u016fsoben\u00e9 poruchami, jako je roztrou\u0161en\u00e1 skler\u00f3za. Baclosign p\u016fsob\u00ed uvoln\u011bn\u00edm kostern\u00edch sval\u016f, co\u017e jsou svaly, kter\u00e9 pohybuj\u00ed kostrou (tak\u00e9 naz\u00fdvan\u00e9 p\u0159\u00ed\u010dn\u011b pruhovan\u00e9 svaly).<br \/>\nD\u00e1vkov\u00e1n\u00ed a pokyny<br \/>\nU\u017e\u00edvejte Baclosign p\u0159esn\u011b tak, jak v\u00e1m p\u0159edepsal l\u00e9ka\u0159. Nep\u0159ekra\u010dujte doporu\u010den\u00e9 d\u00e1vky ani neu\u017e\u00edvejte l\u00e9k po dlouhou dobu. U\u017eijte tento l\u00e9k \u00fasty s vodou. Spolkn\u011bte ho. Obvykl\u00e1 po\u010d\u00e1te\u010dn\u00ed d\u00e1vka Baclosignu pro dosp\u011bl\u00e9 je 5 mg pod\u00e1van\u00e9 t\u0159ikr\u00e1t denn\u011b. D\u00e1vka m\u016f\u017ee b\u00fdt zvy\u0161ov\u00e1na o 15 mg ka\u017ed\u00e9 t\u0159i dny na maxim\u00e1ln\u011b 80 mg\/den v d\u011blen\u00fdch d\u00e1vk\u00e1ch.<br \/>\nOpat\u0159en\u00ed<br \/>\nV\u00e1\u0161 l\u00e9ka\u0159 pot\u0159ebuje zn\u00e1t va\u0161i anamn\u00e9zu, zejm\u00e9na ohledn\u011b onemocn\u011bn\u00ed ledvin, cukrovky, z\u00e1chvat\u016f, mrtvice, neobvykl\u00e9 nebo alergick\u00e9 reakce na Baclosign, jin\u00e9 l\u00e9ky, potraviny, barviva nebo konzervanty. M\u011bli byste informovat sv\u00e9ho l\u00e9ka\u0159e, pokud jste t\u011bhotn\u00e1 nebo se sna\u017e\u00edte ot\u011bhotn\u011bt, a pokud koj\u00edte. Pokud n\u00e1hle p\u0159estanete u\u017e\u00edvat sv\u016fj l\u00e9k, m\u016f\u017ee se u v\u00e1s vyvinout z\u00e1va\u017en\u00e1 reakce. D\u00e1vka bude postupn\u011b sni\u017eov\u00e1na, aby se p\u0159ede\u0161lo vedlej\u0161\u00edm \u00fa\u010dink\u016fm, a v\u00e1\u0161 l\u00e9ka\u0159 mus\u00ed tento proces kontrolovat. Dodr\u017eujte pokyny sv\u00e9ho l\u00e9ka\u0159e. M\u016f\u017eete se c\u00edtit ospal\u00ed nebo z\u00e1vratn\u00ed, kdy\u017e za\u010dnete u\u017e\u00edvat l\u00e9k nebo zm\u011bn\u00edte d\u00e1vkov\u00e1n\u00ed. M\u011bli byste vst\u00e1vat nebo se posazovat pomalu. Ne\u0159i\u010fte, nepou\u017e\u00edvejte stroje ani ned\u011blejte nic, co by vy\u017eadovalo va\u0161i pozornost a mohlo b\u00fdt nebezpe\u010dn\u00e9. P\u0159esta\u0148te s touto \u010dinnost\u00ed, dokud nezjist\u00edte, jak l\u00e9k na v\u00e1s p\u016fsob\u00ed.<br \/>\nKontraindikace<br \/>\nPacienti s alergi\u00ed na Baclosign by jej nem\u011bli u\u017e\u00edvat. P\u0159ed u\u017eit\u00edm Baclosignu informujte sv\u00e9ho l\u00e9ka\u0159e o alergii na jak\u00e9koli jin\u00e9 l\u00e9ky. Pokud m\u00e1te onemocn\u011bn\u00ed ledvin, epilepsii nebo jinou poruchu z\u00e1chvat\u016f, nebo m\u00e1te historii mrtvice nebo krevn\u00edch sra\u017eenin, mus\u00edte to projednat se sv\u00fdm l\u00e9ka\u0159em, a je mo\u017en\u00e9, \u017ee tento l\u00e9k nebudete moci u\u017e\u00edvat.<br \/>\nMo\u017en\u00e9 vedlej\u0161\u00ed \u00fa\u010dinky<br \/>\nExistuje seznam vedlej\u0161\u00edch \u00fa\u010dink\u016f, o kter\u00fdch byste m\u011bli okam\u017eit\u011b informovat sv\u00e9ho l\u00e9ka\u0159e nebo zdravotnick\u00e9ho pracovn\u00edka. Zahrnuje alergick\u00e9 reakce jako ko\u017en\u00ed vyr\u00e1\u017eku, sv\u011bd\u011bn\u00ed nebo kop\u0159ivku, otok obli\u010deje, rt\u016f nebo jazyka, bolest na hrudi, z\u00e1cpu, n\u00edzk\u00fd krevn\u00ed tlak, halucinace, zvracen\u00ed, respira\u010dn\u00ed depresi, neschopnost sp\u00e1t a zv\u00fd\u0161enou frekvenci mo\u010den\u00ed nebo zadr\u017eov\u00e1n\u00ed mo\u010di, z\u00e1chvaty. D\u00e1le existuje dal\u0161\u00ed seznam vedlej\u0161\u00edch \u00fa\u010dink\u016f, kter\u00e9 obvykle nevy\u017eaduj\u00ed l\u00e9ka\u0159skou pomoc, ale m\u011bli byste informovat sv\u00e9ho l\u00e9ka\u0159e nebo zdravotnick\u00e9ho pracovn\u00edka, pokud p\u0159etrv\u00e1vaj\u00ed nebo jsou nep\u0159\u00edjemn\u00e9. Zahrnuje zmatenost.<br \/>\nInterakce s l\u00e9ky<br \/>\nBaclosign m\u016f\u017ee interagovat s n\u00e1sleduj\u00edc\u00edmi l\u00e9ky a produkty, jako je alkohol, antihistaminika, l\u00e9ky na depresi, \u00fazkost a dal\u0161\u00ed du\u0161evn\u00ed stavy, l\u00e9ky proti bolesti jako kodein, oxykodon, tramadol a propoxyfen, l\u00e9ky na span\u00ed, fenobarbital. Pou\u017eit\u00ed Baclosignu s jin\u00fdmi l\u00e9ky m\u016f\u017ee v\u00e9st k dal\u0161\u00edmu sn\u00ed\u017een\u00ed funkce mozku. Nap\u0159\u00edklad pou\u017eit\u00ed Baclosignu a tricyklick\u00fdch antidepresiv dohromady m\u016f\u017ee zp\u016fsobit slabost sval\u016f; pou\u017eit\u00ed Baclosignu a inhibitor\u016f monoaminooxid\u00e1zy m\u016f\u017ee v\u00e9st k v\u011bt\u0161\u00ed depresi funkce mozku a tak\u00e9 k n\u00edzk\u00e9mu krevn\u00edmu tlaku.<br \/>\nZme\u0161kan\u00e1 d\u00e1vka<br \/>\nPokud zme\u0161k\u00e1te d\u00e1vku, vezm\u011bte ji, jakmile si vzpomenete. Pokud se bl\u00ed\u017e\u00ed \u010das na dal\u0161\u00ed d\u00e1vku, u\u017eijte pouze tuto d\u00e1vku. Nepod\u00e1vejte si dvojitou nebo extra d\u00e1vku.<br \/>\nP\u0159ed\u00e1vkov\u00e1n\u00ed<br \/>\nPokud si mysl\u00edte, \u017ee jste u\u017eili p\u0159\u00edli\u0161 mnoho tohoto l\u00e9ku, m\u011bli byste okam\u017eit\u011b kontaktovat toxikologick\u00e9 centrum nebo pohotovost.<br \/>\nSkladov\u00e1n\u00ed<br \/>\nUchov\u00e1vejte p\u0159i pokojov\u00e9 teplot\u011b mezi 15 a 30 \u00b0C (59 a 86 \u00b0F). Uchov\u00e1vejte n\u00e1dobu pevn\u011b uzav\u0159enou a mimo dosah d\u011bt\u00ed.<br \/>\nZ\u0159eknut\u00ed se odpov\u011bdnosti<br \/>\nPoskytujeme pouze obecn\u00e9 informace o l\u00e9c\u00edch, kter\u00e9 nepokr\u00fdvaj\u00ed v\u0161echny pokyny, mo\u017en\u00e9 interakce s l\u00e9ky nebo opat\u0159en\u00ed. Informace na webu nemohou b\u00fdt pou\u017eity pro vlastn\u00ed l\u00e9\u010dbu a sebehodnocen\u00ed. Specifick\u00e9 pokyny pro konkr\u00e9tn\u00edho pacienta by m\u011bly b\u00fdt dohodnuty s va\u0161\u00edm zdravotn\u00edm poradcem nebo l\u00e9ka\u0159em odpov\u011bdn\u00fdm za p\u0159\u00edpad. Z\u0159ek\u00e1me se spolehlivosti t\u011bchto informac\u00ed a jak\u00fdchkoli chyb, kter\u00e9 by mohly obsahovat. Neodpov\u00edd\u00e1me za \u017e\u00e1dn\u00e9 p\u0159\u00edm\u00e9, nep\u0159\u00edm\u00e9, zvl\u00e1\u0161tn\u00ed nebo jin\u00e9 nep\u0159\u00edm\u00e9 \u0161kody v d\u016fsledku jak\u00e9hokoli pou\u017eit\u00ed informac\u00ed na tomto webu a tak\u00e9 za d\u016fsledky samol\u00e9\u010dby.<\/p>\n","protected":false},"excerpt":{"rendered":"<p>Baclofen Generic se pou\u017e\u00edv\u00e1 k l\u00e9\u010db\u011b k\u0159e\u010d\u00ed kostern\u00edch sval\u016f, svalov\u00e9ho klonu, svalov\u00fdch k\u0159e\u010d\u00ed, ztuhlosti, poran\u011bn\u00ed m\u00edchy a bolesti zp\u016fsoben\u00e9 poruchami, jako je roztrou\u0161en\u00e1 skler\u00f3za.<\/p>\n","protected":false},"featured_media":8461,"comment_status":"open","ping_status":"closed","template":"","meta":[],"product_brand":[],"product_cat":[531],"product_tag":[],"class_list":{"0":"post-8551","1":"product","2":"type-product","3":"status-publish","4":"has-post-thumbnail","6":"product_cat-uleva-od-bolesti-cs","7":"pa_active_substance-baclofen","9":"first","10":"instock","11":"shipping-taxable","12":"product-type-variable"},"jetpack_sharing_enabled":true,"_links":{"self":[{"href":"https:\/\/pharmacy-content.com\/index.php?rest_route=\/wp\/v2\/product\/8551","targetHints":{"allow":["GET"]}}],"collection":[{"href":"https:\/\/pharmacy-content.com\/index.php?rest_route=\/wp\/v2\/product"}],"about":[{"href":"https:\/\/pharmacy-content.com\/index.php?rest_route=\/wp\/v2\/types\/product"}],"replies":[{"embeddable":true,"href":"https:\/\/pharmacy-content.com\/index.php?rest_route=%2Fwp%2Fv2%2Fcomments&post=8551"}],"wp:featuredmedia":[{"embeddable":true,"href":"https:\/\/pharmacy-content.com\/index.php?rest_route=\/wp\/v2\/media\/8461"}],"wp:attachment":[{"href":"https:\/\/pharmacy-content.com\/index.php?rest_route=%2Fwp%2Fv2%2Fmedia&parent=8551"}],"wp:term":[{"taxonomy":"product_brand","embeddable":true,"href":"https:\/\/pharmacy-content.com\/index.php?rest_route=%2Fwp%2Fv2%2Fproduct_brand&post=8551"},{"taxonomy":"product_cat","embeddable":true,"href":"https:\/\/pharmacy-content.com\/index.php?rest_route=%2Fwp%2Fv2%2Fproduct_cat&post=8551"},{"taxonomy":"product_tag","embeddable":true,"href":"https:\/\/pharmacy-content.com\/index.php?rest_route=%2Fwp%2Fv2%2Fproduct_tag&post=8551"}],"curies":[{"name":"wp","href":"https:\/\/api.w.org\/{rel}","templated":true}]}}