{"id":8568,"date":"2026-04-22T07:10:08","date_gmt":"2026-04-22T07:10:08","guid":{"rendered":""},"modified":"2026-04-22T07:10:19","modified_gmt":"2026-04-22T07:10:19","slug":"orlistat-2","status":"publish","type":"product","link":"https:\/\/pharmacy-content.com\/?product=orlistat-2&lang=de","title":{"rendered":"Orlistat"},"content":{"rendered":"<p>Allgemeine Anwendung<br \/>\nOrlijohn ist ein Lipasehemmer, der Ihnen dabei hilft, Ihr Gewicht zu verlieren und gleichzeitig die Gewichtszunahme zu verhindern. Orlijohn wird adip\u00f6sen Personen und \u00fcbergewichtigen Personen mit anderen Gesundheitsproblemen wie Diabetes, Bluthochdruck oder hohem Cholesterinspiegel verschrieben. Orlijohn blockiert die Aufnahme von Nahrungsfett in den Blutkreislauf und reduziert so die Anzahl der Kalorien, die Sie mit einer Mahlzeit aufnehmen. Sie k\u00f6nnen Orlijohn zusammen mit einer Di\u00e4t und Bewegung anwenden, um weitere Vorteile zu erzielen. Beachten Sie auch, dass Sie Ergebnisse erzielen, solange Sie das Medikament einnehmen.<br \/>\nDosierung und Anwendung<br \/>\nKonsultieren Sie vor der Anwendung Ihren Arzt. Verwenden Sie nicht mehr als verschrieben. Nehmen Sie es oral ein, im Allgemeinen dreimal t\u00e4glich w\u00e4hrend (oder bis zu einer Stunde nach) jeder fetthaltigen Hauptmahlzeit. F\u00fcr eine gute Versorgung sollten Sie eine Multivitamin-Erg\u00e4nzung mit den Vitaminen A, D, E und K einnehmen. Der Zusatz sollte mindestens zwei Stunden vor oder nach der Einnahme dieses Arzneimittels eingenommen werden, beispielsweise vor dem Schlafengehen.<br \/>\nDie empfohlene Dosis f\u00fcr Erwachsene und Kinder unter 12 Jahren betr\u00e4gt dreimal t\u00e4glich eine 120-Milligramm-Kapsel.<br \/>\nHinweis: Diese Anleitung hier nur zur \u00dcberpr\u00fcfung vorgestellt. Es ist unbedingt erforderlich, vor der Anwendung Ihren Arzt zu konsultieren. Es hilft Ihnen, die besten Ergebnisse zu erzielen.<br \/>\nVorsichtsma\u00dfnahmen<br \/>\nNehmen Sie dieses Medikament nicht ohne \u00e4rztlichen Rat ein, wenn Sie an einem chronischen Malabsorptionssyndrom oder Gallenblasenproblemen leiden. Verwenden Sie Orlijohn nicht, wenn in Ihrer Krankengeschichte Nierensteine vorkommen, Sie an Magersucht oder Bulimie leiden, an Diabetes leiden, Ciclosporin einnehmen oder andere Medikamente zur Gewichtsreduktion einnehmen. Der Gewichtsverlust beginnt innerhalb von zwei Wochen und h\u00e4lt \u00fcber Jahre an. Die Auswirkungen einer Anwendung von Orlijohn \u00fcber mehr als zwei Jahre sind noch nicht bekannt. Wenn Sie an Diabetes leiden, wird eine Gewichtsabnahme wahrscheinlich zu einer Senkung Ihres Blutzuckerspiegels f\u00fchren. Fragen Sie Ihren Arzt nach der Dosierung von Orlijohn, wenn Sie ein orales Diabetesmedikament oder Insulin einnehmen. Orlijohn sollte w\u00e4hrend der Schwangerschaft, im Werden und Stillen nicht angewendet werden. Nicht vor dem Stillen ohne \u00e4rztliche Genehmigung anwenden.<br \/>\nGegenanzeigen<br \/>\nOrlijohn ist kontraindiziert bei:<br \/>\nMalabsorption<br \/>\nEingeschr\u00e4nkte Gallenblasenfunktion (z. B. nach Cholezystektomie)<br \/>\nSchwangerschaft und Stillzeit<br \/>\nBestimmte Nierenprobleme<br \/>\nBeachten Sie, dass die Sicherheit und Wirksamkeit von Orlijohn bei j\u00fcngeren Kindern beeintr\u00e4chtigt ist \u00fcber 12 Jahre alt sind, wurden nicht nachgewiesen.<br \/>\nM\u00f6gliche Nebenwirkungen<br \/>\nDazu k\u00f6nnen alle Arten von allergischen Reaktionen geh\u00f6ren. Beenden Sie die Einnahme von Orlijohn sofort, wenn Sie starke Schmerzen im Oberbauch haben, die sich auf den R\u00fccken ausbreiten, \u00dcbelkeit und Erbrechen sowie einen schnellen Herzschlag. Zu den m\u00f6glichen Nebenwirkungen geh\u00f6ren au\u00dferdem:<br \/>\n\u00f6lige Flecken in Ihrer Unterw\u00e4sche;<br \/>\n\u00f6liger oder fettiger Stuhl;<br \/>\norangefarbenes oder braunes \u00d6l in Ihrem Stuhl;<br \/>\nBl\u00e4hungen mit Ausfluss, ein \u00f6liger Ausfluss;<br \/>\nloser Stuhlgang oder ein dringender Drang, den Stuhlgang zu verlassen zur Toilette, Unf\u00e4higkeit, den Stuhlgang zu kontrollieren;<br \/>\nvermehrte Anzahl von Stuhlg\u00e4ngen;<br \/>\nMagenschmerzen, \u00dcbelkeit, Erbrechen, Durchfall, rektale Schmerzen;<br \/>\nAppetitlosigkeit, Schw\u00e4che, lehmfarbener Stuhl, dunkler Urin, Juckreiz oder Gelbsucht .<br \/>\nWeniger schwerwiegend sind:<br \/>\nProbleme mit Ihren Z\u00e4hnen oder Ihrem Zahnfleisch;<br \/>\nErk\u00e4ltungssymptome wie verstopfte Nase, Niesen, Husten;<br \/>\nFieber, Sch\u00fcttelfrost, Halsschmerzen, Grippesymptome;<br \/>\nKopfschmerzen, R\u00fcckenschmerzen;<br \/>\nleichter Hautausschlag.<br \/>\nWenn Wenn Sie eines davon bemerken, beenden Sie die Anwendung von Orlijohn und informieren Sie so schnell wie m\u00f6glich Ihren Arzt. Konsultieren Sie auch Ihren Arzt, wenn Sie ungew\u00f6hnliche Nebenwirkungen bemerken.<br \/>\nArzneimittelwechselwirkung<br \/>\nOrlijohn interagiert mit den folgenden Arzneimitteln: Cyclosporin und Warfarin. Beachten Sie auch, dass die Wechselwirkung zwischen zwei Medikamenten nicht immer bedeutet, dass Sie die Einnahme eines Medikaments abbrechen m\u00fcssen. Wie \u00fcblich beeinflusst es die Wirkung von Arzneimitteln. Besprechen Sie daher mit Ihrem Arzt, wie Wechselwirkungen behandelt werden oder behandelt werden sollten.<br \/>\nVerpasste Dosis<br \/>\nWenn Sie vergessen haben, Ihre Dosis rechtzeitig einzunehmen, tun Sie dies bitte nach, sobald Sie daran denken. Nehmen Sie es jedoch nicht ein, wenn es zu sp\u00e4t oder fast Zeit f\u00fcr die n\u00e4chste Dosis ist. Erh\u00f6hen Sie nicht die empfohlene Dosis. Nehmen Sie Ihre \u00fcbliche Dosis am n\u00e4chsten Tag zur gleichen regul\u00e4ren Zeit ein.<br \/>\n\u00dcberdosierung<br \/>\nSymptome einer Orlijohn-\u00dcberdosierung sind nicht bekannt. Wenn bei Ihnen jedoch ungew\u00f6hnliche Symptome auftreten, wenden Sie sich sofort an Ihren Arzt.<br \/>\nLagerung<br \/>\nBei Raumtemperatur zwischen 20\u201325 C (68\u201377 F) lagern.<br \/>\nHaftungsausschluss<br \/>\nWir bieten nur allgemeine Informationen zu Medikamenten an, die m\u00f6glicherweise nicht alle Anwendungsbereiche abdecken Arzneimittelintegrationen oder Vorsichtsma\u00dfnahmen. Die Informationen auf der Website k\u00f6nnen nicht zur Selbstbehandlung und Selbstdiagnose verwendet werden. Spezifische Anweisungen f\u00fcr einen bestimmten Patienten sollten mit Ihrem Gesundheitsberater oder dem f\u00fcr den Fall zust\u00e4ndigen Arzt vereinbart werden. Wir lehnen die Zuverl\u00e4ssigkeit dieser Informationen und die darin enthaltenen Fehler ab. Wir haften nicht f\u00fcr direkte, indirekte, besondere oder sonstige indirekte Sch\u00e4den, die sich aus der Nutzung der Informationen auf dieser Website ergeben und auch nicht f\u00fcr Folgen der Selbstbehandlung.<\/p>\n","protected":false},"excerpt":{"rendered":"<p>Orlijohn Generic ist ein Lipasehemmer, der Ihnen beim Abnehmen hilft und auch verhindert, dass Sie wieder abnehmen.<\/p>\n","protected":false},"featured_media":8562,"comment_status":"open","ping_status":"closed","template":"","meta":[],"product_brand":[],"product_cat":[537],"product_tag":[],"class_list":{"0":"post-8568","1":"product","2":"type-product","3":"status-publish","4":"has-post-thumbnail","6":"product_cat-gewichtsverlust-de","7":"pa_active_substance-orlistat","9":"first","10":"instock","11":"shipping-taxable","12":"product-type-variable"},"jetpack_sharing_enabled":true,"_links":{"self":[{"href":"https:\/\/pharmacy-content.com\/index.php?rest_route=\/wp\/v2\/product\/8568","targetHints":{"allow":["GET"]}}],"collection":[{"href":"https:\/\/pharmacy-content.com\/index.php?rest_route=\/wp\/v2\/product"}],"about":[{"href":"https:\/\/pharmacy-content.com\/index.php?rest_route=\/wp\/v2\/types\/product"}],"replies":[{"embeddable":true,"href":"https:\/\/pharmacy-content.com\/index.php?rest_route=%2Fwp%2Fv2%2Fcomments&post=8568"}],"wp:featuredmedia":[{"embeddable":true,"href":"https:\/\/pharmacy-content.com\/index.php?rest_route=\/wp\/v2\/media\/8562"}],"wp:attachment":[{"href":"https:\/\/pharmacy-content.com\/index.php?rest_route=%2Fwp%2Fv2%2Fmedia&parent=8568"}],"wp:term":[{"taxonomy":"product_brand","embeddable":true,"href":"https:\/\/pharmacy-content.com\/index.php?rest_route=%2Fwp%2Fv2%2Fproduct_brand&post=8568"},{"taxonomy":"product_cat","embeddable":true,"href":"https:\/\/pharmacy-content.com\/index.php?rest_route=%2Fwp%2Fv2%2Fproduct_cat&post=8568"},{"taxonomy":"product_tag","embeddable":true,"href":"https:\/\/pharmacy-content.com\/index.php?rest_route=%2Fwp%2Fv2%2Fproduct_tag&post=8568"}],"curies":[{"name":"wp","href":"https:\/\/api.w.org\/{rel}","templated":true}]}}