{"id":8574,"date":"2026-04-22T07:10:09","date_gmt":"2026-04-22T07:10:09","guid":{"rendered":""},"modified":"2026-04-22T07:10:19","modified_gmt":"2026-04-22T07:10:19","slug":"orlistat-3","status":"publish","type":"product","link":"https:\/\/pharmacy-content.com\/?product=orlistat-3&lang=fr","title":{"rendered":"Orlistat"},"content":{"rendered":"<p>Usage g\u00e9n\u00e9ral<\/p>\n<p>Xenical est un inhibiteur lipase qui a utilis\u00e9 de a vous aider \u00e0 perdre votre poids et aussi l&#8217;emp\u00eacher de revenir. Xenical est prescrit pour les individus ob\u00e8ses et pour les gens ob\u00e8ses qui ont d&#8217;autres probl\u00e8mes de sant\u00e9 tels que le diab\u00e8te, l&#8217;hypertension ou les hauts niveaux de cholest\u00e9rol. Xenical bloque l&#8217;absorption de graisse alimentaire dans la circulation sanguine, l\u00e0 en r\u00e9duisant le nombre de calories que vous recevez d&#8217;un repas. Vous pouvez utiliser Xenical ensemble avec le r\u00e9gime et les exercices pour recevoir plus d&#8217;avantages. Notez aussi qu&#8217;aussi longtemps que vous prendez le m\u00e9dicament vous recevez le r\u00e9sultat.<\/p>\n<p>Dosage et administration<\/p>\n<p>Entretenez-vous avec votre m\u00e9decin traitant avant l&#8217;utilisation. L&#8217;utilisation a \u00e9t\u00e9 prescrite pas plus que. Prenez-le oralement, g\u00e9n\u00e9ralement trois fois tous les jours pendant (ou jusqu&#8217;\u00e0 une heure d&#8217;apr\u00e8s) chaque repas principal qui contient de la graisse. Vous devriez prendre une adjonction de multivitamine en incluant des vitamines A, D, E et K pour garantir de bonnes r\u00e9serves. L&#8217;adjonction devrait \u00eatre prise au moins deux heures d&#8217;avant ou apr\u00e8s vous prennent cette m\u00e9dication, tel qu&#8217;avant le coucher.<br \/>\nLa dose recommand\u00e9e pour les adultes et les enfants moins de 12 ans est une capsule de 120 milligrammes 3 fois tous les jours.<br \/>\nNotez : cette instruction pr\u00e9sent\u00e9e ici juste pour la r\u00e9vision. Il est tr\u00e8s n\u00e9cessaire de s&#8217;entretenir avec votre m\u00e9decin traitant avant l&#8217;utilisation. Il a vous aide \u00e0 recevoir les meilleurs r\u00e9sultats.<\/p>\n<p>Pr\u00e9cautions<\/p>\n<p>Ne prenez pas cette m\u00e9dication sans conseil de m\u00e9decin traitant si vous avez un syndrome malabsorption chronique, ou les probl\u00e8mes de v\u00e9sicule biliaire. N&#8217;utilisez pas Xenical si votre histoire m\u00e9dicale inclut des calculs reinaux, ayez l&#8217;anorexie ou la boulimie, ayez le diab\u00e8te, prenez cyclosporine, ou prenez autre m\u00e9decine de perte de poids. La perte de poids commence au cours de deux semaines et continue pour les ann\u00e9es. L&#8217;effet d&#8217;utiliser Xenical depuis plus de 2 ans est toujours inconnu. Si vous avez le diab\u00e8te, la perte de poids r\u00e9duira probablement vos niveaux de glyc\u00e9mie. Entretenez-vous \u00e0 votre m\u00e9decin traitant sur le dosage de Xenical si vous prendez une m\u00e9dication de diab\u00e8te orale ou une insuline. Xenical ne devrait pas \u00eatre utilis\u00e9 pendant la grossesse, en devenant la grossesse ou le fait de produire du lait. N&#8217;utilisez pas avant l&#8217;alimentation du sein sans la permission de m\u00e9decin traitant.<\/p>\n<p>Contre-indications<\/p>\n<p>Xenical est contre-indiqu\u00e9 dans :<br \/>\nMalabsorption<br \/>\nLa fonction de v\u00e9sicule biliaire r\u00e9duite (par ex apr\u00e8s cholecystectomy)<br \/>\nGrossesse et breastfeeding<br \/>\nDe certains probl\u00e8mes du rein<br \/>\nNotez que la s\u00e9curit\u00e9 et l&#8217;efficacit\u00e9 de Xenical chez les enfants plus jeunes que 12 ans n&#8217;ont pas \u00e9t\u00e9 \u00e9tablies.<\/p>\n<p>Effet secondaire possible<\/p>\n<p>Ils peuvent inclure tous les types d&#8217;une r\u00e9action allergique. Arr\u00eatez de prendre Xenical imm\u00e9diatement si vous avez la douleur s\u00e9v\u00e8re dans votre estomac sup\u00e9rieur a vous \u00e9tendant \u00e0 votre dos, naus\u00e9e et vomissement et un taux du c\u0153ur rapide. Aussi les Effets secondaires possibles les plus possibles incluent :<br \/>\nle fait d&#8217;apercevoir huileux dans vos sous-v\u00eatements;<br \/>\ntabourets huileux ou gras;<br \/>\nl&#8217;orange ou le marron ont colori\u00e9 de l&#8217;huile dans votre tabouret;<br \/>\nle gaz avec le renvoi, un renvoi huileux;<br \/>\nles tabourets desserr\u00e9s, ou un besoin urgent d&#8217;aller \u00e0 la salle de bains, l&#8217;incapacit\u00e9 de contr\u00f4ler des d\u00e9f\u00e9cations;<br \/>\nun nombre augment\u00e9 de d\u00e9f\u00e9cations;<br \/>\nla douleur d&#8217;estomac, la naus\u00e9e, le vomissement, la diarrh\u00e9e, la douleur rectale;<br \/>\nla perte d&#8217;app\u00e9tit, faiblesse, tabourets \u00e0 la couleur d&#8217;argile, urine sombre, d\u00e9mangeaison, ou jaunisse.<br \/>\nMoins s\u00e9rieux incluez :<br \/>\nles probl\u00e8mes avec vos dents ou gommes;<br \/>\nles sympt\u00f4mes froids tels que le nez \u00e9touffant, le fait d&#8217;\u00e9ternuer, la toux;<br \/>\nla fi\u00e8vre, les fra\u00eecheurs, le mal de gorge, les sympt\u00f4mes de grippe;<br \/>\nmal de t\u00eate, mal de dos;<br \/>\nrougeurs de peau l\u00e9g\u00e8res.<br \/>\nSi vous connaisez un d&#8217;entre eux arr\u00eatent d&#8217;utiliser Xenical et disent \u00e0 votre m\u00e9decin traitant aussit\u00f4t que possible. Entretenez-vous aussi avec votre m\u00e9decin traitant sur n&#8217;importe quel effet secondaire qui semble inhabituel.<\/p>\n<p>Action r\u00e9ciproque de m\u00e9dicament<\/p>\n<p>Xenical communiquent avec les m\u00e9dicaments suivre : Cyclosporine et Warfarin. Notez aussi que l&#8217;action r\u00e9ciproque entre deux m\u00e9dications toujours ne signifie pas que vous devez arr\u00eater de prendre un d&#8217;entre eux. Comme d&#8217;habitude il affecte l&#8217;effet de m\u00e9dicaments, entretenez-vous ainsi avec votre m\u00e9decin traitant sur comment cela les actions r\u00e9ciproques sont dirig\u00e9es ou devraient \u00eatre dirig\u00e9es.<\/p>\n<p>Omission de dose<\/p>\n<p>Si vous vous etes ennuy\u00e9 d&#8217;une dose prennent la m\u00e9dication aussit\u00f4t que vous vous rappelez. Si c&#8217;est presque le temps de votre dose suivante sautent juste sa consommation et reviennent \u00e0 votre programme r\u00e9gulier.<\/p>\n<p>Surdosage<\/p>\n<p>Les sympt\u00f4mes d&#8217;overdose Xenical ne sont pas connus. Mais si vous connaisez un d&#8217;appel de sympt\u00f4mes inhabituel votre m\u00e9decin traitant imm\u00e9diatement.<\/p>\n<p>Conservation<\/p>\n<p>Le magasin \u00e0 la temp\u00e9rature de pi\u00e8ce entre 20-25 C (68-77 F).<\/p>\n<p>Disclaimer (avis de non responsabilit\u00e9)<\/p>\n<p>Nous fournissons des renseignements \u00e0 caract\u00e8res uniquement g\u00e9n\u00e9raux sur les m\u00e9dicaments qui n\u2019englobent pas tous les domaines, les polyvalences possibles du m\u00e9dicament, ou les pr\u00e9cautions. Les renseignements sur le site ne peuvent \u00eatre utilis\u00e9s pour un traitement personnel et un diagnostic personnel. Toute instruction sp\u00e9cifique pour un patient particulier devrait \u00eatre consult\u00e9e avec votre conseiller de soins de sant\u00e9 ou votre m\u00e9decin responsable du cas. Nous refusons toute r\u00e9f\u00e9rence au caract\u00e8re ind\u00e9niable de ces renseignements et des erreurs qu&#8217;ils pourraient contenir. Nous ne sommes pas responsables de tout dommage direct ou indirect, sp\u00e9cial ou d\u2019autre dommage \u00e0 la suite de toute utilisation des renseignements sur ce site et \u00e9galement pour les cons\u00e9quences de l\u2019auto-traitement.<\/p>\n","protected":false},"excerpt":{"rendered":"<p>Orlistat est un inhibiteur de la lipase utilis\u00e9 pour vous aider \u00e0 perdre du poids et \u00e0 ne pas en reprendre.<\/p>\n","protected":false},"featured_media":8562,"comment_status":"open","ping_status":"closed","template":"","meta":[],"product_brand":[],"product_cat":[540],"product_tag":[],"class_list":{"0":"post-8574","1":"product","2":"type-product","3":"status-publish","4":"has-post-thumbnail","6":"product_cat-perte-de-poids-fr","7":"pa_active_substance-orlistat","9":"first","10":"instock","11":"shipping-taxable","12":"product-type-variable"},"jetpack_sharing_enabled":true,"_links":{"self":[{"href":"https:\/\/pharmacy-content.com\/index.php?rest_route=\/wp\/v2\/product\/8574","targetHints":{"allow":["GET"]}}],"collection":[{"href":"https:\/\/pharmacy-content.com\/index.php?rest_route=\/wp\/v2\/product"}],"about":[{"href":"https:\/\/pharmacy-content.com\/index.php?rest_route=\/wp\/v2\/types\/product"}],"replies":[{"embeddable":true,"href":"https:\/\/pharmacy-content.com\/index.php?rest_route=%2Fwp%2Fv2%2Fcomments&post=8574"}],"wp:featuredmedia":[{"embeddable":true,"href":"https:\/\/pharmacy-content.com\/index.php?rest_route=\/wp\/v2\/media\/8562"}],"wp:attachment":[{"href":"https:\/\/pharmacy-content.com\/index.php?rest_route=%2Fwp%2Fv2%2Fmedia&parent=8574"}],"wp:term":[{"taxonomy":"product_brand","embeddable":true,"href":"https:\/\/pharmacy-content.com\/index.php?rest_route=%2Fwp%2Fv2%2Fproduct_brand&post=8574"},{"taxonomy":"product_cat","embeddable":true,"href":"https:\/\/pharmacy-content.com\/index.php?rest_route=%2Fwp%2Fv2%2Fproduct_cat&post=8574"},{"taxonomy":"product_tag","embeddable":true,"href":"https:\/\/pharmacy-content.com\/index.php?rest_route=%2Fwp%2Fv2%2Fproduct_tag&post=8574"}],"curies":[{"name":"wp","href":"https:\/\/api.w.org\/{rel}","templated":true}]}}