{"id":8586,"date":"2026-04-22T07:10:11","date_gmt":"2026-04-22T07:10:11","guid":{"rendered":""},"modified":"2026-04-22T07:10:19","modified_gmt":"2026-04-22T07:10:19","slug":"orlistat-5","status":"publish","type":"product","link":"https:\/\/pharmacy-content.com\/?product=orlistat-5&lang=es","title":{"rendered":"Orlistat"},"content":{"rendered":"<p>Propidades<\/p>\n<p>Xenical es un inhibidor de la lipasa que le ayuda a quitar el sobrepeso y mantenerlo fijado. Xenical se prescribe para las personas obesas y para las que llevan un sobrepeso y otros problemas de salud asociados tales como diabetes, hipertensi\u00f3n o unos altos niveles de colesterol. Xenical bloquea la absorpci\u00f3n de las grasas consumidas por el flujo de sangre, lo que reduce la cantidad de las calorias que se reciben con las comidas. Se puede concomitar el Xenical con las dietas y los ejercicios f\u00edsicos para obtener mejores resultados. Adem\u00e1s, note que con un tiempo m\u00e1s largo de la administraci\u00f3n se obtiene un mejor resultado.<\/p>\n<p>Posolog\u00eda y m\u00e9todo de administraci\u00f3n<\/p>\n<p>Consulte a su m\u00e9dico antes de la administraci\u00f3n. No tome m\u00e1s de lo prescrito. Tome oralmente, habitualmente, tres veces por d\u00eda junto con el plato principio (o hasta una hora m\u00e1s tarde) que contiene grasas. Tiene que tomar unos suplementos alimenticios de multivitaminas que incluyen vitaminas A, D, E y K para asegurar el buen provecho. El suplemento alimenticio debe tomarse por lo menos a dos horas antes o despu\u00e9s de la toma de esta medicaci\u00f3n, por ejemplo, antes de dormir.<br \/>\nLa dosis recomendada para los adultos y los ni\u00f1os menores de 12 a\u00f1os de edad es una c\u00e1psula de 120 milligramos 3 veces por d\u00eda.<br \/>\nNota: la presente instrucci\u00f3n se provee s\u00f3lo para dar informaci\u00f3n. Es muy preciso que consulte a su m\u00e9dico antes de la administraci\u00f3n del f\u00e1rmaco. As\u00ed se le garantizar\u00e1n los mejores resultados.<\/p>\n<p>Precauciones<\/p>\n<p>No tome esta medicaci\u00f3n sin que se lo aprobara el m\u00e9dico cuando ya padece el s\u00edndrome de malabsorpci\u00f3n cr\u00f3nica, o los problemas de ves\u00edcular biliar. No emplee el Xenical si seg\u00fan su historia m\u00e9dica tiene los c\u00e1lculos renales, experimentaba anorexia o bulimia, la diabetes, la toma de ciclosporina u otras medicaciones para la p\u00e9rdida de peso. La p\u00e9rdida de peso empieza durante dos semanas siguientes y contin\u00faa por a\u00f1os. El efecto del uso de Xenical para m\u00e1s que 2 a\u00f1os continuos se queda todav\u00eda desconocida. Si tiene la diabetes, la p\u00e9rdida de peso se le causar\u00e1 la reducci\u00f3n de los \u00edndices glic\u00e9micos en la sangre. Consulte a su m\u00e9dico sobre la dosificaci\u00f3n apropiada del Xenical si toma las medicaciones orales para la diabetes o la inyecciones insulinas. Xenical no debe administrarse durante la pre\u00f1ez, a la hora de quedarse embarazada ni durante la lactaci\u00f3n. No lo emplee antes de la lactaci\u00f3n sin que se lo permitiera su m\u00e9dico.<\/p>\n<p>Contraindicaciones<\/p>\n<p>Xenical est\u00e1 contraindicado en:<br \/>\nMalabsorpci\u00f3n<br \/>\n\u00c9l funcionamiento reducido de la ves\u00edcula biliar (e.g. despu\u00e9s de la colecistectomia)<br \/>\nPre\u00f1ez y lactaci\u00f3n<br \/>\nCiertos problemas renales<br \/>\nNote que todav\u00eda no se han determinado ningunos dados sobre el efecto inofensivo ni eficaz del Xenical en los ni\u00f1os menores de 12 a\u00f1os de edad.<\/p>\n<p>Reacciones adversas posibles<\/p>\n<p>Pueden incluir todos tipos de reacciones al\u00e9rgicas. Cese administrar el Xenical en seguida si se le ocurren unos dolores gaves en el alto abdomen que se extienden hacia las espaldas, los n\u00e1useas y el v\u00f3mito la aceleraci\u00f3n del ritmo card\u00edaco. Otros efectos colaterales pueden incluir:<br \/>\nsecreciones de consistencia grasosa en la rop\u00e0 interior;<br \/>\nlas heces de consistencia grasosa o saturada;<br \/>\nuna consistencia mantecosa de color naranja o canelo en las heces;<br \/>\ngases con descargos, descargos grasosas;<br \/>\nlas heces l\u00edquidas o unas ganas urgentes de ir al ba\u00f1o, inabilidad de controlar los movimientos de los intestinos;<br \/>\nlas contracciones aumentadas de los intestinos;<br \/>\ndolor de est\u00f3mago, los n\u00e1useas, el v\u00f3mito, la diarrea, el dolor rectal;<br \/>\np\u00e9rdida de apetito, languidez, las heces de color de barro, orina opaca, quemaz\u00f3n o ictericia.<br \/>\nLos menos graves incluyen:<br \/>\nproblemas con los dientes o las enc\u00edas;<br \/>\ns\u00edntomas de la resfriado tales como nariz taponada, estornudo, la tos;<br \/>\nla fiebre, escalofr\u00edos, dolor de la garganta, s\u00edntomas de la gripe;<br \/>\ndolor de la cabeza, dolor de las espaldas;<br \/>\nerupci\u00f3n blanda.<br \/>\nAl experimentar uno de estos cese administrar el Xenical y contacte a su m\u00e9dico lo m\u00e1s pronto posible. Tambi\u00e9n consulte a su m\u00e9dico sobre todos los efectos colaterales que se parezcan ins\u00f3litos.<\/p>\n<p>Interacci\u00f3n con otras drogas<\/p>\n<p>Xenical entra en interacci\u00f3n con las drogas siguientes: Ciclosporina y Warfarina. Tambi\u00e9n n\u00f3tese que la interacci\u00f3n presente entre dos medicaciones no siempre implica la necesidad de acabar con la administraci\u00f3n de una de estas. Habitualmente, imparte el efecto de las drogas, por eso consulte a su m\u00e9dico sobre como se controlan las interacciones o como deben ajustarse.<\/p>\n<p>Dosis omitida<\/p>\n<p>Si se olvida de tomar la dosis a tiempo, por favor h\u00e1galo en cuanto lo recuerde. Pero no lo haga si ya es demasiado tarde o cuando es casi la hora para la pr\u00f3xima dosis. No aumente la dosis recomendada. Tome la pr\u00f3xima dosis el d\u00eda siguiente a la misma hora que siempre.<\/p>\n<p>Sobredosis<\/p>\n<p>No se saben ningunos s\u00edntomas de la sobredosificaci\u00f3n por el Xenical. Pero si se le observan unos s\u00edntomas desconocidos por favor llame al m\u00e9dico lo m\u00e1s pronto posible.<\/p>\n<p>Almacenamiento<\/p>\n<p>Se guarda a la temperatura ambiental entre 20 y 25 cent\u00edgrados (68-77grados Fahrenheit).<\/p>\n<p>Descargo de responsabilidades<\/p>\n<p>Proveemos una informaci\u00f3n del car\u00e1cter general sobre los medicamentos sin intentar cubrir todas las recomendaciones, totalidad de los casos de interacci\u00f3n con otros medicamentos, tampoco todas las precauciones existentes. La informaci\u00f3n de la presente p\u00e1gina web no puede ser de utilidad en el autotratamiento ni el autodiagn\u00f3stico. Todas las recomendaciones espec\u00edficas para cada paciente individual deben arreglarse con el coordinador designado de la salud p\u00fablica o con el m\u00e9dico encargado del caso cl\u00ednico. Renunciamos de todas las responsabilidades por la fiabilidad del material provisto ni por errores que contenga. Nos descargamos de responsabilidad por los da\u00f1os, sean que sean directos, indirectos, espec\u00edficos o dem\u00e1s da\u00f1os que resulten de la aplicaci\u00f3n del contenido de la presente p\u00e1gina web ni que sean consecuencias del autotratamiento.<\/p>\n","protected":false},"excerpt":{"rendered":"<p>El orlistat es un inhibidor de la lipasa que se utiliza para ayudar a perder peso y evitar que se vuelva a recuperar.<\/p>\n","protected":false},"featured_media":8562,"comment_status":"open","ping_status":"closed","template":"","meta":[],"product_brand":[],"product_cat":[546],"product_tag":[],"class_list":{"0":"post-8586","1":"product","2":"type-product","3":"status-publish","4":"has-post-thumbnail","6":"product_cat-perdida-de-peso-es","7":"pa_active_substance-orlistat","9":"first","10":"instock","11":"shipping-taxable","12":"product-type-variable"},"jetpack_sharing_enabled":true,"_links":{"self":[{"href":"https:\/\/pharmacy-content.com\/index.php?rest_route=\/wp\/v2\/product\/8586","targetHints":{"allow":["GET"]}}],"collection":[{"href":"https:\/\/pharmacy-content.com\/index.php?rest_route=\/wp\/v2\/product"}],"about":[{"href":"https:\/\/pharmacy-content.com\/index.php?rest_route=\/wp\/v2\/types\/product"}],"replies":[{"embeddable":true,"href":"https:\/\/pharmacy-content.com\/index.php?rest_route=%2Fwp%2Fv2%2Fcomments&post=8586"}],"wp:featuredmedia":[{"embeddable":true,"href":"https:\/\/pharmacy-content.com\/index.php?rest_route=\/wp\/v2\/media\/8562"}],"wp:attachment":[{"href":"https:\/\/pharmacy-content.com\/index.php?rest_route=%2Fwp%2Fv2%2Fmedia&parent=8586"}],"wp:term":[{"taxonomy":"product_brand","embeddable":true,"href":"https:\/\/pharmacy-content.com\/index.php?rest_route=%2Fwp%2Fv2%2Fproduct_brand&post=8586"},{"taxonomy":"product_cat","embeddable":true,"href":"https:\/\/pharmacy-content.com\/index.php?rest_route=%2Fwp%2Fv2%2Fproduct_cat&post=8586"},{"taxonomy":"product_tag","embeddable":true,"href":"https:\/\/pharmacy-content.com\/index.php?rest_route=%2Fwp%2Fv2%2Fproduct_tag&post=8586"}],"curies":[{"name":"wp","href":"https:\/\/api.w.org\/{rel}","templated":true}]}}