{"id":8592,"date":"2026-04-22T07:10:12","date_gmt":"2026-04-22T07:10:12","guid":{"rendered":""},"modified":"2026-04-22T07:10:19","modified_gmt":"2026-04-22T07:10:19","slug":"orlistat-6","status":"publish","type":"product","link":"https:\/\/pharmacy-content.com\/?product=orlistat-6&lang=pl","title":{"rendered":"Orlistat"},"content":{"rendered":"<p>Powszechne zastosowanie<br \/>\nOrlijohn jest inhibitorem lipazy, kt\u00f3ry pomaga schudn\u0105\u0107 i zapobiega nawrotom wagi. Orlijohn jest przepisywany osobom oty\u0142ym oraz osobom z nadwag\u0105, kt\u00f3re maj\u0105 inne problemy zdrowotne, takie jak cukrzyca, wysokie ci\u015bnienie krwi lub wysoki poziom cholesterolu. Orlijohn blokuje wch\u0142anianie t\u0142uszcz\u00f3w z po\u017cywienia do krwioobiegu, zmniejszaj\u0105c liczb\u0119 kalorii dostarczanych z posi\u0142ku. Aby uzyska\u0107 wi\u0119cej korzy\u015bci, mo\u017cesz stosowa\u0107 Orlijohn razem z diet\u0105 i \u0107wiczeniami. Pami\u0119taj te\u017c, \u017ce tak d\u0142ugo, jak b\u0119dziesz bra\u0107 lek, b\u0119dziesz otrzymywa\u0107 rezultaty.<br \/>\nDawkowanie i spos\u00f3b stosowania<br \/>\nPrzed u\u017cyciem skonsultuj si\u0119 z lekarzem. Nie stosowa\u0107 wi\u0119cej ni\u017c przepisano. Nale\u017cy go przyjmowa\u0107 doustnie, zazwyczaj trzy razy dziennie podczas (lub do godziny po) ka\u017cdym g\u0142\u00f3wnym posi\u0142ku zawieraj\u0105cym t\u0142uszcze. Aby zapewni\u0107 odpowiedni\u0105 poda\u017c, nale\u017cy przyjmowa\u0107 dodatek multiwitaminowy, w tym witaminy A, D, E i K. Dodatek nale\u017cy przyjmowa\u0107 co najmniej dwie godziny przed lub po za\u017cyciu tego leku, np. przed p\u00f3j\u015bciem spa\u0107.<br \/>\nZalecana dawka dla doros\u0142ych i dzieci poni\u017cej 12 lat to jedna kapsu\u0142ka 120 miligram\u00f3w 3 razy na dob\u0119.<br \/>\nUwaga: ta instrukcja zaprezentowane tutaj tylko do recenzji. Przed u\u017cyciem koniecznie skonsultuj si\u0119 z lekarzem. Pomo\u017ce Ci to uzyska\u0107 najlepsze rezultaty.<br \/>\n\u015arodki ostro\u017cno\u015bci<br \/>\nNie nale\u017cy stosowa\u0107 tego leku bez porady lekarza, je\u015bli cierpisz na przewlek\u0142y zesp\u00f3\u0142 z\u0142ego wch\u0142aniania lub problemy z p\u0119cherzykiem \u017c\u00f3\u0142ciowym. Nie nale\u017cy stosowa\u0107 leku Orlijohn, je\u015bli w wywiadzie stwierdzono kamienie nerkowe, anoreksj\u0119 lub bulimi\u0119, cukrzyc\u0119, przyjmowanie cyklosporyny lub jakikolwiek inny lek odchudzaj\u0105cy. Utrata masy cia\u0142a rozpoczyna si\u0119 w ci\u0105gu dw\u00f3ch tygodni i trwa latami. Skutki stosowania leku Orlijohn przez ponad 2 lata s\u0105 nadal nieznane. Je\u015bli pacjent choruje na cukrzyc\u0119, utrata masy cia\u0142a prawdopodobnie spowoduje zmniejszenie st\u0119\u017cenia cukru we krwi. Je\u015bli za\u017cywasz doustne leki przeciwcukrzycowe lub insulin\u0119, skonsultuj si\u0119 z lekarzem w sprawie dawkowania Orlijohnu. Orlijohnu nie nale\u017cy stosowa\u0107 w okresie ci\u0105\u017cy, zaj\u015bcia w ci\u0105\u017c\u0119 lub karmienia piersi\u0105. Nie stosowa\u0107 przed karmieniem piersi\u0105 bez zgody lekarza.<br \/>\nPrzeciwwskazania<br \/>\nOrlijohn jest przeciwwskazany w przypadku:<br \/>\nZ\u0142ego wch\u0142aniania<br \/>\nOgraniczenia czynno\u015bci p\u0119cherzyka \u017c\u00f3\u0142ciowego (np. po cholecystektomii)<br \/>\nCi\u0105\u017ca i karmienie piersi\u0105<br \/>\nNiekt\u00f3re choroby nerek<br \/>\nNale\u017cy pami\u0119ta\u0107, \u017ce bezpiecze\u0144stwo i skuteczno\u015b\u0107 Orlijohnu u dzieci m\u0142odszych ni\u017c 12 lat.<br \/>\nMo\u017cliwe skutki uboczne<br \/>\nMog\u0105 obejmowa\u0107 wszystkie typy reakcji alergicznych. Nale\u017cy natychmiast przerwa\u0107 stosowanie leku Orlijohn, je\u015bli u pacjenta wyst\u0105pi silny b\u00f3l w g\u00f3rnej cz\u0119\u015bci brzucha promieniuj\u0105cy do plec\u00f3w, nudno\u015bci i wymioty oraz szybkie bicie serca. Do najbardziej mo\u017cliwych skutk\u00f3w ubocznych zaliczaj\u0105 si\u0119:\t\u0142uste plamienie na bieli\u017anie;<br \/>\nbrudne lub t\u0142uste stolce;<br \/>\npomara\u0144czowy lub br\u0105zowy olej w stolcu;<br \/>\ngaz z wydzielin\u0105, t\u0142usta wydzielina;<br \/>\nlu\u017ane stolce lub pilna potrzeba p\u00f3j\u015bcia na spacer do \u0142azienki, niemo\u017cno\u015b\u0107 kontrolowania wypr\u00f3\u017cnie\u0144,<br \/>\nn zwi\u0119kszona liczba wypr\u00f3\u017cnie\u0144,<br \/>\nb\u00f3l \u017co\u0142\u0105dka, nudno\u015bci, wymioty, biegunka, b\u00f3l odbytnicy,<br \/>\nutrata apetytu, os\u0142abienie, gliniaste stolce, ciemny mocz, sw\u0119dzenie lub \u017c\u00f3\u0142taczka .<br \/>\nMniej powa\u017cne obejmuj\u0105:<br \/>\nproblemy z z\u0119bami lub dzi\u0105s\u0142ami;<br \/>\nobjawy przezi\u0119bienia, takie jak zatkany nos, kichanie, kaszel;<br \/>\ngor\u0105czka, dreszcze, b\u00f3l gard\u0142a, objawy grypy;<br \/>\nb\u00f3l g\u0142owy, b\u00f3l plec\u00f3w;<br \/>\n\u0142agodna wysypka sk\u00f3rna.<br \/>\nJe\u015bli u pacjenta wyst\u0105pi jeden z nich, nale\u017cy zaprzesta\u0107 stosowania leku Orlijohn i jak najszybciej powiedzie\u0107 o tym lekarzowi. Skonsultuj si\u0119 tak\u017ce ze swoim lekarzem w przypadku jakichkolwiek nietypowych skutk\u00f3w ubocznych.<br \/>\nInterakcje lek\u00f3w<br \/>\nOrlijohn wchodzi w interakcje z nast\u0119puj\u0105cymi lekami: Cyklosporyna i Warfaryna. Nale\u017cy r\u00f3wnie\u017c pami\u0119ta\u0107, \u017ce interakcja mi\u0119dzy dwoma lekami nie zawsze oznacza, \u017ce nale\u017cy przerwa\u0107 przyjmowanie jednego z nich. Jak zwykle wp\u0142ywa to na dzia\u0142anie lek\u00f3w, dlatego skonsultuj si\u0119 ze swoim lekarzem, w jaki spos\u00f3b nale\u017cy kontrolowa\u0107 lub nale\u017cy post\u0119powa\u0107 z interakcjami.<br \/>\nPomini\u0119ta dawka<br \/>\nJe\u015bli zapomnia\u0142e\u015b przyj\u0105\u0107 dawk\u0119 na czas, zr\u00f3b to jak najszybciej. Nie nale\u017cy jednak przyjmowa\u0107 leku, je\u015bli jest ju\u017c za p\u00f3\u017ano lub zbli\u017ca si\u0119 pora przyj\u0119cia kolejnej dawki. Nie zwi\u0119kszaj zalecanej dawki. Nale\u017cy przyj\u0105\u0107 zwykle stosowan\u0105 dawk\u0119 nast\u0119pnego dnia o tej samej porze.<br \/>\nPrzedawkowanie<br \/>\nObjawy przedawkowania Orlijohnu nie s\u0105 znane. Je\u015bli jednak wyst\u0105pi jeden z nietypowych objaw\u00f3w, natychmiast skontaktuj si\u0119 z lekarzem.<br \/>\nPrzechowywanie<br \/>\nPrzechowywa\u0107 w temperaturze pokojowej pomi\u0119dzy 20-25 C (68-77 F).<br \/>\nZastrze\u017cenie<br \/>\nPodajemy jedynie og\u00f3lne informacje o lekach, kt\u00f3re nie obejmuj\u0105 wszystkich wskaz\u00f3wek, to mo\u017cliwe integracje lek\u00f3w lub \u015brodki ostro\u017cno\u015bci. Informacje zawarte na stronie nie mog\u0105 by\u0107 wykorzystywane do samodzielnego leczenia i autodiagnozy. Wszelkie szczeg\u00f3\u0142owe instrukcje dla konkretnego pacjenta nale\u017cy uzgodni\u0107 z doradc\u0105 ds. opieki zdrowotnej lub lekarzem prowadz\u0105cym dany przypadek. Zrzekamy si\u0119 wiarygodno\u015bci tych informacji i b\u0142\u0119d\u00f3w, jakie mog\u0105 one zawiera\u0107. Nie ponosimy odpowiedzialno\u015bci za jakiekolwiek bezpo\u015brednie, po\u015brednie, szczeg\u00f3lne lub inne po\u015brednie szkody powsta\u0142e w wyniku wykorzystania informacji zawartych na tej stronie, a tak\u017ce za konsekwencje samoleczenia.<\/p>\n","protected":false},"excerpt":{"rendered":"<p>Orlijohn Generic jest inhibitorem lipazy, kt\u00f3ry pomaga w utracie wagi i zapobiega jej nawrotom.<\/p>\n","protected":false},"featured_media":8562,"comment_status":"open","ping_status":"closed","template":"","meta":[],"product_brand":[],"product_cat":[549],"product_tag":[],"class_list":{"0":"post-8592","1":"product","2":"type-product","3":"status-publish","4":"has-post-thumbnail","6":"product_cat-utrata-wagi-pl","7":"pa_active_substance-orlistat","9":"first","10":"instock","11":"shipping-taxable","12":"product-type-variable"},"jetpack_sharing_enabled":true,"_links":{"self":[{"href":"https:\/\/pharmacy-content.com\/index.php?rest_route=\/wp\/v2\/product\/8592","targetHints":{"allow":["GET"]}}],"collection":[{"href":"https:\/\/pharmacy-content.com\/index.php?rest_route=\/wp\/v2\/product"}],"about":[{"href":"https:\/\/pharmacy-content.com\/index.php?rest_route=\/wp\/v2\/types\/product"}],"replies":[{"embeddable":true,"href":"https:\/\/pharmacy-content.com\/index.php?rest_route=%2Fwp%2Fv2%2Fcomments&post=8592"}],"wp:featuredmedia":[{"embeddable":true,"href":"https:\/\/pharmacy-content.com\/index.php?rest_route=\/wp\/v2\/media\/8562"}],"wp:attachment":[{"href":"https:\/\/pharmacy-content.com\/index.php?rest_route=%2Fwp%2Fv2%2Fmedia&parent=8592"}],"wp:term":[{"taxonomy":"product_brand","embeddable":true,"href":"https:\/\/pharmacy-content.com\/index.php?rest_route=%2Fwp%2Fv2%2Fproduct_brand&post=8592"},{"taxonomy":"product_cat","embeddable":true,"href":"https:\/\/pharmacy-content.com\/index.php?rest_route=%2Fwp%2Fv2%2Fproduct_cat&post=8592"},{"taxonomy":"product_tag","embeddable":true,"href":"https:\/\/pharmacy-content.com\/index.php?rest_route=%2Fwp%2Fv2%2Fproduct_tag&post=8592"}],"curies":[{"name":"wp","href":"https:\/\/api.w.org\/{rel}","templated":true}]}}