{"id":8598,"date":"2026-04-22T07:10:14","date_gmt":"2026-04-22T07:10:14","guid":{"rendered":""},"modified":"2026-04-22T07:10:19","modified_gmt":"2026-04-22T07:10:19","slug":"orlistat-7","status":"publish","type":"product","link":"https:\/\/pharmacy-content.com\/?product=orlistat-7&lang=pt","title":{"rendered":"Orlistat"},"content":{"rendered":"<p>Uso comum<br \/>\nOrlijohn \u00e9 um inibidor da lipase usado para ajudar voc\u00ea a perder peso e tamb\u00e9m evitar que ele volte. Orlijohn \u00e9 prescrito para indiv\u00edduos obesos e para pessoas com sobrepeso que apresentam outros problemas de sa\u00fade, como diabetes, hipertens\u00e3o ou n\u00edveis elevados de colesterol. O Orlijohn bloqueia a absor\u00e7\u00e3o da gordura diet\u00e9tica na corrente sangu\u00ednea, reduzindo assim o n\u00famero de calorias que voc\u00ea obt\u00e9m em uma refei\u00e7\u00e3o. Voc\u00ea pode usar Orlijohn junto com dieta e exerc\u00edcios para obter mais benef\u00edcios. Observe tamb\u00e9m que, desde que voc\u00ea tome o medicamento, obter\u00e1 resultados.<br \/>\nDosagem e orienta\u00e7\u00e3o<br \/>\nConsulte seu m\u00e9dico antes de usar. N\u00e3o use mais do que o prescrito. Tome-o por via oral, geralmente tr\u00eas vezes ao dia durante (ou at\u00e9 uma hora depois) cada refei\u00e7\u00e3o principal que contenha gordura. Voc\u00ea deve tomar uma adi\u00e7\u00e3o multivitam\u00ednica, incluindo vitaminas A, D, E e K, para garantir um bom suprimento. A adi\u00e7\u00e3o deve ser tomada pelo menos duas horas antes ou depois de tomar este medicamento, como antes de dormir.<br \/>\nA dose recomendada para adultos e crian\u00e7as menores de 12 anos \u00e9 uma c\u00e1psula de 120 miligramas 3 vezes ao dia.<br \/>\nNota: esta instru\u00e7\u00e3o apresentado aqui apenas para revis\u00e3o. \u00c9 muito necess\u00e1rio consultar seu m\u00e9dico antes de usar. Ele ajuda voc\u00ea a obter melhores resultados.<br \/>\nPrecau\u00e7\u00f5es<br \/>\nN\u00e3o tome este medicamento sem orienta\u00e7\u00e3o m\u00e9dica se voc\u00ea tiver uma s\u00edndrome de m\u00e1 absor\u00e7\u00e3o cr\u00f4nica ou problemas de ves\u00edcula biliar. N\u00e3o use Orlijohn se seu hist\u00f3rico m\u00e9dico incluir pedras nos rins, tiver anorexia ou bulimia, tiver diabetes, tomar ciclosporina ou qualquer outro medicamento para perder peso. A perda de peso come\u00e7a dentro de duas semanas e continua por anos. O efeito do uso do Orlijohn por mais de 2 anos ainda \u00e9 desconhecido. Se voc\u00ea tem diabetes, \u00e9 prov\u00e1vel que a perda de peso reduza os n\u00edveis de a\u00e7\u00facar no sangue. Consulte o seu m\u00e9dico sobre a dosagem de Orlijohn se estiver tomando um medicamento oral para diabetes ou insulina. Orlijohn n\u00e3o deve ser usado durante a gravidez, durante a gravidez ou durante a amamenta\u00e7\u00e3o. N\u00e3o use antes da amamenta\u00e7\u00e3o sem a permiss\u00e3o do m\u00e9dico.<br \/>\nContra-indica\u00e7\u00f5es<br \/>\nO Orlijohn \u00e9 contra-indicado em:<br \/>\nM\u00e1 absor\u00e7\u00e3o<br \/>\nFun\u00e7\u00e3o reduzida da ves\u00edcula biliar (por exemplo, ap\u00f3s colecistectomia)<br \/>\nGravidez e amamenta\u00e7\u00e3o<br \/>\nCertos problemas renais<br \/>\nObserve que a seguran\u00e7a e efic\u00e1cia do Orlijohn em crian\u00e7as mais novas maiores de 12 anos n\u00e3o foram estabelecidos.<br \/>\nPoss\u00edveis efeitos colaterais<br \/>\nEles podem incluir todos os tipos de rea\u00e7\u00e3o al\u00e9rgica. Pare de tomar Orlijohn imediatamente se sentir dor intensa na parte superior do est\u00f4mago que se espalha para as costas, n\u00e1useas e v\u00f4mitos e batimento card\u00edaco acelerado. Al\u00e9m disso, os efeitos colaterais mais poss\u00edveis incluem: manchas oleosas nas roupas \u00edntimas; fezes oleosas ou gordurosas; \u00f3leo de cor laranja ou marrom nas fezes; gases com secre\u00e7\u00e3o, secre\u00e7\u00e3o oleosa; fezes amolecidas ou necessidade urgente de ir ao banheiro, incapacidade de controlar os movimentos intestinais;<br \/>\naumento do n\u00famero de evacua\u00e7\u00f5es;<br \/>\ndor de est\u00f4mago, n\u00e1useas, v\u00f4mitos, diarr\u00e9ia, dor retal;<br \/>\nperda de apetite, fraqueza, fezes cor de argila, urina escura, coceira ou icter\u00edcia .<br \/>\nMenos graves incluem:<br \/>\nproblemas com os dentes ou gengivas;<br \/>\nsintomas de resfriado, como nariz entupido, espirros, tosse;<br \/>\nfebre, calafrios, dor de garganta, sintomas de gripe;<br \/>\ndor de cabe\u00e7a, dor nas costas;<br \/>\nerup\u00e7\u00e3o cut\u00e2nea leve.<br \/>\nSe voc\u00ea tiver um deles, pare de usar Orlijohn e informe o seu m\u00e9dico o mais r\u00e1pido poss\u00edvel. Consulte tamb\u00e9m seu m\u00e9dico sobre qualquer efeito colateral que pare\u00e7a incomum.<br \/>\nIntera\u00e7\u00e3o medicamentosa<br \/>\nO Orlijohn interage com os seguintes medicamentos: Ciclosporina e Varfarina. Observe tamb\u00e9m que a intera\u00e7\u00e3o entre dois medicamentos nem sempre significa que voc\u00ea deve parar de tomar um deles. Como de costume, afeta o efeito dos medicamentos, por isso consulte o seu m\u00e9dico sobre como as intera\u00e7\u00f5es est\u00e3o sendo gerenciadas ou devem ser gerenciadas.<br \/>\nDose esquecida<br \/>\nSe voc\u00ea esqueceu de tomar a dose a tempo, tome-o assim que lembrar. Mas n\u00e3o tome se for tarde demais ou estiver quase na hora da pr\u00f3xima dose. N\u00e3o aumente a dose recomendada. Tome a sua dose habitual no dia seguinte, \u00e0 mesma hora habitual.<br \/>\nSobredosagem<br \/>\nOs sintomas de sobredosagem com Orlijohn n\u00e3o s\u00e3o conhecidos. Mas se voc\u00ea sentir algum dos sintomas incomuns, ligue para seu m\u00e9dico imediatamente.<br \/>\nArmazenamento<br \/>\nArmazene em temperatura ambiente entre 20-25 C (68-77 F).<br \/>\nIsen\u00e7\u00e3o de responsabilidade<br \/>\nFornecemos apenas informa\u00e7\u00f5es gerais sobre medicamentos que n\u00e3o cobrem todas as instru\u00e7\u00f5es, poss\u00edveis integra\u00e7\u00f5es de medicamentos ou precau\u00e7\u00f5es. As informa\u00e7\u00f5es do site n\u00e3o podem ser utilizadas para autotratamento e autodiagn\u00f3stico. Quaisquer instru\u00e7\u00f5es espec\u00edficas para um determinado paciente devem ser acordadas com o seu conselheiro de sa\u00fade ou m\u00e9dico respons\u00e1vel pelo caso. N\u00f3s nos isentamos da confiabilidade dessas informa\u00e7\u00f5es e dos erros que elas possam conter. N\u00e3o nos responsabilizamos por quaisquer danos diretos, indiretos, especiais ou outros danos indiretos resultantes de qualquer uso das informa\u00e7\u00f5es deste site e tamb\u00e9m pelas consequ\u00eancias do autotratamento.<\/p>\n","protected":false},"excerpt":{"rendered":"<p>Orlijohn Generic \u00e9 um inibidor da lipase usado para ajudar voc\u00ea a perder peso e tamb\u00e9m evitar que ele retorne.<\/p>\n","protected":false},"featured_media":8562,"comment_status":"open","ping_status":"closed","template":"","meta":[],"product_brand":[],"product_cat":[552],"product_tag":[],"class_list":{"0":"post-8598","1":"product","2":"type-product","3":"status-publish","4":"has-post-thumbnail","6":"product_cat-perda-de-peso-pt","7":"pa_active_substance-orlistat","9":"first","10":"instock","11":"shipping-taxable","12":"product-type-variable"},"jetpack_sharing_enabled":true,"_links":{"self":[{"href":"https:\/\/pharmacy-content.com\/index.php?rest_route=\/wp\/v2\/product\/8598","targetHints":{"allow":["GET"]}}],"collection":[{"href":"https:\/\/pharmacy-content.com\/index.php?rest_route=\/wp\/v2\/product"}],"about":[{"href":"https:\/\/pharmacy-content.com\/index.php?rest_route=\/wp\/v2\/types\/product"}],"replies":[{"embeddable":true,"href":"https:\/\/pharmacy-content.com\/index.php?rest_route=%2Fwp%2Fv2%2Fcomments&post=8598"}],"wp:featuredmedia":[{"embeddable":true,"href":"https:\/\/pharmacy-content.com\/index.php?rest_route=\/wp\/v2\/media\/8562"}],"wp:attachment":[{"href":"https:\/\/pharmacy-content.com\/index.php?rest_route=%2Fwp%2Fv2%2Fmedia&parent=8598"}],"wp:term":[{"taxonomy":"product_brand","embeddable":true,"href":"https:\/\/pharmacy-content.com\/index.php?rest_route=%2Fwp%2Fv2%2Fproduct_brand&post=8598"},{"taxonomy":"product_cat","embeddable":true,"href":"https:\/\/pharmacy-content.com\/index.php?rest_route=%2Fwp%2Fv2%2Fproduct_cat&post=8598"},{"taxonomy":"product_tag","embeddable":true,"href":"https:\/\/pharmacy-content.com\/index.php?rest_route=%2Fwp%2Fv2%2Fproduct_tag&post=8598"}],"curies":[{"name":"wp","href":"https:\/\/api.w.org\/{rel}","templated":true}]}}