{"id":8604,"date":"2026-04-22T07:10:14","date_gmt":"2026-04-22T07:10:14","guid":{"rendered":""},"modified":"2026-04-22T07:10:19","modified_gmt":"2026-04-22T07:10:19","slug":"orlistat-8","status":"publish","type":"product","link":"https:\/\/pharmacy-content.com\/?product=orlistat-8&lang=sv","title":{"rendered":"Orlistat"},"content":{"rendered":"<p>Vanlig anv\u00e4ndning<br \/>\nOrlijohn \u00e4r en lipash\u00e4mmare som anv\u00e4nds f\u00f6r att hj\u00e4lpa dig att g\u00e5 ner i vikt och \u00e4ven f\u00f6rhindra att den kommer tillbaka. Orlijohn ordineras f\u00f6r \u00f6verviktiga personer och f\u00f6r \u00f6verviktiga personer som har andra h\u00e4lsoproblem som diabetes, h\u00f6gt blodtryck eller h\u00f6ga kolesterolv\u00e4rden. Orlijohn blockerar absorptionen av dietfett i blodomloppet, d\u00e4r genom att minska antalet kalorier du f\u00e5r fr\u00e5n en m\u00e5ltid. Du kan anv\u00e4nda Orlijohn tillsammans med kost och tr\u00e4ning f\u00f6r att f\u00e5 fler f\u00f6rdelar. Observera ocks\u00e5 att s\u00e5 l\u00e4nge du tar l\u00e4kemedlet f\u00e5r du resultat.<br \/>\nDosering och anvisning<br \/>\nKonsultera din l\u00e4kare innan du anv\u00e4nder den. Anv\u00e4nd inte mer \u00e4n vad som f\u00f6reskrivs. Ta det oralt, vanligtvis tre g\u00e5nger dagligen under (eller upp till en timme efter) varje huvudm\u00e5ltid som inneh\u00e5ller fett. Du b\u00f6r ta ett multivitamintillskott inklusive vitamin A, D, E och K f\u00f6r att s\u00e4kerst\u00e4lla god tillg\u00e5ng. Till\u00e4gget b\u00f6r tas minst tv\u00e5 timmar f\u00f6re eller efter att du tagit denna medicin, till exempel innan du g\u00e5r och l\u00e4gger dig.<br \/>\nDen rekommenderade dosen f\u00f6r vuxna och barn under 12 \u00e5r \u00e4r en 120 milligram kapsel 3 g\u00e5nger dagligen.<br \/>\nObs: denna instruktion presenteras h\u00e4r bara f\u00f6r granskning. Det \u00e4r mycket n\u00f6dv\u00e4ndigt att r\u00e5dg\u00f6ra med din l\u00e4kare innan du anv\u00e4nder. Det hj\u00e4lper dig att f\u00e5 b\u00e4sta resultat.<br \/>\nF\u00f6rsiktighets\u00e5tg\u00e4rder<br \/>\nTa inte denna medicin utan l\u00e4kares r\u00e5d om du har ett kroniskt malabsorptionssyndrom eller problem med gallbl\u00e5san. Anv\u00e4nd inte Orlijohn om din medicinska historia inkluderar njursten, har anorexi eller bulimi, har diabetes, tar ciklosporin eller tar n\u00e5gon annan viktminskningsmedicin. Viktminskning b\u00f6rjar inom tv\u00e5 veckor och forts\u00e4tter i flera \u00e5r. Effekten av att anv\u00e4nda Orlijohn i mer \u00e4n 2 \u00e5r \u00e4r fortfarande ok\u00e4nd. Om du har diabetes kommer viktminskning sannolikt att minska dina blodsockerniv\u00e5er. R\u00e5dg\u00f6r med din l\u00e4kare om doseringen av Orlijohn om du tar en oral diabetesmedicin eller insulin. Orlijohn ska inte anv\u00e4ndas under graviditet, under graviditet eller amning. Anv\u00e4nd inte f\u00f6re amning utan l\u00e4kares till\u00e5telse.<br \/>\nKontraindikationer<br \/>\nOrlijohn \u00e4r kontraindicerat vid:<br \/>\nMalabsorption<br \/>\nReducerad gallbl\u00e5sans funktion (t.ex. efter kolecystektomi)<br \/>\nGraviditet och amning<br \/>\nVissa njurproblem<br \/>\nObservera att s\u00e4kerheten och effekten hos barn \u00e4n 12 \u00e5r har inte fastst\u00e4llts.<br \/>\nM\u00f6jliga biverkningar<br \/>\nDe kan innefatta alla typer av allergiska reaktioner. Sluta ta Orlijohn omedelbart om du har sv\u00e5r sm\u00e4rta i \u00f6vre delen av magen som sprider sig till ryggen, illam\u00e5ende och kr\u00e4kningar och en snabb puls. De mest m\u00f6jliga biverkningarna inkluderar ocks\u00e5:<br \/>\noolriga fl\u00e4ckar i underkl\u00e4derna;<br \/>\nbr\u00e5kig eller fet avf\u00f6ring;<br \/>\norange eller brunf\u00e4rgad olja i avf\u00f6ringen;<br \/>\ngas med flytningar, oljiga flytningar;<br \/>\nl\u00f6s avf\u00f6ring eller ett akut behov av att g\u00e5 till badrummet, of\u00f6rm\u00e5ga att kontrollera tarmr\u00f6relser;<br \/>\nan \u00f6kat antal tarmr\u00f6relser;<br \/>\nmagsm\u00e4rtor, illam\u00e5ende, kr\u00e4kningar, diarr\u00e9, \u00e4ndtarmssm\u00e4rta;<br \/>\naptitl\u00f6shet, svaghet, lerf\u00e4rgad avf\u00f6ring, m\u00f6rk urin, kl\u00e5da eller gulsot .<br \/>\nMindre allvarliga inkluderar:<br \/>\nproblem med dina t\u00e4nder eller tandk\u00f6tt;<br \/>\nf\u00f6rkylningssymtom som t\u00e4ppt n\u00e4sa, nysningar, hosta;<br \/>\nfeber, frossa, halsont, influensasymptom;<br \/>\nhuvudv\u00e4rk, ryggsm\u00e4rtor;<br \/>\nmilda hudutslag.<br \/>\nOm du upplever att en av dem slutar anv\u00e4nda Orlijohn och ber\u00e4tta f\u00f6r din l\u00e4kare s\u00e5 snart som m\u00f6jligt. R\u00e5dg\u00f6r ocks\u00e5 med din l\u00e4kare om eventuella biverkningar som verkar ovanliga.<br \/>\nL\u00e4kemedelsinteraktion<br \/>\nOrlijohn interagerar med f\u00f6ljande l\u00e4kemedel: Cyklosporin och Warfarin. Observera ocks\u00e5 att interaktion mellan tv\u00e5 mediciner inte alltid inneb\u00e4r att du m\u00e5ste sluta ta en av dem. Som vanligt p\u00e5verkar det effekten av l\u00e4kemedel, s\u00e5 r\u00e5dg\u00f6r med din l\u00e4kare om hur interaktionerna hanteras eller b\u00f6r hanteras.<br \/>\nMissad dos<br \/>\nOm du har gl\u00f6mt att ta din dos i tid, v\u00e4nligen g\u00f6r det s\u00e5 snart du kommer ih\u00e5g det. Men ta inte om det \u00e4r f\u00f6r sent eller n\u00e4stan dags f\u00f6r din n\u00e4sta dos. \u00d6ka inte din rekommenderade dos. Ta din vanliga dos n\u00e4sta dag vid samma regelbundna tid.<br \/>\n\u00d6verdosering<br \/>\nSymtom p\u00e5 \u00f6verdosering av Orlijohn \u00e4r inte k\u00e4nda. Men om du upplever n\u00e5got av ovanliga symtom, kontakta din l\u00e4kare omedelbart.<br \/>\nF\u00f6rvaring<br \/>\nF\u00f6rvara i rumstemperatur mellan 20-25 C (68-77 F).<br \/>\nAnsvarsfriskrivning<br \/>\nVi tillhandah\u00e5ller endast allm\u00e4n information om mediciner som inte t\u00e4cker alla riktningar, ev. l\u00e4kemedelsintegrationer eller f\u00f6rsiktighets\u00e5tg\u00e4rder. Information p\u00e5 webbplatsen kan inte anv\u00e4ndas f\u00f6r sj\u00e4lvbehandling och sj\u00e4lvdiagnos. Eventuella specifika instruktioner f\u00f6r en viss patient b\u00f6r \u00f6verenskommas med din h\u00e4lsor\u00e5dgivare eller l\u00e4kare som \u00e4r ansvarig f\u00f6r \u00e4rendet. Vi fr\u00e5ns\u00e4ger oss tillf\u00f6rlitligheten av denna information och misstag den kan inneh\u00e5lla. Vi ansvarar inte f\u00f6r n\u00e5gra direkta, indirekta, speciella eller andra indirekta skador till f\u00f6ljd av n\u00e5gon anv\u00e4ndning av informationen p\u00e5 denna webbplats och \u00e4ven f\u00f6r konsekvenser av egenbehandling.<\/p>\n","protected":false},"excerpt":{"rendered":"<p>Orlijohn Generic \u00e4r en lipasinhibitor som anv\u00e4nds f\u00f6r att hj\u00e4lpa dig att g\u00e5 ner i vikt och \u00e4ven f\u00f6rhindra att den kommer tillbaka.<\/p>\n","protected":false},"featured_media":8562,"comment_status":"open","ping_status":"closed","template":"","meta":[],"product_brand":[],"product_cat":[555],"product_tag":[],"class_list":{"0":"post-8604","1":"product","2":"type-product","3":"status-publish","4":"has-post-thumbnail","6":"product_cat-kupoteza-uzito-sv","7":"pa_active_substance-orlistat","9":"first","10":"instock","11":"shipping-taxable","12":"product-type-variable"},"jetpack_sharing_enabled":true,"_links":{"self":[{"href":"https:\/\/pharmacy-content.com\/index.php?rest_route=\/wp\/v2\/product\/8604","targetHints":{"allow":["GET"]}}],"collection":[{"href":"https:\/\/pharmacy-content.com\/index.php?rest_route=\/wp\/v2\/product"}],"about":[{"href":"https:\/\/pharmacy-content.com\/index.php?rest_route=\/wp\/v2\/types\/product"}],"replies":[{"embeddable":true,"href":"https:\/\/pharmacy-content.com\/index.php?rest_route=%2Fwp%2Fv2%2Fcomments&post=8604"}],"wp:featuredmedia":[{"embeddable":true,"href":"https:\/\/pharmacy-content.com\/index.php?rest_route=\/wp\/v2\/media\/8562"}],"wp:attachment":[{"href":"https:\/\/pharmacy-content.com\/index.php?rest_route=%2Fwp%2Fv2%2Fmedia&parent=8604"}],"wp:term":[{"taxonomy":"product_brand","embeddable":true,"href":"https:\/\/pharmacy-content.com\/index.php?rest_route=%2Fwp%2Fv2%2Fproduct_brand&post=8604"},{"taxonomy":"product_cat","embeddable":true,"href":"https:\/\/pharmacy-content.com\/index.php?rest_route=%2Fwp%2Fv2%2Fproduct_cat&post=8604"},{"taxonomy":"product_tag","embeddable":true,"href":"https:\/\/pharmacy-content.com\/index.php?rest_route=%2Fwp%2Fv2%2Fproduct_tag&post=8604"}],"curies":[{"name":"wp","href":"https:\/\/api.w.org\/{rel}","templated":true}]}}