{"id":8634,"date":"2026-04-22T07:10:25","date_gmt":"2026-04-22T07:10:25","guid":{"rendered":""},"modified":"2026-04-22T07:10:40","modified_gmt":"2026-04-22T07:10:40","slug":"diflucan-2","status":"publish","type":"product","link":"https:\/\/pharmacy-content.com\/?product=diflucan-2&lang=de","title":{"rendered":"Diflucan"},"content":{"rendered":"<p>Allgemeine Anwendung<br \/>\nDiflucan geh\u00f6rt zu einer Klasse nichtsteroidaler entz\u00fcndungshemmender Arzneimittel (NSAIDs). Dieses Medikament wird zur Linderung von Entz\u00fcndungen und als Analgetikum zur Schmerzlinderung bei Erkrankungen wie Arthritis oder akuten Verletzungen eingesetzt. Es kann auch zur Linderung von Menstruationsbeschwerden und Dysmenorrhoe eingesetzt werden.<br \/>\nDosierung und Anwendung<br \/>\nNehmen Sie Voltaren oral mit einem Glas Wasser ein, unabh\u00e4ngig von den Mahlzeiten. Vermeiden Sie es, dieses Arzneimittel zu schneiden, zu zerdr\u00fccken oder zu kauen.<br \/>\nNehmen Sie das Arzneimittel nicht h\u00e4ufiger als verordnet ein. Brechen Sie die Einnahme nicht ab, au\u00dfer auf Anraten Ihres Arztes.<br \/>\nEs kann einige Zeit dauern, bis das Arzneimittel wirkt.<br \/>\nFragen Sie Ihren Arzt bez\u00fcglich der richtigen Dosis f\u00fcr Sie.<br \/>\nVorsichtsma\u00dfnahmen<br \/>\nBevor Sie Voltarol einnehmen, informieren Sie Ihren Arzt oder Apotheker, wenn Sie dies w\u00fcnschen darauf allergisch sind oder andere Allergien haben.<br \/>\nVoltaren kann wie andere NSAIDs die Ausscheidung von Natrium und Lithium hemmen. Seien Sie vorsichtig, wenn Sie dieses Medikament zusammen mit Lithiumpr\u00e4paraten anwenden.<br \/>\nVermeiden Sie Alkohol und Rauchen, w\u00e4hrend Sie mit diesem Medikament behandelt werden.<br \/>\n\u00c4ltere Menschen k\u00f6nnen empfindlicher auf Nebenwirkungen des Medikaments reagieren.<br \/>\nInformieren Sie Ihren Arzt, wenn Sie an der Parkinson-Krankheit, Nieren- oder Parkinson-Krankheit leiden Lebererkrankung, Bluthochdruck oder wenn Sie schwanger sind oder stillen.<br \/>\nGegenanzeigen<br \/>\nVoltaren sollte nicht von Patienten mit natriumempfindlicher Hypertonie sowie von Patienten angewendet werden, die eine \u00dcberempfindlichkeitsreaktion darauf gezeigt haben.<br \/>\nM\u00f6gliche Nebenwirkung<br \/>\nDie Die h\u00e4ufigsten Nebenwirkungen sind Mundtrockenheit, Schwindel, Reizbarkeit, Sedierung, Schlaflosigkeit, Harnverhalt usw.<br \/>\n Allgemeine Anwendung<br \/>\nDiflucan ist ein antimykotisches Antibiotikum, das zur Behandlung von Pilzinfektionen namens Candidiasis eingesetzt wird. Dieses Medikament wird zur Behandlung von Infektionen wie Vaginal-, Rachen- und Pilzinfektionen, Infektionen der Harnwege, Bauchfellentz\u00fcndung und Lungenentz\u00fcndung verschrieben. Diflucan wirkt, indem es empfindliche Pilze abt\u00f6tet, indem es die Bildung der Pilzzellmembran st\u00f6rt.<br \/>\nDosierung und Anwendung<br \/>\nNehmen Sie es einmal t\u00e4glich oral mit oder ohne Nahrung mithilfe des Messl\u00f6ffels ein. Wenn Sie das beste Ergebnis erzielen m\u00f6chten, nehmen Sie es jeden Tag zur gleichen Zeit mit einem vollen Glas Wasser ein. Mit Diflucan f\u00fchlen Sie sich nach 24 Stunden besser. Ihre Beschwerden verschwinden jedoch bereits nach wenigen Tagen vollst\u00e4ndig. Wenn sich Ihr Gesundheitszustand nach einigen Tagen nicht ver\u00e4ndert, wenden Sie sich sofort an Ihren Arzt.<br \/>\nDie Dosierung f\u00fcr Erwachsene variiert je nach Art der Infektion und besteht aus:<br \/>\n1) Genitalsoor \u2013 150 mg als Einzeldosis<br \/>\n2) Schleimhautsoor \u2013 Die Dosis h\u00e4ngt davon ab, wo sich die Infektion befindet, 50 mg einmal t\u00e4glich im Laufe des Monats.<br \/>\n3) Hautpilzinfektionen \u2013 50 mg einmal t\u00e4glich f\u00fcr 2\u20134 Wochen;<br \/>\n4) Innere Pilzinfektionen \u2013 400 mg am ersten Tag, dann 200\u2013400 mg einmal t\u00e4glich f\u00fcr 6\u20138 Wochen oder bei Bedarf l\u00e4nger.<br \/>\n5) Zur Vorbeugung von Pilzinfektionen \u2013 50\u2013400 mg einmal t\u00e4glich, solange das Risiko einer Infektion besteht;<br \/>\n6) Um zu verhindern, dass eine durch Cryptococcus verursachte Infektion erneut auftritt \u2013 100 -200 mg einmal t\u00e4glich auf unbestimmte Zeit<br \/>\nDie Dosierung f\u00fcr Kinder im Alter von 4 Wochen bis 15 Jahren variiert auch je nach Art der Infektion und besteht aus:<br \/>\n1) Schleimhautinfektionen \u2013 3 mg\/kg einmal t\u00e4glich;<br \/>\n2) Interne Pilzinfektionen \u2013 6\u201312 mg\/kg einmal t\u00e4glich;<br \/>\n3) Vorbeugung von Pilzinfektionen \u2013 3\u201312 mg\/kg einmal t\u00e4glich, wenn das Risiko einer Infektion besteht.<br \/>\nF\u00fcr Kinder im Alter von 2\u20134 Wochen gilt die gleiche Dosis wie oben, jedoch einmal alle 2 Tage, mit eine H\u00f6chstdosis von 12 mg\/kg alle 2 Tage.<br \/>\nF\u00fcr Kinder unter 2 Wochen gilt die gleiche Dosis wie oben, jedoch einmal alle 3 Tage. Geben Sie nicht mehr als 12 mg\/kg alle 3 Tage.<br \/>\nHinweis: Diese Anleitung dient hier nur zur Durchsicht. Es ist unbedingt erforderlich, vor der Anwendung Ihren Arzt zu konsultieren. Es hilft Ihnen, die besten Ergebnisse zu erzielen.<br \/>\nVorsichtsma\u00dfnahmen<br \/>\nBei vaginalen Hefepilzinfektionen verschreiben \u00c4rzte normalerweise eine Einzeldosis Diflucan. Wenn sich die Hefepilzinfektion nach 5 Tagen nicht bessert, wenden Sie sich schnellstm\u00f6glich an Ihren Arzt. Seien Sie vorsichtig mit diesem Medikament, wenn in Ihrer Krankengeschichte eine Leber- oder Nierenerkrankung vorkommt. Auch wenn es selten vorkommt, kann dieses Medikament zu Schwindelgef\u00fchlen f\u00fchren. Seien Sie daher beim Fahren oder Bedienen von Maschinen aufmerksamer. Begrenzen Sie den Alkoholkonsum. Diflucan sollte w\u00e4hrend der Schwangerschaft, Schwangerschaft oder Stillzeit nicht ohne \u00e4rztlichen Rat eingenommen werden. Verwenden Sie es nicht vor dem Stillen ohne \u00e4rztlichen Rat.<br \/>\nGegenanzeigen<br \/>\nDiflucan ist nicht f\u00fcr Personen geeignet, die \u00fcberempfindlich gegen Fluconazol oder andere antimykotische Azolpr\u00e4parate, z. B. Clotrimazol, Ketoconazol, Itraconazol und andere, sind. Au\u00dferdem ist Diflucan kontraindiziert bei:<br \/>\n&#8211; Nieren- und Lebererkrankungen;<br \/>\n&#8211; Herz-Kreislauf-Erkrankungen, einschlie\u00dflich Herzerkrankungen (Herzfrequenz- oder Rhythmusst\u00f6rungen);<br \/>\n&#8211; niedrige Blutspiegel von Kalzium, Magnesium oder Kalium.<br \/>\nM\u00f6gliche Nebenwirkungen<br \/>\nSie k\u00f6nnen eine allergische Reaktion umfassen: Nesselsucht; Schwierigkeiten beim Atmen; Schwellung Ihres Gesichts, Ihrer Lippen, Ihrer Zunge oder Ihres Rachens. Zu den m\u00f6glichen Nebenwirkungen geh\u00f6ren au\u00dferdem:<br \/>\n&#8211; \u00dcbelkeit, Magenschmerzen, niedriges Fieber, Appetitlosigkeit, dunkler Urin, lehmfarbener Stuhl, Gelbsucht (Gelbf\u00e4rbung der Haut oder Augen);<br \/>\n&#8211; Fieber, Sch\u00fcttelfrost, K\u00f6rper Schmerzen, Grippesymptome;<br \/>\n&#8211; Starke Blasenbildung, Peeling und roter Hautausschlag;<br \/>\n&#8211; Leichte Bluterg\u00fcsse oder Blutungen, ungew\u00f6hnliche Schw\u00e4che; oder<br \/>\n&#8211; Anf\u00e4lle (Kr\u00e4mpfe).<br \/>\nZu den weniger schwerwiegenden Nebenwirkungen geh\u00f6ren:<br \/>\n&#8211; Leichte \u00dcbelkeit, Erbrechen, Durchfall oder Magenbeschwerden;<br \/>\n&#8211; Kopfschmerzen;<br \/>\n&#8211; Schwindelgef\u00fchle;<br \/>\n&#8211; Ungew\u00f6hnlicher oder unangenehmer Geschmack in Ihrem Magen Mund; oder<br \/>\n&#8211; Hautausschlag oder Juckreiz.<br \/>\nWenn Sie eines davon bemerken, beenden Sie die Anwendung von Diflucan und informieren Sie so bald wie m\u00f6glich Ihren Arzt. Konsultieren Sie au\u00dferdem Ihren Arzt, wenn Sie ungew\u00f6hnliche Nebenwirkungen bemerken.<br \/>\nArzneimittelwechselwirkung<br \/>\nDiflucan interagiert mit Medikamenten wie:<br \/>\n&#8211; einem Blutverd\u00fcnner wie Warfarin (Coumadin)<br \/>\n&#8211; Cyclosporin (Gengraf, Sandimmune, Neoral);<br \/>\n&#8211; Ein orales Diabetes-Medikament wie Glipizid (Glucotrol), Glyburid (Diabeta, Micronase, Glynase), Tolbutamid (Orinase), Tolazamid (Tolinase), Chlorpropamid (Diabinese) und andere;<br \/>\n&#8211; Rifabutin (Mycobutin) oder Rifampin ( Rifadin, Rifater, Rifamate, Rimactane);<br \/>\n&#8211; Ein Beruhigungsmittel wie Diazepam (Valium), Lorazepam (Ativan), Alprazolam (Xanax) oder Midazolam (Versed);<br \/>\n&#8211; Anfallsmedikamente wie Phenytoin (Dilantin) oder Valproins\u00e4ure S\u00e4ure (Depakene);<br \/>\n&#8211; Tacrolimus (Prograf);<br \/>\n&#8211; Theophyllin (Theo-Dur, Theolair, Theochron, Elixophyllin, Slo-Phyllin, andere).<br \/>\nBeachten Sie au\u00dferdem, dass die Wechselwirkung zwischen zwei Medikamenten dies nicht immer bedeutet Sie m\u00fcssen die Einnahme eines davon abbrechen. Wie \u00fcblich beeinflusst es die Wirkung von Medikamenten. Besprechen Sie daher mit Ihrem Arzt, wie mit diesen Wechselwirkungen umgegangen wird oder umgegangen werden sollte.<br \/>\nVerpasste Dosis<br \/>\nWenn Sie vergessen haben, Ihre Dosis rechtzeitig einzunehmen, tun Sie dies bitte nach, sobald Sie daran denken. Nehmen Sie es jedoch nicht ein, wenn es zu sp\u00e4t oder fast Zeit f\u00fcr die n\u00e4chste Dosis ist. Nehmen Sie keine doppelten oder zus\u00e4tzlichen Dosen ein. Nehmen Sie Ihre \u00fcbliche Dosis am n\u00e4chsten Tag zur gleichen regul\u00e4ren Zeit ein.<br \/>\n\u00dcberdosierung<br \/>\nSymptome einer Diflucan-\u00dcberdosierung k\u00f6nnen Verwirrung oder ungew\u00f6hnliche Gedanken oder Verhaltensweisen sein. Wenn eines dieser Symptome bei Ihnen auftritt, rufen Sie sofort Ihren Arzt an.<br \/>\nLagerung<br \/>\nBei einer Raumtemperatur zwischen 15 und 25 \u00b0C (59\u201377 \u00b0F) lagern, fern von Licht und Feuchtigkeit, Kindern und Haustieren. Nach Ablauf des Verfallsdatums nicht mehr verwenden.<br \/>\nHaftungsausschluss<br \/>\nWir stellen nur allgemeine Informationen zu Medikamenten zur Verf\u00fcgung, die nicht alle Anweisungen, m\u00f6gliche Wechselwirkungen mit anderen Medikamenten oder Vorsichtsma\u00dfnahmen abdecken. Die Informationen auf der Website k\u00f6nnen nicht zur Selbstbehandlung und Selbstdiagnose verwendet werden. Spezifische Anweisungen f\u00fcr einen bestimmten Patienten sollten mit Ihrem Gesundheitsberater oder dem f\u00fcr den Fall zust\u00e4ndigen Arzt vereinbart werden. Wir lehnen die Zuverl\u00e4ssigkeit dieser Informationen und etwaige darin enthaltene Fehler ab. Wir haften nicht f\u00fcr direkte, indirekte, besondere oder sonstige indirekte Sch\u00e4den, die sich aus der Nutzung der Informationen auf dieser Website ergeben und auch nicht f\u00fcr Folgen der Selbstbehandlung.<\/p>\n","protected":false},"excerpt":{"rendered":"<p>Diflucan Generic ist ein antimykotisches Antibiotikum, das zur Behandlung von Candidiasis in verschiedenen Organen verwendet wird, einschlie\u00dflich des Genitalbereichs.<\/p>\n","protected":false},"featured_media":8623,"comment_status":"open","ping_status":"closed","template":"","meta":[],"product_brand":[],"product_cat":[567],"product_tag":[],"class_list":{"0":"post-8634","1":"product","2":"type-product","3":"status-publish","4":"has-post-thumbnail","6":"product_cat-frauengesundheit-de","7":"pa_active_substance-fluconazole","9":"first","10":"instock","11":"shipping-taxable","12":"product-type-variable"},"jetpack_sharing_enabled":true,"_links":{"self":[{"href":"https:\/\/pharmacy-content.com\/index.php?rest_route=\/wp\/v2\/product\/8634","targetHints":{"allow":["GET"]}}],"collection":[{"href":"https:\/\/pharmacy-content.com\/index.php?rest_route=\/wp\/v2\/product"}],"about":[{"href":"https:\/\/pharmacy-content.com\/index.php?rest_route=\/wp\/v2\/types\/product"}],"replies":[{"embeddable":true,"href":"https:\/\/pharmacy-content.com\/index.php?rest_route=%2Fwp%2Fv2%2Fcomments&post=8634"}],"wp:featuredmedia":[{"embeddable":true,"href":"https:\/\/pharmacy-content.com\/index.php?rest_route=\/wp\/v2\/media\/8623"}],"wp:attachment":[{"href":"https:\/\/pharmacy-content.com\/index.php?rest_route=%2Fwp%2Fv2%2Fmedia&parent=8634"}],"wp:term":[{"taxonomy":"product_brand","embeddable":true,"href":"https:\/\/pharmacy-content.com\/index.php?rest_route=%2Fwp%2Fv2%2Fproduct_brand&post=8634"},{"taxonomy":"product_cat","embeddable":true,"href":"https:\/\/pharmacy-content.com\/index.php?rest_route=%2Fwp%2Fv2%2Fproduct_cat&post=8634"},{"taxonomy":"product_tag","embeddable":true,"href":"https:\/\/pharmacy-content.com\/index.php?rest_route=%2Fwp%2Fv2%2Fproduct_tag&post=8634"}],"curies":[{"name":"wp","href":"https:\/\/api.w.org\/{rel}","templated":true}]}}