{"id":8667,"date":"2026-04-22T07:10:29","date_gmt":"2026-04-22T07:10:29","guid":{"rendered":""},"modified":"2026-04-22T07:10:40","modified_gmt":"2026-04-22T07:10:40","slug":"diflucan-5","status":"publish","type":"product","link":"https:\/\/pharmacy-content.com\/?product=diflucan-5&lang=es","title":{"rendered":"Diflucan"},"content":{"rendered":"<p>Propiedades<\/p>\n<p>El Diflucan es un antibi\u00f3tico antimic\u00f3tico que se emplea en el tratamiento de las infecciones f\u00fangicas llamadas candidiasis. Esta medicaci\u00f3n se prescribe para el tratamiento de tales tipos de contagio como las infecciones vaginales, gl\u00f3ticas y f\u00fangicas, las infecciones del tracto urinario, la peritonitis, y la pulmon\u00eda. El Diflucan act\u00faa eliminando los hongos susceptibles por intervenir en la formaci\u00f3n de la membrana celular del hongo.<\/p>\n<p>Posolog\u00eda y m\u00e9todo de administraci\u00f3n<\/p>\n<p>T\u00f3melo una vez por d\u00eda, con comidas o en ayunas utilizando la cucharadita de dosificaci\u00f3n. T\u00f3melo con un vaso lleno de agua a la misma hora cada d\u00eda para alcanzar el mejor resultado. Diflucan puede hacerle sentir major durante las pr\u00f3ximas 24 horas. Sin embargo, los s\u00edntomas tardar\u00e1n unos cuantos d\u00edas en quitarle completamente. Si no se observa ning\u00fan cambio del estado de salud, pasados unos d\u00edas, de inmediato consulte a su m\u00e9dico.<br \/>\nPosolog\u00eda para los adultos se var\u00eda seg\u00fan el tipo de la infecci\u00f3n y prescribe:<br \/>\n1) Aftas genitals \u2013 150mg en una sola dosis<br \/>\n2) Aftas mucosas \u2013 la dosificaci\u00f3n depender\u00e1 del lugar de la presencia de la infecci\u00f3n, 50mg una vez por d\u00eda durante el mes.<br \/>\n3) Infecciones f\u00fangicas de la piel \u2013 50mg una vez por d\u00eda durante 2-4 semanas;<br \/>\n4) Infecciones f\u00fangicas interiores 400mg el primer d\u00eda, luego 200-400mg una vez por d\u00eda durante 6-8 semanas o m\u00e1s tiempo si se necesita.<br \/>\n5) Prevenci\u00f3n del contagio con las infecciones f\u00fangicas \u2013 50-400mg una vez por d\u00eda todo el per\u00edodo cuando le existe un peligro de captar una infecci\u00f3n;<br \/>\n6) Para prevenir el retroceso de la infecci\u00f3n causada por Cryptococcus \u2013 100-200mg una vez por d\u00eda, plazo indefinito<br \/>\nPosolog\u00eda para los inf\u00e1ntiles de la edad de 4 semanas hasta 15 a\u00f1os se varia igualmente seg\u00fan el tipo de la infecci\u00f3n y prescribe:<br \/>\n1) infecciones mic\u00f3ticas &#8211; 3mg\/kg una vez por d\u00eda;<br \/>\n2) infecciones f\u00fangicas interiores \u2013 6-12mg\/kg una vez por d\u00eda;<br \/>\n3) prevenci\u00f3n de infecciones f\u00fangicas \u2013 3-12mg\/kg una vez por d\u00eda durante el per\u00edodo de la exposici\u00f3n al riesgo de contagiarse.<br \/>\nPara los beb\u00e9s de 2-4 semanas de edad la dosificaci\u00f3n se queda la misma salvo a que se administra una vez cada dos d\u00edas. La dosificaci\u00f3n m\u00e1xima debe ser 12mg\/kg cada dos d\u00edas.<br \/>\nPara los beb\u00e9s m\u00e1s j\u00f3venes que 2 semanas de edad la dosificaci\u00f3n se queda la misma salvo a que se administra el f\u00e1rmaco una vez cada tres d\u00edas. No debe aumentar la dosis m\u00e1s que 12mg\/kg cada 3 d\u00edas.<\/p>\n<p>Nota: esta recomendaci\u00f3n se propone con un objetivo \u00fanico de dar informaci\u00f3n. Es muy preciso que contacte a su m\u00e9dico para consultaciones antes de proceder a la administraci\u00f3n. Eso le garantizar\u00e1 obtener mejores resultados.<\/p>\n<p>Precauciones<\/p>\n<p>Para tratar las infecciones vaginales por levaduras, los m\u00e9dicos suelen prescribir una sola dosis del Diflucan. Si la infecci\u00f3n por levaduras no desaparece durante 5 d\u00edas, contacte a su m\u00e9dico lo m\u00e1s pronto posible. Tenga cuidado con la administraci\u00f3n de esta medicaci\u00f3n si en su historia cl\u00ednica se registran las enfermedades hep\u00e1ticas o renales. Sean que sean raros tales casos, esta droga puede hacerle mareada, as\u00ed que preste m\u00e1s atenci\u00f3n a la hora de conducir el coche u operar la maquinaria. Lim\u00edtese en las bebidas alcoh\u00f3licas. Diflucan no debe emplearse durante la pre\u00f1ez, a la hora de quedarse embarazada, durante la lactaci\u00f3n sin que se lo aconsejara el m\u00e9dico. No emplee este f\u00e1rmaco antes de lactar sin que se lo aprobara el m\u00e9dico.<\/p>\n<p>Contraindicaciones<\/p>\n<p>Diflucan no se permite emplear en las personas hipersensibles a la Fluconazola u otros f\u00e1rmacos anti-mic\u00f3ticas de azola, p.ej. clotrimazola, ketoconazola, itraconazola y dem\u00e1s. Tambi\u00e9n el Diflucan est\u00e1 contraindicado en el caso de:<br \/>\nTrastornos renales y hep\u00e1ticos;<br \/>\nEnfermedades cardiovasculares incluso las enfermedades card\u00edacas (trastorno del ritmo card\u00edaco o las disfunciones del ritmo);<br \/>\nBajos niveles de calcio, magnesio o potasio.<\/p>\n<p>Reacciones adversas posibles<\/p>\n<p>Podr\u00e1n incluir unas reacciones al\u00e9rgicas: urticaria; respiraci\u00f3n dificultosa; hinchaz\u00f3n de la cara, labios, lengua o garganta. Tambi\u00e9n los efectos colaterales m\u00e1s comunes incluyen:<br \/>\nlos n\u00e1useas, el dolor de est\u00f3mago, fiebre ligera, p\u00e9rdida de apetito, orina opaca, las heces de color de barro, ictericia (la piel o los ojos obtienen un color amarillento);<br \/>\nla fiebre, escalofr\u00edos, dolor corporal, s\u00edntomas de la gripe;<br \/>\nuna grave abscesidad, descamaci\u00f3n y la eritremia;<br \/>\nuna formaci\u00f3n m\u00e1s f\u00e1cil de equimosis o las hemorragias, una debilidad poco com\u00fan;<br \/>\no el calambre (las convulsiones).<br \/>\nLos menos graves incluyen:<br \/>\nligeros n\u00e1useas, el v\u00f3mito, la diarrea, o una dispepsia;<br \/>\nel dolor de la cabeza;<br \/>\nlos mareos;<br \/>\nun sabor ins\u00f3lito o desagradable en la boca;<br \/>\no la erupci\u00f3n o el picor de la piel.<br \/>\nAl experimentar cualquier de los mencionados deje de emplear el Serevent y contacte a su m\u00e9dico lo m\u00e1s pronto posible. Le aconsejamos consultar a su medico sobre todos los efectos colaterales que, a su parecer, tengan un car\u00e1cter ins\u00f3lito.<\/p>\n<p>Interacci\u00f3n con otras drogas<\/p>\n<p>El Diflucan entra en interacci\u00f3n con tales medicaciones como:<br \/>\nCoagulantes como es la warfarina (Coumadin)<br \/>\nLa ciclosporina (Gengraf, Sandimmune, Neoral);<br \/>\nUnas medicinas orales para la diabetes tales como glipizida (Glucotrol), gliburida (Diabeta, Micronase, Glynase), tolbutamida (Orinase), tolazamida (Tolinase), clorpropamida (Diabinese), y otras;<br \/>\nrifabutina (Mycobutin) o rifampina (Rifadin, Rifater, Rifamate, Rimactane);<br \/>\nun somn\u00edfero como el diazepam (Valium), lorazepam (Ativan), alprazolam (Xanax), o midazolam (Versed);<br \/>\nmedicaci\u00f3n para calambres tal como la fenitoina (Dilantin) o el \u00e1cido valpr\u00f3ico (Depakene);<br \/>\ntacrolimus ((Prograf);<br \/>\nteofilina (Theo-Dur, Theolair, Theochron, Elixophyllin, Slo-Phyllin, otras).<br \/>\nTambi\u00e9n haga caso de que la interacci\u00f3n presente entre dos medicaciones no siempre implica la necesidad de quitar tomar una de estas. Habitualmente, \u00e9sta imparte el efecto de las drogas, as\u00ed que es preciso consultar a su m\u00e9dico sobre como se controlan las interacciones o como deben ajustarse.<\/p>\n<p>Dosis omitida<\/p>\n<p>Si se olvida de tomar la dosis a tiempo, por favor lo tome en cuanto lo recuerde. Sin embargo si ya es demasiado tarde o si casi es la hora para la pr\u00f3xima dosis, descarte la omitida y siga su horario establecido de administraci\u00f3n. No redoble las dosis ni las tome extras. Tome su dosis regular el d\u00eda siguiente a la misma hora prescrita para la administraci\u00f3n.<\/p>\n<p>Sobredosis<\/p>\n<p>Los s\u00edntomas de la sobredosificaci\u00f3n por el Diflucan podr\u00e1n incluir: la confusi\u00f3n o unos pensamientos s\u00fabitos o un comportamiento alterado. Si se los observa ocurrir en seguida llame a su m\u00e9dico.<\/p>\n<p>Almacenamiento<\/p>\n<p>Guarde las medicinas a la temperatura ambiental entre 59 y 77 grados Fahrenheit (15-25 cent\u00edgrados) sin exponerlas a la luz solar y la humedad excesa fuera del alcance de los ni\u00f1os y los animales dom\u00e9sticos. No las emplee despu\u00e9s de la fecha de su caducidad.<\/p>\n<p>Descargo de responsabilidades<\/p>\n<p>Proveemos una informaci\u00f3n del car\u00e1cter general sobre los medicamentos sin intentar cubrir todas las recomendaciones, totalidad de los casos de interacci\u00f3n con otros medicamentos, tampoco todas las precauciones existentes. La informaci\u00f3n de la presente p\u00e1gina web no puede ser de utilidad en el autotratamiento ni el autodiagn\u00f3stico. Todas las recomendaciones espec\u00edficas para cada paciente individual deben arreglarse con el coordinador designado de la salud p\u00fablica o con el m\u00e9dico encargado del caso cl\u00ednico. Renunciamos de todas las responsabilidades por la fiabilidad del material provisto ni por errores que contenga. Nos descargamos de responsabilidad por los da\u00f1os, sean que sean directos, indirectos, espec\u00edficos o dem\u00e1s da\u00f1os que resulten de la aplicaci\u00f3n del contenido de la presente p\u00e1gina web ni que sean consecuencias del autotratamiento.<\/p>\n","protected":false},"excerpt":{"rendered":"<p>Diflucan es un antibi\u00f3tico antif\u00fangico que se utiliza contra la candidiasis de diferentes \u00f3rganos, incluida la zona genital.<\/p>\n","protected":false},"featured_media":8623,"comment_status":"open","ping_status":"closed","template":"","meta":[],"product_brand":[],"product_cat":[576],"product_tag":[],"class_list":{"0":"post-8667","1":"product","2":"type-product","3":"status-publish","4":"has-post-thumbnail","6":"product_cat-salud-de-la-mujer-es","7":"pa_active_substance-fluconazole","9":"first","10":"instock","11":"shipping-taxable","12":"product-type-variable"},"jetpack_sharing_enabled":true,"_links":{"self":[{"href":"https:\/\/pharmacy-content.com\/index.php?rest_route=\/wp\/v2\/product\/8667","targetHints":{"allow":["GET"]}}],"collection":[{"href":"https:\/\/pharmacy-content.com\/index.php?rest_route=\/wp\/v2\/product"}],"about":[{"href":"https:\/\/pharmacy-content.com\/index.php?rest_route=\/wp\/v2\/types\/product"}],"replies":[{"embeddable":true,"href":"https:\/\/pharmacy-content.com\/index.php?rest_route=%2Fwp%2Fv2%2Fcomments&post=8667"}],"wp:featuredmedia":[{"embeddable":true,"href":"https:\/\/pharmacy-content.com\/index.php?rest_route=\/wp\/v2\/media\/8623"}],"wp:attachment":[{"href":"https:\/\/pharmacy-content.com\/index.php?rest_route=%2Fwp%2Fv2%2Fmedia&parent=8667"}],"wp:term":[{"taxonomy":"product_brand","embeddable":true,"href":"https:\/\/pharmacy-content.com\/index.php?rest_route=%2Fwp%2Fv2%2Fproduct_brand&post=8667"},{"taxonomy":"product_cat","embeddable":true,"href":"https:\/\/pharmacy-content.com\/index.php?rest_route=%2Fwp%2Fv2%2Fproduct_cat&post=8667"},{"taxonomy":"product_tag","embeddable":true,"href":"https:\/\/pharmacy-content.com\/index.php?rest_route=%2Fwp%2Fv2%2Fproduct_tag&post=8667"}],"curies":[{"name":"wp","href":"https:\/\/api.w.org\/{rel}","templated":true}]}}