{"id":8700,"date":"2026-04-22T07:10:34","date_gmt":"2026-04-22T07:10:34","guid":{"rendered":""},"modified":"2026-04-22T07:10:40","modified_gmt":"2026-04-22T07:10:40","slug":"diflucan-8","status":"publish","type":"product","link":"https:\/\/pharmacy-content.com\/?product=diflucan-8&lang=sv","title":{"rendered":"Diflucan"},"content":{"rendered":"<p>Vanlig anv\u00e4ndning<br \/>\nDiklofenak tillh\u00f6r en klass av icke-steroida antiinflammatoriska l\u00e4kemedel (NSAID). Denna medicin anv\u00e4nds f\u00f6r att minska inflammation och, som ett sm\u00e4rtstillande medel, f\u00f6r att minska sm\u00e4rta vid tillst\u00e5nd som artrit eller akut skada. Den kan ocks\u00e5 anv\u00e4ndas f\u00f6r att lindra menstruationssm\u00e4rtor, dysmenorr\u00e9.<br \/>\nDosering och riktning<br \/>\nTa Voltaren genom munnen med ett glas vatten, med eller utan mat. Undvik att sk\u00e4ra, krossa eller tugga detta l\u00e4kemedel.<br \/>\nTa inte l\u00e4kemedlet oftare \u00e4n det \u00e4r ordinerat. Ge inte upp att ta det f\u00f6rutom p\u00e5 inr\u00e5dan av din l\u00e4kare.<br \/>\nDet kan beh\u00f6va tid f\u00f6r medicinen att hj\u00e4lpa.<br \/>\nKonsultera din l\u00e4kare om r\u00e4tt dos f\u00f6r dig.<br \/>\nF\u00f6rsiktighets\u00e5tg\u00e4rder<br \/>\nInnan du tar Voltarol, tala om f\u00f6r din l\u00e4kare eller apotek om du \u00e4r allergisk mot det eller om du har andra allergier.<br \/>\nVoltaren kan, liksom andra NSAID, h\u00e4mma uts\u00f6ndringen av natrium och litium. Var f\u00f6rsiktig n\u00e4r du anv\u00e4nder detta l\u00e4kemedel tillsammans med litiumtillskott.<br \/>\nUndvik att dricka alkohol och r\u00f6ka medan de behandlas med detta l\u00e4kemedel.<br \/>\n\u00c5ldrade personer kan vara mer k\u00e4nsliga f\u00f6r biverkningar av l\u00e4kemedlet.<br \/>\nInformera din l\u00e4kare om du har Parkinsons sjukdom, njure eller leversjukdom, h\u00f6gt blodtryck eller om du \u00e4r gravid eller ammar.<br \/>\nKontraindikationer<br \/>\nVoltaren ska inte anv\u00e4ndas av patienter med natriumk\u00e4nslig hypertoni eller av patienter som har visat en \u00f6verk\u00e4nslighetsreaktion mot det.<br \/>\nM\u00f6jlig biverkning<br \/>\nDen vanligaste biverkningarna \u00e4r muntorrhet, yrsel, irritabilitet, sedering, s\u00f6mnl\u00f6shet, urinretention, etc.<br \/>\n Vanlig anv\u00e4ndning<br \/>\nDiflucan \u00e4r ett anti-svampantibiotikum som anv\u00e4nds f\u00f6r att behandla svampinfektioner som kallas candidiasis. Detta l\u00e4kemedel ordineras f\u00f6r behandling av s\u00e5dana typer av infektioner som vaginal-, hals- och svampinfektioner, infektioner i urinv\u00e4garna, peritonit och lunginflammation. Diflucan verkar genom att d\u00f6da k\u00e4nsliga svampar genom att st\u00f6ra bildandet av svampcellsmembranet.<br \/>\nDosering och anvisning<br \/>\nTa det oralt en g\u00e5ng om dagen, med eller utan mat med hj\u00e4lp av m\u00e4tskeden. Ta det vid samma tidpunkt varje dag om du vill f\u00e5 det b\u00e4sta resultatet med ett helt glas vatten. Diflucan f\u00e5r dig att m\u00e5 b\u00e4ttre efter 24 timmar. Dina symtom f\u00f6rsvinner dock helt efter n\u00e5gra dagar. Om det inte finns n\u00e5gon f\u00f6r\u00e4ndring i din h\u00e4lsa efter n\u00e5gra dagar, kontakta din l\u00e4kare omedelbart.<br \/>\nDosering f\u00f6r vuxna varierar beroende p\u00e5 typ av infektion och best\u00e5r av:<br \/>\n1) Genital trast &#8211; 150 mg som eng\u00e5ngsdos<br \/>\n2) Slemhinnetrast &#8211; dosen beror p\u00e5 var infektionen \u00e4r lokaliserad, 50 mg en g\u00e5ng dagligen under m\u00e5naden.<br \/>\n3) Hudsvampinfektioner &#8211; 50 mg en g\u00e5ng dagligen i 2-4 veckor;<br \/>\n4) Inre svampinfektioner &#8211; 400mg den f\u00f6rsta dagen, sedan 200-400mg en g\u00e5ng dagligen i 6-8 veckor eller l\u00e4ngre om det beh\u00f6vs.<br \/>\n5) F\u00f6r att f\u00f6rhindra svampinfektioner &#8211; 50-400 mg en g\u00e5ng dagligen medan du riskerar att f\u00e5 en infektion;<br \/>\n6) F\u00f6r att f\u00f6rhindra att en infektion orsakad av Cryptococcus kommer tillbaka &#8211; 100 -200 mg en g\u00e5ng dagligen p\u00e5 obest\u00e4md tid<br \/>\nDosering f\u00f6r barn 4 veckor till 15 \u00e5r varierar ocks\u00e5 beroende p\u00e5 typ av infektion och best\u00e5r av:<br \/>\n1) slemhinneinfektioner &#8211; 3 mg\/kg en g\u00e5ng dagligen;<br \/>\n2) Inre svampinfektioner &#8211; 6-12 mg\/kg en g\u00e5ng dagligen;<br \/>\n3) F\u00f6rebyggande av svampinfektioner &#8211; 3-12 mg\/kg en g\u00e5ng dagligen med risk f\u00f6r att f\u00e5 en infektion.<br \/>\nF\u00f6r barn 2-4 veckor gamla \u00e4r det samma dos som ovan men ges en g\u00e5ng varannan dag, med en maximal dos p\u00e5 12 mg\/kg varannan dag.<br \/>\nF\u00f6r barn yngre \u00e4n 2 veckor \u00e4r det samma dos som ovan men ges en g\u00e5ng var tredje dag. Ge inte mer \u00e4n 12 mg\/kg var tredje dag.<br \/>\nObs: Denna instruktion presenteras h\u00e4r bara f\u00f6r granskning. Det \u00e4r mycket n\u00f6dv\u00e4ndigt att r\u00e5dg\u00f6ra med din l\u00e4kare innan du anv\u00e4nder. Det hj\u00e4lper dig att f\u00e5 b\u00e4sta resultat.<br \/>\nF\u00f6rsiktighets\u00e5tg\u00e4rder<br \/>\nF\u00f6r vaginala svampinfektioner ordinerar l\u00e4kare vanligtvis en eng\u00e5ngsdos Diflucan. Om svampinfektionen inte f\u00f6rb\u00e4ttras efter 5 dagar, kontakta din l\u00e4kare s\u00e5 snart som m\u00f6jligt. Var f\u00f6rsiktig med denna medicin om din medicinska historia inkluderar leversjukdom eller njursjukdom. \u00c4ven om det \u00e4r ovanligt kan detta l\u00e4kemedel g\u00f6ra dig yr, s\u00e5 var mer uppm\u00e4rksam n\u00e4r du k\u00f6r bil eller anv\u00e4nder maskiner. Begr\u00e4nsa alkoholintaget. Diflucan ska inte anv\u00e4ndas under graviditet, graviditet eller amning utan l\u00e4kares r\u00e5d. Anv\u00e4nd det inte f\u00f6re amning utan l\u00e4kares r\u00e5d.<br \/>\nKontraindikationer<br \/>\nDiflucan \u00e4r inte till\u00e5tet f\u00f6r personer som \u00e4r \u00f6verk\u00e4nsliga mot flukonazol eller andra svampd\u00f6dande azolpreparat, t.ex. klotrimazol, ketokonazol, itrakonazol och andra. Diflucan \u00e4r ocks\u00e5 kontraindicerat vid:<br \/>\n&#8211; Njur- och leversjukdomar;<br \/>\n&#8211; Kardiovaskul\u00e4ra sjukdomar inklusive hj\u00e4rtsjukdomar (hj\u00e4rtfrekvens- eller rytmrubbningar);<br \/>\n&#8211; L\u00e5ga blodniv\u00e5er av kalcium, magnesium eller kalium.<br \/>\nM\u00f6jliga biverkningar<br \/>\nDe kan innefatta en allergisk reaktion: n\u00e4sselfeber; sv\u00e5rt att andas; svullnad av ansikte, l\u00e4ppar, tunga eller svalg. De mest m\u00f6jliga biverkningarna inkluderar ocks\u00e5:<br \/>\n&#8211; Illam\u00e5ende, magsm\u00e4rtor, l\u00e5g feber, aptitl\u00f6shet, m\u00f6rk urin, lerf\u00e4rgad avf\u00f6ring, gulsot (gulning av hud eller \u00f6gon);<br \/>\n&#8211; Feber, frossa, kropp v\u00e4rk, influensasymptom;<br \/>\n&#8211; Sv\u00e5r bl\u00e5sbildning, fj\u00e4llning och r\u00f6da hudutslag;<br \/>\n&#8211; L\u00e4tt bl\u00e5m\u00e4rken eller bl\u00f6dning, ovanlig svaghet; eller<br \/>\n&#8211; Kramper (kramper).<br \/>\nMindre allvarliga biverkningar inkluderar:<br \/>\n&#8211; Milt illam\u00e5ende, kr\u00e4kningar, diarr\u00e9 eller orolig mage;<br \/>\n&#8211; Huvudv\u00e4rk;<br \/>\n&#8211; Yrsel;<br \/>\n&#8211; Ovanlig eller obehaglig smak i din mun; eller<br \/>\n&#8211; Hudutslag eller kl\u00e5da.<br \/>\nOm du upplever n\u00e5got av dem, sluta anv\u00e4nda Diflucan och ber\u00e4tta f\u00f6r din l\u00e4kare s\u00e5 snart som m\u00f6jligt. R\u00e5dg\u00f6r ocks\u00e5 med din l\u00e4kare om eventuella biverkningar som verkar ovanliga.<br \/>\nL\u00e4kemedelsinteraktion<br \/>\nDiflucan interagerar med s\u00e5dana mediciner som:<br \/>\n&#8211; Ett blodf\u00f6rtunnande medel som warfarin (Coumadin)<br \/>\n&#8211; Cyklosporin (Gengraf, Sandimmune, Neoral);<br \/>\n&#8211; Ett oralt diabetesl\u00e4kemedel s\u00e5som glipizid (Glukotrol), glyburid (Diabeta, Micronase, Glynase), tolbutamid (Orinase), tolazamid (Tolinase), klorpropamid (Diabinese) och andra;<br \/>\n&#8211; Rifabutin (Mycobutin) eller rifampin ( Rifadin, Rifater, Rifamate, Rimactane);<br \/>\n&#8211; Ett lugnande medel som diazepam (Valium), lorazepam (Ativan), alprazolam (Xanax) eller midazolam (Versed);<br \/>\n&#8211; Anfallsmedicin som fenytoin (Dilantin) eller valproic syra (Depakene);<br \/>\n&#8211; Takrolimus (Prograf);<br \/>\n&#8211; Teofyllin (Theo-Dur, Theolair, Theochron, Elixophyllin, Slo-Phyllin, andra).<br \/>\nObservera att interaktionen mellan tv\u00e5 mediciner inte alltid betyder att du m\u00e5ste sluta ta en av dem. Som vanligt p\u00e5verkar det effekten av l\u00e4kemedel, s\u00e5 r\u00e5dg\u00f6r med din l\u00e4kare om hur dessa interaktioner hanteras eller b\u00f6r hanteras.<br \/>\nMissad dos<br \/>\nOm du har gl\u00f6mt att ta din dos i tid, v\u00e4nligen g\u00f6r det s\u00e5 snart du kommer ih\u00e5g. Men ta det inte om det \u00e4r f\u00f6r sent eller n\u00e4stan dags f\u00f6r din n\u00e4sta dos. Ta inte dubbla eller extra doser. Ta din vanliga dos n\u00e4sta dag vid samma vanliga tidpunkt.<br \/>\n\u00d6verdosering<br \/>\nSymtom p\u00e5 \u00f6verdosering av Diflucan kan inkludera f\u00f6rvirring eller ovanliga tankar eller beteende. Om du upplever en av dem, kontakta din l\u00e4kare omedelbart.<br \/>\nF\u00f6rvaring<br \/>\nF\u00f6rvara i rumstemperatur mellan 59-77 grader F (15-25 grader C) borta fr\u00e5n ljus och fukt, barn och husdjur. Anv\u00e4nd inte efter utg\u00e5ngstiden.<br \/>\nAnsvarsfriskrivning<br \/>\nVi tillhandah\u00e5ller endast allm\u00e4n information om mediciner, som inte t\u00e4cker alla riktningar, m\u00f6jliga l\u00e4kemedelsinteraktioner eller f\u00f6rsiktighets\u00e5tg\u00e4rder. Information p\u00e5 sidan kan inte anv\u00e4ndas f\u00f6r sj\u00e4lvbehandling och sj\u00e4lvdiagnos. Alla specifika instruktioner f\u00f6r en viss patient b\u00f6r \u00f6verenskommas med din v\u00e5rdr\u00e5dgivare eller l\u00e4kare som \u00e4r ansvarig f\u00f6r \u00e4rendet. Vi fr\u00e5ns\u00e4ger oss tillf\u00f6rlitligheten av denna information och eventuella misstag den kan inneh\u00e5lla. Vi ansvarar inte f\u00f6r n\u00e5gon direkt, indirekt, speciell eller annan indirekt skada till f\u00f6ljd av n\u00e5gon anv\u00e4ndning av informationen p\u00e5 denna webbplats och \u00e4ven f\u00f6r konsekvenser av egenbehandling.<\/p>\n","protected":false},"excerpt":{"rendered":"<p>Diflucan Generic \u00e4r ett antimykotisk antibiotikum som anv\u00e4nds mot candidiasis i olika organ inklusive underlivet.<\/p>\n","protected":false},"featured_media":8623,"comment_status":"open","ping_status":"closed","template":"","meta":[],"product_brand":[],"product_cat":[585],"product_tag":[],"class_list":{"0":"post-8700","1":"product","2":"type-product","3":"status-publish","4":"has-post-thumbnail","6":"product_cat-kvinnors-halsa-sv","7":"pa_active_substance-fluconazole","9":"first","10":"instock","11":"shipping-taxable","12":"product-type-variable"},"jetpack_sharing_enabled":true,"_links":{"self":[{"href":"https:\/\/pharmacy-content.com\/index.php?rest_route=\/wp\/v2\/product\/8700","targetHints":{"allow":["GET"]}}],"collection":[{"href":"https:\/\/pharmacy-content.com\/index.php?rest_route=\/wp\/v2\/product"}],"about":[{"href":"https:\/\/pharmacy-content.com\/index.php?rest_route=\/wp\/v2\/types\/product"}],"replies":[{"embeddable":true,"href":"https:\/\/pharmacy-content.com\/index.php?rest_route=%2Fwp%2Fv2%2Fcomments&post=8700"}],"wp:featuredmedia":[{"embeddable":true,"href":"https:\/\/pharmacy-content.com\/index.php?rest_route=\/wp\/v2\/media\/8623"}],"wp:attachment":[{"href":"https:\/\/pharmacy-content.com\/index.php?rest_route=%2Fwp%2Fv2%2Fmedia&parent=8700"}],"wp:term":[{"taxonomy":"product_brand","embeddable":true,"href":"https:\/\/pharmacy-content.com\/index.php?rest_route=%2Fwp%2Fv2%2Fproduct_brand&post=8700"},{"taxonomy":"product_cat","embeddable":true,"href":"https:\/\/pharmacy-content.com\/index.php?rest_route=%2Fwp%2Fv2%2Fproduct_cat&post=8700"},{"taxonomy":"product_tag","embeddable":true,"href":"https:\/\/pharmacy-content.com\/index.php?rest_route=%2Fwp%2Fv2%2Fproduct_tag&post=8700"}],"curies":[{"name":"wp","href":"https:\/\/api.w.org\/{rel}","templated":true}]}}