{"id":8746,"date":"2026-04-22T07:10:47","date_gmt":"2026-04-22T07:10:47","guid":{"rendered":""},"modified":"2026-04-22T07:10:57","modified_gmt":"2026-04-22T07:10:57","slug":"nolvadex-3","status":"publish","type":"product","link":"https:\/\/pharmacy-content.com\/?product=nolvadex-3&lang=fr","title":{"rendered":"Nolvadex"},"content":{"rendered":"<p>Utilisation courante<\/p>\n<p>Nolvadex est un anti-\u0153strog\u00e8ne non st\u00e9ro\u00efdien qui inhibe de mani\u00e8re comp\u00e9titive les r\u00e9cepteurs aux \u0153strog\u00e8nes des organes cibles et des tumeurs qui s&#8217;y trouvent. Nolvadex est utilis\u00e9 pour traiter le cancer du sein chez la femme et l&#8217;homme (en particulier apr\u00e8s castration), ainsi que lorsqu&#8217;il s&#8217;est propag\u00e9 \u00e0 d&#8217;autres parties du corps, le cancer du rein, les m\u00e9lanomes et les sarcomes des tissus mous porteurs de r\u00e9cepteurs aux \u0153strog\u00e8nes, et le cancer de l&#8217;ovaire. L&#8217;effet du m\u00e9dicament peut durer plusieurs semaines apr\u00e8s une seule prise. Nolvadex peut induire l&#8217;ovulation chez la femme et stimuler la production d&#8217;hormones gonadotropes hypophysaires. Chez les hommes atteints d&#8217;oligospermie, il augmente les concentrations s\u00e9riques d&#8217;hormone lut\u00e9inisante et d&#8217;hormone folliculo-stimulante, de testost\u00e9rone et d&#8217;\u0153strog\u00e8nes.<\/p>\n<p>Posologie et mode d&#8217;administration<\/p>\n<p>Suivez scrupuleusement les recommandations de votre m\u00e9decin, car la posologie d\u00e9pend de votre \u00e9tat de sant\u00e9. Un traitement de longue dur\u00e9e (environ 2 ans) est recommand\u00e9. Prenez ce m\u00e9dicament avec de la nourriture et un grand verre d&#8217;eau, en une seule prise ou en deux prises (matin et soir). Ne les m\u00e2chez pas et ne les \u00e9crasez pas.<\/p>\n<p>Pr\u00e9cautions<\/p>\n<p>Ce m\u00e9dicament peut augmenter le risque de cancer de l&#8217;endom\u00e8tre. Les patientes trait\u00e9es par Nolvadex doivent \u00eatre surveill\u00e9es afin de d\u00e9tecter tout saignement vaginal anormal, modification des r\u00e8gles, modification des pertes vaginales, douleur ou pression pelvienne.<\/p>\n<p>Contre-indications<\/p>\n<p>L&#8217;utilisation de Nolvadex est contre-indiqu\u00e9e chez les patients pr\u00e9sentant une hypersensibilit\u00e9 \u00e0 ce m\u00e9dicament, ainsi que chez les femmes sous traitement anticoagulant coumarinique, chez les femmes ayant des ant\u00e9c\u00e9dents de thrombose veineuse profonde ou d&#8217;embolie pulmonaire, et chez les femmes enceintes ou allaitantes.<br \/>\nLa prudence est de mise chez les patients pr\u00e9sentant des maladies oculaires (y compris la cataracte), une hyperlipid\u00e9mie, une leucop\u00e9nie, une thrombocytop\u00e9nie, une hypercalc\u00e9mie, une thrombophl\u00e9bite s\u00e9v\u00e8re ou une thromboembolie (\u00e9galement pr\u00e9sente).<\/p>\n<p>Effets secondaires possibles<\/p>\n<p>Les effets secondaires habituels du Nolvadex sont : bouff\u00e9es de chaleur, naus\u00e9es, vomissements, prise de poids, r\u00e8gles anormales. Si ces effets secondaires deviennent graves, vous devez en informer imm\u00e9diatement votre m\u00e9decin.<br \/>\nNolvadex peut entra\u00eener des anomalies des analyses h\u00e9patiques et sanguines. Une surveillance r\u00e9guli\u00e8re des effets secondaires est donc n\u00e9cessaire. En cas d&#8217;apparition de signes tels qu&#8217;une jaunisse ou des saignements, consultez imm\u00e9diatement un m\u00e9decin.<\/p>\n<p>Interactions m\u00e9dicamenteuses<\/p>\n<p>Informez votre m\u00e9decin et votre pharmacien de tous vos m\u00e9dicaments (sur ordonnance ou en vente libre, produits naturels, vitamines), ainsi que de tout traitement concomitant : anastrozole, l\u00e9trozole ou warfarine, carbamaz\u00e9pine, ph\u00e9nobarbital, ph\u00e9nyto\u00efne, rifabutine, rifampicine ou millepertuis.<\/p>\n<p>Oubli de dose<\/p>\n<p>Si vous avez oubli\u00e9 de prendre votre dose, prenez-la d\u00e8s que vous vous en rendez compte. Ne prenez pas la dose suivante s&#8217;il est trop tard ou presque. Ne prenez pas de dose double ou suppl\u00e9mentaire. Prenez votre dose habituelle le lendemain \u00e0 la m\u00eame heure.<\/p>\n<p>Surdosage<\/p>\n<p>Chez les patients atteints d&#8217;un cancer m\u00e9tastatique trait\u00e9s par les doses maximales tol\u00e9r\u00e9es de Nolvadex, une neurotoxicit\u00e9 aigu\u00eb a \u00e9t\u00e9 observ\u00e9e, se manifestant par des tremblements, une hyperr\u00e9flexie, une d\u00e9marche instable et des \u00e9tourdissements. Si vous pensez avoir pris une dose excessive de ce m\u00e9dicament, consultez imm\u00e9diatement un m\u00e9decin.<\/p>\n<p>Conservation<\/p>\n<p>Conserver \u00e0 temp\u00e9rature ambiante entre 20 et 25 \u00b0C (68 et 77 \u00b0F), \u00e0 l&#8217;abri de la chaleur et de la lumi\u00e8re. Tenir tous les m\u00e9dicaments hors de port\u00e9e des enfants et des animaux domestiques.<\/p>\n","protected":false},"excerpt":{"rendered":"<p>Nolvadex (Tamoxifen) est utilis\u00e9 dans le traitement du cancer du sein chez les femmes.<\/p>\n","protected":false},"featured_media":8734,"comment_status":"open","ping_status":"closed","template":"","meta":[],"product_brand":[],"product_cat":[570],"product_tag":[],"class_list":{"0":"post-8746","1":"product","2":"type-product","3":"status-publish","4":"has-post-thumbnail","6":"product_cat-sante-des-femmes-fr","7":"pa_active_substance-tamoxifen","9":"first","10":"instock","11":"shipping-taxable","12":"product-type-simple"},"jetpack_sharing_enabled":true,"_links":{"self":[{"href":"https:\/\/pharmacy-content.com\/index.php?rest_route=\/wp\/v2\/product\/8746","targetHints":{"allow":["GET"]}}],"collection":[{"href":"https:\/\/pharmacy-content.com\/index.php?rest_route=\/wp\/v2\/product"}],"about":[{"href":"https:\/\/pharmacy-content.com\/index.php?rest_route=\/wp\/v2\/types\/product"}],"replies":[{"embeddable":true,"href":"https:\/\/pharmacy-content.com\/index.php?rest_route=%2Fwp%2Fv2%2Fcomments&post=8746"}],"wp:featuredmedia":[{"embeddable":true,"href":"https:\/\/pharmacy-content.com\/index.php?rest_route=\/wp\/v2\/media\/8734"}],"wp:attachment":[{"href":"https:\/\/pharmacy-content.com\/index.php?rest_route=%2Fwp%2Fv2%2Fmedia&parent=8746"}],"wp:term":[{"taxonomy":"product_brand","embeddable":true,"href":"https:\/\/pharmacy-content.com\/index.php?rest_route=%2Fwp%2Fv2%2Fproduct_brand&post=8746"},{"taxonomy":"product_cat","embeddable":true,"href":"https:\/\/pharmacy-content.com\/index.php?rest_route=%2Fwp%2Fv2%2Fproduct_cat&post=8746"},{"taxonomy":"product_tag","embeddable":true,"href":"https:\/\/pharmacy-content.com\/index.php?rest_route=%2Fwp%2Fv2%2Fproduct_tag&post=8746"}],"curies":[{"name":"wp","href":"https:\/\/api.w.org\/{rel}","templated":true}]}}