{"id":8758,"date":"2026-04-22T07:10:49","date_gmt":"2026-04-22T07:10:49","guid":{"rendered":""},"modified":"2026-04-22T07:10:57","modified_gmt":"2026-04-22T07:10:57","slug":"nolvadex-5","status":"publish","type":"product","link":"https:\/\/pharmacy-content.com\/?product=nolvadex-5&lang=es","title":{"rendered":"Nolvadex"},"content":{"rendered":"<p>Uso com\u00fan<\/p>\n<p>Nolvadex es un antiestr\u00f3geno no esteroideo que inhibe competitivamente los receptores de estr\u00f3geno en los \u00f3rganos diana y los tumores presentes en ellos. Nolvadex se utiliza para tratar el c\u00e1ncer de mama en mujeres y hombres (especialmente despu\u00e9s de la castraci\u00f3n), as\u00ed como cuando se ha propagado a otras partes del cuerpo, el c\u00e1ncer de ri\u00f1\u00f3n, los melanomas y sarcomas de tejidos blandos con receptores de estr\u00f3geno, y el c\u00e1ncer de ovario. El efecto del medicamento puede durar varias semanas despu\u00e9s de una sola dosis. Nolvadex puede provocar la ovulaci\u00f3n en las mujeres y estimular la producci\u00f3n de hormonas gonadotr\u00f3picas en la hip\u00f3fisis. En hombres con oligospermia, aumenta la concentraci\u00f3n s\u00e9rica de hormona luteinizante, hormona fol\u00edculo estimulante, testosterona y estr\u00f3geno.<\/p>\n<p>Dosis y administraci\u00f3n<\/p>\n<p>T\u00f3melo exactamente como se lo recomiende su m\u00e9dico, ya que la dosis depende de su afecci\u00f3n. Se recomienda un tratamiento prolongado (aproximadamente 2 a\u00f1os). Tome este medicamento con alimentos y un vaso grande de agua, en una sola dosis o div\u00eddalo en dos (por la ma\u00f1ana y por la noche); no los mastique ni los triture.<\/p>\n<p>Precauciones<\/p>\n<p>Este medicamento puede aumentar la probabilidad de desarrollar c\u00e1ncer de endometrio. Las pacientes tratadas con Nolvadex deben ser monitorizadas para detectar cualquier sangrado vaginal anormal, cambios en los per\u00edodos menstruales, cambios en el flujo vaginal o dolor o presi\u00f3n p\u00e9lvica.<\/p>\n<p>Contraindicaciones<\/p>\n<p>Nolvadex est\u00e1 contraindicado en pacientes con hipersensibilidad a este medicamento, as\u00ed como en mujeres con riesgo de tratamiento con anticoagulantes cumar\u00ednicos, mujeres con antecedentes de trombosis venosa profunda o embolia pulmonar, embarazadas o en per\u00edodo de lactancia.<br \/>\nSe debe tener precauci\u00f3n en pacientes con enfermedades oculares (incluidas cataratas), hiperlipidemia, leucopenia, trombocitopenia, hipercalcemia, tromboflebitis grave o tromboembolia (tambi\u00e9n con antecedentes de este \u00faltimo).<\/p>\n<p>Posibles efectos secundarios<\/p>\n<p>Los efectos secundarios habituales de Nolvadex son: sofocos, n\u00e1useas, v\u00f3mitos, aumento de peso y menstruaciones anormales. Si estos efectos pasan de leves a graves, informe inmediatamente a su m\u00e9dico.<br \/>\nNolvadex puede causar anomal\u00edas en los an\u00e1lisis de sangre y h\u00edgado, por lo que se requiere un seguimiento regular de los efectos secundarios. Si aparecen signos como ictericia y sangrado, el paciente debe buscar atenci\u00f3n m\u00e9dica inmediata.<\/p>\n<p>Interacci\u00f3n con otros medicamentos<\/p>\n<p>Informe a su m\u00e9dico y farmac\u00e9utico sobre todos sus medicamentos (con o sin receta, productos naturales, vitaminas), as\u00ed como si est\u00e1 tomando alguno de estos medicamentos: anastrozol, letrozol o warfarina, carbamazepina, fenobarbital, fenito\u00edna, rifabutina, rifampicina o hierba de San Juan.<\/p>\n<p>Dosis olvidada<\/p>\n<p>Si olvid\u00f3 tomar su dosis a tiempo, h\u00e1galo en cuanto lo recuerde. No la tome si es demasiado tarde o casi la hora de la siguiente. No tome dosis dobles ni adicionales. Tome su dosis habitual al d\u00eda siguiente a la misma hora.<\/p>\n<p>Sobredosis<\/p>\n<p>En pacientes con c\u00e1ncer metast\u00e1sico tratados con las dosis m\u00e1ximas toleradas de Nolvadex, se observ\u00f3 neurotoxicidad aguda secundaria, manifestada por temblor, hiperreflexia, marcha inestable y mareos. Si sospecha que ha tomado demasiado de este medicamento, busque ayuda m\u00e9dica inmediata y contacte a su m\u00e9dico.<\/p>\n<p>Almacenamiento<\/p>\n<p>Conservar a temperatura ambiente entre 20 y 25 \u00b0C (68 y 77 \u00b0F), protegido del calor y la luz. Mantenga todos los medicamentos fuera del alcance de los ni\u00f1os y las mascotas.<\/p>\n","protected":false},"excerpt":{"rendered":"<p>Nolvadex (tamoxifeno) se utiliza para el tratamiento del c\u00e1ncer de mama en mujeres.<\/p>\n","protected":false},"featured_media":8734,"comment_status":"open","ping_status":"closed","template":"","meta":[],"product_brand":[],"product_cat":[576],"product_tag":[],"class_list":{"0":"post-8758","1":"product","2":"type-product","3":"status-publish","4":"has-post-thumbnail","6":"product_cat-salud-de-la-mujer-es","7":"pa_active_substance-tamoxifen","9":"first","10":"instock","11":"shipping-taxable","12":"product-type-simple"},"jetpack_sharing_enabled":true,"_links":{"self":[{"href":"https:\/\/pharmacy-content.com\/index.php?rest_route=\/wp\/v2\/product\/8758","targetHints":{"allow":["GET"]}}],"collection":[{"href":"https:\/\/pharmacy-content.com\/index.php?rest_route=\/wp\/v2\/product"}],"about":[{"href":"https:\/\/pharmacy-content.com\/index.php?rest_route=\/wp\/v2\/types\/product"}],"replies":[{"embeddable":true,"href":"https:\/\/pharmacy-content.com\/index.php?rest_route=%2Fwp%2Fv2%2Fcomments&post=8758"}],"wp:featuredmedia":[{"embeddable":true,"href":"https:\/\/pharmacy-content.com\/index.php?rest_route=\/wp\/v2\/media\/8734"}],"wp:attachment":[{"href":"https:\/\/pharmacy-content.com\/index.php?rest_route=%2Fwp%2Fv2%2Fmedia&parent=8758"}],"wp:term":[{"taxonomy":"product_brand","embeddable":true,"href":"https:\/\/pharmacy-content.com\/index.php?rest_route=%2Fwp%2Fv2%2Fproduct_brand&post=8758"},{"taxonomy":"product_cat","embeddable":true,"href":"https:\/\/pharmacy-content.com\/index.php?rest_route=%2Fwp%2Fv2%2Fproduct_cat&post=8758"},{"taxonomy":"product_tag","embeddable":true,"href":"https:\/\/pharmacy-content.com\/index.php?rest_route=%2Fwp%2Fv2%2Fproduct_tag&post=8758"}],"curies":[{"name":"wp","href":"https:\/\/api.w.org\/{rel}","templated":true}]}}