{"id":8764,"date":"2026-04-22T07:10:50","date_gmt":"2026-04-22T07:10:50","guid":{"rendered":""},"modified":"2026-04-22T07:10:57","modified_gmt":"2026-04-22T07:10:57","slug":"nolvadex-6","status":"publish","type":"product","link":"https:\/\/pharmacy-content.com\/?product=nolvadex-6&lang=pl","title":{"rendered":"Nolvadex"},"content":{"rendered":"<p>Powszechne zastosowanie<br \/>\nNolvadex to niesteroidowy antyestrogen, kt\u00f3ry kompetycyjnie hamuje receptory estrogenowe w docelowych narz\u0105dach i znajduj\u0105cych si\u0119 w nich nowotworach. Mechanizm jego dzia\u0142ania nie jest do ko\u0144ca poznany, cho\u0107 wiadomo, \u017ce pojawia si\u0119 kompleks Nolvadexu z receptorem i kofaktorem, kt\u00f3ry nast\u0119pnie przedostaje si\u0119 do j\u0105dra kom\u00f3rkowego, zapobiegaj\u0105c przerostowi kom\u00f3rek zale\u017cnemu od regulacji przez estrogen. Dzia\u0142anie leku mo\u017ce utrzymywa\u0107 si\u0119 przez kilka tygodni po podaniu pojedynczej dawki. Nolvadex jest w stanie wywo\u0142a\u0107 owulacj\u0119 u kobiet, stymulowa\u0107 produkcj\u0119 hormon\u00f3w gonadotropowych przysadki m\u00f3zgowej. U m\u0119\u017cczyzn z oligospermi\u0105 zwi\u0119ksza st\u0119\u017cenie hormonu luteinizuj\u0105cego i hormonu folikulotropowego, testosteronu i estrogenu w surowicy krwi. Nolvadex stosuje si\u0119 w leczeniu raka piersi u kobiet i m\u0119\u017cczyzn (szczeg\u00f3lnie po kastracji), a tak\u017ce w przypadkach, gdy rozprzestrzeni\u0142 si\u0119 na inne cz\u0119\u015bci cia\u0142a, raka nerki, czerniaka i mi\u0119saka tkanek mi\u0119kkich z receptorami estrogenowymi, raka jajnika.<br \/>\nDawkowanie i spos\u00f3b u\u017cycia<br \/>\nPrzyjmuj dok\u0142adnie wed\u0142ug zalece\u0144 lekarza, poniewa\u017c dawkowanie zale\u017cy od Twojego stanu zdrowia. Zaleca si\u0119 d\u0142ugie leczenie (oko\u0142o 2 lat). Lek ten nale\u017cy przyjmowa\u0107 z jedzeniem i du\u017c\u0105 szklank\u0105 wody w pojedynczej dawce lub podzieli\u0107 na dwie dawki (rano i wieczorem). Nie nale\u017cy ich \u017cu\u0107 ani rozgniata\u0107.<br \/>\n\u015arodki ostro\u017cno\u015bci<br \/>\nTen lek mo\u017ce zwi\u0119ksza\u0107 ryzyko rozwoju raka endometrium. Pacjentki leczone lekiem Nolvadex nale\u017cy monitorowa\u0107 pod k\u0105tem wszelkich nieprawid\u0142owych krwawie\u0144 z pochwy, zmian w miesi\u0105czkach, zmian w wydzielinie z pochwy lub b\u00f3lu lub ucisku w miednicy.<br \/>\nPrzeciwwskazania<br \/>\nNolvadex jest przeciwwskazany u pacjentek z nadwra\u017cliwo\u015bci\u0105 na ten lek, a tak\u017ce u kobiet, kt\u00f3re s\u0105 leczonych lekami przeciwzakrzepowymi z grupy kumaryny lub u kobiet z zakrzepic\u0105 \u017cy\u0142 g\u0142\u0119bokich lub zatorowo\u015bci\u0105 p\u0142ucn\u0105 w wywiadzie, kobiet w ci\u0105\u017cy lub karmi\u0105cych piersi\u0105. Nale\u017cy zachowa\u0107 ostro\u017cno\u015b\u0107 u pacjent\u00f3w z chorobami oczu (w tym za\u0107m\u0105), hiperlipidemi\u0105, leukopeni\u0105, trombocytopeni\u0105, hiperkalcemi\u0105, ci\u0119\u017ckim zakrzepowym zapaleniem \u017cy\u0142, chorob\u0105 zakrzepowo-zatorow\u0105 (r\u00f3wnie\u017c w wywiadzie).<br \/>\nDzia\u0142ania niepo\u017c\u0105dane<br \/>\nNie nale\u017cy spodziewa\u0107 si\u0119 dzia\u0142a\u0144 niepo\u017c\u0105danych. Je\u017celi zmieni\u0105 si\u0119 z lekkiego na ci\u0119\u017ckie, nale\u017cy natychmiast poinformowa\u0107 o tym lekarza. Skutki uboczne spowodowane przez Nolvadex to: uderzenia gor\u0105ca, nudno\u015bci, wymioty, przyrost masy cia\u0142a, nieprawid\u0142owe miesi\u0105czki.<br \/>\nInterakcje lek\u00f3w<br \/>\nNolvadex mo\u017ce powodowa\u0107 nieprawid\u0142owo\u015bci w wynikach bada\u0144 w\u0105troby i krwi, dlatego wymagane jest regularne monitorowanie skutk\u00f3w ubocznych powodowanych przez Nolvadex. W przypadku wyst\u0105pienia takich objaw\u00f3w jak \u017c\u00f3\u0142taczka i krwawienie pacjent powinien natychmiast zwr\u00f3ci\u0107 si\u0119 o pomoc lekarsk\u0105.<br \/>\nPomini\u0119ta dawka<br \/>\nJe\u015bli zapomnia\u0142e\u015b przyj\u0105\u0107 dawk\u0119 w odpowiednim czasie, zr\u00f3b to jak najszybciej. Nie nale\u017cy jednak przyjmowa\u0107 leku, je\u015bli jest ju\u017c za p\u00f3\u017ano lub zbli\u017ca si\u0119 pora przyj\u0119cia kolejnej dawki. Nie nale\u017cy stosowa\u0107 dawek podw\u00f3jnych ani dodatkowych. Nale\u017cy przyj\u0105\u0107 zwyk\u0142\u0105 dawk\u0119 nast\u0119pnego dnia o tej samej zaplanowanej porze.<br \/>\nPrzedawkowanie<br \/>\nNie zg\u0142oszono ostrego przedawkowania u ludzi. U pacjent\u00f3w z rakiem z przerzutami leczonych maksymalnie tolerowanymi dawkami Nolvadexu obserwowano ostre dzia\u0142ania niepo\u017c\u0105dane objawiaj\u0105ce si\u0119 dr\u017ceniem, wzmo\u017ceniem odruch\u00f3w, niepewnym chodem i zawrotami g\u0142owy. Je\u015bli podejrzewasz, \u017ce przyj\u0105\u0142e\u015b za du\u017co tego leku, poszukaj natychmiastowej pomocy lekarskiej i skontaktuj si\u0119 ze swoim lekarzem.<br \/>\nPrzechowywanie<br \/>\nPrzechowywa\u0107 w temperaturze pokojowej pomi\u0119dzy 20-25 C (68-77 F).<br \/>\nZastrze\u017cenie<br \/>\nPrzekazujemy jedynie og\u00f3lne informacje na temat leki, kt\u00f3re nie obejmuj\u0105 wszystkich wskaz\u00f3wek, mo\u017cliwych interakcji lek\u00f3w lub \u015brodk\u00f3w ostro\u017cno\u015bci. Informacje zawarte na stronie nie mog\u0105 by\u0107 wykorzystywane do samodzielnego leczenia i autodiagnozy. Wszelkie szczeg\u00f3\u0142owe instrukcje dla konkretnego pacjenta nale\u017cy uzgodni\u0107 z doradc\u0105 ds. opieki zdrowotnej lub lekarzem prowadz\u0105cym dany przypadek. Zrzekamy si\u0119 wiarygodno\u015bci tych informacji i wszelkich b\u0142\u0119d\u00f3w, jakie mog\u0105 one zawiera\u0107. Nie ponosimy odpowiedzialno\u015bci za jakiekolwiek bezpo\u015brednie, po\u015brednie, specjalne lub inne po\u015brednie szkody powsta\u0142e w wyniku wykorzystania informacji zawartych na tej stronie, a tak\u017ce za konsekwencje samoleczenia.<\/p>\n","protected":false},"excerpt":{"rendered":"<p>Nolvadex Generic mo\u017ce powodowa\u0107 owulacj\u0119 u kobiet. U m\u0119\u017cczyzn z oligospermi\u0105 zwi\u0119ksza st\u0119\u017cenie hormon\u00f3w. Lek na raka.<\/p>\n","protected":false},"featured_media":8734,"comment_status":"open","ping_status":"closed","template":"","meta":[],"product_brand":[],"product_cat":[579],"product_tag":[],"class_list":{"0":"post-8764","1":"product","2":"type-product","3":"status-publish","4":"has-post-thumbnail","6":"product_cat-zdrowie-kobiet-pl","7":"pa_active_substance-tamoxifen","9":"first","10":"instock","11":"shipping-taxable","12":"product-type-simple"},"jetpack_sharing_enabled":true,"_links":{"self":[{"href":"https:\/\/pharmacy-content.com\/index.php?rest_route=\/wp\/v2\/product\/8764","targetHints":{"allow":["GET"]}}],"collection":[{"href":"https:\/\/pharmacy-content.com\/index.php?rest_route=\/wp\/v2\/product"}],"about":[{"href":"https:\/\/pharmacy-content.com\/index.php?rest_route=\/wp\/v2\/types\/product"}],"replies":[{"embeddable":true,"href":"https:\/\/pharmacy-content.com\/index.php?rest_route=%2Fwp%2Fv2%2Fcomments&post=8764"}],"wp:featuredmedia":[{"embeddable":true,"href":"https:\/\/pharmacy-content.com\/index.php?rest_route=\/wp\/v2\/media\/8734"}],"wp:attachment":[{"href":"https:\/\/pharmacy-content.com\/index.php?rest_route=%2Fwp%2Fv2%2Fmedia&parent=8764"}],"wp:term":[{"taxonomy":"product_brand","embeddable":true,"href":"https:\/\/pharmacy-content.com\/index.php?rest_route=%2Fwp%2Fv2%2Fproduct_brand&post=8764"},{"taxonomy":"product_cat","embeddable":true,"href":"https:\/\/pharmacy-content.com\/index.php?rest_route=%2Fwp%2Fv2%2Fproduct_cat&post=8764"},{"taxonomy":"product_tag","embeddable":true,"href":"https:\/\/pharmacy-content.com\/index.php?rest_route=%2Fwp%2Fv2%2Fproduct_tag&post=8764"}],"curies":[{"name":"wp","href":"https:\/\/api.w.org\/{rel}","templated":true}]}}