{"id":8770,"date":"2026-04-22T07:10:51","date_gmt":"2026-04-22T07:10:51","guid":{"rendered":""},"modified":"2026-04-22T07:10:58","modified_gmt":"2026-04-22T07:10:58","slug":"nolvadex-7","status":"publish","type":"product","link":"https:\/\/pharmacy-content.com\/?product=nolvadex-7&lang=pt","title":{"rendered":"Nolvadex"},"content":{"rendered":"<p>Uso comum<br \/>\nNolvadex \u00e9 um antiestrog\u00eanio n\u00e3o ester\u00f3ide que inibe competitivamente os receptores de estrog\u00eanio nos \u00f3rg\u00e3os-alvo e nos tumores neles contidos. O mecanismo de sua a\u00e7\u00e3o n\u00e3o est\u00e1 completamente investigado, embora se saiba que surge um complexo do Nolvadex com o receptor e o cofator, que \u00e9 ent\u00e3o transferido para o n\u00facleo celular, evitando a hipertrofia das c\u00e9lulas que dependem da regula\u00e7\u00e3o pelo estrog\u00eanio. O efeito da medica\u00e7\u00e3o pode durar v\u00e1rias semanas ap\u00f3s uma dose \u00fanica. Nolvadex \u00e9 capaz de causar ovula\u00e7\u00e3o nas mulheres, estimular a produ\u00e7\u00e3o de horm\u00f4nios gonadotr\u00f3picos da hip\u00f3fise. Em homens com oligospermia, aumenta a concentra\u00e7\u00e3o do horm\u00f4nio luteinizante e do horm\u00f4nio fol\u00edculo-estimulante, testosterona e estrog\u00eanio no soro sangu\u00edneo. Nolvadex \u00e9 utilizado para tratar o cancro da mama em mulheres e homens (especialmente ap\u00f3s a castra\u00e7\u00e3o) e tamb\u00e9m quando se espalhou para outras partes do corpo, cancro renal, melanomas e sarcomas dos tecidos moles com receptores de estrog\u00e9nio, cancro do ov\u00e1rio.<br \/>\nDosagem e orienta\u00e7\u00e3o<br \/>\nTome exatamente como recomendado pelo seu m\u00e9dico, pois a dosagem depende da sua condi\u00e7\u00e3o. Aconselha-se um tratamento longo (cerca de 2 anos). Tome este medicamento com alimentos e um copo grande de \u00e1gua em dose \u00fanica ou divida em duas (tomar de manh\u00e3 e \u00e0 noite). N\u00e3o os mastigue ou esmague.<br \/>\nPrecau\u00e7\u00f5es<br \/>\nEste medicamento pode aumentar a possibilidade de desenvolver c\u00e2ncer endometrial. Pacientes tratadas com Nolvadex devem ser monitoradas quanto a qualquer sangramento vaginal anormal, altera\u00e7\u00f5es nos per\u00edodos menstruais, altera\u00e7\u00f5es no corrimento vaginal ou dor ou press\u00e3o p\u00e9lvica.<br \/>\nContraindica\u00e7\u00f5es<br \/>\nNolvadex \u00e9 contraindicado em pacientes com hipersensibilidade a este medicamento e tamb\u00e9m em mulheres que est\u00e3o tratados com terapia anticoagulante do tipo cumarina ou em mulheres com hist\u00f3rico de trombose venosa profunda ou embolia pulmonar, mulheres gr\u00e1vidas ou lactantes. Deve-se ter cautela em pacientes com doen\u00e7as oculares (incluindo catarata), hiperlipidemia, leucopenia, trombocitopenia, hipercalcemia, tromboflebite grave, tromboembolismo (tamb\u00e9m na hist\u00f3ria).<br \/>\nEfeitos colaterais<br \/>\nN\u00e3o s\u00e3o esperados efeitos colaterais. Se mudarem de leves para graves, voc\u00ea deve informar imediatamente o seu m\u00e9dico. Os efeitos colaterais causados pelo Nolvadex s\u00e3o: ondas de calor, n\u00e1useas, v\u00f4mitos, ganho de peso, per\u00edodos menstruais anormais.<br \/>\nIntera\u00e7\u00e3o medicamentosa<br \/>\nO Nolvadex \u00e9 capaz de causar anormalidades nos exames de f\u00edgado e sangue, por isso \u00e9 necess\u00e1rio o monitoramento regular dos efeitos colaterais causados pelo Nolvadex. Se aparecerem sinais como icter\u00edcia e sangramento, o paciente deve procurar ajuda m\u00e9dica imediatamente.<br \/>\nDose esquecida<br \/>\nSe voc\u00ea esqueceu de tomar a dose a tempo, tome-o assim que se lembrar. Mas n\u00e3o tome se for tarde demais ou estiver quase na hora da pr\u00f3xima dose. N\u00e3o tome doses duplas ou extras. Tome a sua dose habitual no dia seguinte \u00e0 mesma hora habitual.<br \/>\nSobredosagem<br \/>\nN\u00e3o foi notificada sobredosagem aguda em humanos. Em pacientes com c\u00e2ncer metast\u00e1tico tratados com doses m\u00e1ximas toleradas de Nolvadex, foram observados efeitos colaterais agudos manifestados por tremor, hiperreflexia, marcha inst\u00e1vel e tontura. Se voc\u00ea suspeitar que tomou muito deste medicamento, procure ajuda m\u00e9dica imediata e entre em contato com seu m\u00e9dico.<br \/>\nArmazenamento<br \/>\nArmazene em temperatura ambiente entre 20-25 C (68-77 F).<br \/>\nIsen\u00e7\u00e3o de responsabilidade<br \/>\nFornecemos apenas informa\u00e7\u00f5es gerais sobre medicamentos, que n\u00e3o cobre todas as instru\u00e7\u00f5es, poss\u00edveis intera\u00e7\u00f5es medicamentosas ou precau\u00e7\u00f5es. As informa\u00e7\u00f5es do site n\u00e3o podem ser utilizadas para autotratamento e autodiagn\u00f3stico. Quaisquer instru\u00e7\u00f5es espec\u00edficas para um determinado paciente devem ser acordadas com o seu conselheiro de sa\u00fade ou m\u00e9dico respons\u00e1vel pelo caso. N\u00f3s nos isentamos da confiabilidade dessas informa\u00e7\u00f5es e de quaisquer erros que elas possam conter. N\u00e3o somos respons\u00e1veis por quaisquer danos diretos, indiretos, especiais ou outros danos indiretos resultantes de qualquer uso das informa\u00e7\u00f5es deste site e tamb\u00e9m pelas consequ\u00eancias do autotratamento.<\/p>\n","protected":false},"excerpt":{"rendered":"<p>Nolvadex Generic \u00e9 capaz de causar ovula\u00e7\u00e3o em mulheres. Em homens com oligospermia aumenta a concentra\u00e7\u00e3o de horm\u00f4nios. Tratamento do c\u00e2ncer.<\/p>\n","protected":false},"featured_media":8734,"comment_status":"open","ping_status":"closed","template":"","meta":[],"product_brand":[],"product_cat":[582],"product_tag":[],"class_list":{"0":"post-8770","1":"product","2":"type-product","3":"status-publish","4":"has-post-thumbnail","6":"product_cat-saude-da-mulher-pt","7":"pa_active_substance-tamoxifen","9":"first","10":"instock","11":"shipping-taxable","12":"product-type-simple"},"jetpack_sharing_enabled":true,"_links":{"self":[{"href":"https:\/\/pharmacy-content.com\/index.php?rest_route=\/wp\/v2\/product\/8770","targetHints":{"allow":["GET"]}}],"collection":[{"href":"https:\/\/pharmacy-content.com\/index.php?rest_route=\/wp\/v2\/product"}],"about":[{"href":"https:\/\/pharmacy-content.com\/index.php?rest_route=\/wp\/v2\/types\/product"}],"replies":[{"embeddable":true,"href":"https:\/\/pharmacy-content.com\/index.php?rest_route=%2Fwp%2Fv2%2Fcomments&post=8770"}],"wp:featuredmedia":[{"embeddable":true,"href":"https:\/\/pharmacy-content.com\/index.php?rest_route=\/wp\/v2\/media\/8734"}],"wp:attachment":[{"href":"https:\/\/pharmacy-content.com\/index.php?rest_route=%2Fwp%2Fv2%2Fmedia&parent=8770"}],"wp:term":[{"taxonomy":"product_brand","embeddable":true,"href":"https:\/\/pharmacy-content.com\/index.php?rest_route=%2Fwp%2Fv2%2Fproduct_brand&post=8770"},{"taxonomy":"product_cat","embeddable":true,"href":"https:\/\/pharmacy-content.com\/index.php?rest_route=%2Fwp%2Fv2%2Fproduct_cat&post=8770"},{"taxonomy":"product_tag","embeddable":true,"href":"https:\/\/pharmacy-content.com\/index.php?rest_route=%2Fwp%2Fv2%2Fproduct_tag&post=8770"}],"curies":[{"name":"wp","href":"https:\/\/api.w.org\/{rel}","templated":true}]}}