{"id":978,"date":"2026-04-22T06:41:07","date_gmt":"2026-04-22T06:41:07","guid":{"rendered":""},"modified":"2026-04-22T06:41:32","modified_gmt":"2026-04-22T06:41:32","slug":"viagra-5","status":"publish","type":"product","link":"https:\/\/pharmacy-content.com\/?product=viagra-5&lang=es","title":{"rendered":"Viagra"},"content":{"rendered":"<p>El principio activo de Viagra<\/p>\n<p>El principio activo de Viagra es Sildenafil. El Sildenafil controla la respuesta a la estimulaci\u00f3n sexual. Act\u00faa aumentando la relajaci\u00f3n del m\u00fasculo liso por medio del \u00f3xido n\u00edtrico, una sustancia qu\u00edmica que se emite normalmente como respuesta a la estimulaci\u00f3n sexual. La relajaci\u00f3n del m\u00fasculo liso deja el aumento de circulaci\u00f3n de la sangre en lugares espec\u00edficos en el pene lo que contribuye a la erecci\u00f3n. El Sildenafil se emplea para tratar la disfunci\u00f3n er\u00e9ctil (impotencia) en los hombres y para el tratamiento de la hipertensi\u00f3n arterial pulmonar. El Sildenafil se puede emplear adem\u00e1s para los prop\u00f3sitos no cubiertos por el presente prospecto m\u00e9dico.<\/p>\n<p>Posolog\u00eda y forma de administraci\u00f3n<\/p>\n<p>La dosis habitualmente recomendada es de 50 mg. Se administra aproximadamente a media hora \u2013 una hora antes del a actividad sexual. No tome Viagra m\u00e1s que una vez al d\u00eda. Los alimentos con mucha grasa pospondr\u00e1n el efecto del f\u00e1rmaco. No tome pomelas ni el zumo de pomelo durante el per\u00edodo que se pase el tratamiento con este f\u00e1rmaco.<\/p>\n<p>Precauciones<\/p>\n<p>Antes de empezar a administrar el Sildenafil, av\u00edselo al m\u00e9dico o al farmac\u00e9utico en caso de ser al\u00e9rgico al principio activo o si se padezca otras alerg\u00edas. Es probable que los ancianos fueran m\u00e1s hipersensibles a los efectos secundarios del f\u00e1rmaco.<\/p>\n<p>Contraindicaciones<\/p>\n<p>Viagra est\u00e1 contraindicado en los pacientes que administren otras medicaciones para tratar la impotencia o empleen el f\u00e1rmaco contra el dolor en el pecho o los problemas card\u00edacos. La medicaci\u00f3n no debe administrarse en las mujeres ni los menores de edad tampoco en los pacientes con una hipersensibilidad reconocida a cualquier excipiente del comprimido.<\/p>\n<p>Reacciones adversas posibles<\/p>\n<p>Los efectos colaterales m\u00e1s comunes ser\u00e1n el dolor de la cabeza, la rubefacci\u00f3n, pirosis, dispepsia, congesti\u00f3n de la nariz, la sensaci\u00f3n de vah\u00eddo, los mareos o diarrea. Hay poca probabilidad de padecer una alerg\u00eda grave a esa medicaci\u00f3n, sin embargo en caso contrario busque la asistencia m\u00e9dica de urgencia. La mayor\u00eda de los que administran el f\u00e1rmaco no sufren ningunos problemas graves. Si se enfrenta con unas reacciones fuera de las mencionadas, consulte al m\u00e9dico o al farmac\u00e9utico.<\/p>\n<p>Interacci\u00f3n con otros medicamentos<\/p>\n<p>Este f\u00e1rmaco no debe administrarse concomitantemente con los nitratos y las drogas recreativas llamadas &#8216;poppers&#8217; que contienen amilo o nitrito de butilo; con los alfabloqueantes; otras medicaciones contra la impotencia; los medicamentos contra hipertensi\u00f3n, etc. Para obtener m\u00e1s informaci\u00f3n consulte al m\u00e9dico o al farmac\u00e9utico.<\/p>\n<p>Dosis omitida<\/p>\n<p>Viagra se emplea a medida que sea necesario sin que se tuviera que seguir una administraci\u00f3n espec\u00edfica.<\/p>\n<p>Sobredosis<\/p>\n<p>En caso de emplear un exceso del f\u00e1rmaco se debe buscar la asistencia m\u00e9dica de modo inmediato. Los s\u00edntomas caracter\u00edsticos de la sobredosis incluir\u00e1n el dolor en el pecho, las n\u00e1useas, la arritm\u00eda cardiaca y una sensaci\u00f3n de vah\u00eddo o desmayo.<\/p>\n<p>Almacenamiento<\/p>\n<p>Se debe almacenar a la temperatura interior entre 68 y 77 grados Fahrenheit (20 y 25 cent\u00edgrados) fuera de la luz de d\u00eda y humedad excesiva. No debe conservarlo en el cuarto de ba\u00f1o. Guarde todas las medicaciones fuera del alcance de los ni\u00f1os y los animales dom\u00e9sticos.<\/p>\n<p>Descargo de responsabilidades<\/p>\n<p>Proveemos una informaci\u00f3n del car\u00e1cter general sobre los medicamentos sin intentar cubrir todas las recomendaciones, totalidad de los casos de interacci\u00f3n con otros medicamentos, tampoco todas las precauciones existentes. La informaci\u00f3n de la presente p\u00e1gina web no puede ser de utilidad en el autotratamiento ni el autodiagn\u00f3stico. Todas las recomendaciones espec\u00edficas para cada paciente individual deben arreglarse con el coordinador designado de la salud p\u00fablica o con el m\u00e9dico encargado del caso cl\u00ednico. Renunciamos de todas las responsabilidades por la fiabilidad del material provisto ni por errores que contenga. Nos descargamos de responsabilidad por los da\u00f1os, sean que sean directos, indirectos, espec\u00edficos o dem\u00e1s da\u00f1os que resulten de la aplicaci\u00f3n del contenido de la presente p\u00e1gina web ni que sean consecuencias del autotratamiento.<\/p>\n","protected":false},"excerpt":{"rendered":"<p>Viagra es a menudo el primer tratamiento que se prueba para la disfunci\u00f3n er\u00e9ctil masculina y la hipertensi\u00f3n arterial pulmonar.<\/p>\n","protected":false},"featured_media":878,"comment_status":"open","ping_status":"closed","template":"","meta":[],"product_brand":[],"product_cat":[126],"product_tag":[],"class_list":{"0":"post-978","1":"product","2":"type-product","3":"status-publish","4":"has-post-thumbnail","6":"product_cat-disfuncion-erectil-es","7":"pa_active_substance-sildenafil","9":"first","10":"instock","11":"shipping-taxable","12":"product-type-simple"},"jetpack_sharing_enabled":true,"_links":{"self":[{"href":"https:\/\/pharmacy-content.com\/index.php?rest_route=\/wp\/v2\/product\/978","targetHints":{"allow":["GET"]}}],"collection":[{"href":"https:\/\/pharmacy-content.com\/index.php?rest_route=\/wp\/v2\/product"}],"about":[{"href":"https:\/\/pharmacy-content.com\/index.php?rest_route=\/wp\/v2\/types\/product"}],"replies":[{"embeddable":true,"href":"https:\/\/pharmacy-content.com\/index.php?rest_route=%2Fwp%2Fv2%2Fcomments&post=978"}],"wp:featuredmedia":[{"embeddable":true,"href":"https:\/\/pharmacy-content.com\/index.php?rest_route=\/wp\/v2\/media\/878"}],"wp:attachment":[{"href":"https:\/\/pharmacy-content.com\/index.php?rest_route=%2Fwp%2Fv2%2Fmedia&parent=978"}],"wp:term":[{"taxonomy":"product_brand","embeddable":true,"href":"https:\/\/pharmacy-content.com\/index.php?rest_route=%2Fwp%2Fv2%2Fproduct_brand&post=978"},{"taxonomy":"product_cat","embeddable":true,"href":"https:\/\/pharmacy-content.com\/index.php?rest_route=%2Fwp%2Fv2%2Fproduct_cat&post=978"},{"taxonomy":"product_tag","embeddable":true,"href":"https:\/\/pharmacy-content.com\/index.php?rest_route=%2Fwp%2Fv2%2Fproduct_tag&post=978"}],"curies":[{"name":"wp","href":"https:\/\/api.w.org\/{rel}","templated":true}]}}